{"id":11635,"date":"2024-10-30T12:14:52","date_gmt":"2024-10-30T12:14:52","guid":{"rendered":"https:\/\/www.rbcinsurance.com\/fr-ca\/?page_id=11635"},"modified":"2026-04-01T09:16:30","modified_gmt":"2026-04-01T13:16:30","slug":"escapade-hivernale-retraites-voyageurs","status":"publish","type":"page","link":"https:\/\/www.rbcinsurance.com\/fr-ca\/assurance-voyage\/escapade-hivernale-retraites-voyageurs\/","title":{"rendered":"Escapade hivernale de retrait\u00e9s-voyageurs"},"content":{"rendered":"\n<div class=\"wp-block-rbc-callout-card calloutCard calloutCard__HeroImageBackground  hasDarkBg\" style=\"background:url(https:\/\/www.rbcinsurance.com\/fr-ca\/wp-content\/uploads\/sites\/3\/2024\/10\/snowbirdon-a-warm-winter-getaway_insurance_hero-desktop.webp) no-repeat;--bghero-mobi-url:url(https:\/\/www.rbcinsurance.com\/fr-ca\/wp-content\/uploads\/sites\/3\/2024\/10\/snowbirdon-a-warm-winter-getaway_insurance_hero-mobile.webp)\">\n<div class=\"wp-block-columns cols-hero-wrapper is-layout-flex wp-container-core-columns-is-layout-28f84493 wp-block-columns-is-layout-flex\">\n<div class=\"wp-block-column col-front is-layout-flow wp-block-column-is-layout-flow\">\n<p class=\"rbc-yoast-breadcrum\"><span class=\"rbc-yoast-breadcrum-span\"><span><a href=\"https:\/\/www.rbcinsurance.com\/fr-ca\/\">Accueil<\/a><\/span><\/span><\/p>\n\n\n\n<h1 class=\"wp-block-heading\" id=\"h-escapade-hivernale-de-retraites-voyageurs\"><mark style=\"background-color:rgba(0, 0, 0, 0);color:#FFFFFF\" class=\"has-inline-color\">Escapade hivernale de <\/mark><mark style=\"background-color:rgba(0, 0, 0, 0);color:#FEDF01\" class=\"has-inline-color\">retrait\u00e9s-voyageurs<\/mark><\/h1>\n\n\n\n<p class=\"rbc-override-margin p-large\">D\u00e9couvrez les polices d\u2019assurance voyage essentielles qui vous couvriront lors de vos d\u00e9placements \u00e0 l\u2019\u00e9tranger.<\/p>\n\n\n\n<div class=\"wp-block-buttons is-layout-flex wp-block-buttons-is-layout-flex\"><div>\n<div class=\"wp-block-button btn is-style-accent accent\"><a class=\"wp-block-button__link wp-element-button\" href=\"https:\/\/online.worldprotect.com\/cgi-bin\/weblinkca\/fr\/travel-insurance.cgi?agency_code=RBCIDTO&amp;advice=warm_winter\" data-dig-id=\"LP-11635-d6d5bf24\" data-dig-category=\"LP\" data-dig-action=\"button click\" data-dig-label=\"Obtenez une soumission-https:\/\/online.worldprotect.com\/cgi-bin\/weblinkca\/fr\/travel-insurance.cgi?agency_code=RBCIDTO&amp;advice=warm_winter \">Obtenez une soumission<\/a><\/div>\n<\/div><\/div>\n<\/div>\n<\/div>\n<\/div>\n\n\n\n<section class=\"wp-block-rbc-section-block  pos-rel\" style=\"border-radius:0px\">\n<div class=\"wp-block-rbc-section-inner-block  section-inner\" style=\"border-radius:0x\">\n<h2 class=\"wp-block-heading has-text-align-center\" id=\"h-evadez-vous-du-long-hiver-canadien\">\u00c9vadez-vous du long hiver canadien<\/h2>\n\n\n\n<p class=\"has-text-align-center p-large\">Que vous planifiiez un voyage de longue dur\u00e9e pour \u00e9chapper au long hiver canadien ou des escapades plus fr\u00e9quentes et plus courtes, n\u2019oubliez pas de vous prot\u00e9ger contre les urgences m\u00e9dicales qui pourraient survenir \u00e0 l\u2019\u00e9tranger. Votre r\u00e9gime provincial d\u2019assurance maladie ne couvrira pas tous les frais que vous aurez engag\u00e9s \u00e0 l\u2019ext\u00e9rieur du Canada. Une police d\u2019assurance voyage est donc indispensable. L\u2019assurance voyage pour retrait\u00e9-voyageur peut contribuer \u00e0 vous prot\u00e9ger.<\/p>\n<\/div>\n<\/section>\n\n\n\n<div class=\"wp-block-rbc-layout-selector layoutSelector layoutSelector__layout7 mar-t-dbl mob-mar-t-dbl\">\n<div class=\"wp-block-group is-layout-flow wp-block-group-is-layout-flow\">\n<div class=\"wp-block-group layoutSelector__header is-layout-flow wp-block-group-is-layout-flow\">\n<h2 class=\"wp-block-heading\" id=\"h-choix-prise-nbsp\"><span class=\"partial__border-bottom\">Choix pris\u00e9&nbsp;:<\/span><\/h2>\n\n\n\n<p><\/p>\n<\/div>\n\n\n\n<div class=\"wp-block-group layoutSelector__cards-container layoutSelector__is-flex layoutSelector__direction-row is-layout-flow wp-block-group-is-layout-flow\">\n<div class=\"wp-block-group layoutSelector__is-flex layoutSelector__direction-col flex-gap-0 flex-1\/3 is-layout-flow wp-block-group-is-layout-flow\">\n<div class=\"wp-block-group mar-b mob-mar-b is-layout-constrained wp-block-group-is-layout-constrained\">\n<h4 class=\"wp-block-heading mar-b-0 mob-mar-b-0\" id=\"h-assurance-vacansante-nbsp-frais-medicaux\">Assurance VacanSant\u00e9<sup>\u00ae<\/sup>&nbsp;Frais m\u00e9dicaux<\/h4>\n\n\n\n<p><em>(65&nbsp;ans et plus)<\/em><\/p>\n<\/div>\n\n\n\n<div class=\"wp-block-group is-layout-constrained wp-block-group-is-layout-constrained\">\n<h4 class=\"wp-block-heading mar-b-0 mob-mar-b-0\" id=\"h-classique-frais-medicaux\">Classique Frais m\u00e9dicaux<\/h4>\n\n\n\n<p><em>(64&nbsp;ans et moins)<\/em><\/p>\n<\/div>\n<\/div>\n\n\n\n<div class=\"wp-block-group layoutSelector__is-flex layoutSelector__direction-col flex-2\/3 is-layout-flow wp-block-group-is-layout-flow\">\n<div class=\"wp-block-rbc-information-card informationCard\" style=\"--icon-url:url(undefined);background-color:#F7F8FA\">\n<div class=\"wp-block-group informationCard__content is-layout-flow wp-block-group-is-layout-flow\">\n<div class=\"wp-block-group informationCard__icon-group is-layout-flow wp-block-group-is-layout-flow\">\n<h4 class=\"wp-block-heading mar-b-hlf mob-mar-b-hlf\" id=\"h-votre-assurance-couvre-nbsp\"><strong>Votre assurance couvre&nbsp;:<\/strong><\/h4>\n\n\n\n<ul class=\"wp-block-list list-core-block second-level-inherit third-level-inherit is-style-checkmark-icon\">\n<li>les frais m\u00e9dicaux d\u2019urgence admissibles, de fa\u00e7on illimit\u00e9e<sup><a href=\"#legal-1\" data-dig-id=\"LP-15134-3deb479d\" data-dig-label=\"1\" data-dig-action=\"link click\" data-dig-category=\"LP\" class=\"rbc-link-format\">1<\/a><\/sup><\/li>\n\n\n\n<li>service d\u2019assistance m\u00e9dicale d\u2019urgence accessible en tout temps, partout dans le monde&nbsp;;<\/li>\n\n\n\n<li>les frais de voyage engag\u00e9s pour vous permettre de rentrer chez vous en cas d\u2019urgence m\u00e9dicale admissible.<\/li>\n<\/ul>\n<\/div>\n\n\n\n<div class=\"wp-block-group is-nowrap is-layout-flex wp-container-core-group-is-layout-6c531013 wp-block-group-is-layout-flex\">\n<div class=\"wp-block-buttons is-layout-flex wp-block-buttons-is-layout-flex\"><div>\n<div class=\"wp-block-button btn is-style-secondary secondary\"><a class=\"wp-block-button__link wp-element-button\" href=\"https:\/\/www.rbcinsurance.com\/fr-ca\/assurance-voyage\/assurance-voyage-frais-medicaux\/\" data-dig-id=\"LP-11635-b0ae1810\" data-dig-category=\"LP\" data-dig-action=\"button click\" data-dig-label=\"Explorer l\u2019assurance voyage frais m\u00e9dicaux-https:\/\/www.rbcinsurance.com\/fr-ca\/assurance-voyage\/assurance-voyage-frais-medicaux\/ \">Explorer l\u2019assurance voyage frais m\u00e9dicaux<\/a><\/div>\n<\/div><\/div>\n\n\n\n<p class=\"mar-l mob-mar-l pad-t mob-pad-t\"><a href=\"https:\/\/www.rbcinsurance.com\/fr-ca\/assurance-voyage\/comparaison-forfaits-assurance-voyage\/\" data-dig-id=\"LP-15134-669452d5\" data-dig-category=\"LP\" data-dig-action=\"link click\" data-dig-label=\"Compare all\" class=\"rbc-link-format goto-link\" data-icon-class=\"goto-link\">Comparer les forfaits<\/a><\/p>\n<\/div>\n<\/div>\n<\/div>\n<\/div>\n<\/div>\n<\/div>\n<\/div>\n\n\n\n<div class=\"wp-block-rbc-callout-card calloutCard calloutCard__image\" style=\"background-color:#F7F8FA\">\n<div class=\"wp-block-columns cols is-layout-flex wp-container-core-columns-is-layout-28f84493 wp-block-columns-is-layout-flex\">\n<div class=\"wp-block-column col-left is-layout-flow wp-block-column-is-layout-flow\">\n<div class=\"wp-block-columns is-layout-flex wp-container-core-columns-is-layout-28f84493 wp-block-columns-is-layout-flex\">\n<div class=\"wp-block-column is-layout-flow wp-block-column-is-layout-flow\">\n<h2 class=\"wp-block-heading\" id=\"h-peu-importe-vos-besoins-nous-pouvons-vous-aider\">Peu importe vos besoins, nous pouvons vous aider.<\/h2>\n\n\n\n<p class=\"rbc-override-margin p-large\">Assurez-vous d\u2019avoir l\u2019assurance voyage qui vous convient. Obtenez une soumission en ligne ou parlez \u00e0 un conseiller autoris\u00e9 en assurance.<\/p>\n\n\n\n<div class=\"wp-block-group is-layout-flow wp-block-group-is-layout-flow\">\n<div class=\"wp-block-buttons is-layout-flex wp-block-buttons-is-layout-flex\"><div>\n<div class=\"wp-block-button btn is-style-primary primary\"><a class=\"wp-block-button__link wp-element-button\" href=\"https:\/\/online.worldprotect.com\/cgi-bin\/weblinkca\/fr\/travel-insurance.cgi?agency_code=RBCIDTO&amp;advice=warm_winter\" data-dig-id=\"LP-11635-a4c11644\" data-dig-category=\"LP\" data-dig-action=\"button click\" data-dig-label=\"Obtenez une soumission-https:\/\/online.worldprotect.com\/cgi-bin\/weblinkca\/fr\/travel-insurance.cgi?agency_code=RBCIDTO&amp;advice=warm_winter \">Obtenez une soumission<\/a><\/div>\n<\/div><\/div>\n\n\n\n<p>ou<\/p>\n\n\n\n<p>Composez le <a href=\"tel:+18668968172\" data-dig-id=\"LP-15150-799e0ef3\" data-dig-label=\"1-866-896-8172\" data-dig-action=\"link click\" data-dig-category=\"LP\" class=\"rbc-link-format\">1 866 896-8172<\/a><\/p>\n<\/div>\n<\/div>\n\n\n\n<div class=\"wp-block-column is-layout-flow wp-block-column-is-layout-flow\">\n<p>Assistance m\u00e9dicale d\u2019urgence et assistance voyage<br><a href=\"https:\/\/www.rbcinsurance.com\/fr-ca\/nous-joindre\/#travel\" data-dig-id=\"LP-15150-3544bc8a\" data-dig-label=\"See emergency contact details\" data-dig-action=\"link click\" data-dig-category=\"LP\" class=\"rbc-link-format\">Voir les num\u00e9ros \u00e0 composer en cas d\u2019urgence<\/a><\/p>\n<\/div>\n<\/div>\n<\/div>\n\n\n\n<div class=\"wp-block-column col-right is-layout-flow wp-block-column-is-layout-flow\">\n<figure class=\"wp-block-image size-large\"><img loading=\"lazy\" decoding=\"async\" width=\"607\" height=\"546\" src=\"https:\/\/www.rbcinsurance.com\/fr-ca\/wp-content\/uploads\/sites\/3\/2024\/10\/travel-insurance-multi-trip-1.webp?quality=80&amp;w=607\" alt=\"femme avec son enfant dans un a\u00e9roport\" class=\"wp-image-12781\" srcset=\"https:\/\/www.rbcinsurance.com\/fr-ca\/wp-content\/uploads\/sites\/3\/2024\/10\/travel-insurance-multi-trip-1.webp 607w, https:\/\/www.rbcinsurance.com\/fr-ca\/wp-content\/uploads\/sites\/3\/2024\/10\/travel-insurance-multi-trip-1.webp?resize=300,270 300w\" sizes=\"auto, (max-width: 607px) 100vw, 607px\" \/><\/figure>\n<\/div>\n<\/div>\n<\/div>\n\n\n\n<section class=\"wp-block-rbc-rbc-legal-collapsible disclaimer\" aria-label=\"Legal Disclaimers\"><div class=\"section-inner\"><p><button class=\"collapse-toggle collapsed\" data-target=\"#collapseDisclaimer\" data-toggle=\"collapse\" aria-expanded=\"false\" aria-controls=\"collapseDisclaimer\" data-dig-id=\"LP-11635-cd3c58e2\" data-dig-category=\"LP\" data-dig-action=\"legal close\" data-dig-label=\"legal close\" action-closed=\"legal close\" action-opened=\"legal open\" label-close=\"legal open\" label-open=\"legal close\"><span>Afficher les avis de non-responsabilit\u00e9<\/span><span>Cacher les avis de non-responsabilit\u00e9<\/span><\/button><\/p><div class=\"collapse-content collapse\" id=\"collapseDisclaimer\"><div class=\"collapse-inner\"><div class=\"table-wpr\">\n<div class=\"wp-block-rbc-rbc-disclaimer-block\"><div class=\"table-row\" id=\"legal-1\"><div class=\"table-cell\"><span class=\"offscreen\">Legal Disclaimer<\/span><sup>1<\/sup><\/div><div class=\"table-cell\">\n<p>Cette assurance pr\u00e9voit une indemnit\u00e9 maximale de 20&nbsp;000&nbsp;$ si vous n\u2019\u00eates pas couvert par un r\u00e9gime public d\u2019assurance maladie pendant la dur\u00e9e de votre voyage.<\/p>\n<\/div><\/div><\/div>\n<\/div><\/div><\/div><\/div><\/section>\n","protected":false},"excerpt":{"rendered":"","protected":false},"author":196,"featured_media":0,"parent":11587,"menu_order":0,"comment_status":"closed","ping_status":"closed","template":"templates\/new-rbci-design.php","meta":{"_acf_changed":false,"footnotes":""},"class_list":["post-11635","page","type-page","status-publish","hentry"],"pp_force_visibility":null,"pp_subpost_visibility":null,"pp_inherited_force_visibility":null,"pp_inherited_subpost_visibility":null,"acf":[],"yoast_head":"<!-- This site is optimized with the Yoast SEO Premium plugin v27.1 (Yoast SEO v27.1.1) - https:\/\/yoast.com\/product\/yoast-seo-premium-wordpress\/ -->\n<title>Escapade hivernale de retrait\u00e9s-voyageurs | RBC Assurances<\/title>\n<meta name=\"description\" content=\"Souhaitez-vous mettre le cap au sud pour \u00e9chapper au dur hiver canadien\u00a0? Assurez-vous d&#039;\u00eatre couvert par RBC Assurances en cas d&#039;urgence m\u00e9dicale.\" \/>\n<meta name=\"robots\" content=\"index, follow, max-snippet:-1, max-image-preview:large, max-video-preview:-1\" \/>\n<link rel=\"canonical\" href=\"https:\/\/www.rbcinsurance.com\/fr-ca\/assurance-voyage\/escapade-hivernale-retraites-voyageurs\/\" \/>\n<meta property=\"og:locale\" content=\"fr_FR\" \/>\n<meta property=\"og:type\" content=\"article\" \/>\n<meta property=\"og:title\" content=\"Escapade hivernale de retrait\u00e9s-voyageurs | RBC Assurances\" \/>\n<meta property=\"og:description\" content=\"Souhaitez-vous mettre le cap au sud pour \u00e9chapper au dur hiver canadien\u00a0? Assurez-vous d&#039;\u00eatre couvert par RBC Assurances en cas d&#039;urgence m\u00e9dicale.\" \/>\n<meta property=\"og:url\" content=\"https:\/\/www.rbcinsurance.com\/fr-ca\/assurance-voyage\/escapade-hivernale-retraites-voyageurs\/\" \/>\n<meta property=\"og:site_name\" content=\"RBC Assurances\" \/>\n<meta property=\"article:modified_time\" content=\"2026-04-01T13:16:30+00:00\" \/>\n<meta property=\"og:image\" content=\"https:\/\/www.rbcinsurance.com\/fr-ca\/wp-content\/uploads\/sites\/3\/2024\/10\/snowbirdon-a-warm-winter-getaway_insurance_hero-mobile.webp?quality=80\" \/>\n\t<meta property=\"og:image:width\" content=\"847\" \/>\n\t<meta property=\"og:image:height\" content=\"565\" \/>\n\t<meta property=\"og:image:type\" content=\"image\/webp\" \/>\n<meta name=\"twitter:card\" content=\"summary_large_image\" \/>\n<meta name=\"twitter:label1\" content=\"Est. reading time\" \/>\n\t<meta name=\"twitter:data1\" content=\"2 minutes\" \/>\n<script type=\"application\/ld+json\" class=\"yoast-schema-graph\">{\"@context\":\"https:\/\/schema.org\",\"@graph\":[{\"@type\":\"WebPage\",\"@id\":\"https:\/\/www.rbcinsurance.com\/fr-ca\/assurance-voyage\/escapade-hivernale-retraites-voyageurs\/\",\"url\":\"https:\/\/www.rbcinsurance.com\/fr-ca\/assurance-voyage\/escapade-hivernale-retraites-voyageurs\/\",\"name\":\"Escapade hivernale de retrait\u00e9s-voyageurs | RBC Assurances\",\"isPartOf\":{\"@id\":\"https:\/\/www.rbcinsurance.com\/fr-ca\/#website\"},\"primaryImageOfPage\":{\"@id\":\"https:\/\/www.rbcinsurance.com\/fr-ca\/assurance-voyage\/escapade-hivernale-retraites-voyageurs\/#primaryimage\"},\"image\":{\"@id\":\"https:\/\/www.rbcinsurance.com\/fr-ca\/assurance-voyage\/escapade-hivernale-retraites-voyageurs\/#primaryimage\"},\"thumbnailUrl\":\"https:\/\/www.rbcinsurance.com\/fr-ca\/wp-content\/uploads\/sites\/3\/2024\/10\/travel-insurance-multi-trip-1.webp?quality=80&amp;w=607\",\"datePublished\":\"2024-10-30T12:14:52+00:00\",\"dateModified\":\"2026-04-01T13:16:30+00:00\",\"description\":\"Souhaitez-vous mettre le cap au sud pour \u00e9chapper au dur hiver canadien\u00a0? Assurez-vous d'\u00eatre couvert par RBC Assurances en cas d'urgence m\u00e9dicale.\",\"breadcrumb\":{\"@id\":\"https:\/\/www.rbcinsurance.com\/fr-ca\/assurance-voyage\/escapade-hivernale-retraites-voyageurs\/#breadcrumb\"},\"inLanguage\":\"fr-FR\",\"potentialAction\":[{\"@type\":\"ReadAction\",\"target\":[\"https:\/\/www.rbcinsurance.com\/fr-ca\/assurance-voyage\/escapade-hivernale-retraites-voyageurs\/\"]}]},{\"@type\":\"ImageObject\",\"inLanguage\":\"fr-FR\",\"@id\":\"https:\/\/www.rbcinsurance.com\/fr-ca\/assurance-voyage\/escapade-hivernale-retraites-voyageurs\/#primaryimage\",\"url\":\"https:\/\/www.rbcinsurance.com\/fr-ca\/wp-content\/uploads\/sites\/3\/2024\/10\/travel-insurance-multi-trip-1.webp?quality=80\",\"contentUrl\":\"https:\/\/www.rbcinsurance.com\/fr-ca\/wp-content\/uploads\/sites\/3\/2024\/10\/travel-insurance-multi-trip-1.webp?quality=80\",\"width\":607,\"height\":546,\"caption\":\"Une femme avec son b\u00e9b\u00e9 dans un a\u00e9roport\"},{\"@type\":\"BreadcrumbList\",\"@id\":\"https:\/\/www.rbcinsurance.com\/fr-ca\/assurance-voyage\/escapade-hivernale-retraites-voyageurs\/#breadcrumb\",\"itemListElement\":[{\"@type\":\"ListItem\",\"position\":1,\"name\":\"Accueil\",\"item\":\"https:\/\/www.rbcinsurance.com\/fr-ca\/\"},{\"@type\":\"ListItem\",\"position\":2,\"name\":\"Assurance voyage\",\"item\":\"https:\/\/www.rbcinsurance.com\/fr-ca\/assurance-voyage\/\"},{\"@type\":\"ListItem\",\"position\":3,\"name\":\"Escapade hivernale de retrait\u00e9s-voyageurs\"}]},{\"@type\":\"WebSite\",\"@id\":\"https:\/\/www.rbcinsurance.com\/fr-ca\/#website\",\"url\":\"https:\/\/www.rbcinsurance.com\/fr-ca\/\",\"name\":\"RBC Assurances\",\"description\":\"Assurance individuelle\",\"publisher\":{\"@id\":\"https:\/\/www.rbcinsurance.com\/fr-ca\/#organization\"},\"potentialAction\":[{\"@type\":\"SearchAction\",\"target\":{\"@type\":\"EntryPoint\",\"urlTemplate\":\"https:\/\/www.rbcinsurance.com\/fr-ca\/?s={search_term_string}\"},\"query-input\":{\"@type\":\"PropertyValueSpecification\",\"valueRequired\":true,\"valueName\":\"search_term_string\"}}],\"inLanguage\":\"fr-FR\"},{\"@type\":\"Organization\",\"@id\":\"https:\/\/www.rbcinsurance.com\/fr-ca\/#organization\",\"name\":\"RBC Assurances\",\"url\":\"https:\/\/www.rbcinsurance.com\/fr-ca\/\",\"logo\":{\"@type\":\"ImageObject\",\"inLanguage\":\"fr-FR\",\"@id\":\"https:\/\/www.rbcinsurance.com\/fr-ca\/#\/schema\/logo\/image\/\",\"url\":\"https:\/\/www.rbcinsurance.com\/fr-ca\/wp-content\/uploads\/sites\/3\/2021\/06\/rbc-logo-shield.svg?quality=80&w=1024\",\"contentUrl\":\"https:\/\/www.rbcinsurance.com\/fr-ca\/wp-content\/uploads\/sites\/3\/2021\/06\/rbc-logo-shield.svg?quality=80&w=1024\",\"width\":\"1024\",\"height\":\"1024\",\"caption\":\"RBC Assurances\"},\"image\":{\"@id\":\"https:\/\/www.rbcinsurance.com\/fr-ca\/#\/schema\/logo\/image\/\"},\"description\":\"RBC Assurances offre aux Canadiens des assurances personnelles telles que des assurances auto, habitation, vie, sant\u00e9, voyage et cr\u00e9dit, ainsi que des solutions de placement pour la retraite.\",\"telephone\":\"1 800 769-2568\",\"legalName\":\"Services d'assurance RBC Inc.\",\"numberOfEmployees\":{\"@type\":\"QuantitativeValue\",\"minValue\":\"1001\",\"maxValue\":\"5000\"}}]}<\/script>\n<!-- \/ Yoast SEO Premium plugin. -->","yoast_head_json":{"title":"Escapade hivernale de retrait\u00e9s-voyageurs | RBC Assurances","description":"Souhaitez-vous mettre le cap au sud pour \u00e9chapper au dur hiver canadien\u00a0? Assurez-vous d'\u00eatre couvert par RBC Assurances en cas d'urgence m\u00e9dicale.","robots":{"index":"index","follow":"follow","max-snippet":"max-snippet:-1","max-image-preview":"max-image-preview:large","max-video-preview":"max-video-preview:-1"},"canonical":"https:\/\/www.rbcinsurance.com\/fr-ca\/assurance-voyage\/escapade-hivernale-retraites-voyageurs\/","og_locale":"fr_FR","og_type":"article","og_title":"Escapade hivernale de retrait\u00e9s-voyageurs | RBC Assurances","og_description":"Souhaitez-vous mettre le cap au sud pour \u00e9chapper au dur hiver canadien\u00a0? Assurez-vous d'\u00eatre couvert par RBC Assurances en cas d'urgence m\u00e9dicale.","og_url":"https:\/\/www.rbcinsurance.com\/fr-ca\/assurance-voyage\/escapade-hivernale-retraites-voyageurs\/","og_site_name":"RBC Assurances","article_modified_time":"2026-04-01T13:16:30+00:00","og_image":[{"width":847,"height":565,"url":"https:\/\/www.rbcinsurance.com\/fr-ca\/wp-content\/uploads\/sites\/3\/2024\/10\/snowbirdon-a-warm-winter-getaway_insurance_hero-mobile.webp?quality=80","type":"image\/webp"}],"twitter_card":"summary_large_image","twitter_misc":{"Est. reading time":"2 minutes"},"schema":{"@context":"https:\/\/schema.org","@graph":[{"@type":"WebPage","@id":"https:\/\/www.rbcinsurance.com\/fr-ca\/assurance-voyage\/escapade-hivernale-retraites-voyageurs\/","url":"https:\/\/www.rbcinsurance.com\/fr-ca\/assurance-voyage\/escapade-hivernale-retraites-voyageurs\/","name":"Escapade hivernale de retrait\u00e9s-voyageurs | RBC Assurances","isPartOf":{"@id":"https:\/\/www.rbcinsurance.com\/fr-ca\/#website"},"primaryImageOfPage":{"@id":"https:\/\/www.rbcinsurance.com\/fr-ca\/assurance-voyage\/escapade-hivernale-retraites-voyageurs\/#primaryimage"},"image":{"@id":"https:\/\/www.rbcinsurance.com\/fr-ca\/assurance-voyage\/escapade-hivernale-retraites-voyageurs\/#primaryimage"},"thumbnailUrl":"https:\/\/www.rbcinsurance.com\/fr-ca\/wp-content\/uploads\/sites\/3\/2024\/10\/travel-insurance-multi-trip-1.webp?quality=80&amp;w=607","datePublished":"2024-10-30T12:14:52+00:00","dateModified":"2026-04-01T13:16:30+00:00","description":"Souhaitez-vous mettre le cap au sud pour \u00e9chapper au dur hiver canadien\u00a0? Assurez-vous d'\u00eatre couvert par RBC Assurances en cas d'urgence m\u00e9dicale.","breadcrumb":{"@id":"https:\/\/www.rbcinsurance.com\/fr-ca\/assurance-voyage\/escapade-hivernale-retraites-voyageurs\/#breadcrumb"},"inLanguage":"fr-FR","potentialAction":[{"@type":"ReadAction","target":["https:\/\/www.rbcinsurance.com\/fr-ca\/assurance-voyage\/escapade-hivernale-retraites-voyageurs\/"]}]},{"@type":"ImageObject","inLanguage":"fr-FR","@id":"https:\/\/www.rbcinsurance.com\/fr-ca\/assurance-voyage\/escapade-hivernale-retraites-voyageurs\/#primaryimage","url":"https:\/\/www.rbcinsurance.com\/fr-ca\/wp-content\/uploads\/sites\/3\/2024\/10\/travel-insurance-multi-trip-1.webp?quality=80","contentUrl":"https:\/\/www.rbcinsurance.com\/fr-ca\/wp-content\/uploads\/sites\/3\/2024\/10\/travel-insurance-multi-trip-1.webp?quality=80","width":607,"height":546,"caption":"Une femme avec son b\u00e9b\u00e9 dans un a\u00e9roport"},{"@type":"BreadcrumbList","@id":"https:\/\/www.rbcinsurance.com\/fr-ca\/assurance-voyage\/escapade-hivernale-retraites-voyageurs\/#breadcrumb","itemListElement":[{"@type":"ListItem","position":1,"name":"Accueil","item":"https:\/\/www.rbcinsurance.com\/fr-ca\/"},{"@type":"ListItem","position":2,"name":"Assurance voyage","item":"https:\/\/www.rbcinsurance.com\/fr-ca\/assurance-voyage\/"},{"@type":"ListItem","position":3,"name":"Escapade hivernale de retrait\u00e9s-voyageurs"}]},{"@type":"WebSite","@id":"https:\/\/www.rbcinsurance.com\/fr-ca\/#website","url":"https:\/\/www.rbcinsurance.com\/fr-ca\/","name":"RBC Assurances","description":"Assurance individuelle","publisher":{"@id":"https:\/\/www.rbcinsurance.com\/fr-ca\/#organization"},"potentialAction":[{"@type":"SearchAction","target":{"@type":"EntryPoint","urlTemplate":"https:\/\/www.rbcinsurance.com\/fr-ca\/?s={search_term_string}"},"query-input":{"@type":"PropertyValueSpecification","valueRequired":true,"valueName":"search_term_string"}}],"inLanguage":"fr-FR"},{"@type":"Organization","@id":"https:\/\/www.rbcinsurance.com\/fr-ca\/#organization","name":"RBC Assurances","url":"https:\/\/www.rbcinsurance.com\/fr-ca\/","logo":{"@type":"ImageObject","inLanguage":"fr-FR","@id":"https:\/\/www.rbcinsurance.com\/fr-ca\/#\/schema\/logo\/image\/","url":"https:\/\/www.rbcinsurance.com\/fr-ca\/wp-content\/uploads\/sites\/3\/2021\/06\/rbc-logo-shield.svg?quality=80&w=1024","contentUrl":"https:\/\/www.rbcinsurance.com\/fr-ca\/wp-content\/uploads\/sites\/3\/2021\/06\/rbc-logo-shield.svg?quality=80&w=1024","width":"1024","height":"1024","caption":"RBC Assurances"},"image":{"@id":"https:\/\/www.rbcinsurance.com\/fr-ca\/#\/schema\/logo\/image\/"},"description":"RBC Assurances offre aux Canadiens des assurances personnelles telles que des assurances auto, habitation, vie, sant\u00e9, voyage et cr\u00e9dit, ainsi que des solutions de placement pour la retraite.","telephone":"1 800 769-2568","legalName":"Services d'assurance RBC Inc.","numberOfEmployees":{"@type":"QuantitativeValue","minValue":"1001","maxValue":"5000"}}]}},"jetpack_sharing_enabled":true,"_links":{"self":[{"href":"https:\/\/www.rbcinsurance.com\/fr-ca\/wp-json\/wp\/v2\/pages\/11635","targetHints":{"allow":["GET"]}}],"collection":[{"href":"https:\/\/www.rbcinsurance.com\/fr-ca\/wp-json\/wp\/v2\/pages"}],"about":[{"href":"https:\/\/www.rbcinsurance.com\/fr-ca\/wp-json\/wp\/v2\/types\/page"}],"author":[{"embeddable":true,"href":"https:\/\/www.rbcinsurance.com\/fr-ca\/wp-json\/wp\/v2\/users\/196"}],"replies":[{"embeddable":true,"href":"https:\/\/www.rbcinsurance.com\/fr-ca\/wp-json\/wp\/v2\/comments?post=11635"}],"version-history":[{"count":28,"href":"https:\/\/www.rbcinsurance.com\/fr-ca\/wp-json\/wp\/v2\/pages\/11635\/revisions"}],"predecessor-version":[{"id":25367,"href":"https:\/\/www.rbcinsurance.com\/fr-ca\/wp-json\/wp\/v2\/pages\/11635\/revisions\/25367"}],"up":[{"embeddable":true,"href":"https:\/\/www.rbcinsurance.com\/fr-ca\/wp-json\/wp\/v2\/pages\/11587"}],"wp:attachment":[{"href":"https:\/\/www.rbcinsurance.com\/fr-ca\/wp-json\/wp\/v2\/media?parent=11635"}],"curies":[{"name":"wp","href":"https:\/\/api.w.org\/{rel}","templated":true}]}}