{"id":16646,"date":"2024-12-17T09:44:34","date_gmt":"2024-12-17T14:44:34","guid":{"rendered":"https:\/\/www.rbcinsurance.com\/fr-ca\/?page_id=16646"},"modified":"2024-12-17T10:55:11","modified_gmt":"2024-12-17T15:55:11","slug":"livraison-electronique","status":"publish","type":"page","link":"https:\/\/www.rbcinsurance.com\/fr-ca\/livraison-electronique\/","title":{"rendered":"Inscrivez-vous \u00e0 la livraison \u00e9lectronique"},"content":{"rendered":"\n<div class=\"wp-block-rbc-callout-card calloutCard calloutCard__image  mar-t-hlf\" style=\"background-color:#F7F8FA\">\n<div class=\"wp-block-rbc-callout-card calloutCard calloutCard__image\" style=\"background-color:#F7F8FA\">\n<div class=\"wp-block-columns cols is-layout-flex wp-container-core-columns-is-layout-28f84493 wp-block-columns-is-layout-flex\">\n<div class=\"wp-block-column col-left is-layout-flow wp-block-column-is-layout-flow\">\n<div class=\"wp-block-columns is-layout-flex wp-container-core-columns-is-layout-28f84493 wp-block-columns-is-layout-flex\">\n<div class=\"wp-block-column is-layout-flow wp-block-column-is-layout-flow\">\n<h2 class=\"wp-block-heading\" id=\"h-allez-sans-papier-nbsp\">Allez sans papier&nbsp;!<\/h2>\n\n\n\n<p class=\"rbc-override-margin p-large\">Apprenez-en plus sur la fa\u00e7on dont vous pouvez obtenir vos documents par voie \u00e9lectronique &#8211; et y acc\u00e9der de n\u2019importe o\u00f9 et \u00e0 n\u2019importe quel moment&nbsp;!<\/p>\n<\/div>\n<\/div>\n<\/div>\n\n\n\n<div class=\"wp-block-column col-right is-layout-flow wp-block-column-is-layout-flow\">\n<figure class=\"wp-block-image size-large\"><img decoding=\"async\" src=\"https:\/\/www.rbcinsurance.com\/en-ca\/wp-content\/uploads\/sites\/2\/2024\/08\/Home-Based-Bus-Insurance-1_3x2.jpg?quality=80&amp;w=1024\" alt=\"Apprenez-en plus sur la fa\u00e7on dont vous pouvez obtenir vos documents par voie \u00e9lectronique - et y acc\u00e9der de n\u2019importe o\u00f9 et \u00e0 n\u2019importe quel moment\u00a0!!\" class=\"wp-image-14778\"\/><\/figure>\n<\/div>\n<\/div>\n<\/div>\n<\/div>\n\n\n\n<div style=\"height:50px\" aria-hidden=\"true\" class=\"wp-block-spacer\"><\/div>\n\n\n\n<h2 class=\"wp-block-heading\" id=\"h-un-conseiller-en-assurance-rbc-peut-vous-aider\">Un conseiller en assurance RBC peut vous aider<\/h2>\n\n\n\n<p>Remplissez le formulaire ci-dessous pour nous envoyer une demande de r\u00e9ception \u00e9lectronique de vos documents et vous inscrire \u00e0 l\u2019assurance en ligne.&nbsp; Si vous choisissez de souscrire \u00e0 une assurance en ligne, vous recevrez un avis par courriel indiquant les \u00e9tapes requises pour compl\u00e9ter votre inscription.<\/p>\n\n\n\n<p>Le portail d\u2019assurance en ligne vous permet d\u2019acc\u00e9der, d\u2019examiner et de g\u00e9rer facilement vos polices d\u2019assurance habitation et automobile directement \u00e0 partir de votre ordinateur ou de votre appareil mobile, par exemple vous pourriez mettre \u00e0 jour vos informations de paiement ou demander vos preuves d\u2019assurances qui ont \u00e9t\u00e9 perdus ou endommag\u00e9s pour votre v\u00e9hicule.&nbsp;&nbsp;<\/p>\n\n\n\n<div style=\"height:15px\" aria-hidden=\"true\" class=\"wp-block-spacer\"><\/div>\n\n\n\n<form action=\"https:\/\/webto.salesforce.com\/servlet\/servlet.WebToLead?encoding=UTF-8&amp;orgId=00D5f000006qGQp\" method=\"POST\">    <input type=\"hidden\" name=\"oid\" value=\"00D5f000006qGQp\">    <input type=\"hidden\" name=\"retURL\" value=\"https:\/\/www.rbcinsurance.com\/fr-ca\/particuliers\/\">    <input type=\"hidden\" name=\"00N5f00000hBPnq\" value=\"H&amp;A Inbound Team - Meadowvale\">    <input type=\"hidden\" name=\"lead_source\" value=\"Web\">    <input type=\"hidden\" name=\"00N5f00000hBPnh\" value=\"Insurance Form Lead\">    <input type=\"hidden\" name=\"00N5f00000hBPn4\" value=\"SEM Auto\">    <input type=\"hidden\" name=\"00N5f00000hBPnf\" value=\"Immediate Action\">    <fieldset class=\"field-row\">        <div class=\"col-5\">            <div class=\"input-wpr required\">                <label for=\"first_name\">Pr\u00e9nom<\/label><input id=\"first_name\" name=\"first_name\" type=\"text\" \/>            <\/div>        <\/div>        <div class=\"col-5\">            <div class=\"input-wpr required\">                <label for=\"last_name\">Nom de famille<\/label><input id=\"last_name\" name=\"last_name\" type=\"text\" \/>            <\/div>        <\/div>    <\/fieldset>    <fieldset class=\"field-row\">        <div class=\"col-5\">            <div class=\"input-wpr required\"><label for=\"phone\">Num\u00e9ro de t\u00e9l\u00e9phone mobile<\/label><input id=\"phone\" name=\"00N5f00000hBPoF\" type=\"text\" \/>            <\/div>        <\/div>        <div class=\"col-5\">            <div class=\"input-wpr required\">                <label for=\"email\">Courriel<\/label><input id=\"email\" name=\"email\" type=\"text\" \/>            <\/div>        <\/div>    <\/fieldset>    <fieldset class=\"field-row\">        <div class=\"col-5\">            <div class=\"input-wpr required\"><label for=\"00N5f00000hBPo8\">Code postal<\/label><input id=\"00N5f00000hBPo8\" name=\"00N5f00000hBPo8\" type=\"text\" \/>            <\/div>        <\/div>        <\/fieldset>    <div class=\"col-4\">        <div id=\"checkbox-list \">          <input type=\"checkbox\" id=\"00N5f00000hBPmt\" name=\"00N5f00000hBPmt\" value=\"Je consens \u00e0 ce que mes documents me soient envoy\u00e9s par voie \u00e9lectronique\">          <label for=\"00N5f00000hBPmt\">Je consens \u00e0 ce que mes documents me soient envoy\u00e9s par voie \u00e9lectronique<\/label>          <input type=\"checkbox\" id=\"00N5f00000hBPnb\" name=\"00N5f00000hBPnb\" value=\"J'aimerais m'inscrire au Portail d'assurance en ligne\">          <label for=\"00N5f00000hBPnb\">J&rsquo;aimerais m&rsquo;inscrire au Portail d&rsquo;assurance en ligne<\/label>          <input class=\"btn primary\" type=\"submit\" value=\"Envoyez votre demande\" name=\"submit\">        <\/div>    <\/div><\/form>\n\n\n\n<div style=\"height:35px\" aria-hidden=\"true\" class=\"wp-block-spacer\"><\/div>\n\n\n\n<p>La s\u00e9curit\u00e9 et la confidentialit\u00e9 des renseignements sur les clients sont de la plus haute importance pour nous \u2013 nos conseillers d\u2019assurance RBC ne communiqueront avec vous qu\u2019au moyen d\u2019un courriel s\u00e9curis\u00e9 pour prot\u00e9ger vos renseignements pendant qu\u2019ils traitent votre demande.&nbsp;&nbsp; Plus d\u2019informations sur&nbsp; <a href=\"https:\/\/www.rbc.com\/courriel-securise\/\">Courriel s\u00e9curis\u00e9 de RBC &#8211; RBC<\/a><\/p>\n\n\n\n<section class=\"wp-block-rbc-rbc-legal-collapsible disclaimer\" aria-label=\"Legal Disclaimers\"><div class=\"section-inner\"><p><button class=\"collapse-toggle collapsed\" data-target=\"#collapseDisclaimer\" data-toggle=\"collapse\" aria-expanded=\"false\" aria-controls=\"collapseDisclaimer\" data-dig-id=\"LP-25636-299f5ae4\" data-dig-category=\"LP\" data-dig-action=\"legal close\" data-dig-label=\"legal close\" action-closed=\"legal close\" action-opened=\"legal open\" label-close=\"legal open\" label-open=\"legal close\"><span>Afficher les avis de non-responsabilit\u00e9<\/span><span>Cacher les avis de non-responsabilit\u00e9<\/span><\/button><\/p><div class=\"collapse-content collapse\" id=\"collapseDisclaimer\"><div class=\"collapse-inner\"><div class=\"table-wpr\">\n<div class=\"wp-block-rbc-rbc-disclaimer-block\"><div class=\"table-row\" id=\"legal-1\"><div class=\"table-cell\"><span class=\"offscreen\">Legal Disclaimer<\/span><sup><\/sup><\/div><div class=\"table-cell\">\n<p>Les produits d\u2019assurances auto et habitation sont distribu\u00e9s par l\u2019Agence d\u2019assurances RBC lt\u00e9e et \u00e9tablis par Aviva, Compagnie d\u2019Assurance G\u00e9n\u00e9rale. En raison des r\u00e9gimes publics d\u2019assurance automobile en place au Manitoba, en Saskatchewan et en Colombie-Britannique, RBC Assurances n\u2019offre pas d\u2019assurance automobile dans ces provinces. Des conditions s\u2019appliquent. Toutes les personnes qui utilisent les plateformes en ligne ou qui t\u00e9l\u00e9phonent ne pourront pas n\u00e9cessairement obtenir une soumission ou souscrire une police d\u2019assurance.<\/p>\n<\/div><\/div><\/div>\n\n\n\n<div class=\"wp-block-rbc-rbc-disclaimer-block\"><div class=\"table-row\" id=\"legal-2\"><div class=\"table-cell\"><span class=\"offscreen\">Legal Disclaimer<\/span><sup><\/sup><\/div><div class=\"table-cell\">\n<p>L\u2019information sur le pr\u00e9sent site Web se veut un simple r\u00e9sum\u00e9. Toutes les conditions se trouvent dans la police d\u2019assurance applicable. Nous vous encourageons \u00e9galement \u00e0 vous adresser \u00e0 un conseiller autoris\u00e9 en assurance de RBC pour obtenir des conseils professionnels.<\/p>\n<\/div><\/div><\/div>\n\n\n\n<div class=\"wp-block-rbc-rbc-disclaimer-block\"><div class=\"table-row\" id=\"legal-6\"><div class=\"table-cell\"><span class=\"offscreen\">Legal Disclaimer<\/span><sup><\/sup><\/div><div class=\"table-cell\">\n<p>L\u2019assurance responsabilit\u00e9 civile est assujettie aux modalit\u00e9s, aux conditions, aux limitations et aux exclusions de la police.<br><\/p>\n<\/div><\/div><\/div>\n<\/div><\/div><\/div><\/div><\/section>\n\n\n\n<p><\/p>\n","protected":false},"excerpt":{"rendered":"<p>Apprenez-en plus sur la fa\u00e7on dont vous pouvez obtenir vos documents par voie \u00e9lectronique &#8211; et y acc\u00e9der de n\u2019importe o\u00f9 et \u00e0 n\u2019importe quel moment !!<\/p>\n","protected":false},"author":168,"featured_media":11405,"parent":0,"menu_order":0,"comment_status":"closed","ping_status":"closed","template":"templates\/new-rbci-design.php","meta":{"_acf_changed":false,"footnotes":""},"class_list":["post-16646","page","type-page","status-publish","has-post-thumbnail","hentry"],"acf":[],"yoast_head":"<!-- This site is optimized with the Yoast SEO Premium plugin v27.3 (Yoast SEO v27.3) - https:\/\/yoast.com\/product\/yoast-seo-premium-wordpress\/ -->\n<title>Inscrivez-vous \u00e0 la livraison \u00e9lectronique | RBC Assurances<\/title>\n<meta name=\"description\" content=\"Apprenez-en plus sur la fa\u00e7on dont vous pouvez obtenir vos documents par voie \u00e9lectronique - et y acc\u00e9der de n\u2019importe o\u00f9 et \u00e0 n\u2019importe quel moment !!\" \/>\n<meta name=\"robots\" content=\"index, follow, max-snippet:-1, max-image-preview:large, max-video-preview:-1\" \/>\n<link rel=\"canonical\" href=\"https:\/\/www.rbcinsurance.com\/fr-ca\/livraison-electronique\/\" \/>\n<meta property=\"og:locale\" content=\"fr_FR\" \/>\n<meta property=\"og:type\" content=\"article\" \/>\n<meta property=\"og:title\" content=\"Inscrivez-vous \u00e0 la livraison \u00e9lectronique | RBC Assurances\" \/>\n<meta property=\"og:description\" content=\"Apprenez-en plus sur la fa\u00e7on dont vous pouvez obtenir vos documents par voie \u00e9lectronique - et y acc\u00e9der de n\u2019importe o\u00f9 et \u00e0 n\u2019importe quel moment !!\" \/>\n<meta property=\"og:url\" content=\"https:\/\/www.rbcinsurance.com\/fr-ca\/livraison-electronique\/\" \/>\n<meta property=\"og:site_name\" content=\"RBC Assurances\" \/>\n<meta property=\"article:modified_time\" content=\"2024-12-17T15:55:11+00:00\" \/>\n<meta property=\"og:image\" content=\"https:\/\/www.rbcinsurance.com\/fr-ca\/wp-content\/uploads\/sites\/3\/2024\/08\/Home-Based-Bus-Insurance-1_3x2.jpg?quality=80\" \/>\n\t<meta property=\"og:image:width\" content=\"2120\" \/>\n\t<meta property=\"og:image:height\" content=\"1414\" \/>\n\t<meta property=\"og:image:type\" content=\"image\/jpeg\" \/>\n<meta name=\"twitter:card\" content=\"summary_large_image\" \/>\n<meta name=\"twitter:label1\" content=\"Est. reading time\" \/>\n\t<meta name=\"twitter:data1\" content=\"3 minutes\" \/>\n<script type=\"application\/ld+json\" class=\"yoast-schema-graph\">{\"@context\":\"https:\\\/\\\/schema.org\",\"@graph\":[{\"@type\":\"WebPage\",\"@id\":\"https:\\\/\\\/www.rbcinsurance.com\\\/fr-ca\\\/livraison-electronique\\\/\",\"url\":\"https:\\\/\\\/www.rbcinsurance.com\\\/fr-ca\\\/livraison-electronique\\\/\",\"name\":\"Inscrivez-vous \u00e0 la livraison \u00e9lectronique | RBC Assurances\",\"isPartOf\":{\"@id\":\"https:\\\/\\\/www.rbcinsurance.com\\\/fr-ca\\\/#website\"},\"primaryImageOfPage\":{\"@id\":\"https:\\\/\\\/www.rbcinsurance.com\\\/fr-ca\\\/livraison-electronique\\\/#primaryimage\"},\"image\":{\"@id\":\"https:\\\/\\\/www.rbcinsurance.com\\\/fr-ca\\\/livraison-electronique\\\/#primaryimage\"},\"thumbnailUrl\":\"https:\\\/\\\/www.rbcinsurance.com\\\/fr-ca\\\/wp-content\\\/uploads\\\/sites\\\/3\\\/2024\\\/08\\\/Home-Based-Bus-Insurance-1_3x2.jpg?quality=80\",\"datePublished\":\"2024-12-17T14:44:34+00:00\",\"dateModified\":\"2024-12-17T15:55:11+00:00\",\"description\":\"Apprenez-en plus sur la fa\u00e7on dont vous pouvez obtenir vos documents par voie \u00e9lectronique - et y acc\u00e9der de n\u2019importe o\u00f9 et \u00e0 n\u2019importe quel moment !!\",\"breadcrumb\":{\"@id\":\"https:\\\/\\\/www.rbcinsurance.com\\\/fr-ca\\\/livraison-electronique\\\/#breadcrumb\"},\"inLanguage\":\"fr-FR\",\"potentialAction\":[{\"@type\":\"ReadAction\",\"target\":[\"https:\\\/\\\/www.rbcinsurance.com\\\/fr-ca\\\/livraison-electronique\\\/\"]}]},{\"@type\":\"ImageObject\",\"inLanguage\":\"fr-FR\",\"@id\":\"https:\\\/\\\/www.rbcinsurance.com\\\/fr-ca\\\/livraison-electronique\\\/#primaryimage\",\"url\":\"https:\\\/\\\/www.rbcinsurance.com\\\/fr-ca\\\/wp-content\\\/uploads\\\/sites\\\/3\\\/2024\\\/08\\\/Home-Based-Bus-Insurance-1_3x2.jpg?quality=80\",\"contentUrl\":\"https:\\\/\\\/www.rbcinsurance.com\\\/fr-ca\\\/wp-content\\\/uploads\\\/sites\\\/3\\\/2024\\\/08\\\/Home-Based-Bus-Insurance-1_3x2.jpg?quality=80\",\"width\":2120,\"height\":1414,\"caption\":\"Une femme assise \u00e0 une table recherche sur son ordinateur portable des options d'assurance pour les petites entreprises.\"},{\"@type\":\"BreadcrumbList\",\"@id\":\"https:\\\/\\\/www.rbcinsurance.com\\\/fr-ca\\\/livraison-electronique\\\/#breadcrumb\",\"itemListElement\":[{\"@type\":\"ListItem\",\"position\":1,\"name\":\"Accueil\",\"item\":\"https:\\\/\\\/www.rbcinsurance.com\\\/fr-ca\\\/\"},{\"@type\":\"ListItem\",\"position\":2,\"name\":\"Inscrivez-vous \u00e0 la livraison \u00e9lectronique\"}]},{\"@type\":\"WebSite\",\"@id\":\"https:\\\/\\\/www.rbcinsurance.com\\\/fr-ca\\\/#website\",\"url\":\"https:\\\/\\\/www.rbcinsurance.com\\\/fr-ca\\\/\",\"name\":\"RBC Assurances\",\"description\":\"Assurance individuelle\",\"publisher\":{\"@id\":\"https:\\\/\\\/www.rbcinsurance.com\\\/fr-ca\\\/#organization\"},\"potentialAction\":[{\"@type\":\"SearchAction\",\"target\":{\"@type\":\"EntryPoint\",\"urlTemplate\":\"https:\\\/\\\/www.rbcinsurance.com\\\/fr-ca\\\/?s={search_term_string}\"},\"query-input\":{\"@type\":\"PropertyValueSpecification\",\"valueRequired\":true,\"valueName\":\"search_term_string\"}}],\"inLanguage\":\"fr-FR\"},{\"@type\":\"Organization\",\"@id\":\"https:\\\/\\\/www.rbcinsurance.com\\\/fr-ca\\\/#organization\",\"name\":\"RBC Assurances\",\"url\":\"https:\\\/\\\/www.rbcinsurance.com\\\/fr-ca\\\/\",\"logo\":{\"@type\":\"ImageObject\",\"inLanguage\":\"fr-FR\",\"@id\":\"https:\\\/\\\/www.rbcinsurance.com\\\/fr-ca\\\/#\\\/schema\\\/logo\\\/image\\\/\",\"url\":\"https:\\\/\\\/www.rbcinsurance.com\\\/fr-ca\\\/wp-content\\\/uploads\\\/sites\\\/3\\\/2021\\\/06\\\/rbc-logo-shield.svg?quality=80&w=1024\",\"contentUrl\":\"https:\\\/\\\/www.rbcinsurance.com\\\/fr-ca\\\/wp-content\\\/uploads\\\/sites\\\/3\\\/2021\\\/06\\\/rbc-logo-shield.svg?quality=80&w=1024\",\"width\":\"1024\",\"height\":\"1024\",\"caption\":\"RBC Assurances\"},\"image\":{\"@id\":\"https:\\\/\\\/www.rbcinsurance.com\\\/fr-ca\\\/#\\\/schema\\\/logo\\\/image\\\/\"},\"description\":\"RBC Assurances offre aux Canadiens des assurances personnelles telles que des assurances auto, habitation, vie, sant\u00e9, voyage et cr\u00e9dit, ainsi que des solutions de placement pour la retraite.\",\"telephone\":\"1 800 769-2568\",\"legalName\":\"Services d'assurance RBC Inc.\",\"numberOfEmployees\":{\"@type\":\"QuantitativeValue\",\"minValue\":\"1001\",\"maxValue\":\"5000\"}}]}<\/script>\n<!-- \/ Yoast SEO Premium plugin. -->","yoast_head_json":{"title":"Inscrivez-vous \u00e0 la livraison \u00e9lectronique | RBC Assurances","description":"Apprenez-en plus sur la fa\u00e7on dont vous pouvez obtenir vos documents par voie \u00e9lectronique - et y acc\u00e9der de n\u2019importe o\u00f9 et \u00e0 n\u2019importe quel moment !!","robots":{"index":"index","follow":"follow","max-snippet":"max-snippet:-1","max-image-preview":"max-image-preview:large","max-video-preview":"max-video-preview:-1"},"canonical":"https:\/\/www.rbcinsurance.com\/fr-ca\/livraison-electronique\/","og_locale":"fr_FR","og_type":"article","og_title":"Inscrivez-vous \u00e0 la livraison \u00e9lectronique | RBC Assurances","og_description":"Apprenez-en plus sur la fa\u00e7on dont vous pouvez obtenir vos documents par voie \u00e9lectronique - et y acc\u00e9der de n\u2019importe o\u00f9 et \u00e0 n\u2019importe quel moment !!","og_url":"https:\/\/www.rbcinsurance.com\/fr-ca\/livraison-electronique\/","og_site_name":"RBC Assurances","article_modified_time":"2024-12-17T15:55:11+00:00","og_image":[{"width":2120,"height":1414,"url":"https:\/\/www.rbcinsurance.com\/fr-ca\/wp-content\/uploads\/sites\/3\/2024\/08\/Home-Based-Bus-Insurance-1_3x2.jpg?quality=80","type":"image\/jpeg"}],"twitter_card":"summary_large_image","twitter_misc":{"Est. reading time":"3 minutes"},"schema":{"@context":"https:\/\/schema.org","@graph":[{"@type":"WebPage","@id":"https:\/\/www.rbcinsurance.com\/fr-ca\/livraison-electronique\/","url":"https:\/\/www.rbcinsurance.com\/fr-ca\/livraison-electronique\/","name":"Inscrivez-vous \u00e0 la livraison \u00e9lectronique | RBC Assurances","isPartOf":{"@id":"https:\/\/www.rbcinsurance.com\/fr-ca\/#website"},"primaryImageOfPage":{"@id":"https:\/\/www.rbcinsurance.com\/fr-ca\/livraison-electronique\/#primaryimage"},"image":{"@id":"https:\/\/www.rbcinsurance.com\/fr-ca\/livraison-electronique\/#primaryimage"},"thumbnailUrl":"https:\/\/www.rbcinsurance.com\/fr-ca\/wp-content\/uploads\/sites\/3\/2024\/08\/Home-Based-Bus-Insurance-1_3x2.jpg?quality=80","datePublished":"2024-12-17T14:44:34+00:00","dateModified":"2024-12-17T15:55:11+00:00","description":"Apprenez-en plus sur la fa\u00e7on dont vous pouvez obtenir vos documents par voie \u00e9lectronique - et y acc\u00e9der de n\u2019importe o\u00f9 et \u00e0 n\u2019importe quel moment !!","breadcrumb":{"@id":"https:\/\/www.rbcinsurance.com\/fr-ca\/livraison-electronique\/#breadcrumb"},"inLanguage":"fr-FR","potentialAction":[{"@type":"ReadAction","target":["https:\/\/www.rbcinsurance.com\/fr-ca\/livraison-electronique\/"]}]},{"@type":"ImageObject","inLanguage":"fr-FR","@id":"https:\/\/www.rbcinsurance.com\/fr-ca\/livraison-electronique\/#primaryimage","url":"https:\/\/www.rbcinsurance.com\/fr-ca\/wp-content\/uploads\/sites\/3\/2024\/08\/Home-Based-Bus-Insurance-1_3x2.jpg?quality=80","contentUrl":"https:\/\/www.rbcinsurance.com\/fr-ca\/wp-content\/uploads\/sites\/3\/2024\/08\/Home-Based-Bus-Insurance-1_3x2.jpg?quality=80","width":2120,"height":1414,"caption":"Une femme assise \u00e0 une table recherche sur son ordinateur portable des options d'assurance pour les petites entreprises."},{"@type":"BreadcrumbList","@id":"https:\/\/www.rbcinsurance.com\/fr-ca\/livraison-electronique\/#breadcrumb","itemListElement":[{"@type":"ListItem","position":1,"name":"Accueil","item":"https:\/\/www.rbcinsurance.com\/fr-ca\/"},{"@type":"ListItem","position":2,"name":"Inscrivez-vous \u00e0 la livraison \u00e9lectronique"}]},{"@type":"WebSite","@id":"https:\/\/www.rbcinsurance.com\/fr-ca\/#website","url":"https:\/\/www.rbcinsurance.com\/fr-ca\/","name":"RBC Assurances","description":"Assurance individuelle","publisher":{"@id":"https:\/\/www.rbcinsurance.com\/fr-ca\/#organization"},"potentialAction":[{"@type":"SearchAction","target":{"@type":"EntryPoint","urlTemplate":"https:\/\/www.rbcinsurance.com\/fr-ca\/?s={search_term_string}"},"query-input":{"@type":"PropertyValueSpecification","valueRequired":true,"valueName":"search_term_string"}}],"inLanguage":"fr-FR"},{"@type":"Organization","@id":"https:\/\/www.rbcinsurance.com\/fr-ca\/#organization","name":"RBC Assurances","url":"https:\/\/www.rbcinsurance.com\/fr-ca\/","logo":{"@type":"ImageObject","inLanguage":"fr-FR","@id":"https:\/\/www.rbcinsurance.com\/fr-ca\/#\/schema\/logo\/image\/","url":"https:\/\/www.rbcinsurance.com\/fr-ca\/wp-content\/uploads\/sites\/3\/2021\/06\/rbc-logo-shield.svg?quality=80&w=1024","contentUrl":"https:\/\/www.rbcinsurance.com\/fr-ca\/wp-content\/uploads\/sites\/3\/2021\/06\/rbc-logo-shield.svg?quality=80&w=1024","width":"1024","height":"1024","caption":"RBC Assurances"},"image":{"@id":"https:\/\/www.rbcinsurance.com\/fr-ca\/#\/schema\/logo\/image\/"},"description":"RBC Assurances offre aux Canadiens des assurances personnelles telles que des assurances auto, habitation, vie, sant\u00e9, voyage et cr\u00e9dit, ainsi que des solutions de placement pour la retraite.","telephone":"1 800 769-2568","legalName":"Services d'assurance RBC Inc.","numberOfEmployees":{"@type":"QuantitativeValue","minValue":"1001","maxValue":"5000"}}]}},"jetpack_sharing_enabled":true,"_links":{"self":[{"href":"https:\/\/www.rbcinsurance.com\/fr-ca\/wp-json\/wp\/v2\/pages\/16646","targetHints":{"allow":["GET"]}}],"collection":[{"href":"https:\/\/www.rbcinsurance.com\/fr-ca\/wp-json\/wp\/v2\/pages"}],"about":[{"href":"https:\/\/www.rbcinsurance.com\/fr-ca\/wp-json\/wp\/v2\/types\/page"}],"author":[{"embeddable":true,"href":"https:\/\/www.rbcinsurance.com\/fr-ca\/wp-json\/wp\/v2\/users\/168"}],"replies":[{"embeddable":true,"href":"https:\/\/www.rbcinsurance.com\/fr-ca\/wp-json\/wp\/v2\/comments?post=16646"}],"version-history":[{"count":11,"href":"https:\/\/www.rbcinsurance.com\/fr-ca\/wp-json\/wp\/v2\/pages\/16646\/revisions"}],"predecessor-version":[{"id":25636,"href":"https:\/\/www.rbcinsurance.com\/fr-ca\/wp-json\/wp\/v2\/pages\/16646\/revisions\/25636"}],"wp:featuredmedia":[{"embeddable":true,"href":"https:\/\/www.rbcinsurance.com\/fr-ca\/wp-json\/wp\/v2\/media\/11405"}],"wp:attachment":[{"href":"https:\/\/www.rbcinsurance.com\/fr-ca\/wp-json\/wp\/v2\/media?parent=16646"}],"curies":[{"name":"wp","href":"https:\/\/api.w.org\/{rel}","templated":true}]}}