{"id":17151,"date":"2025-03-25T09:14:51","date_gmt":"2025-03-25T13:14:51","guid":{"rendered":"https:\/\/www.rbcinsurance.com\/fr-ca\/?page_id=17151"},"modified":"2025-08-27T14:37:37","modified_gmt":"2025-08-27T18:37:37","slug":"confiance-medicale","status":"publish","type":"page","link":"https:\/\/www.rbcinsurance.com\/fr-ca\/assurance-collective\/participant-du-regime\/confiance-medicale\/","title":{"rendered":"Confiance m\u00e9dicale"},"content":{"rendered":"\n<div class=\"wp-block-rbc-callout-card calloutCard calloutCard__HeroImageBackground hasDarkBg\" style=\"background:url(https:\/\/www.rbcinsurance.com\/fr-ca\/wp-content\/uploads\/sites\/3\/2025\/03\/Group-Medical-confidence-insurance-hero-desktop-copy.webp) no-repeat;--bghero-mobi-url:url(https:\/\/www.rbcinsurance.com\/fr-ca\/wp-content\/uploads\/sites\/3\/2025\/03\/Group-medical-confidence-hero-mobile.webp)\">\n<div class=\"wp-block-columns cols-hero-wrapper is-layout-flex wp-container-core-columns-is-layout-28f84493 wp-block-columns-is-layout-flex\">\n<div class=\"wp-block-column col-front is-layout-flow wp-block-column-is-layout-flow\">\n<p class=\"rbc-yoast-breadcrum\"><span class=\"rbc-yoast-breadcrum-span\"><span><a href=\"https:\/\/www.rbcinsurance.com\/fr-ca\/\">Accueil<\/a><\/span><\/span><\/p>\n\n\n\n<h1 class=\"wp-block-heading rbc-callout-heading\" id=\"h-confiance-medicale\"><mark style=\"background-color:rgba(0, 0, 0, 0);color:#FFFFFF\" class=\"has-inline-color\">Confiance m\u00e9dicale<\/mark><\/h1>\n\n\n\n<p class=\"rbc-override-margin p-large\">Le service Confiance m\u00e9dicale r\u00e9pond aux besoins des membres d\u2019un r\u00e9gime des Solutions d\u2019assurance collective RBC Assurances pendant un moment difficile.<\/p>\n\n\n\n<div class=\"wp-block-rbc-postal-code postal-code-form  postal-code\" data-custom-url=\"\"><div class=\"quote-form \"><div class=\"inputCode\"><label>Your postal code<\/label><input class=\"\" type=\"text\" value=\"\" placeholder=\"A1A 1A1\"\/><\/div><div class=\"inputCode\">\n<div class=\"wp-block-buttons is-layout-flex wp-block-buttons-is-layout-flex\"><div>\n<div class=\"wp-block-button btn is-style-accent accent\"><a class=\"wp-block-button__link wp-element-button\" href=\"#\" data-dig-id=\"LP-17151-e5c01486\" data-dig-category=\"LP\" data-dig-action=\"button click\" data-dig-label=\"Get a quote-# \">Get a quote<\/a><\/div>\n<\/div><\/div>\n<\/div><\/div><div class=\"error-msg\"><span class=\"error-msg-span\">Please provide a valid postal code in A1A 1A1 format.<\/span><\/div><\/div>\n<\/div>\n<\/div>\n<\/div>\n\n\n\n<div class=\"wp-block-rbc-layout-selector layoutSelector layoutSelector__layout1\">\n<div class=\"wp-block-rbc-layout-selector layoutSelector layoutSelector__layout7\">\n<div class=\"wp-block-group is-layout-flow wp-block-group-is-layout-flow\">\n<div class=\"wp-block-group layoutSelector__cards-container layoutSelector__is-flex layoutSelector__direction-row is-layout-flow wp-block-group-is-layout-flow\">\n<div class=\"wp-block-group layoutSelector__is-flex layoutSelector__direction-col flex-gap-0 flex-1\/3 is-layout-flow wp-block-group-is-layout-flow\">\n<h3 class=\"wp-block-heading\" id=\"h-qu-est-ce-que-le-service-confiance-medicale\">Qu\u2019est-ce que le service Confiance m\u00e9dicale ?<\/h3>\n<\/div>\n\n\n\n<div class=\"wp-block-group layoutSelector__is-flex layoutSelector__direction-col flex-2\/3 is-layout-flow wp-block-group-is-layout-flow\">\n<div class=\"wp-block-group layoutSelector__is-flex layoutSelector__direction-row is-layout-flow wp-block-group-is-layout-flow\">\n<div class=\"wp-block-rbc-information-card informationCard\" style=\"--icon-url:url(undefined);background-color:#F7F8FA\">\n<div class=\"wp-block-group informationCard__content is-layout-flow wp-block-group-is-layout-flow\">\n<div class=\"wp-block-group informationCard__icon-group is-layout-flow wp-block-group-is-layout-flow\">\n<p class=\"get-your-free-quote-call mar-b-qtr mob-mar-b-qtr\">Si vous avez une assurance invalidit\u00e9 ou maladies graves individuelle, ou une assurance invalidit\u00e9 collective, aupr\u00e8s de RBC Assurances, le service Confiance m\u00e9dicale peut changer le cours de votre vie.<\/p>\n\n\n\n<p class=\"mar-b-qtr mob-mar-b-qtr\">IIl vous procure les renseignements dont vous avez besoin pour bien comprendre votre probl\u00e8me de sant\u00e9 et vous aider \u00e0 obtenir les soins et les traitements ad\u00e9quats dans un d\u00e9lai appropri\u00e9.<\/p>\n\n\n\n<p class=\"mar-b-qtr mob-mar-b-qtr\">Voici quelques-uns des avantages offerts :<\/p>\n\n\n\n<ul class=\"wp-block-list list-core-block second-level-inherit third-level-inherit is-style-blue-disc\">\n<li>Acc\u00e8s rapide \u00e0 des soins et traitements<\/li>\n\n\n\n<li>Acc\u00e8s \u00e0 des m\u00e9decins sp\u00e9cialistes<\/li>\n\n\n\n<li>Obtention de diagnostics fiables<\/li>\n\n\n\n<li>Acc\u00e9l\u00e9ration du r\u00e9tablissement<\/li>\n<\/ul>\n<\/div>\n<\/div>\n<\/div>\n<\/div>\n<\/div>\n<\/div>\n\n\n\n<div class=\"wp-block-group layoutSelector__cards-container layoutSelector__is-flex layoutSelector__direction-row is-layout-flow wp-block-group-is-layout-flow\">\n<div class=\"wp-block-group layoutSelector__is-flex layoutSelector__direction-col flex-gap-0 flex-1\/3 is-layout-flow wp-block-group-is-layout-flow\">\n<h3 class=\"wp-block-heading\" id=\"h-services-utiles-pour-se-retrouver-dans-le-systeme-de-sante\">Services utiles pour se retrouver dans le syst\u00e8me de sant\u00e9<\/h3>\n<\/div>\n\n\n\n<div class=\"wp-block-group layoutSelector__is-flex layoutSelector__direction-col flex-2\/3 is-layout-flow wp-block-group-is-layout-flow\">\n<div class=\"wp-block-group layoutSelector__is-flex layoutSelector__direction-row is-layout-flow wp-block-group-is-layout-flow\">\n<div class=\"wp-block-rbc-information-card informationCard\" style=\"--icon-url:url(undefined);background-color:#F7F8FA\">\n<div class=\"wp-block-group informationCard__content is-layout-flow wp-block-group-is-layout-flow\">\n<div class=\"wp-block-group informationCard__icon-group is-layout-flow wp-block-group-is-layout-flow\">\n<p class=\"get-your-free-quote-call mar-b-hlf mob-mar-b-hlf\">Le service Confiance m\u00e9dicale offre les services suivants pour vous aider \u00e0 vous retrouver dans le syst\u00e8me de sant\u00e9 canadien :<\/p>\n\n\n\n<ul class=\"wp-block-list list-core-block second-level-inherit third-level-inherit is-style-blue-disc\">\n<li>Accompagnement individuel par un infirmier autoris\u00e9<\/li>\n\n\n\n<li>Propose 2 ou 3 sp\u00e9cialistes poss\u00e9dant les comp\u00e9tences et la disponibilit\u00e9 n\u00e9cessaires choisis au sein d\u2019un r\u00e9seau compos\u00e9 de plus de 5 500 m\u00e9decins canadiens et de plus de 800 sous-sp\u00e9cialit\u00e9s<\/li>\n\n\n\n<li>Facilite l\u2019obtention d\u2019un rendez-vous aupr\u00e8s du premier sp\u00e9cialiste disponible et donne des conseils pour s\u2019y pr\u00e9parer<\/li>\n\n\n\n<li>Travaille avec des fournisseurs de soins de premi\u00e8re ligne.<\/li>\n<\/ul>\n<\/div>\n<\/div>\n<\/div>\n<\/div>\n<\/div>\n<\/div>\n<\/div>\n<\/div>\n<\/div>\n\n\n\n<p class=\"pad-t-dbl mob-pad-t-dbl\">Pour en savoir plus, veuillez vous adresser \u00e0 votre sp\u00e9cialiste, Service des r\u00e8glements, ou \u00e0 votre administrateur de r\u00e9gime.<\/p>\n\n\n\n<div class=\"wp-block-rbc-callout-card calloutCard calloutCard__image  mar-b-dbl mob-mar-b-dbl\" style=\"background-color:#F7F8FA\">\n<div class=\"wp-block-columns cols is-layout-flex wp-container-core-columns-is-layout-28f84493 wp-block-columns-is-layout-flex\">\n<div class=\"wp-block-column col-left is-layout-flow wp-block-column-is-layout-flow\">\n<div class=\"wp-block-columns is-layout-flex wp-container-core-columns-is-layout-28f84493 wp-block-columns-is-layout-flex\">\n<div class=\"wp-block-column is-layout-flow wp-block-column-is-layout-flow\">\n<h2 class=\"wp-block-heading\" id=\"h-recherchez-vous-autre-chose\">Recherchez-vous autre chose ?<\/h2>\n\n\n\n<p class=\"rbc-override-margin p-large\">Ouvrez une session dans Solutions d\u2019assurance collective en ligne, appelez-nous ou communiquez avec votre administrateur de r\u00e9gime<\/p>\n\n\n\n<div class=\"wp-block-group is-layout-flow wp-block-group-is-layout-flow\">\n<div class=\"wp-block-buttons  get-your-free-quote is-layout-flex wp-block-buttons-is-layout-flex\"><div>\n<div class=\"wp-block-button btn is-style-primary primary\"><a class=\"wp-block-button__link wp-element-button\" href=\"https:\/\/www4.rbcinsurance.com\/ui\/signin\/home?lang=fr\" data-dig-id=\"LP-17151-cb7e72e5\" data-dig-category=\"LP\" data-dig-action=\"button click\" data-dig-label=\"Ouvrez une session-https:\/\/www4.rbcinsurance.com\/ui\/signin\/home?lang=fr \">Ouvrez une session<\/a><\/div>\n<\/div><\/div>\n\n\n\n<p class=\" get-your-free-quote \">ou<\/p>\n\n\n\n<p class=\"get-your-free-quote\">Composez le <a href=\"tel:18552642174\" data-dig-id=\"LP-17151-aa6805d6\" data-dig-category=\"LP\" data-dig-action=\"link click\" data-dig-label=\"1 855 264-2174\" class=\"rbc-link-format\">1 855 264-2174<\/a><\/p>\n<\/div>\n<\/div>\n\n\n\n<div class=\"wp-block-column is-layout-flow wp-block-column-is-layout-flow\"><\/div>\n<\/div>\n<\/div>\n\n\n\n<div class=\"wp-block-column col-right is-layout-flow wp-block-column-is-layout-flow\">\n<figure class=\"wp-block-image size-large\"><img loading=\"lazy\" decoding=\"async\" width=\"607\" height=\"574\" src=\"https:\/\/www.rbcinsurance.com\/fr-ca\/wp-content\/uploads\/sites\/3\/2025\/03\/Medical-Confidence_Get-Help-Card-copy.webp?quality=80&amp;w=607\" alt=\"\" class=\"wp-image-18285\" srcset=\"https:\/\/www.rbcinsurance.com\/fr-ca\/wp-content\/uploads\/sites\/3\/2025\/03\/Medical-Confidence_Get-Help-Card-copy.webp 607w, https:\/\/www.rbcinsurance.com\/fr-ca\/wp-content\/uploads\/sites\/3\/2025\/03\/Medical-Confidence_Get-Help-Card-copy.webp?resize=300,284 300w\" sizes=\"auto, (max-width: 607px) 100vw, 607px\" \/><\/figure>\n<\/div>\n<\/div>\n<\/div>\n","protected":false},"excerpt":{"rendered":"<p>Pour en savoir plus, veuillez vous adresser \u00e0 votre sp\u00e9cialiste, Service des r\u00e8glements, ou \u00e0 votre administrateur de r\u00e9gime.<\/p>\n","protected":false},"author":203,"featured_media":0,"parent":11604,"menu_order":0,"comment_status":"closed","ping_status":"closed","template":"templates\/new-rbci-design.php","meta":{"_acf_changed":false,"footnotes":""},"class_list":["post-17151","page","type-page","status-publish","hentry"],"pp_force_visibility":null,"pp_subpost_visibility":null,"pp_inherited_force_visibility":null,"pp_inherited_subpost_visibility":null,"acf":[],"yoast_head":"<!-- This site is optimized with the Yoast SEO Premium plugin v27.1 (Yoast SEO v27.1.1) - https:\/\/yoast.com\/product\/yoast-seo-premium-wordpress\/ -->\n<title>Confiance m\u00e9dicale | RBC Assurances<\/title>\n<meta name=\"description\" content=\"D\u00e9couvrez les services inestimables offerts par Confiance m\u00e9dicale aux membres d\u2019un r\u00e9gime des Solutions d\u2019assurance collective RBC Assurances.\" \/>\n<meta name=\"robots\" content=\"index, follow, max-snippet:-1, max-image-preview:large, max-video-preview:-1\" \/>\n<link rel=\"canonical\" href=\"https:\/\/www.rbcinsurance.com\/fr-ca\/assurance-collective\/participant-du-regime\/confiance-medicale\/\" \/>\n<meta property=\"og:locale\" content=\"fr_FR\" \/>\n<meta property=\"og:type\" content=\"article\" \/>\n<meta property=\"og:title\" content=\"Confiance m\u00e9dicale | RBC Assurances\" \/>\n<meta property=\"og:description\" content=\"D\u00e9couvrez les services inestimables offerts par Confiance m\u00e9dicale aux membres d\u2019un r\u00e9gime des Solutions d\u2019assurance collective RBC Assurances.\" \/>\n<meta property=\"og:url\" content=\"https:\/\/www.rbcinsurance.com\/fr-ca\/assurance-collective\/participant-du-regime\/confiance-medicale\/\" \/>\n<meta property=\"og:site_name\" content=\"RBC Assurances\" \/>\n<meta property=\"article:modified_time\" content=\"2025-08-27T18:37:37+00:00\" \/>\n<meta property=\"og:image\" content=\"https:\/\/www.rbcinsurance.com\/fr-ca\/wp-content\/uploads\/sites\/3\/2025\/03\/Group-medical-confidence-hero-mobile.webp?quality=80\" \/>\n\t<meta property=\"og:image:width\" content=\"847\" \/>\n\t<meta property=\"og:image:height\" content=\"564\" \/>\n\t<meta property=\"og:image:type\" content=\"image\/webp\" \/>\n<meta name=\"twitter:card\" content=\"summary_large_image\" \/>\n<meta name=\"twitter:label1\" content=\"Est. reading time\" \/>\n\t<meta name=\"twitter:data1\" content=\"2 minutes\" \/>\n<script type=\"application\/ld+json\" class=\"yoast-schema-graph\">{\"@context\":\"https:\/\/schema.org\",\"@graph\":[{\"@type\":\"WebPage\",\"@id\":\"https:\/\/www.rbcinsurance.com\/fr-ca\/assurance-collective\/participant-du-regime\/confiance-medicale\/\",\"url\":\"https:\/\/www.rbcinsurance.com\/fr-ca\/assurance-collective\/participant-du-regime\/confiance-medicale\/\",\"name\":\"Confiance m\u00e9dicale | RBC Assurances\",\"isPartOf\":{\"@id\":\"https:\/\/www.rbcinsurance.com\/fr-ca\/#website\"},\"primaryImageOfPage\":{\"@id\":\"https:\/\/www.rbcinsurance.com\/fr-ca\/assurance-collective\/participant-du-regime\/confiance-medicale\/#primaryimage\"},\"image\":{\"@id\":\"https:\/\/www.rbcinsurance.com\/fr-ca\/assurance-collective\/participant-du-regime\/confiance-medicale\/#primaryimage\"},\"thumbnailUrl\":\"https:\/\/www.rbcinsurance.com\/fr-ca\/wp-content\/uploads\/sites\/3\/2025\/03\/Medical-Confidence_Get-Help-Card-copy.webp?quality=80&amp;w=607\",\"datePublished\":\"2025-03-25T13:14:51+00:00\",\"dateModified\":\"2025-08-27T18:37:37+00:00\",\"description\":\"D\u00e9couvrez les services inestimables offerts par Confiance m\u00e9dicale aux membres d\u2019un r\u00e9gime des Solutions d\u2019assurance collective RBC Assurances.\",\"breadcrumb\":{\"@id\":\"https:\/\/www.rbcinsurance.com\/fr-ca\/assurance-collective\/participant-du-regime\/confiance-medicale\/#breadcrumb\"},\"inLanguage\":\"fr-FR\",\"potentialAction\":[{\"@type\":\"ReadAction\",\"target\":[\"https:\/\/www.rbcinsurance.com\/fr-ca\/assurance-collective\/participant-du-regime\/confiance-medicale\/\"]}]},{\"@type\":\"ImageObject\",\"inLanguage\":\"fr-FR\",\"@id\":\"https:\/\/www.rbcinsurance.com\/fr-ca\/assurance-collective\/participant-du-regime\/confiance-medicale\/#primaryimage\",\"url\":\"https:\/\/www.rbcinsurance.com\/fr-ca\/wp-content\/uploads\/sites\/3\/2025\/03\/Medical-Confidence_Get-Help-Card-copy.webp?quality=80\",\"contentUrl\":\"https:\/\/www.rbcinsurance.com\/fr-ca\/wp-content\/uploads\/sites\/3\/2025\/03\/Medical-Confidence_Get-Help-Card-copy.webp?quality=80\",\"width\":607,\"height\":574},{\"@type\":\"BreadcrumbList\",\"@id\":\"https:\/\/www.rbcinsurance.com\/fr-ca\/assurance-collective\/participant-du-regime\/confiance-medicale\/#breadcrumb\",\"itemListElement\":[{\"@type\":\"ListItem\",\"position\":1,\"name\":\"Accueil\",\"item\":\"https:\/\/www.rbcinsurance.com\/fr-ca\/\"},{\"@type\":\"ListItem\",\"position\":2,\"name\":\"Assurance collective\",\"item\":\"https:\/\/www.rbcinsurance.com\/fr-ca\/assurance-collective\/\"},{\"@type\":\"ListItem\",\"position\":3,\"name\":\"Ressources pour les membres de r\u00e9gime\",\"item\":\"https:\/\/www.rbcinsurance.com\/fr-ca\/assurance-collective\/participant-du-regime\/\"},{\"@type\":\"ListItem\",\"position\":4,\"name\":\"Confiance m\u00e9dicale\"}]},{\"@type\":\"WebSite\",\"@id\":\"https:\/\/www.rbcinsurance.com\/fr-ca\/#website\",\"url\":\"https:\/\/www.rbcinsurance.com\/fr-ca\/\",\"name\":\"RBC Assurances\",\"description\":\"Assurance individuelle\",\"publisher\":{\"@id\":\"https:\/\/www.rbcinsurance.com\/fr-ca\/#organization\"},\"potentialAction\":[{\"@type\":\"SearchAction\",\"target\":{\"@type\":\"EntryPoint\",\"urlTemplate\":\"https:\/\/www.rbcinsurance.com\/fr-ca\/?s={search_term_string}\"},\"query-input\":{\"@type\":\"PropertyValueSpecification\",\"valueRequired\":true,\"valueName\":\"search_term_string\"}}],\"inLanguage\":\"fr-FR\"},{\"@type\":\"Organization\",\"@id\":\"https:\/\/www.rbcinsurance.com\/fr-ca\/#organization\",\"name\":\"RBC Assurances\",\"url\":\"https:\/\/www.rbcinsurance.com\/fr-ca\/\",\"logo\":{\"@type\":\"ImageObject\",\"inLanguage\":\"fr-FR\",\"@id\":\"https:\/\/www.rbcinsurance.com\/fr-ca\/#\/schema\/logo\/image\/\",\"url\":\"https:\/\/www.rbcinsurance.com\/fr-ca\/wp-content\/uploads\/sites\/3\/2021\/06\/rbc-logo-shield.svg?quality=80&w=1024\",\"contentUrl\":\"https:\/\/www.rbcinsurance.com\/fr-ca\/wp-content\/uploads\/sites\/3\/2021\/06\/rbc-logo-shield.svg?quality=80&w=1024\",\"width\":\"1024\",\"height\":\"1024\",\"caption\":\"RBC Assurances\"},\"image\":{\"@id\":\"https:\/\/www.rbcinsurance.com\/fr-ca\/#\/schema\/logo\/image\/\"},\"description\":\"RBC Assurances offre aux Canadiens des assurances personnelles telles que des assurances auto, habitation, vie, sant\u00e9, voyage et cr\u00e9dit, ainsi que des solutions de placement pour la retraite.\",\"telephone\":\"1 800 769-2568\",\"legalName\":\"Services d'assurance RBC Inc.\",\"numberOfEmployees\":{\"@type\":\"QuantitativeValue\",\"minValue\":\"1001\",\"maxValue\":\"5000\"}}]}<\/script>\n<!-- \/ Yoast SEO Premium plugin. -->","yoast_head_json":{"title":"Confiance m\u00e9dicale | RBC Assurances","description":"D\u00e9couvrez les services inestimables offerts par Confiance m\u00e9dicale aux membres d\u2019un r\u00e9gime des Solutions d\u2019assurance collective RBC Assurances.","robots":{"index":"index","follow":"follow","max-snippet":"max-snippet:-1","max-image-preview":"max-image-preview:large","max-video-preview":"max-video-preview:-1"},"canonical":"https:\/\/www.rbcinsurance.com\/fr-ca\/assurance-collective\/participant-du-regime\/confiance-medicale\/","og_locale":"fr_FR","og_type":"article","og_title":"Confiance m\u00e9dicale | RBC Assurances","og_description":"D\u00e9couvrez les services inestimables offerts par Confiance m\u00e9dicale aux membres d\u2019un r\u00e9gime des Solutions d\u2019assurance collective RBC Assurances.","og_url":"https:\/\/www.rbcinsurance.com\/fr-ca\/assurance-collective\/participant-du-regime\/confiance-medicale\/","og_site_name":"RBC Assurances","article_modified_time":"2025-08-27T18:37:37+00:00","og_image":[{"width":847,"height":564,"url":"https:\/\/www.rbcinsurance.com\/fr-ca\/wp-content\/uploads\/sites\/3\/2025\/03\/Group-medical-confidence-hero-mobile.webp?quality=80","type":"image\/webp"}],"twitter_card":"summary_large_image","twitter_misc":{"Est. reading time":"2 minutes"},"schema":{"@context":"https:\/\/schema.org","@graph":[{"@type":"WebPage","@id":"https:\/\/www.rbcinsurance.com\/fr-ca\/assurance-collective\/participant-du-regime\/confiance-medicale\/","url":"https:\/\/www.rbcinsurance.com\/fr-ca\/assurance-collective\/participant-du-regime\/confiance-medicale\/","name":"Confiance m\u00e9dicale | RBC Assurances","isPartOf":{"@id":"https:\/\/www.rbcinsurance.com\/fr-ca\/#website"},"primaryImageOfPage":{"@id":"https:\/\/www.rbcinsurance.com\/fr-ca\/assurance-collective\/participant-du-regime\/confiance-medicale\/#primaryimage"},"image":{"@id":"https:\/\/www.rbcinsurance.com\/fr-ca\/assurance-collective\/participant-du-regime\/confiance-medicale\/#primaryimage"},"thumbnailUrl":"https:\/\/www.rbcinsurance.com\/fr-ca\/wp-content\/uploads\/sites\/3\/2025\/03\/Medical-Confidence_Get-Help-Card-copy.webp?quality=80&amp;w=607","datePublished":"2025-03-25T13:14:51+00:00","dateModified":"2025-08-27T18:37:37+00:00","description":"D\u00e9couvrez les services inestimables offerts par Confiance m\u00e9dicale aux membres d\u2019un r\u00e9gime des Solutions d\u2019assurance collective RBC Assurances.","breadcrumb":{"@id":"https:\/\/www.rbcinsurance.com\/fr-ca\/assurance-collective\/participant-du-regime\/confiance-medicale\/#breadcrumb"},"inLanguage":"fr-FR","potentialAction":[{"@type":"ReadAction","target":["https:\/\/www.rbcinsurance.com\/fr-ca\/assurance-collective\/participant-du-regime\/confiance-medicale\/"]}]},{"@type":"ImageObject","inLanguage":"fr-FR","@id":"https:\/\/www.rbcinsurance.com\/fr-ca\/assurance-collective\/participant-du-regime\/confiance-medicale\/#primaryimage","url":"https:\/\/www.rbcinsurance.com\/fr-ca\/wp-content\/uploads\/sites\/3\/2025\/03\/Medical-Confidence_Get-Help-Card-copy.webp?quality=80","contentUrl":"https:\/\/www.rbcinsurance.com\/fr-ca\/wp-content\/uploads\/sites\/3\/2025\/03\/Medical-Confidence_Get-Help-Card-copy.webp?quality=80","width":607,"height":574},{"@type":"BreadcrumbList","@id":"https:\/\/www.rbcinsurance.com\/fr-ca\/assurance-collective\/participant-du-regime\/confiance-medicale\/#breadcrumb","itemListElement":[{"@type":"ListItem","position":1,"name":"Accueil","item":"https:\/\/www.rbcinsurance.com\/fr-ca\/"},{"@type":"ListItem","position":2,"name":"Assurance collective","item":"https:\/\/www.rbcinsurance.com\/fr-ca\/assurance-collective\/"},{"@type":"ListItem","position":3,"name":"Ressources pour les membres de r\u00e9gime","item":"https:\/\/www.rbcinsurance.com\/fr-ca\/assurance-collective\/participant-du-regime\/"},{"@type":"ListItem","position":4,"name":"Confiance m\u00e9dicale"}]},{"@type":"WebSite","@id":"https:\/\/www.rbcinsurance.com\/fr-ca\/#website","url":"https:\/\/www.rbcinsurance.com\/fr-ca\/","name":"RBC Assurances","description":"Assurance individuelle","publisher":{"@id":"https:\/\/www.rbcinsurance.com\/fr-ca\/#organization"},"potentialAction":[{"@type":"SearchAction","target":{"@type":"EntryPoint","urlTemplate":"https:\/\/www.rbcinsurance.com\/fr-ca\/?s={search_term_string}"},"query-input":{"@type":"PropertyValueSpecification","valueRequired":true,"valueName":"search_term_string"}}],"inLanguage":"fr-FR"},{"@type":"Organization","@id":"https:\/\/www.rbcinsurance.com\/fr-ca\/#organization","name":"RBC Assurances","url":"https:\/\/www.rbcinsurance.com\/fr-ca\/","logo":{"@type":"ImageObject","inLanguage":"fr-FR","@id":"https:\/\/www.rbcinsurance.com\/fr-ca\/#\/schema\/logo\/image\/","url":"https:\/\/www.rbcinsurance.com\/fr-ca\/wp-content\/uploads\/sites\/3\/2021\/06\/rbc-logo-shield.svg?quality=80&w=1024","contentUrl":"https:\/\/www.rbcinsurance.com\/fr-ca\/wp-content\/uploads\/sites\/3\/2021\/06\/rbc-logo-shield.svg?quality=80&w=1024","width":"1024","height":"1024","caption":"RBC Assurances"},"image":{"@id":"https:\/\/www.rbcinsurance.com\/fr-ca\/#\/schema\/logo\/image\/"},"description":"RBC Assurances offre aux Canadiens des assurances personnelles telles que des assurances auto, habitation, vie, sant\u00e9, voyage et cr\u00e9dit, ainsi que des solutions de placement pour la retraite.","telephone":"1 800 769-2568","legalName":"Services d'assurance RBC Inc.","numberOfEmployees":{"@type":"QuantitativeValue","minValue":"1001","maxValue":"5000"}}]}},"jetpack_sharing_enabled":true,"_links":{"self":[{"href":"https:\/\/www.rbcinsurance.com\/fr-ca\/wp-json\/wp\/v2\/pages\/17151","targetHints":{"allow":["GET"]}}],"collection":[{"href":"https:\/\/www.rbcinsurance.com\/fr-ca\/wp-json\/wp\/v2\/pages"}],"about":[{"href":"https:\/\/www.rbcinsurance.com\/fr-ca\/wp-json\/wp\/v2\/types\/page"}],"author":[{"embeddable":true,"href":"https:\/\/www.rbcinsurance.com\/fr-ca\/wp-json\/wp\/v2\/users\/203"}],"replies":[{"embeddable":true,"href":"https:\/\/www.rbcinsurance.com\/fr-ca\/wp-json\/wp\/v2\/comments?post=17151"}],"version-history":[{"count":42,"href":"https:\/\/www.rbcinsurance.com\/fr-ca\/wp-json\/wp\/v2\/pages\/17151\/revisions"}],"predecessor-version":[{"id":21914,"href":"https:\/\/www.rbcinsurance.com\/fr-ca\/wp-json\/wp\/v2\/pages\/17151\/revisions\/21914"}],"up":[{"embeddable":true,"href":"https:\/\/www.rbcinsurance.com\/fr-ca\/wp-json\/wp\/v2\/pages\/11604"}],"wp:attachment":[{"href":"https:\/\/www.rbcinsurance.com\/fr-ca\/wp-json\/wp\/v2\/media?parent=17151"}],"curies":[{"name":"wp","href":"https:\/\/api.w.org\/{rel}","templated":true}]}}