{"id":17155,"date":"2025-03-25T09:16:53","date_gmt":"2025-03-25T13:16:53","guid":{"rendered":"https:\/\/www.rbcinsurance.com\/fr-ca\/?page_id=17155"},"modified":"2025-10-21T13:56:13","modified_gmt":"2025-10-21T17:56:13","slug":"remises","status":"publish","type":"page","link":"https:\/\/www.rbcinsurance.com\/fr-ca\/assurance-collective\/participant-du-regime\/remises\/","title":{"rendered":"Programmes de remises"},"content":{"rendered":"\n<div class=\"wp-block-rbc-callout-card calloutCard calloutCard__HeroImageBackground  hasDarkBg\" style=\"background:url(https:\/\/www.rbcinsurance.com\/fr-ca\/wp-content\/uploads\/sites\/3\/2025\/03\/Group-Deals-insurance-hero-desktop-copy.webp) no-repeat;--bghero-mobi-url:url(https:\/\/www.rbcinsurance.com\/fr-ca\/wp-content\/uploads\/sites\/3\/2025\/03\/Group-Deals-hero-mobile-copy.webp)\">\n<div class=\"wp-block-columns cols-hero-wrapper is-layout-flex wp-container-core-columns-is-layout-28f84493 wp-block-columns-is-layout-flex\">\n<div class=\"wp-block-column col-front is-layout-flow wp-block-column-is-layout-flow\">\n<p class=\"rbc-yoast-breadcrum\"><span class=\"rbc-yoast-breadcrum-span\"><span><a href=\"https:\/\/www.rbcinsurance.com\/fr-ca\/\">Accueil<\/a><\/span><\/span><\/p>\n\n\n\n<h2 class=\"wp-block-heading rbc-callout-heading\" id=\"h-les-membres-d-un-regime-peuvent-beneficier-de-remises\">Les membres d\u2019un r\u00e9gime peuvent b\u00e9n\u00e9ficier de remises<\/h2>\n\n\n\n<p><mark style=\"background-color:rgba(0, 0, 0, 0);color:#FFFFFF\" class=\"has-inline-color\">Les membres du r\u00e9gime b\u00e9n\u00e9ficient de diverses remises et \u00e9conomies sur les achats courants, les voyages, les activit\u00e9s de loisir et les achats li\u00e9s au mode de vie, en plus de celles sur les produits et services de sant\u00e9 et de bien-\u00eatre.<\/mark><\/p>\n\n\n\n<div class=\"wp-block-rbc-postal-code postal-code-form  postal-code\" data-custom-url=\"\"><div class=\"quote-form \"><div class=\"inputCode\"><label>Your postal code<\/label><input class=\"\" type=\"text\" value=\"\" placeholder=\"A1A 1A1\"\/><\/div><div class=\"inputCode\">\n<div class=\"wp-block-buttons is-layout-flex wp-block-buttons-is-layout-flex\"><div>\n<div class=\"wp-block-button btn is-style-accent accent\"><a class=\"wp-block-button__link wp-element-button\" href=\"#\" data-dig-id=\"LP-24282-6765f039\" data-dig-category=\"LP\" data-dig-action=\"button click\" data-dig-label=\"Get a quote-# \">Get a quote<\/a><\/div>\n<\/div><\/div>\n<\/div><\/div><div class=\"error-msg\"><span class=\"error-msg-span\">Please provide a valid postal code in A1A 1A1 format.<\/span><\/div><\/div>\n<\/div>\n<\/div>\n<\/div>\n\n\n\n<div class=\"wp-block-rbc-layout-selector layoutSelector layoutSelector__layout7\">\n<div class=\"wp-block-group is-layout-flow wp-block-group-is-layout-flow\">\n<div class=\"wp-block-group layoutSelector__header is-layout-flow wp-block-group-is-layout-flow\">\n<h1 class=\"wp-block-heading\" id=\"h-programmes-de-remises\">Programmes de remises<\/h1>\n\n\n\n<p><span class=\"partial__border-bottom\">Les membres du r\u00e9gime peuvent profiter de r\u00e9ductions (offres en boutique et cartes-cadeaux) et de remises en argent lorsqu\u2019ils magasinent chez leurs d\u00e9taillants pr\u00e9f\u00e9r\u00e9s au moyen de la plateforme num\u00e9rique du <a href=\"https:\/\/www.rbcinsurance.com\/fr-ca\/assurance-collective\/participant-du-regime\/programme-bien-etre\/\" data-dig-id=\"LP-24282-b03e3d6b\" data-dig-category=\"LP\" data-dig-action=\"link click\" data-dig-label=\"programme Bien-\u00eatre\" class=\"rbc-link-format\">programme Bien-\u00eatre<\/a> RBC Assurances. Outre les remises exclusives, le programme Bien-\u00eatre propose d\u2019excellents outils et renseignements pour l\u2019adoption de saines habitudes de vie. Le programme est gratuit pour tous les membres du r\u00e9gime RBC&nbsp;Assurances qui comprend l\u2019assurance maladie.<\/span><\/p>\n<\/div>\n\n\n\n<div class=\"wp-block-group layoutSelector__cards-container layoutSelector__is-flex layoutSelector__direction-row is-layout-flow wp-block-group-is-layout-flow\">\n<div class=\"wp-block-group layoutSelector__is-flex layoutSelector__direction-col flex-gap-0 flex-1\/3 is-layout-flow wp-block-group-is-layout-flow\">\n<h3 class=\"wp-block-heading\" id=\"h-comment-s-inscrire-au-programme-bien-etre-rbc-assurances\">Comment s\u2019inscrire au programme Bien-\u00eatre RBC Assurances<\/h3>\n\n\n\n<p><\/p>\n<\/div>\n\n\n\n<div class=\"wp-block-group layoutSelector__is-flex layoutSelector__direction-col flex-2\/3 is-layout-flow wp-block-group-is-layout-flow\">\n<div class=\"wp-block-group layoutSelector__is-flex layoutSelector__direction-row is-layout-flow wp-block-group-is-layout-flow\">\n<div class=\"wp-block-rbc-information-card informationCard\" style=\"--icon-url:url(undefined);background-color:#F7F8FA\">\n<div class=\"wp-block-group informationCard__content is-layout-flow wp-block-group-is-layout-flow\">\n<p class=\"get-your-free-quote-call\">Si vous \u00eates membre d\u2019un r\u00e9gime de Solutions d\u2019assurance collective RBC&nbsp;Assurances qui comprend l\u2019assurance maladie, il y a deux fa\u00e7ons de vous inscrire au programme Bien-\u00eatre&nbsp;:<\/p>\n<\/div>\n\n\n\n<ol class=\"wp-block-list  list-core-block second-level-inherit third-level-inherit\">\n<li>Ouvrez une session sur le portail <a href=\"https:\/\/www4.rbcinsurance.com\/ui\/signin\/home?lang=fr\" data-dig-id=\"LP-24282-afecc808\" data-dig-category=\"LP\" data-dig-action=\"link click\" data-dig-label=\"Assurance en ligne\" class=\"rbc-link-format\">Assurance en ligne<\/a>, s\u00e9lectionnez \u00ab&nbsp;Ressources de sant\u00e9 et de bien-\u00eatre&nbsp;\u00bb, puis s\u00e9lectionnez la vignette \u00ab&nbsp;Am\u00e9liorer votre bien-\u00eatre g\u00e9n\u00e9ral&nbsp;\u00bb.<\/li>\n<\/ol>\n\n\n\n<p>OU<\/p>\n\n\n\n<ol start=\"2\" class=\"wp-block-list  list-core-block second-level-inherit third-level-inherit\">\n<li>Lancez&nbsp;<a href=\"https:\/\/www.rbcinsurance.com\/fr-ca\/assurance-collective\/appli-mes-assurances\/\" data-dig-id=\"LP-17155-a4d24f6b\" data-dig-category=\"LP\" data-dig-action=\"link click\" data-dig-label=\"l\u2019appli Mes assurances\" class=\"rbc-link-format\">l\u2019appli Mes assurances<\/a>&nbsp;et s\u00e9lectionnez \u00ab Soutien en mati\u00e8re de sant\u00e9 et de bien-\u00eatre \u00bb dans le menu de l\u2019appli.<\/li>\n<\/ol>\n<\/div>\n<\/div>\n<\/div>\n<\/div>\n<\/div>\n<\/div>\n\n\n\n<div class=\"wp-block-group layoutSelector__cards-container layoutSelector__is-flex layoutSelector__direction-row is-layout-flow wp-block-group-is-layout-flow\">\n<div class=\"wp-block-group layoutSelector__is-flex layoutSelector__direction-col flex-gap-0 flex-1\/3 is-layout-flow wp-block-group-is-layout-flow\">\n<h3 class=\"wp-block-heading\" id=\"h-remises-sur-les-soins-de-la-vue\">Remises sur les soins de la vue<\/h3>\n\n\n\n<p><\/p>\n<\/div>\n\n\n\n<div class=\"wp-block-group layoutSelector__is-flex layoutSelector__direction-col flex-2\/3 is-layout-flow wp-block-group-is-layout-flow\">\n<div class=\"wp-block-group layoutSelector__is-flex layoutSelector__direction-row is-layout-flow wp-block-group-is-layout-flow\">\n<div class=\"wp-block-rbc-information-card informationCard\" style=\"--icon-url:url(undefined);background-color:#F7F8FA\">\n<p>Gr\u00e2ce \u00e0 nos partenariats avec FYidoctors et Lasik&nbsp;MD, les membres du r\u00e9gime et leurs personnes \u00e0 charge admissibles<sup><a href=\"#legal-1\" data-dig-id=\"LP-24282-292d83b2\" data-dig-category=\"LP\" data-dig-action=\"link click\" data-dig-label=\"1\" class=\"rbc-link-format\">1<\/a><\/sup> ont acc\u00e8s \u00e0 des remises sur les soins de la vue, ce qui leur permet de r\u00e9duire les frais qu\u2019ils doivent d\u00e9bourser de leur poche pour des articles de lunetterie de tous les jours.<\/p>\n\n\n\n<p><strong>FYidoctors<\/strong> (<strong>Visique <\/strong>au Qu\u00e9bec) est le plus grand fournisseur de soins de la vue appartenant \u00e0 des m\u00e9decins au Canada. Avec plus de 270\u00a0emplacements, FYidoctors vous permet de trouver un fournisseur de soins de la vue, de prendre rendez-vous pour des examens de la vue, et d\u2019obtenir des r\u00e9ductions sur les lunettes et les verres de contact. Vous et les personnes \u00e0 votre charge \u00eates admissibles \u00e0\u00a0ce qui suit\u00a0:<\/p>\n\n\n\n<ul class=\"wp-block-rbc-list is-style-blue-disc\">\n<li class=\"wp-block-rbc-list-item\">\n<p>20&nbsp;% de r\u00e9duction sur le prix courant de paires de lunettes compl\u00e8tes (montures et verres) et lunettes de soleil*<\/p>\n<\/li>\n\n\n\n<li class=\"wp-block-rbc-list-item\">\n<p>10&nbsp;% de r\u00e9duction sur le prix courant de verres de contact** \u2013 toutes les marques et tous les types de lentilles sont offerts<\/p>\n<\/li>\n\n\n\n<li class=\"wp-block-rbc-list-item\">\n<p>10&nbsp;% de r\u00e9duction sur le forfait Le parfait tout inclus \u2013 ensemble complet de montures et de lentilles \u00e0 partir de 169&nbsp;$<\/p>\n<\/li>\n<\/ul>\n\n\n\n<p><sup>*Montures et lentilles \u00e0 prix courant. Sont exclus les produits Maui Jim, RayBan Meta et Oakley Sun.&nbsp;<\/sup><br><sup>**Bo\u00eetes de lentilles corn\u00e9ennes \u00e0 prix courant. Ne peut pas \u00eatre combin\u00e9e \u00e0 une remise sur approvisionnement d\u2019un an en lentilles corn\u00e9ennes. Ne peut pas \u00eatre combin\u00e9e \u00e0 des \u00e9conomies instantan\u00e9es. Peut \u00eatre appliqu\u00e9e lorsque des remises postales sont offertes.<\/sup><\/p>\n\n\n\n<p><strong>LASIK MD<\/strong> est le partenaire de RBC Assurances qui offre des remises pour la chirurgie oculaire au laser. Vous et les personnes \u00e0 votre charge (de plus de 18&nbsp;ans) \u00eates admissibles \u00e0&nbsp;ce qui suit&nbsp;:<\/p>\n\n\n\n<ul class=\"wp-block-list list-core-block second-level-inherit third-level-inherit is-style-blue-disc\">\n<li>Remise de 115 $<sup><a href=\"#legal-2\" data-dig-id=\"LP-17155-78e60deb\" data-dig-label=\"2\" data-dig-action=\"link click\" data-dig-category=\"LP\" class=\"rbc-link-format\">2<\/a><\/sup>&nbsp;par \u0153il sur une proc\u00e9dure LASIK personnalis\u00e9e ou jusqu\u2019\u00e0 20 % de r\u00e9duction<sup><a href=\"#legal-3\" data-dig-id=\"LP-17155-11a9c2b8\" data-dig-label=\"3\" data-dig-action=\"link click\" data-dig-category=\"LP\" class=\"rbc-link-format\">3<\/a><\/sup>&nbsp;sur une proc\u00e9dure PresbyVision<sup><a href=\"https:\/\/www.rbcinsurance.com\/en-ca\/group-benefits\/plan-member\/discounts\/#legal-3\" data-dig-id=\"LP-24282-8ccf360b\" data-dig-category=\"LP\" data-dig-action=\"link click\" data-dig-label=\"MC\" class=\"rbc-link-format\">MC<\/a><\/sup><\/li>\n\n\n\n<li>Soumission gratuite sans obligation<\/li>\n<\/ul>\n<\/div>\n<\/div>\n<\/div>\n<\/div>\n\n\n\n<section class=\"wp-block-rbc-rbc-legal-collapsible disclaimer\" aria-label=\"Legal Disclaimers\"><div class=\"section-inner\"><p><button class=\"collapse-toggle collapsed\" data-target=\"#collapseDisclaimer\" data-toggle=\"collapse\" aria-expanded=\"false\" aria-controls=\"collapseDisclaimer\" data-dig-id=\"LP-24282-6deef6ca\" data-dig-category=\"LP\" data-dig-action=\"legal close\" data-dig-label=\"legal close\" action-closed=\"legal close\" action-opened=\"legal open\" label-close=\"legal open\" label-open=\"legal close\"><span>Afficher les avis de non-responsabilit\u00e9<\/span><span>Cacher les avis de non-responsabilit\u00e9<\/span><\/button><\/p><div class=\"collapse-content collapse\" id=\"collapseDisclaimer\"><div class=\"collapse-inner\"><div class=\"table-wpr\">\n<div class=\"wp-block-rbc-rbc-disclaimer-block\"><div class=\"table-row\" id=\"legal-1\"><div class=\"table-cell\"><span class=\"offscreen\">Legal Disclaimer<\/span><sup>1<\/sup><\/div><div class=\"table-cell\">\n<p>Personnes \u00e0 charge \u00e2g\u00e9es de plus de 18 ans.<\/p>\n<\/div><\/div><\/div>\n\n\n\n<div class=\"wp-block-rbc-rbc-disclaimer-block\"><div class=\"table-row\" id=\"legal-2\"><div class=\"table-cell\"><span class=\"offscreen\">Legal Disclaimer<\/span><sup>2<\/sup><\/div><div class=\"table-cell\">\n<p>S\u2019applique uniquement \u00e0 la proc\u00e9dure LASIK personnalis\u00e9 et \u00e0 la proc\u00e9dure LASIK 100 % laser personnalis\u00e9 pour les deux yeux. Ne peut \u00eatre combin\u00e9e \u00e0 aucune autre remise ou offre sp\u00e9ciale ni \u00e0 aucun plan de financement avec paiement diff\u00e9r\u00e9 sans int\u00e9r\u00eat. Ne s\u2019applique pas \u00e0 une chirurgie d\u00e9j\u00e0 r\u00e9alis\u00e9e. L\u2019offre peut \u00eatre modifi\u00e9e sans pr\u00e9avis. Une preuve d\u2019adh\u00e9sion au r\u00e9gime ou une preuve d\u2019emploi est requise.<\/p>\n<\/div><\/div><\/div>\n\n\n\n<div class=\"wp-block-rbc-rbc-disclaimer-block\"><div class=\"table-row\" id=\"legal-3\"><div class=\"table-cell\"><span class=\"offscreen\">Legal Disclaimer<\/span><sup>3<\/sup><\/div><div class=\"table-cell\">\n<p>Ne s\u2019applique qu\u2019aux proc\u00e9dures PresbyVision<sup>MC<\/sup>&nbsp;pour les deux yeux. Maximum de remise de 500 $ par \u0153il. Ne peut \u00eatre combin\u00e9e \u00e0 aucune autre remise ni aucun autre plan d\u2019entreprise. Ne s\u2019applique pas \u00e0 une chirurgie d\u00e9j\u00e0 r\u00e9alis\u00e9e. L\u2019offre peut \u00eatre modifi\u00e9e sans pr\u00e9avis. Une preuve d\u2019adh\u00e9sion au r\u00e9gime ou une preuve d\u2019emploi est requise. La remise est offerte dans les cliniques LASIK MD applicables, sauf dans les cliniques situ\u00e9es dans les provinces de l\u2019Alberta et de la Colombie-Britannique.<\/p>\n<\/div><\/div><\/div>\n<\/div><\/div><\/div><\/div><\/section>\n","protected":false},"excerpt":{"rendered":"<p>Remises sur les soins de la vue<\/p>\n","protected":false},"author":203,"featured_media":0,"parent":11604,"menu_order":0,"comment_status":"closed","ping_status":"closed","template":"templates\/new-rbci-design.php","meta":{"_acf_changed":false,"footnotes":""},"class_list":["post-17155","page","type-page","status-publish","hentry"],"pp_force_visibility":null,"pp_subpost_visibility":null,"pp_inherited_force_visibility":null,"pp_inherited_subpost_visibility":null,"acf":[],"yoast_head":"<!-- This site is optimized with the Yoast SEO Premium plugin v27.1 (Yoast SEO v27.1.1) - https:\/\/yoast.com\/product\/yoast-seo-premium-wordpress\/ -->\n<title>Programmes de remises | RBC Assurances<\/title>\n<meta name=\"description\" content=\"Les membres d\u2019un r\u00e9gime des Solutions d\u2019assurance collective RBC Assurances peuvent b\u00e9n\u00e9ficier de remises sur des voyages, des activit\u00e9s de loisirs, ainsi que des produits et services de sant\u00e9 et de bien-\u00eatre.\" \/>\n<meta name=\"robots\" content=\"index, follow, max-snippet:-1, max-image-preview:large, max-video-preview:-1\" \/>\n<link rel=\"canonical\" href=\"https:\/\/www.rbcinsurance.com\/fr-ca\/assurance-collective\/participant-du-regime\/remises\/\" \/>\n<meta property=\"og:locale\" content=\"fr_FR\" \/>\n<meta property=\"og:type\" content=\"article\" \/>\n<meta property=\"og:title\" content=\"Programmes de remises | RBC Assurances\" \/>\n<meta property=\"og:description\" content=\"Les membres d\u2019un r\u00e9gime des Solutions d\u2019assurance collective RBC Assurances peuvent b\u00e9n\u00e9ficier de remises sur des voyages, des activit\u00e9s de loisirs, ainsi que des produits et services de sant\u00e9 et de bien-\u00eatre.\" \/>\n<meta property=\"og:url\" content=\"https:\/\/www.rbcinsurance.com\/fr-ca\/assurance-collective\/participant-du-regime\/remises\/\" \/>\n<meta property=\"og:site_name\" content=\"RBC Assurances\" \/>\n<meta property=\"article:modified_time\" content=\"2025-10-21T17:56:13+00:00\" \/>\n<meta property=\"og:image\" content=\"https:\/\/www.rbcinsurance.com\/fr-ca\/wp-content\/uploads\/sites\/3\/2024\/12\/personal-insurance-mobile.webp?quality=80\" \/>\n\t<meta property=\"og:image:width\" content=\"450\" \/>\n\t<meta property=\"og:image:height\" content=\"250\" \/>\n\t<meta property=\"og:image:type\" content=\"image\/webp\" \/>\n<meta name=\"twitter:card\" content=\"summary_large_image\" \/>\n<meta name=\"twitter:label1\" content=\"Est. reading time\" \/>\n\t<meta name=\"twitter:data1\" content=\"4 minutes\" \/>\n<script type=\"application\/ld+json\" class=\"yoast-schema-graph\">{\"@context\":\"https:\/\/schema.org\",\"@graph\":[{\"@type\":\"WebPage\",\"@id\":\"https:\/\/www.rbcinsurance.com\/fr-ca\/assurance-collective\/participant-du-regime\/remises\/\",\"url\":\"https:\/\/www.rbcinsurance.com\/fr-ca\/assurance-collective\/participant-du-regime\/remises\/\",\"name\":\"Programmes de remises | RBC Assurances\",\"isPartOf\":{\"@id\":\"https:\/\/www.rbcinsurance.com\/fr-ca\/#website\"},\"datePublished\":\"2025-03-25T13:16:53+00:00\",\"dateModified\":\"2025-10-21T17:56:13+00:00\",\"description\":\"Les membres d\u2019un r\u00e9gime des Solutions d\u2019assurance collective RBC Assurances peuvent b\u00e9n\u00e9ficier de remises sur des voyages, des activit\u00e9s de loisirs, ainsi que des produits et services de sant\u00e9 et de bien-\u00eatre.\",\"breadcrumb\":{\"@id\":\"https:\/\/www.rbcinsurance.com\/fr-ca\/assurance-collective\/participant-du-regime\/remises\/#breadcrumb\"},\"inLanguage\":\"fr-FR\",\"potentialAction\":[{\"@type\":\"ReadAction\",\"target\":[\"https:\/\/www.rbcinsurance.com\/fr-ca\/assurance-collective\/participant-du-regime\/remises\/\"]}]},{\"@type\":\"BreadcrumbList\",\"@id\":\"https:\/\/www.rbcinsurance.com\/fr-ca\/assurance-collective\/participant-du-regime\/remises\/#breadcrumb\",\"itemListElement\":[{\"@type\":\"ListItem\",\"position\":1,\"name\":\"Accueil\",\"item\":\"https:\/\/www.rbcinsurance.com\/fr-ca\/\"},{\"@type\":\"ListItem\",\"position\":2,\"name\":\"Assurance collective\",\"item\":\"https:\/\/www.rbcinsurance.com\/fr-ca\/assurance-collective\/\"},{\"@type\":\"ListItem\",\"position\":3,\"name\":\"Ressources pour les membres de r\u00e9gime\",\"item\":\"https:\/\/www.rbcinsurance.com\/fr-ca\/assurance-collective\/participant-du-regime\/\"},{\"@type\":\"ListItem\",\"position\":4,\"name\":\"Programmes de remises\"}]},{\"@type\":\"WebSite\",\"@id\":\"https:\/\/www.rbcinsurance.com\/fr-ca\/#website\",\"url\":\"https:\/\/www.rbcinsurance.com\/fr-ca\/\",\"name\":\"RBC Assurances\",\"description\":\"Assurance individuelle\",\"publisher\":{\"@id\":\"https:\/\/www.rbcinsurance.com\/fr-ca\/#organization\"},\"potentialAction\":[{\"@type\":\"SearchAction\",\"target\":{\"@type\":\"EntryPoint\",\"urlTemplate\":\"https:\/\/www.rbcinsurance.com\/fr-ca\/?s={search_term_string}\"},\"query-input\":{\"@type\":\"PropertyValueSpecification\",\"valueRequired\":true,\"valueName\":\"search_term_string\"}}],\"inLanguage\":\"fr-FR\"},{\"@type\":\"Organization\",\"@id\":\"https:\/\/www.rbcinsurance.com\/fr-ca\/#organization\",\"name\":\"RBC Assurances\",\"url\":\"https:\/\/www.rbcinsurance.com\/fr-ca\/\",\"logo\":{\"@type\":\"ImageObject\",\"inLanguage\":\"fr-FR\",\"@id\":\"https:\/\/www.rbcinsurance.com\/fr-ca\/#\/schema\/logo\/image\/\",\"url\":\"https:\/\/www.rbcinsurance.com\/fr-ca\/wp-content\/uploads\/sites\/3\/2021\/06\/rbc-logo-shield.svg?quality=80&w=1024\",\"contentUrl\":\"https:\/\/www.rbcinsurance.com\/fr-ca\/wp-content\/uploads\/sites\/3\/2021\/06\/rbc-logo-shield.svg?quality=80&w=1024\",\"width\":\"1024\",\"height\":\"1024\",\"caption\":\"RBC Assurances\"},\"image\":{\"@id\":\"https:\/\/www.rbcinsurance.com\/fr-ca\/#\/schema\/logo\/image\/\"},\"description\":\"RBC Assurances offre aux Canadiens des assurances personnelles telles que des assurances auto, habitation, vie, sant\u00e9, voyage et cr\u00e9dit, ainsi que des solutions de placement pour la retraite.\",\"telephone\":\"1 800 769-2568\",\"legalName\":\"Services d'assurance RBC Inc.\",\"numberOfEmployees\":{\"@type\":\"QuantitativeValue\",\"minValue\":\"1001\",\"maxValue\":\"5000\"}}]}<\/script>\n<!-- \/ Yoast SEO Premium plugin. -->","yoast_head_json":{"title":"Programmes de remises | RBC Assurances","description":"Les membres d\u2019un r\u00e9gime des Solutions d\u2019assurance collective RBC Assurances peuvent b\u00e9n\u00e9ficier de remises sur des voyages, des activit\u00e9s de loisirs, ainsi que des produits et services de sant\u00e9 et de bien-\u00eatre.","robots":{"index":"index","follow":"follow","max-snippet":"max-snippet:-1","max-image-preview":"max-image-preview:large","max-video-preview":"max-video-preview:-1"},"canonical":"https:\/\/www.rbcinsurance.com\/fr-ca\/assurance-collective\/participant-du-regime\/remises\/","og_locale":"fr_FR","og_type":"article","og_title":"Programmes de remises | RBC Assurances","og_description":"Les membres d\u2019un r\u00e9gime des Solutions d\u2019assurance collective RBC Assurances peuvent b\u00e9n\u00e9ficier de remises sur des voyages, des activit\u00e9s de loisirs, ainsi que des produits et services de sant\u00e9 et de bien-\u00eatre.","og_url":"https:\/\/www.rbcinsurance.com\/fr-ca\/assurance-collective\/participant-du-regime\/remises\/","og_site_name":"RBC Assurances","article_modified_time":"2025-10-21T17:56:13+00:00","og_image":[{"width":450,"height":250,"url":"https:\/\/www.rbcinsurance.com\/fr-ca\/wp-content\/uploads\/sites\/3\/2024\/12\/personal-insurance-mobile.webp?quality=80","type":"image\/webp"}],"twitter_card":"summary_large_image","twitter_misc":{"Est. reading time":"4 minutes"},"schema":{"@context":"https:\/\/schema.org","@graph":[{"@type":"WebPage","@id":"https:\/\/www.rbcinsurance.com\/fr-ca\/assurance-collective\/participant-du-regime\/remises\/","url":"https:\/\/www.rbcinsurance.com\/fr-ca\/assurance-collective\/participant-du-regime\/remises\/","name":"Programmes de remises | RBC Assurances","isPartOf":{"@id":"https:\/\/www.rbcinsurance.com\/fr-ca\/#website"},"datePublished":"2025-03-25T13:16:53+00:00","dateModified":"2025-10-21T17:56:13+00:00","description":"Les membres d\u2019un r\u00e9gime des Solutions d\u2019assurance collective RBC Assurances peuvent b\u00e9n\u00e9ficier de remises sur des voyages, des activit\u00e9s de loisirs, ainsi que des produits et services de sant\u00e9 et de bien-\u00eatre.","breadcrumb":{"@id":"https:\/\/www.rbcinsurance.com\/fr-ca\/assurance-collective\/participant-du-regime\/remises\/#breadcrumb"},"inLanguage":"fr-FR","potentialAction":[{"@type":"ReadAction","target":["https:\/\/www.rbcinsurance.com\/fr-ca\/assurance-collective\/participant-du-regime\/remises\/"]}]},{"@type":"BreadcrumbList","@id":"https:\/\/www.rbcinsurance.com\/fr-ca\/assurance-collective\/participant-du-regime\/remises\/#breadcrumb","itemListElement":[{"@type":"ListItem","position":1,"name":"Accueil","item":"https:\/\/www.rbcinsurance.com\/fr-ca\/"},{"@type":"ListItem","position":2,"name":"Assurance collective","item":"https:\/\/www.rbcinsurance.com\/fr-ca\/assurance-collective\/"},{"@type":"ListItem","position":3,"name":"Ressources pour les membres de r\u00e9gime","item":"https:\/\/www.rbcinsurance.com\/fr-ca\/assurance-collective\/participant-du-regime\/"},{"@type":"ListItem","position":4,"name":"Programmes de remises"}]},{"@type":"WebSite","@id":"https:\/\/www.rbcinsurance.com\/fr-ca\/#website","url":"https:\/\/www.rbcinsurance.com\/fr-ca\/","name":"RBC Assurances","description":"Assurance individuelle","publisher":{"@id":"https:\/\/www.rbcinsurance.com\/fr-ca\/#organization"},"potentialAction":[{"@type":"SearchAction","target":{"@type":"EntryPoint","urlTemplate":"https:\/\/www.rbcinsurance.com\/fr-ca\/?s={search_term_string}"},"query-input":{"@type":"PropertyValueSpecification","valueRequired":true,"valueName":"search_term_string"}}],"inLanguage":"fr-FR"},{"@type":"Organization","@id":"https:\/\/www.rbcinsurance.com\/fr-ca\/#organization","name":"RBC Assurances","url":"https:\/\/www.rbcinsurance.com\/fr-ca\/","logo":{"@type":"ImageObject","inLanguage":"fr-FR","@id":"https:\/\/www.rbcinsurance.com\/fr-ca\/#\/schema\/logo\/image\/","url":"https:\/\/www.rbcinsurance.com\/fr-ca\/wp-content\/uploads\/sites\/3\/2021\/06\/rbc-logo-shield.svg?quality=80&w=1024","contentUrl":"https:\/\/www.rbcinsurance.com\/fr-ca\/wp-content\/uploads\/sites\/3\/2021\/06\/rbc-logo-shield.svg?quality=80&w=1024","width":"1024","height":"1024","caption":"RBC Assurances"},"image":{"@id":"https:\/\/www.rbcinsurance.com\/fr-ca\/#\/schema\/logo\/image\/"},"description":"RBC Assurances offre aux Canadiens des assurances personnelles telles que des assurances auto, habitation, vie, sant\u00e9, voyage et cr\u00e9dit, ainsi que des solutions de placement pour la retraite.","telephone":"1 800 769-2568","legalName":"Services d'assurance RBC Inc.","numberOfEmployees":{"@type":"QuantitativeValue","minValue":"1001","maxValue":"5000"}}]}},"jetpack_sharing_enabled":true,"_links":{"self":[{"href":"https:\/\/www.rbcinsurance.com\/fr-ca\/wp-json\/wp\/v2\/pages\/17155","targetHints":{"allow":["GET"]}}],"collection":[{"href":"https:\/\/www.rbcinsurance.com\/fr-ca\/wp-json\/wp\/v2\/pages"}],"about":[{"href":"https:\/\/www.rbcinsurance.com\/fr-ca\/wp-json\/wp\/v2\/types\/page"}],"author":[{"embeddable":true,"href":"https:\/\/www.rbcinsurance.com\/fr-ca\/wp-json\/wp\/v2\/users\/203"}],"replies":[{"embeddable":true,"href":"https:\/\/www.rbcinsurance.com\/fr-ca\/wp-json\/wp\/v2\/comments?post=17155"}],"version-history":[{"count":19,"href":"https:\/\/www.rbcinsurance.com\/fr-ca\/wp-json\/wp\/v2\/pages\/17155\/revisions"}],"predecessor-version":[{"id":24282,"href":"https:\/\/www.rbcinsurance.com\/fr-ca\/wp-json\/wp\/v2\/pages\/17155\/revisions\/24282"}],"up":[{"embeddable":true,"href":"https:\/\/www.rbcinsurance.com\/fr-ca\/wp-json\/wp\/v2\/pages\/11604"}],"wp:attachment":[{"href":"https:\/\/www.rbcinsurance.com\/fr-ca\/wp-json\/wp\/v2\/media?parent=17155"}],"curies":[{"name":"wp","href":"https:\/\/api.w.org\/{rel}","templated":true}]}}