{"id":18552,"date":"2025-05-06T09:25:52","date_gmt":"2025-05-06T13:25:52","guid":{"rendered":"https:\/\/www.rbcinsurance.com\/fr-ca\/?page_id=18552"},"modified":"2025-08-26T12:30:40","modified_gmt":"2025-08-26T16:30:40","slug":"reseau-de-pharmacies-privilegiees","status":"publish","type":"page","link":"https:\/\/www.rbcinsurance.com\/fr-ca\/assurance-collective\/reseau-de-pharmacies-privilegiees\/","title":{"rendered":"Le R\u00e9seau de pharmacies privil\u00e9gi\u00e9es (RPP) \u00e0 RBC Assurances"},"content":{"rendered":"\n<p><\/p>\n\n\n<div class=\"yoast-breadcrumbs\"><span class=\"rbc-yoast-breadcrum-span\"><span><a href=\"https:\/\/www.rbcinsurance.com\/fr-ca\/\">Accueil<\/a><\/span> &gt; <span><a href=\"https:\/\/www.rbcinsurance.com\/fr-ca\/assurance-collective\/\">Assurance collective<\/a><\/span> &gt; <span class=\"breadcrumb_last\" aria-current=\"page\">Le R\u00e9seau de pharmacies privil\u00e9gi\u00e9es (RPP) \u00e0 RBC Assurances<\/span><\/span><\/div>\n\n\n<p><\/p>\n\n\n\n<h1 class=\"wp-block-heading\" id=\"h-le-reseau-de-pharmacies-privilegiees-rpp-a-rbc-assurances\">Le R\u00e9seau de pharmacies privil\u00e9gi\u00e9es (RPP) \u00e0 RBC Assurances<\/h1>\n\n\n\n<p><span class=\"partial__border-bottom\">Pour certains m\u00e9dicaments exigeant une autorisation pr\u00e9alable, nous appliquons notre programme R\u00e9seau de pharmacies privil\u00e9gi\u00e9es (RPP) aux m\u00e9dicaments de sp\u00e9cialit\u00e9.<sup><a href=\"#legal-1\" data-dig-id=\"LP-18552-ab2c6ab7\" data-dig-label=\"1\" data-dig-action=\"link click\" data-dig-category=\"LP\" class=\"rbc-link-format\">1<\/a><\/sup>\u00a0Lorsque vous recevez une autorisation pour un m\u00e9dicament de sp\u00e9cialit\u00e9, votre coordonnateur, Soins, R\u00e9seau de pharmacies privil\u00e9gi\u00e9es, communique avec vous pour vous fournir vos options de pharmacies privil\u00e9gi\u00e9es en fonction de l\u2019endroit o\u00f9 les soins sont donn\u00e9s, et tout autre service de soutien requis.<\/span><\/p>\n\n\n\n<div class=\"wp-block-group is-layout-flow wp-block-group-is-layout-flow\">\n<div class=\"wp-block-group layoutSelector__cards-container layoutSelector__is-flex layoutSelector__direction-row is-layout-flow wp-block-group-is-layout-flow\">\n<div class=\"wp-block-group layoutSelector__is-flex layoutSelector__direction-col flex-gap-0 flex-1\/3 is-layout-flow wp-block-group-is-layout-flow\">\n<h3 class=\"wp-block-heading\" id=\"h-quelles-sont-les-pharmacies-privilegiees-qui-font-partie-du-programme\">Quelles sont les pharmacies privil\u00e9gi\u00e9es qui font partie du programme ?<\/h3>\n\n\n\n<p><\/p>\n<\/div>\n\n\n\n<div class=\"wp-block-group layoutSelector__is-flex layoutSelector__direction-col flex-2\/3 is-layout-flow wp-block-group-is-layout-flow\">\n<div class=\"wp-block-group layoutSelector__is-flex layoutSelector__direction-row is-layout-flow wp-block-group-is-layout-flow\">\n<div class=\"wp-block-rbc-information-card informationCard\" style=\"--icon-url:url(undefined);background-color:#F7F8FA\">\n<div class=\"wp-block-group informationCard__content is-layout-flow wp-block-group-is-layout-flow\">\n<p>Le m\u00e9dicament de sp\u00e9cialit\u00e9 doit \u00eatre achet\u00e9 dans une pharmacie faisant partie de notre r\u00e9seau de pharmacies pour qu\u2019il soit admissible \u00e0 un remboursement au titre du r\u00e9gime d\u2019assurance de RBC Assurances. Il y a de fortes chances que vous alliez d\u00e9j\u00e0 \u00e0 une pharmacie de notre r\u00e9seau. Si ce n\u2019est pas le cas, un coordonnateur, Soins, R\u00e9seau de pharmacies privil\u00e9gi\u00e9es, vous aidera \u00e0 trouver une pharmacie qui vous convient.<\/p>\n\n\n\n<p><\/p>\n<\/div>\n\n\n\n<p class=\"mar-t-hlf mob-mar-t-hlf\">Les pharmacies faisant partie du r\u00e9seau comprennent :<\/p>\n\n\n\n<ul class=\"wp-block-list list-core-block second-level-inherit third-level-inherit is-style-blue-disc\">\n<li>Shoppers Drug Mart\/Pharmaprix et Shoppers Specialty Health Network<\/li>\n\n\n\n<li>Loblaws (les cha\u00eenes qui comprennent des pharmacies dont Loblaws est propri\u00e9taire, y compris Zehrs, No Frills, Real Canadian Superstore)<\/li>\n\n\n\n<li>Safeway<\/li>\n\n\n\n<li>Lawtons Drugs<\/li>\n\n\n\n<li>Sobeys<\/li>\n\n\n\n<li>Certaines pharmacies dans des h\u00f4pitaux<\/li>\n\n\n\n<li>Certaines pharmacies ind\u00e9pendantes dans les r\u00e9gions rurales et \u00e9loign\u00e9es<\/li>\n\n\n\n<li>Les pharmacies en consultation externe dans certains centres de canc\u00e9rologie r\u00e9gionaux<\/li>\n<\/ul>\n<\/div>\n<\/div>\n<\/div>\n<\/div>\n<\/div>\n\n\n\n<div class=\"wp-block-group layoutSelector__cards-container layoutSelector__is-flex layoutSelector__direction-row is-layout-flow wp-block-group-is-layout-flow\">\n<div class=\"wp-block-group layoutSelector__is-flex layoutSelector__direction-col flex-gap-0 flex-1\/3 is-layout-flow wp-block-group-is-layout-flow\">\n<h3 class=\"wp-block-heading\" id=\"h-qu-est-ce-que-cela-signifie-pour-vous-ou-pour-votre-personne-a-charge\">Qu\u2019est-ce que cela signifie pour vous ou pour votre personne \u00e0 charge ?<\/h3>\n\n\n\n<p><\/p>\n<\/div>\n\n\n\n<div class=\"wp-block-group layoutSelector__is-flex layoutSelector__direction-col flex-2\/3 is-layout-flow wp-block-group-is-layout-flow\">\n<div class=\"wp-block-group layoutSelector__is-flex layoutSelector__direction-row is-layout-flow wp-block-group-is-layout-flow\">\n<div class=\"wp-block-rbc-information-card informationCard\" style=\"--icon-url:url(undefined);background-color:#F7F8FA\">\n<div class=\"wp-block-group informationCard__content is-layout-flow wp-block-group-is-layout-flow\">\n<p>Cela signifie des \u00e9conomies potentielles sur les frais que vous d\u00e9boursez pour les m\u00e9dicaments de sp\u00e9cialit\u00e9. La livraison gratuite de m\u00e9dicaments, au besoin, directement au centre de traitement ou \u00e0 toute autre adresse. La d\u00e9livrance de m\u00e9dicaments en m\u00eame temps que les rendez-vous pour les traitements et les services de soutien \u00e0 l\u2019observance th\u00e9rapeutique afin de s\u2019assurer que les m\u00e9dicaments sont pris conform\u00e9ment \u00e0 l\u2019ordonnance.<\/p>\n<\/div>\n<\/div>\n<\/div>\n<\/div>\n<\/div>\n\n\n\n<section class=\"wp-block-rbc-rbc-legal-collapsible disclaimer\" aria-label=\"Legal Disclaimers\"><div class=\"section-inner\"><p><button class=\"collapse-toggle collapsed\" data-target=\"#collapseDisclaimer\" data-toggle=\"collapse\" aria-expanded=\"false\" aria-controls=\"collapseDisclaimer\" data-dig-id=\"LP-18552-4533625f\" data-dig-category=\"LP\" data-dig-action=\"legal close\" data-dig-label=\"legal close\" action-closed=\"legal close\" action-opened=\"legal open\" label-close=\"legal open\" label-open=\"legal close\"><span>Afficher les avis de non-responsabilit\u00e9<\/span><span>Cacher les avis de non-responsabilit\u00e9<\/span><\/button><\/p><div class=\"collapse-content collapse\" id=\"collapseDisclaimer\"><div class=\"collapse-inner\"><div class=\"table-wpr\">\n<div class=\"wp-block-rbc-rbc-disclaimer-block\"><div class=\"table-row\" id=\"legal-1\"><div class=\"table-cell\"><span class=\"offscreen\">Legal Disclaimer<\/span><sup>1<\/sup><\/div><div class=\"table-cell\">\n<p>N\u2019est pas offert au Qu\u00e9bec. Les r\u00e9gimes d\u2019assurance m\u00e9dicaments plafonn\u00e9s \u00e0 10 000 $ ou moins ne sont pas admissibles au programme RPP.<\/p>\n<\/div><\/div><\/div>\n<\/div><\/div><\/div><\/div><\/section>\n\n\n\n<p><\/p>\n","protected":false},"excerpt":{"rendered":"<p>Le R\u00e9seau de pharmacies privil\u00e9gi\u00e9es (RPP) \u00e0 RBC Assurances Pour certains m\u00e9dicaments exigeant une autorisation pr\u00e9alable, nous appliquons notre programme R\u00e9seau de pharmacies privil\u00e9gi\u00e9es (RPP) aux m\u00e9dicaments de sp\u00e9cialit\u00e9.1\u00a0Lorsque vous recevez une autorisation pour un m\u00e9dicament de sp\u00e9cialit\u00e9, votre coordonnateur, Soins, R\u00e9seau de pharmacies privil\u00e9gi\u00e9es, communique avec vous pour vous fournir vos options de pharmacies [&hellip;]<\/p>\n","protected":false},"author":203,"featured_media":0,"parent":11588,"menu_order":0,"comment_status":"closed","ping_status":"closed","template":"templates\/new-rbci-design.php","meta":{"_acf_changed":false,"footnotes":""},"class_list":["post-18552","page","type-page","status-publish","hentry"],"pp_force_visibility":null,"pp_subpost_visibility":null,"pp_inherited_force_visibility":null,"pp_inherited_subpost_visibility":null,"acf":[],"yoast_head":"<!-- This site is optimized with the Yoast SEO Premium plugin v27.1 (Yoast SEO v27.1.1) - https:\/\/yoast.com\/product\/yoast-seo-premium-wordpress\/ -->\n<title>Le R\u00e9seau de pharmacies privil\u00e9gi\u00e9es (RPP) \u00e0 RBC Assurances | RBC Assurances<\/title>\n<meta name=\"description\" content=\"D\u00e9couvrez le R\u00e9seau de Pharmacies Pr\u00e9f\u00e9r\u00e9es (RPP) de RBC Assurance et ses avantages.\" \/>\n<meta name=\"robots\" content=\"index, follow, max-snippet:-1, max-image-preview:large, max-video-preview:-1\" \/>\n<link rel=\"canonical\" href=\"https:\/\/www.rbcinsurance.com\/fr-ca\/assurance-collective\/reseau-de-pharmacies-privilegiees\/\" \/>\n<meta property=\"og:locale\" content=\"fr_FR\" \/>\n<meta property=\"og:type\" content=\"article\" \/>\n<meta property=\"og:title\" content=\"Le R\u00e9seau de pharmacies privil\u00e9gi\u00e9es (RPP) \u00e0 RBC Assurances | RBC Assurances\" \/>\n<meta property=\"og:description\" content=\"D\u00e9couvrez le R\u00e9seau de Pharmacies Pr\u00e9f\u00e9r\u00e9es (RPP) de RBC Assurance et ses avantages.\" \/>\n<meta property=\"og:url\" content=\"https:\/\/www.rbcinsurance.com\/fr-ca\/assurance-collective\/reseau-de-pharmacies-privilegiees\/\" \/>\n<meta property=\"og:site_name\" content=\"RBC Assurances\" \/>\n<meta property=\"article:modified_time\" content=\"2025-08-26T16:30:40+00:00\" \/>\n<meta property=\"og:image\" content=\"https:\/\/www.rbcinsurance.com\/fr-ca\/wp-content\/uploads\/sites\/3\/2024\/12\/personal-insurance-mobile.webp?quality=80\" \/>\n\t<meta property=\"og:image:width\" content=\"450\" \/>\n\t<meta property=\"og:image:height\" content=\"250\" \/>\n\t<meta property=\"og:image:type\" content=\"image\/webp\" \/>\n<meta name=\"twitter:card\" content=\"summary_large_image\" \/>\n<meta name=\"twitter:label1\" content=\"Est. reading time\" \/>\n\t<meta name=\"twitter:data1\" content=\"2 minutes\" \/>\n<script type=\"application\/ld+json\" class=\"yoast-schema-graph\">{\"@context\":\"https:\/\/schema.org\",\"@graph\":[{\"@type\":\"WebPage\",\"@id\":\"https:\/\/www.rbcinsurance.com\/fr-ca\/assurance-collective\/reseau-de-pharmacies-privilegiees\/\",\"url\":\"https:\/\/www.rbcinsurance.com\/fr-ca\/assurance-collective\/reseau-de-pharmacies-privilegiees\/\",\"name\":\"Le R\u00e9seau de pharmacies privil\u00e9gi\u00e9es (RPP) \u00e0 RBC Assurances | RBC Assurances\",\"isPartOf\":{\"@id\":\"https:\/\/www.rbcinsurance.com\/fr-ca\/#website\"},\"datePublished\":\"2025-05-06T13:25:52+00:00\",\"dateModified\":\"2025-08-26T16:30:40+00:00\",\"description\":\"D\u00e9couvrez le R\u00e9seau de Pharmacies Pr\u00e9f\u00e9r\u00e9es (RPP) de RBC Assurance et ses avantages.\",\"breadcrumb\":{\"@id\":\"https:\/\/www.rbcinsurance.com\/fr-ca\/assurance-collective\/reseau-de-pharmacies-privilegiees\/#breadcrumb\"},\"inLanguage\":\"fr-FR\",\"potentialAction\":[{\"@type\":\"ReadAction\",\"target\":[\"https:\/\/www.rbcinsurance.com\/fr-ca\/assurance-collective\/reseau-de-pharmacies-privilegiees\/\"]}]},{\"@type\":\"BreadcrumbList\",\"@id\":\"https:\/\/www.rbcinsurance.com\/fr-ca\/assurance-collective\/reseau-de-pharmacies-privilegiees\/#breadcrumb\",\"itemListElement\":[{\"@type\":\"ListItem\",\"position\":1,\"name\":\"Accueil\",\"item\":\"https:\/\/www.rbcinsurance.com\/fr-ca\/\"},{\"@type\":\"ListItem\",\"position\":2,\"name\":\"Assurance collective\",\"item\":\"https:\/\/www.rbcinsurance.com\/fr-ca\/assurance-collective\/\"},{\"@type\":\"ListItem\",\"position\":3,\"name\":\"Le R\u00e9seau de pharmacies privil\u00e9gi\u00e9es (RPP) \u00e0 RBC Assurances\"}]},{\"@type\":\"WebSite\",\"@id\":\"https:\/\/www.rbcinsurance.com\/fr-ca\/#website\",\"url\":\"https:\/\/www.rbcinsurance.com\/fr-ca\/\",\"name\":\"RBC Assurances\",\"description\":\"Assurance individuelle\",\"publisher\":{\"@id\":\"https:\/\/www.rbcinsurance.com\/fr-ca\/#organization\"},\"potentialAction\":[{\"@type\":\"SearchAction\",\"target\":{\"@type\":\"EntryPoint\",\"urlTemplate\":\"https:\/\/www.rbcinsurance.com\/fr-ca\/?s={search_term_string}\"},\"query-input\":{\"@type\":\"PropertyValueSpecification\",\"valueRequired\":true,\"valueName\":\"search_term_string\"}}],\"inLanguage\":\"fr-FR\"},{\"@type\":\"Organization\",\"@id\":\"https:\/\/www.rbcinsurance.com\/fr-ca\/#organization\",\"name\":\"RBC Assurances\",\"url\":\"https:\/\/www.rbcinsurance.com\/fr-ca\/\",\"logo\":{\"@type\":\"ImageObject\",\"inLanguage\":\"fr-FR\",\"@id\":\"https:\/\/www.rbcinsurance.com\/fr-ca\/#\/schema\/logo\/image\/\",\"url\":\"https:\/\/www.rbcinsurance.com\/fr-ca\/wp-content\/uploads\/sites\/3\/2021\/06\/rbc-logo-shield.svg?quality=80&w=1024\",\"contentUrl\":\"https:\/\/www.rbcinsurance.com\/fr-ca\/wp-content\/uploads\/sites\/3\/2021\/06\/rbc-logo-shield.svg?quality=80&w=1024\",\"width\":\"1024\",\"height\":\"1024\",\"caption\":\"RBC Assurances\"},\"image\":{\"@id\":\"https:\/\/www.rbcinsurance.com\/fr-ca\/#\/schema\/logo\/image\/\"},\"description\":\"RBC Assurances offre aux Canadiens des assurances personnelles telles que des assurances auto, habitation, vie, sant\u00e9, voyage et cr\u00e9dit, ainsi que des solutions de placement pour la retraite.\",\"telephone\":\"1 800 769-2568\",\"legalName\":\"Services d'assurance RBC Inc.\",\"numberOfEmployees\":{\"@type\":\"QuantitativeValue\",\"minValue\":\"1001\",\"maxValue\":\"5000\"}}]}<\/script>\n<!-- \/ Yoast SEO Premium plugin. -->","yoast_head_json":{"title":"Le R\u00e9seau de pharmacies privil\u00e9gi\u00e9es (RPP) \u00e0 RBC Assurances | RBC Assurances","description":"D\u00e9couvrez le R\u00e9seau de Pharmacies Pr\u00e9f\u00e9r\u00e9es (RPP) de RBC Assurance et ses avantages.","robots":{"index":"index","follow":"follow","max-snippet":"max-snippet:-1","max-image-preview":"max-image-preview:large","max-video-preview":"max-video-preview:-1"},"canonical":"https:\/\/www.rbcinsurance.com\/fr-ca\/assurance-collective\/reseau-de-pharmacies-privilegiees\/","og_locale":"fr_FR","og_type":"article","og_title":"Le R\u00e9seau de pharmacies privil\u00e9gi\u00e9es (RPP) \u00e0 RBC Assurances | RBC Assurances","og_description":"D\u00e9couvrez le R\u00e9seau de Pharmacies Pr\u00e9f\u00e9r\u00e9es (RPP) de RBC Assurance et ses avantages.","og_url":"https:\/\/www.rbcinsurance.com\/fr-ca\/assurance-collective\/reseau-de-pharmacies-privilegiees\/","og_site_name":"RBC Assurances","article_modified_time":"2025-08-26T16:30:40+00:00","og_image":[{"width":450,"height":250,"url":"https:\/\/www.rbcinsurance.com\/fr-ca\/wp-content\/uploads\/sites\/3\/2024\/12\/personal-insurance-mobile.webp?quality=80","type":"image\/webp"}],"twitter_card":"summary_large_image","twitter_misc":{"Est. reading time":"2 minutes"},"schema":{"@context":"https:\/\/schema.org","@graph":[{"@type":"WebPage","@id":"https:\/\/www.rbcinsurance.com\/fr-ca\/assurance-collective\/reseau-de-pharmacies-privilegiees\/","url":"https:\/\/www.rbcinsurance.com\/fr-ca\/assurance-collective\/reseau-de-pharmacies-privilegiees\/","name":"Le R\u00e9seau de pharmacies privil\u00e9gi\u00e9es (RPP) \u00e0 RBC Assurances | RBC Assurances","isPartOf":{"@id":"https:\/\/www.rbcinsurance.com\/fr-ca\/#website"},"datePublished":"2025-05-06T13:25:52+00:00","dateModified":"2025-08-26T16:30:40+00:00","description":"D\u00e9couvrez le R\u00e9seau de Pharmacies Pr\u00e9f\u00e9r\u00e9es (RPP) de RBC Assurance et ses avantages.","breadcrumb":{"@id":"https:\/\/www.rbcinsurance.com\/fr-ca\/assurance-collective\/reseau-de-pharmacies-privilegiees\/#breadcrumb"},"inLanguage":"fr-FR","potentialAction":[{"@type":"ReadAction","target":["https:\/\/www.rbcinsurance.com\/fr-ca\/assurance-collective\/reseau-de-pharmacies-privilegiees\/"]}]},{"@type":"BreadcrumbList","@id":"https:\/\/www.rbcinsurance.com\/fr-ca\/assurance-collective\/reseau-de-pharmacies-privilegiees\/#breadcrumb","itemListElement":[{"@type":"ListItem","position":1,"name":"Accueil","item":"https:\/\/www.rbcinsurance.com\/fr-ca\/"},{"@type":"ListItem","position":2,"name":"Assurance collective","item":"https:\/\/www.rbcinsurance.com\/fr-ca\/assurance-collective\/"},{"@type":"ListItem","position":3,"name":"Le R\u00e9seau de pharmacies privil\u00e9gi\u00e9es (RPP) \u00e0 RBC Assurances"}]},{"@type":"WebSite","@id":"https:\/\/www.rbcinsurance.com\/fr-ca\/#website","url":"https:\/\/www.rbcinsurance.com\/fr-ca\/","name":"RBC Assurances","description":"Assurance individuelle","publisher":{"@id":"https:\/\/www.rbcinsurance.com\/fr-ca\/#organization"},"potentialAction":[{"@type":"SearchAction","target":{"@type":"EntryPoint","urlTemplate":"https:\/\/www.rbcinsurance.com\/fr-ca\/?s={search_term_string}"},"query-input":{"@type":"PropertyValueSpecification","valueRequired":true,"valueName":"search_term_string"}}],"inLanguage":"fr-FR"},{"@type":"Organization","@id":"https:\/\/www.rbcinsurance.com\/fr-ca\/#organization","name":"RBC Assurances","url":"https:\/\/www.rbcinsurance.com\/fr-ca\/","logo":{"@type":"ImageObject","inLanguage":"fr-FR","@id":"https:\/\/www.rbcinsurance.com\/fr-ca\/#\/schema\/logo\/image\/","url":"https:\/\/www.rbcinsurance.com\/fr-ca\/wp-content\/uploads\/sites\/3\/2021\/06\/rbc-logo-shield.svg?quality=80&w=1024","contentUrl":"https:\/\/www.rbcinsurance.com\/fr-ca\/wp-content\/uploads\/sites\/3\/2021\/06\/rbc-logo-shield.svg?quality=80&w=1024","width":"1024","height":"1024","caption":"RBC Assurances"},"image":{"@id":"https:\/\/www.rbcinsurance.com\/fr-ca\/#\/schema\/logo\/image\/"},"description":"RBC Assurances offre aux Canadiens des assurances personnelles telles que des assurances auto, habitation, vie, sant\u00e9, voyage et cr\u00e9dit, ainsi que des solutions de placement pour la retraite.","telephone":"1 800 769-2568","legalName":"Services d'assurance RBC Inc.","numberOfEmployees":{"@type":"QuantitativeValue","minValue":"1001","maxValue":"5000"}}]}},"jetpack_sharing_enabled":true,"_links":{"self":[{"href":"https:\/\/www.rbcinsurance.com\/fr-ca\/wp-json\/wp\/v2\/pages\/18552","targetHints":{"allow":["GET"]}}],"collection":[{"href":"https:\/\/www.rbcinsurance.com\/fr-ca\/wp-json\/wp\/v2\/pages"}],"about":[{"href":"https:\/\/www.rbcinsurance.com\/fr-ca\/wp-json\/wp\/v2\/types\/page"}],"author":[{"embeddable":true,"href":"https:\/\/www.rbcinsurance.com\/fr-ca\/wp-json\/wp\/v2\/users\/203"}],"replies":[{"embeddable":true,"href":"https:\/\/www.rbcinsurance.com\/fr-ca\/wp-json\/wp\/v2\/comments?post=18552"}],"version-history":[{"count":8,"href":"https:\/\/www.rbcinsurance.com\/fr-ca\/wp-json\/wp\/v2\/pages\/18552\/revisions"}],"predecessor-version":[{"id":18620,"href":"https:\/\/www.rbcinsurance.com\/fr-ca\/wp-json\/wp\/v2\/pages\/18552\/revisions\/18620"}],"up":[{"embeddable":true,"href":"https:\/\/www.rbcinsurance.com\/fr-ca\/wp-json\/wp\/v2\/pages\/11588"}],"wp:attachment":[{"href":"https:\/\/www.rbcinsurance.com\/fr-ca\/wp-json\/wp\/v2\/media?parent=18552"}],"curies":[{"name":"wp","href":"https:\/\/api.w.org\/{rel}","templated":true}]}}