{"id":18697,"date":"2025-05-06T09:50:51","date_gmt":"2025-05-06T13:50:51","guid":{"rendered":"https:\/\/www.rbcinsurance.com\/fr-ca\/?page_id=18697"},"modified":"2025-06-24T10:54:47","modified_gmt":"2025-06-24T14:54:47","slug":"exemples-contrat-guides-assurance-croissance","status":"publish","type":"page","link":"https:\/\/www.rbcinsurance.com\/fr-ca\/assurance-vie\/exemples-contrat-guides-assurance-croissance\/","title":{"rendered":"Exemples de contrats et guides du client \u2013 Assurance Croissance RBC\u00a0et Assurance Croissance Plus RBC"},"content":{"rendered":"\n<p><\/p>\n\n\n<div class=\"yoast-breadcrumbs\"><span class=\"rbc-yoast-breadcrum-span\"><span><a href=\"https:\/\/www.rbcinsurance.com\/fr-ca\/\">Accueil<\/a><\/span> &gt; <span><a href=\"https:\/\/www.rbcinsurance.com\/fr-ca\/assurance-vie\/\">Une assurance vie pour les r\u00e9sidents canadiens<\/a><\/span> &gt; <span class=\"breadcrumb_last\" aria-current=\"page\">Exemples de contrats et guides du client \u2013 Assurance Croissance RBC\u00a0et Assurance Croissance Plus RBC<\/span><\/span><\/div>\n\n\n<p><\/p>\n\n\n\n<h1 class=\"wp-block-heading\" id=\"h-exemples-de-contrats-et-guides-du-client-assurance-croissance-rbc-nbsp-et-assurance-croissance-plus-rbc\"><span class=\"partial__border-bottom\">Exemples de contrats et guides du client \u2013 Assurance Croissance RBC&nbsp;et Assurance Croissance Plus RBC<\/span><\/h1>\n\n\n\n<div class=\"wp-block-rbc-faq faq mar-t-dbl mob-mar-t-dbl\"><div class=\"faq__content\">\n<div class=\"wp-block-rbc-rbc-collapsible-accordion accordion\" id=\"&quot;accordionSet1\">\n<p>Choisissez parmi les documents ci-dessous pour voir les guides du client et les exemples des contrats et des avenants de l\u2019<a href=\"https:\/\/www.rbcinsurance.com\/fr-ca\/assurance-vie\/assurance-vie-entiere\/\" data-dig-id=\"LP-18697-2e01f372\" data-dig-category=\"LP\" data-dig-action=\"link click\" data-dig-label=\"Assurance Croissance&nbsp;RBC\" class=\"rbc-link-format\">Assurance Croissance&nbsp;RBC<\/a>&nbsp;et de l\u2019<a href=\"https:\/\/www.rbcinsurance.com\/fr-ca\/assurance-vie\/assurance-vie-entiere\/\" data-dig-id=\"LP-18697-68bab14b\" data-dig-category=\"LP\" data-dig-action=\"link click\" data-dig-label=\"Assurance Croissance Plus&nbsp;RBC\" class=\"rbc-link-format\">Assurance Croissance Plus&nbsp;RBC<\/a>&nbsp;:<\/p>\n\n\n\n<p><\/p>\n\n\n\n<div class=\"wp-block-rbc-rbc-collapsible-panel\"><div class=\"accordion-panel\"><button id=\"accordion-titlemm1qila2\" class=\"collapse-toggle collapsed\" data-target=\"#accordionmm1qila2\" data-toggle=\"collapse\" data-parent=\"#accordionSet1\" aria-expanded=\"false\" data-dig-id=\"LP-18697-618c95d3\" aria-controls=\"accordionmm1qila2\" data-dig-category=\"LP\" data-dig-action=\"collapsible closed\" data-dig-label=\"<strong&gt;Assurance Croissance RBC<\/strong&gt;\u00a0:\u00a0La valeur de rachat garantie commence \u00e0 s\u2019accumuler apr\u00e8s la 5<sup&gt;e<\/sup&gt;\u00a0ann\u00e9e d\u2019assurance.\" action-closed=\"collapsible closed\" action-opened=\"collapsible open\"><div><strong>Assurance Croissance RBC<\/strong>\u00a0:\u00a0La valeur de rachat garantie commence \u00e0 s\u2019accumuler apr\u00e8s la 5<sup>e<\/sup>\u00a0ann\u00e9e d\u2019assurance.<\/div><\/button><div class=\"collapse-content collapse\" id=\"accordionmm1qila2\" role=\"region\" aria-labelledby=\"accordion-titlemm1qila2\"><div class=\"collapse-inner\">\n<p><a href=\"https:\/\/www.rbcinsurance.com\/fr\/assurance-vie\/_assets-custom\/pdfs\/growth-sample-contract-ages-18-to-80.pdf\" target=\"_blank\" data-dig-id=\"LP-18697-00874e62\" data-dig-category=\"LP\" data-dig-action=\"link click\" data-dig-label=\"Exemple de contrat (pour assur\u00e9s \u00e2g\u00e9s de 18 \u00e0 80 ans \u00e0 la souscription)\" class=\"rbc-link-format pdf-link\" data-icon-class=\"pdf-link\" rel=\"noreferrer noopener\">Exemple de contrat (pour assur\u00e9s \u00e2g\u00e9s de 18 \u00e0 80 ans \u00e0 la souscription)<\/a><\/p>\n\n\n\n<p><a href=\"https:\/\/www.rbcinsurance.com\/fr\/assurance-vie\/_assets-custom\/pdfs\/growth-sample-contract-ages-0-to-17.pdf\" target=\"_blank\" data-dig-id=\"LP-18697-18cec10c\" data-dig-category=\"LP\" data-dig-action=\"link click\" data-dig-label=\"Exemple de contrat (pour assur\u00e9s \u00e2g\u00e9s de 0 \u00e0 17 ans \u00e0 la souscription)\" class=\"rbc-link-format pdf-link\" data-icon-class=\"pdf-link\" rel=\"noreferrer noopener\">Exemple de contrat (pour assur\u00e9s \u00e2g\u00e9s de 0 \u00e0 17 ans \u00e0 la souscription)<\/a><\/p>\n<\/div><\/div><\/div><\/div>\n\n\n\n<div class=\"wp-block-rbc-rbc-collapsible-panel\"><div class=\"accordion-panel\"><button id=\"accordion-title54wy2soc\" class=\"collapse-toggle collapsed\" data-target=\"#accordion54wy2soc\" data-toggle=\"collapse\" data-parent=\"#accordionSet1\" aria-expanded=\"false\" data-dig-id=\"LP-18697-cc532dca\" aria-controls=\"accordion54wy2soc\" data-dig-category=\"LP\" data-dig-action=\"collapsible closed\" data-dig-label=\"<strong&gt;Assurance Croissance Plus RBC<\/strong&gt;\u00a0:\u00a0La valeur de rachat garantie commence \u00e0 s\u2019accumuler apr\u00e8s la 1<sup&gt;re<\/sup&gt;\u00a0ann\u00e9e d\u2019assurance.\" action-closed=\"collapsible closed\" action-opened=\"collapsible open\"><div><strong>Assurance Croissance Plus RBC<\/strong>\u00a0:\u00a0La valeur de rachat garantie commence \u00e0 s\u2019accumuler apr\u00e8s la 1<sup>re<\/sup>\u00a0ann\u00e9e d\u2019assurance.<\/div><\/button><div class=\"collapse-content collapse\" id=\"accordion54wy2soc\" role=\"region\" aria-labelledby=\"accordion-title54wy2soc\"><div class=\"collapse-inner\">\n<p><a href=\"https:\/\/www.rbcinsurance.com\/fr\/assurance-vie\/_assets-custom\/pdfs\/growth-plus-sample-contract-ages-0-to-80.pdf\" target=\"_blank\" data-dig-id=\"LP-18697-ab69d5b6\" data-dig-category=\"LP\" data-dig-action=\"link click\" data-dig-label=\"Exemple de contrat (pour assur\u00e9s \u00e2g\u00e9s de 0 \u00e0 80 ans \u00e0 la souscription)\" class=\"rbc-link-format pdf-link\" data-icon-class=\"pdf-link\" rel=\"noreferrer noopener\">Exemple de contrat (pour assur\u00e9s \u00e2g\u00e9s de 0 \u00e0 80 ans \u00e0 la souscription)<\/a><\/p>\n<\/div><\/div><\/div><\/div>\n\n\n\n<div class=\"wp-block-rbc-rbc-collapsible-panel\"><div class=\"accordion-panel\"><button id=\"accordion-title16qvfyqf\" class=\"collapse-toggle collapsed\" data-target=\"#accordion16qvfyqf\" data-toggle=\"collapse\" data-parent=\"#accordionSet1\" aria-expanded=\"false\" data-dig-id=\"LP-18697-44d2af99\" aria-controls=\"accordion16qvfyqf\" data-dig-category=\"LP\" data-dig-action=\"collapsible closed\" data-dig-label=\"<strong&gt;Documents suppl\u00e9mentaires<\/strong&gt;\" action-closed=\"collapsible closed\" action-opened=\"collapsible open\"><div><strong>Documents suppl\u00e9mentaires<\/strong><\/div><\/button><div class=\"collapse-content collapse\" id=\"accordion16qvfyqf\" role=\"region\" aria-labelledby=\"accordion-title16qvfyqf\"><div class=\"collapse-inner\">\n<p><a href=\"https:\/\/www.rbcinsurance.com\/fr\/centredesressources\/mise-a-jour-financiere-2024-assurance-vie-avec-participation-rbc.pdf\" data-dig-id=\"LP-18697-a62314ea\" data-dig-category=\"LP\" data-dig-action=\"link click\" data-dig-label=\"Mise \u00e0 jour financi\u00e8re 2024 - Assurance vie avec participation RBC\" class=\"rbc-link-format pdf-link\" data-icon-class=\"pdf-link\">Mise \u00e0 jour financi\u00e8re 2024 &#8211; Assurance vie avec participation RBC<\/a><\/p>\n\n\n\n<p><a href=\"https:\/\/www.rbcinsurance.com\/fr\/assurance-vie\/_assets-custom\/pdfs\/growth-sample-riders-contract.pdf\" target=\"_blank\" data-dig-id=\"LP-18697-c17dd3f4\" data-dig-category=\"LP\" data-dig-action=\"link click\" data-dig-label=\"Assurance Croissance RBC et Assurance Croissance Plus RBC Exemple d\u2019avenants\" class=\"rbc-link-format pdf-link\" data-icon-class=\"pdf-link\" rel=\"noreferrer noopener\">Assurance Croissance RBC et Assurance Croissance Plus RBC Exemple d\u2019avenants<\/a><\/p>\n\n\n\n<p><a href=\"https:\/\/www.rbcinsurance.com\/fr\/assurance-vie\/_assets-custom\/pdfs\/rbc-growth-insurance-client-guide.pdf\" target=\"_blank\" data-dig-id=\"LP-18697-e62e6e91\" data-dig-category=\"LP\" data-dig-action=\"link click\" data-dig-label=\"Assurance Croissance RBC et Assurance Croissance Plus RBC \u2013 Guide du client\" class=\"rbc-link-format pdf-link\" data-icon-class=\"pdf-link\" rel=\"noreferrer noopener\">Assurance Croissance RBC et Assurance Croissance Plus RBC \u2013 Guide du client<\/a><\/p>\n\n\n\n<p><a href=\"https:\/\/www.rbcinsurance.com\/fr\/assurance-vie\/_assets-custom\/pdfs\/growth-client-guide-sc.pdf\" target=\"_blank\" data-dig-id=\"LP-18697-3e64f4a6\" data-dig-category=\"LP\" data-dig-action=\"link click\" data-dig-label=\"Assurance Croissance RBC et Assurance Croissance Plus RBC \u2013 Guide du client \u2013 Chinois simplifi\u00e9\" class=\"rbc-link-format pdf-link\" data-icon-class=\"pdf-link\" rel=\"noreferrer noopener\">Assurance Croissance RBC et Assurance Croissance Plus RBC \u2013 Guide du client \u2013 Chinois simplifi\u00e9<\/a><\/p>\n\n\n\n<p><a href=\"https:\/\/www.rbcinsurance.com\/fr\/assurance-vie\/_assets-custom\/pdfs\/growth-client-guide-tc.pdf\" target=\"_blank\" data-dig-id=\"LP-18697-37d11a0d\" data-dig-category=\"LP\" data-dig-action=\"link click\" data-dig-label=\"Assurance Croissance RBC et Assurance Croissance Plus RBC \u2013 Guide du client \u2013 Chinois traditionnel\" class=\"rbc-link-format pdf-link\" data-icon-class=\"pdf-link\" rel=\"noreferrer noopener\">Assurance Croissance RBC et Assurance Croissance Plus RBC \u2013 Guide du client \u2013 Chinois traditionnel<\/a><\/p>\n\n\n\n<p><a href=\"https:\/\/www.rbcinsurance.com\/fr\/assurance-vie\/_assets-custom\/pdfs\/understanding-enhanced-insurance-client-guide.pdf\" target=\"_blank\" data-dig-id=\"LP-18697-538def09\" data-dig-category=\"LP\" data-dig-action=\"link click\" data-dig-label=\"Guide client de l'Assurance bonifi\u00e9e\" class=\"rbc-link-format pdf-link\" data-icon-class=\"pdf-link\" rel=\"noreferrer noopener\">Guide client de l&rsquo;Assurance bonifi\u00e9e<\/a><\/p>\n\n\n\n<p><a href=\"https:\/\/www.rbcinsurance.com\/fr\/assurance-vie\/_assets-custom\/pdfs\/understanding-enhanced-insurance-client-guide-sc.pdf\" target=\"_blank\" data-dig-id=\"LP-18697-3c6be66f\" data-dig-category=\"LP\" data-dig-action=\"link click\" data-dig-label=\"Guide client de l'Assurance bonifi\u00e9e - Chinois simplifi\u00e9\" class=\"rbc-link-format pdf-link\" data-icon-class=\"pdf-link\" rel=\"noreferrer noopener\">Guide client de l&rsquo;Assurance bonifi\u00e9e &#8211; Chinois simplifi\u00e9<\/a><\/p>\n\n\n\n<p><a href=\"https:\/\/www.rbcinsurance.com\/fr\/assurance-vie\/_assets-custom\/pdfs\/understanding-enhanced-insurance-client-guide-tc.pdf\" target=\"_blank\" data-dig-id=\"LP-18697-d3add001\" data-dig-category=\"LP\" data-dig-action=\"link click\" data-dig-label=\"Guide client de l'Assurance bonifi\u00e9e - Chinois traditionnel\" class=\"rbc-link-format pdf-link\" data-icon-class=\"pdf-link\" rel=\"noreferrer noopener\">Guide client de l&rsquo;Assurance bonifi\u00e9e &#8211; Chinois traditionnel<\/a><\/p>\n\n\n\n<p><a href=\"https:\/\/www.rbcinsurance.com\/fr\/assurance-vie\/_assets-custom\/pdfs\/overview-par-account-guide.pdf\" target=\"_blank\" data-dig-id=\"LP-18697-7731e452\" data-dig-category=\"LP\" data-dig-action=\"link click\" data-dig-label=\"Aper\u00e7u du compte des polices avec participation\" class=\"rbc-link-format pdf-link\" data-icon-class=\"pdf-link\" rel=\"noreferrer noopener\">Aper\u00e7u du compte des polices avec participation<\/a><\/p>\n\n\n\n<p><a href=\"https:\/\/www.rbcinsurance.com\/fr\/assurance-vie\/_assets-custom\/pdfs\/overview-par-account-guide-sc.pdf\" target=\"_blank\" data-dig-id=\"LP-18697-4fd98372\" data-dig-category=\"LP\" data-dig-action=\"link click\" data-dig-label=\"Aper\u00e7u du compte des polices avec participation - Chinois simplifi\u00e9\" class=\"rbc-link-format pdf-link\" data-icon-class=\"pdf-link\" rel=\"noreferrer noopener\">Aper\u00e7u du compte des polices avec participation &#8211; Chinois simplifi\u00e9<\/a><\/p>\n\n\n\n<p><a href=\"https:\/\/www.rbcinsurance.com\/fr\/assurance-vie\/_assets-custom\/pdfs\/overview-par-account-guide-tc.pdf\" target=\"_blank\" data-dig-id=\"LP-18697-5122bcc9\" data-dig-category=\"LP\" data-dig-action=\"link click\" data-dig-label=\"Aper\u00e7u du compte des polices avec participation - Chinois traditionnel\" class=\"rbc-link-format pdf-link\" data-icon-class=\"pdf-link\" rel=\"noreferrer noopener\">Aper\u00e7u du compte des polices avec participation &#8211; Chinois traditionnel<\/a><\/p>\n<\/div><\/div><\/div><\/div>\n<\/div>\n<\/div><\/div>\n\n\n\n<p class=\"mar-t-dbl mob-mar-t-dbl pad-b-dbl mob-pad-b-dbl\">Nous vous recommandons de communiquer avec votre conseiller pour en savoir plus, au besoin.<\/p>\n","protected":false},"excerpt":{"rendered":"<p>Exemples de contrats et guides du client \u2013 Assurance Croissance RBC&nbsp;et Assurance Croissance Plus RBC Nous vous recommandons de communiquer avec votre conseiller pour en savoir plus, au besoin.<\/p>\n","protected":false},"author":203,"featured_media":0,"parent":11566,"menu_order":0,"comment_status":"closed","ping_status":"closed","template":"templates\/new-rbci-design.php","meta":{"_acf_changed":false,"footnotes":""},"class_list":["post-18697","page","type-page","status-publish","hentry"],"pp_force_visibility":null,"pp_subpost_visibility":null,"pp_inherited_force_visibility":null,"pp_inherited_subpost_visibility":null,"acf":[],"yoast_head":"<!-- This site is optimized with the Yoast SEO Premium plugin v27.1 (Yoast SEO v27.1.1) - https:\/\/yoast.com\/product\/yoast-seo-premium-wordpress\/ -->\n<title>Contrats et guides sur l\u2019Assurance Croissance RBC et l\u2019Assurance Croissance Plus RBC | RBC Assurances<\/title>\n<meta name=\"description\" content=\"Consultez des mod\u00e8les de contrats et des guides du client sur les polices et les avenants de l\u2019Assurance Croissance RBC et de l\u2019Assurance Croissance Plus RBC.\" \/>\n<meta name=\"robots\" content=\"index, follow, max-snippet:-1, max-image-preview:large, max-video-preview:-1\" \/>\n<link rel=\"canonical\" href=\"https:\/\/www.rbcinsurance.com\/fr-ca\/assurance-vie\/exemples-contrat-guides-assurance-croissance\/\" \/>\n<meta property=\"og:locale\" content=\"fr_FR\" \/>\n<meta property=\"og:type\" content=\"article\" \/>\n<meta property=\"og:title\" content=\"Contrats et guides sur l\u2019Assurance Croissance RBC et l\u2019Assurance Croissance Plus RBC | RBC Assurances\" \/>\n<meta property=\"og:description\" content=\"Consultez des mod\u00e8les de contrats et des guides du client sur les polices et les avenants de l\u2019Assurance Croissance RBC et de l\u2019Assurance Croissance Plus RBC.\" \/>\n<meta property=\"og:url\" content=\"https:\/\/www.rbcinsurance.com\/fr-ca\/assurance-vie\/exemples-contrat-guides-assurance-croissance\/\" \/>\n<meta property=\"og:site_name\" content=\"RBC Assurances\" \/>\n<meta property=\"article:modified_time\" content=\"2025-06-24T14:54:47+00:00\" \/>\n<meta property=\"og:image\" content=\"https:\/\/www.rbcinsurance.com\/fr-ca\/wp-content\/uploads\/sites\/3\/2024\/12\/personal-insurance-mobile.webp?quality=80\" \/>\n\t<meta property=\"og:image:width\" content=\"450\" \/>\n\t<meta property=\"og:image:height\" content=\"250\" \/>\n\t<meta property=\"og:image:type\" content=\"image\/webp\" \/>\n<meta name=\"twitter:card\" content=\"summary_large_image\" \/>\n<meta name=\"twitter:label1\" content=\"Est. reading time\" \/>\n\t<meta name=\"twitter:data1\" content=\"2 minutes\" \/>\n<script type=\"application\/ld+json\" class=\"yoast-schema-graph\">{\"@context\":\"https:\/\/schema.org\",\"@graph\":[{\"@type\":\"WebPage\",\"@id\":\"https:\/\/www.rbcinsurance.com\/fr-ca\/assurance-vie\/exemples-contrat-guides-assurance-croissance\/\",\"url\":\"https:\/\/www.rbcinsurance.com\/fr-ca\/assurance-vie\/exemples-contrat-guides-assurance-croissance\/\",\"name\":\"Contrats et guides sur l\u2019Assurance Croissance RBC et l\u2019Assurance Croissance Plus RBC | RBC Assurances\",\"isPartOf\":{\"@id\":\"https:\/\/www.rbcinsurance.com\/fr-ca\/#website\"},\"datePublished\":\"2025-05-06T13:50:51+00:00\",\"dateModified\":\"2025-06-24T14:54:47+00:00\",\"description\":\"Consultez des mod\u00e8les de contrats et des guides du client sur les polices et les avenants de l\u2019Assurance Croissance RBC et de l\u2019Assurance Croissance Plus RBC.\",\"breadcrumb\":{\"@id\":\"https:\/\/www.rbcinsurance.com\/fr-ca\/assurance-vie\/exemples-contrat-guides-assurance-croissance\/#breadcrumb\"},\"inLanguage\":\"fr-FR\",\"potentialAction\":[{\"@type\":\"ReadAction\",\"target\":[\"https:\/\/www.rbcinsurance.com\/fr-ca\/assurance-vie\/exemples-contrat-guides-assurance-croissance\/\"]}]},{\"@type\":\"BreadcrumbList\",\"@id\":\"https:\/\/www.rbcinsurance.com\/fr-ca\/assurance-vie\/exemples-contrat-guides-assurance-croissance\/#breadcrumb\",\"itemListElement\":[{\"@type\":\"ListItem\",\"position\":1,\"name\":\"Accueil\",\"item\":\"https:\/\/www.rbcinsurance.com\/fr-ca\/\"},{\"@type\":\"ListItem\",\"position\":2,\"name\":\"Une assurance vie pour les r\u00e9sidents canadiens\",\"item\":\"https:\/\/www.rbcinsurance.com\/fr-ca\/assurance-vie\/\"},{\"@type\":\"ListItem\",\"position\":3,\"name\":\"Exemples de contrats et guides du client \u2013 Assurance Croissance RBC\u00a0et Assurance Croissance Plus RBC\"}]},{\"@type\":\"WebSite\",\"@id\":\"https:\/\/www.rbcinsurance.com\/fr-ca\/#website\",\"url\":\"https:\/\/www.rbcinsurance.com\/fr-ca\/\",\"name\":\"RBC Assurances\",\"description\":\"Assurance individuelle\",\"publisher\":{\"@id\":\"https:\/\/www.rbcinsurance.com\/fr-ca\/#organization\"},\"potentialAction\":[{\"@type\":\"SearchAction\",\"target\":{\"@type\":\"EntryPoint\",\"urlTemplate\":\"https:\/\/www.rbcinsurance.com\/fr-ca\/?s={search_term_string}\"},\"query-input\":{\"@type\":\"PropertyValueSpecification\",\"valueRequired\":true,\"valueName\":\"search_term_string\"}}],\"inLanguage\":\"fr-FR\"},{\"@type\":\"Organization\",\"@id\":\"https:\/\/www.rbcinsurance.com\/fr-ca\/#organization\",\"name\":\"RBC Assurances\",\"url\":\"https:\/\/www.rbcinsurance.com\/fr-ca\/\",\"logo\":{\"@type\":\"ImageObject\",\"inLanguage\":\"fr-FR\",\"@id\":\"https:\/\/www.rbcinsurance.com\/fr-ca\/#\/schema\/logo\/image\/\",\"url\":\"https:\/\/www.rbcinsurance.com\/fr-ca\/wp-content\/uploads\/sites\/3\/2021\/06\/rbc-logo-shield.svg?quality=80&w=1024\",\"contentUrl\":\"https:\/\/www.rbcinsurance.com\/fr-ca\/wp-content\/uploads\/sites\/3\/2021\/06\/rbc-logo-shield.svg?quality=80&w=1024\",\"width\":\"1024\",\"height\":\"1024\",\"caption\":\"RBC Assurances\"},\"image\":{\"@id\":\"https:\/\/www.rbcinsurance.com\/fr-ca\/#\/schema\/logo\/image\/\"},\"description\":\"RBC Assurances offre aux Canadiens des assurances personnelles telles que des assurances auto, habitation, vie, sant\u00e9, voyage et cr\u00e9dit, ainsi que des solutions de placement pour la retraite.\",\"telephone\":\"1 800 769-2568\",\"legalName\":\"Services d'assurance RBC Inc.\",\"numberOfEmployees\":{\"@type\":\"QuantitativeValue\",\"minValue\":\"1001\",\"maxValue\":\"5000\"}}]}<\/script>\n<!-- \/ Yoast SEO Premium plugin. -->","yoast_head_json":{"title":"Contrats et guides sur l\u2019Assurance Croissance RBC et l\u2019Assurance Croissance Plus RBC | RBC Assurances","description":"Consultez des mod\u00e8les de contrats et des guides du client sur les polices et les avenants de l\u2019Assurance Croissance RBC et de l\u2019Assurance Croissance Plus RBC.","robots":{"index":"index","follow":"follow","max-snippet":"max-snippet:-1","max-image-preview":"max-image-preview:large","max-video-preview":"max-video-preview:-1"},"canonical":"https:\/\/www.rbcinsurance.com\/fr-ca\/assurance-vie\/exemples-contrat-guides-assurance-croissance\/","og_locale":"fr_FR","og_type":"article","og_title":"Contrats et guides sur l\u2019Assurance Croissance RBC et l\u2019Assurance Croissance Plus RBC | RBC Assurances","og_description":"Consultez des mod\u00e8les de contrats et des guides du client sur les polices et les avenants de l\u2019Assurance Croissance RBC et de l\u2019Assurance Croissance Plus RBC.","og_url":"https:\/\/www.rbcinsurance.com\/fr-ca\/assurance-vie\/exemples-contrat-guides-assurance-croissance\/","og_site_name":"RBC Assurances","article_modified_time":"2025-06-24T14:54:47+00:00","og_image":[{"width":450,"height":250,"url":"https:\/\/www.rbcinsurance.com\/fr-ca\/wp-content\/uploads\/sites\/3\/2024\/12\/personal-insurance-mobile.webp?quality=80","type":"image\/webp"}],"twitter_card":"summary_large_image","twitter_misc":{"Est. reading time":"2 minutes"},"schema":{"@context":"https:\/\/schema.org","@graph":[{"@type":"WebPage","@id":"https:\/\/www.rbcinsurance.com\/fr-ca\/assurance-vie\/exemples-contrat-guides-assurance-croissance\/","url":"https:\/\/www.rbcinsurance.com\/fr-ca\/assurance-vie\/exemples-contrat-guides-assurance-croissance\/","name":"Contrats et guides sur l\u2019Assurance Croissance RBC et l\u2019Assurance Croissance Plus RBC | RBC Assurances","isPartOf":{"@id":"https:\/\/www.rbcinsurance.com\/fr-ca\/#website"},"datePublished":"2025-05-06T13:50:51+00:00","dateModified":"2025-06-24T14:54:47+00:00","description":"Consultez des mod\u00e8les de contrats et des guides du client sur les polices et les avenants de l\u2019Assurance Croissance RBC et de l\u2019Assurance Croissance Plus RBC.","breadcrumb":{"@id":"https:\/\/www.rbcinsurance.com\/fr-ca\/assurance-vie\/exemples-contrat-guides-assurance-croissance\/#breadcrumb"},"inLanguage":"fr-FR","potentialAction":[{"@type":"ReadAction","target":["https:\/\/www.rbcinsurance.com\/fr-ca\/assurance-vie\/exemples-contrat-guides-assurance-croissance\/"]}]},{"@type":"BreadcrumbList","@id":"https:\/\/www.rbcinsurance.com\/fr-ca\/assurance-vie\/exemples-contrat-guides-assurance-croissance\/#breadcrumb","itemListElement":[{"@type":"ListItem","position":1,"name":"Accueil","item":"https:\/\/www.rbcinsurance.com\/fr-ca\/"},{"@type":"ListItem","position":2,"name":"Une assurance vie pour les r\u00e9sidents canadiens","item":"https:\/\/www.rbcinsurance.com\/fr-ca\/assurance-vie\/"},{"@type":"ListItem","position":3,"name":"Exemples de contrats et guides du client \u2013 Assurance Croissance RBC\u00a0et Assurance Croissance Plus RBC"}]},{"@type":"WebSite","@id":"https:\/\/www.rbcinsurance.com\/fr-ca\/#website","url":"https:\/\/www.rbcinsurance.com\/fr-ca\/","name":"RBC Assurances","description":"Assurance individuelle","publisher":{"@id":"https:\/\/www.rbcinsurance.com\/fr-ca\/#organization"},"potentialAction":[{"@type":"SearchAction","target":{"@type":"EntryPoint","urlTemplate":"https:\/\/www.rbcinsurance.com\/fr-ca\/?s={search_term_string}"},"query-input":{"@type":"PropertyValueSpecification","valueRequired":true,"valueName":"search_term_string"}}],"inLanguage":"fr-FR"},{"@type":"Organization","@id":"https:\/\/www.rbcinsurance.com\/fr-ca\/#organization","name":"RBC Assurances","url":"https:\/\/www.rbcinsurance.com\/fr-ca\/","logo":{"@type":"ImageObject","inLanguage":"fr-FR","@id":"https:\/\/www.rbcinsurance.com\/fr-ca\/#\/schema\/logo\/image\/","url":"https:\/\/www.rbcinsurance.com\/fr-ca\/wp-content\/uploads\/sites\/3\/2021\/06\/rbc-logo-shield.svg?quality=80&w=1024","contentUrl":"https:\/\/www.rbcinsurance.com\/fr-ca\/wp-content\/uploads\/sites\/3\/2021\/06\/rbc-logo-shield.svg?quality=80&w=1024","width":"1024","height":"1024","caption":"RBC Assurances"},"image":{"@id":"https:\/\/www.rbcinsurance.com\/fr-ca\/#\/schema\/logo\/image\/"},"description":"RBC Assurances offre aux Canadiens des assurances personnelles telles que des assurances auto, habitation, vie, sant\u00e9, voyage et cr\u00e9dit, ainsi que des solutions de placement pour la retraite.","telephone":"1 800 769-2568","legalName":"Services d'assurance RBC Inc.","numberOfEmployees":{"@type":"QuantitativeValue","minValue":"1001","maxValue":"5000"}}]}},"jetpack_sharing_enabled":true,"_links":{"self":[{"href":"https:\/\/www.rbcinsurance.com\/fr-ca\/wp-json\/wp\/v2\/pages\/18697","targetHints":{"allow":["GET"]}}],"collection":[{"href":"https:\/\/www.rbcinsurance.com\/fr-ca\/wp-json\/wp\/v2\/pages"}],"about":[{"href":"https:\/\/www.rbcinsurance.com\/fr-ca\/wp-json\/wp\/v2\/types\/page"}],"author":[{"embeddable":true,"href":"https:\/\/www.rbcinsurance.com\/fr-ca\/wp-json\/wp\/v2\/users\/203"}],"replies":[{"embeddable":true,"href":"https:\/\/www.rbcinsurance.com\/fr-ca\/wp-json\/wp\/v2\/comments?post=18697"}],"version-history":[{"count":14,"href":"https:\/\/www.rbcinsurance.com\/fr-ca\/wp-json\/wp\/v2\/pages\/18697\/revisions"}],"predecessor-version":[{"id":20819,"href":"https:\/\/www.rbcinsurance.com\/fr-ca\/wp-json\/wp\/v2\/pages\/18697\/revisions\/20819"}],"up":[{"embeddable":true,"href":"https:\/\/www.rbcinsurance.com\/fr-ca\/wp-json\/wp\/v2\/pages\/11566"}],"wp:attachment":[{"href":"https:\/\/www.rbcinsurance.com\/fr-ca\/wp-json\/wp\/v2\/media?parent=18697"}],"curies":[{"name":"wp","href":"https:\/\/api.w.org\/{rel}","templated":true}]}}