{"id":18699,"date":"2025-05-06T09:51:45","date_gmt":"2025-05-06T13:51:45","guid":{"rendered":"https:\/\/www.rbcinsurance.com\/fr-ca\/?page_id=18699"},"modified":"2025-05-06T09:51:46","modified_gmt":"2025-05-06T13:51:46","slug":"assurance-conjointe-premier-deces","status":"publish","type":"page","link":"https:\/\/www.rbcinsurance.com\/fr-ca\/assurance-vie\/assurance-conjointe-premier-deces\/","title":{"rendered":"Assurance conjointe premier d\u00e9c\u00e8s"},"content":{"rendered":"\n<p><\/p>\n\n\n<div class=\"yoast-breadcrumbs\"><span class=\"rbc-yoast-breadcrum-span\"><span><a href=\"https:\/\/www.rbcinsurance.com\/fr-ca\/\">Accueil<\/a><\/span> &gt; <span><a href=\"https:\/\/www.rbcinsurance.com\/fr-ca\/assurance-vie\/\">Une assurance vie pour les r\u00e9sidents canadiens<\/a><\/span> &gt; <span class=\"breadcrumb_last\" aria-current=\"page\">Assurance conjointe premier d\u00e9c\u00e8s<\/span><\/span><\/div>\n\n\n<p><\/p>\n\n\n\n<h1 class=\"wp-block-heading\" id=\"h-assurance-conjointe-premier-deces\"><span class=\"partial__border-bottom\">Assurance conjointe premier d\u00e9c\u00e8s<\/span><\/h1>\n\n\n\n<p class=\"mar-t-dbl mob-mar-t-dbl pad-b-dbl mob-pad-b-dbl\">L\u2019assurance conjointe premier d\u00e9c\u00e8s pr\u00e9voit le versement d\u2019une prestation au premier d\u00e9c\u00e8s, de sorte que les \u00eatres chers et les jeunes familles puissent toucher un revenu de remplacement et \u00e9viter le fardeau d\u2019un pr\u00eat hypoth\u00e9caire \u00e9lev\u00e9 ou d\u2019une autre dette importante au d\u00e9c\u00e8s du principal soutien de famille. Cette assurance permet au survivant de souscrire une nouvelle police au cours des 60 jours suivant le premier d\u00e9c\u00e8s sans avoir \u00e0 justifier son assurabilit\u00e9 sur le plan m\u00e9dical. Le survivant est automatiquement assur\u00e9 au titre d\u2019une assurance vie temporaire pendant la p\u00e9riode de 60 jours qui suit le premier d\u00e9c\u00e8s ou jusqu\u2019\u00e0 ce qu\u2019il souscrive la nouvelle police.<\/p>\n","protected":false},"excerpt":{"rendered":"<p>Assurance conjointe premier d\u00e9c\u00e8s L\u2019assurance conjointe premier d\u00e9c\u00e8s pr\u00e9voit le versement d\u2019une prestation au premier d\u00e9c\u00e8s, de sorte que les \u00eatres chers et les jeunes familles puissent toucher un revenu de remplacement et \u00e9viter le fardeau d\u2019un pr\u00eat hypoth\u00e9caire \u00e9lev\u00e9 ou d\u2019une autre dette importante au d\u00e9c\u00e8s du principal soutien de famille. Cette assurance permet [&hellip;]<\/p>\n","protected":false},"author":203,"featured_media":0,"parent":11566,"menu_order":0,"comment_status":"closed","ping_status":"closed","template":"templates\/new-rbci-design.php","meta":{"_acf_changed":false,"footnotes":""},"class_list":["post-18699","page","type-page","status-publish","hentry"],"pp_force_visibility":null,"pp_subpost_visibility":null,"pp_inherited_force_visibility":null,"pp_inherited_subpost_visibility":null,"acf":[],"yoast_head":"<!-- This site is optimized with the Yoast SEO Premium plugin v27.1 (Yoast SEO v27.1.1) - https:\/\/yoast.com\/product\/yoast-seo-premium-wordpress\/ -->\n<title>Assurance conjointe premier d\u00e9c\u00e8s | RBC Assurances<\/title>\n<meta name=\"description\" content=\"La couverture conjointe premier d\u00e9c\u00e8s offre une prestation de d\u00e9c\u00e8s au premier d\u00e9c\u00e8s, aidant ainsi les proches \u00e0 obtenir un revenu de remplacement et \u00e0 rembourser leurs dettes.\" \/>\n<meta name=\"robots\" content=\"index, follow, max-snippet:-1, max-image-preview:large, max-video-preview:-1\" \/>\n<link rel=\"canonical\" href=\"https:\/\/www.rbcinsurance.com\/fr-ca\/assurance-vie\/assurance-conjointe-premier-deces\/\" \/>\n<meta property=\"og:locale\" content=\"fr_FR\" \/>\n<meta property=\"og:type\" content=\"article\" \/>\n<meta property=\"og:title\" content=\"Assurance conjointe premier d\u00e9c\u00e8s | RBC Assurances\" \/>\n<meta property=\"og:description\" content=\"La couverture conjointe premier d\u00e9c\u00e8s offre une prestation de d\u00e9c\u00e8s au premier d\u00e9c\u00e8s, aidant ainsi les proches \u00e0 obtenir un revenu de remplacement et \u00e0 rembourser leurs dettes.\" \/>\n<meta property=\"og:url\" content=\"https:\/\/www.rbcinsurance.com\/fr-ca\/assurance-vie\/assurance-conjointe-premier-deces\/\" \/>\n<meta property=\"og:site_name\" content=\"RBC Assurances\" \/>\n<meta property=\"article:modified_time\" content=\"2025-05-06T13:51:46+00:00\" \/>\n<meta property=\"og:image\" content=\"https:\/\/www.rbcinsurance.com\/fr-ca\/wp-content\/uploads\/sites\/3\/2024\/12\/personal-insurance-mobile.webp?quality=80\" \/>\n\t<meta property=\"og:image:width\" content=\"450\" \/>\n\t<meta property=\"og:image:height\" content=\"250\" \/>\n\t<meta property=\"og:image:type\" content=\"image\/webp\" \/>\n<meta name=\"twitter:card\" content=\"summary_large_image\" \/>\n<meta name=\"twitter:label1\" content=\"Est. reading time\" \/>\n\t<meta name=\"twitter:data1\" content=\"1 minute\" \/>\n<script type=\"application\/ld+json\" class=\"yoast-schema-graph\">{\"@context\":\"https:\/\/schema.org\",\"@graph\":[{\"@type\":\"WebPage\",\"@id\":\"https:\/\/www.rbcinsurance.com\/fr-ca\/assurance-vie\/assurance-conjointe-premier-deces\/\",\"url\":\"https:\/\/www.rbcinsurance.com\/fr-ca\/assurance-vie\/assurance-conjointe-premier-deces\/\",\"name\":\"Assurance conjointe premier d\u00e9c\u00e8s | RBC Assurances\",\"isPartOf\":{\"@id\":\"https:\/\/www.rbcinsurance.com\/fr-ca\/#website\"},\"datePublished\":\"2025-05-06T13:51:45+00:00\",\"dateModified\":\"2025-05-06T13:51:46+00:00\",\"description\":\"La couverture conjointe premier d\u00e9c\u00e8s offre une prestation de d\u00e9c\u00e8s au premier d\u00e9c\u00e8s, aidant ainsi les proches \u00e0 obtenir un revenu de remplacement et \u00e0 rembourser leurs dettes.\",\"breadcrumb\":{\"@id\":\"https:\/\/www.rbcinsurance.com\/fr-ca\/assurance-vie\/assurance-conjointe-premier-deces\/#breadcrumb\"},\"inLanguage\":\"fr-FR\",\"potentialAction\":[{\"@type\":\"ReadAction\",\"target\":[\"https:\/\/www.rbcinsurance.com\/fr-ca\/assurance-vie\/assurance-conjointe-premier-deces\/\"]}]},{\"@type\":\"BreadcrumbList\",\"@id\":\"https:\/\/www.rbcinsurance.com\/fr-ca\/assurance-vie\/assurance-conjointe-premier-deces\/#breadcrumb\",\"itemListElement\":[{\"@type\":\"ListItem\",\"position\":1,\"name\":\"Accueil\",\"item\":\"https:\/\/www.rbcinsurance.com\/fr-ca\/\"},{\"@type\":\"ListItem\",\"position\":2,\"name\":\"Une assurance vie pour les r\u00e9sidents canadiens\",\"item\":\"https:\/\/www.rbcinsurance.com\/fr-ca\/assurance-vie\/\"},{\"@type\":\"ListItem\",\"position\":3,\"name\":\"Assurance conjointe premier d\u00e9c\u00e8s\"}]},{\"@type\":\"WebSite\",\"@id\":\"https:\/\/www.rbcinsurance.com\/fr-ca\/#website\",\"url\":\"https:\/\/www.rbcinsurance.com\/fr-ca\/\",\"name\":\"RBC Assurances\",\"description\":\"Assurance individuelle\",\"publisher\":{\"@id\":\"https:\/\/www.rbcinsurance.com\/fr-ca\/#organization\"},\"potentialAction\":[{\"@type\":\"SearchAction\",\"target\":{\"@type\":\"EntryPoint\",\"urlTemplate\":\"https:\/\/www.rbcinsurance.com\/fr-ca\/?s={search_term_string}\"},\"query-input\":{\"@type\":\"PropertyValueSpecification\",\"valueRequired\":true,\"valueName\":\"search_term_string\"}}],\"inLanguage\":\"fr-FR\"},{\"@type\":\"Organization\",\"@id\":\"https:\/\/www.rbcinsurance.com\/fr-ca\/#organization\",\"name\":\"RBC Assurances\",\"url\":\"https:\/\/www.rbcinsurance.com\/fr-ca\/\",\"logo\":{\"@type\":\"ImageObject\",\"inLanguage\":\"fr-FR\",\"@id\":\"https:\/\/www.rbcinsurance.com\/fr-ca\/#\/schema\/logo\/image\/\",\"url\":\"https:\/\/www.rbcinsurance.com\/fr-ca\/wp-content\/uploads\/sites\/3\/2021\/06\/rbc-logo-shield.svg?quality=80&w=1024\",\"contentUrl\":\"https:\/\/www.rbcinsurance.com\/fr-ca\/wp-content\/uploads\/sites\/3\/2021\/06\/rbc-logo-shield.svg?quality=80&w=1024\",\"width\":\"1024\",\"height\":\"1024\",\"caption\":\"RBC Assurances\"},\"image\":{\"@id\":\"https:\/\/www.rbcinsurance.com\/fr-ca\/#\/schema\/logo\/image\/\"},\"description\":\"RBC Assurances offre aux Canadiens des assurances personnelles telles que des assurances auto, habitation, vie, sant\u00e9, voyage et cr\u00e9dit, ainsi que des solutions de placement pour la retraite.\",\"telephone\":\"1 800 769-2568\",\"legalName\":\"Services d'assurance RBC Inc.\",\"numberOfEmployees\":{\"@type\":\"QuantitativeValue\",\"minValue\":\"1001\",\"maxValue\":\"5000\"}}]}<\/script>\n<!-- \/ Yoast SEO Premium plugin. -->","yoast_head_json":{"title":"Assurance conjointe premier d\u00e9c\u00e8s | RBC Assurances","description":"La couverture conjointe premier d\u00e9c\u00e8s offre une prestation de d\u00e9c\u00e8s au premier d\u00e9c\u00e8s, aidant ainsi les proches \u00e0 obtenir un revenu de remplacement et \u00e0 rembourser leurs dettes.","robots":{"index":"index","follow":"follow","max-snippet":"max-snippet:-1","max-image-preview":"max-image-preview:large","max-video-preview":"max-video-preview:-1"},"canonical":"https:\/\/www.rbcinsurance.com\/fr-ca\/assurance-vie\/assurance-conjointe-premier-deces\/","og_locale":"fr_FR","og_type":"article","og_title":"Assurance conjointe premier d\u00e9c\u00e8s | RBC Assurances","og_description":"La couverture conjointe premier d\u00e9c\u00e8s offre une prestation de d\u00e9c\u00e8s au premier d\u00e9c\u00e8s, aidant ainsi les proches \u00e0 obtenir un revenu de remplacement et \u00e0 rembourser leurs dettes.","og_url":"https:\/\/www.rbcinsurance.com\/fr-ca\/assurance-vie\/assurance-conjointe-premier-deces\/","og_site_name":"RBC Assurances","article_modified_time":"2025-05-06T13:51:46+00:00","og_image":[{"width":450,"height":250,"url":"https:\/\/www.rbcinsurance.com\/fr-ca\/wp-content\/uploads\/sites\/3\/2024\/12\/personal-insurance-mobile.webp?quality=80","type":"image\/webp"}],"twitter_card":"summary_large_image","twitter_misc":{"Est. reading time":"1 minute"},"schema":{"@context":"https:\/\/schema.org","@graph":[{"@type":"WebPage","@id":"https:\/\/www.rbcinsurance.com\/fr-ca\/assurance-vie\/assurance-conjointe-premier-deces\/","url":"https:\/\/www.rbcinsurance.com\/fr-ca\/assurance-vie\/assurance-conjointe-premier-deces\/","name":"Assurance conjointe premier d\u00e9c\u00e8s | RBC Assurances","isPartOf":{"@id":"https:\/\/www.rbcinsurance.com\/fr-ca\/#website"},"datePublished":"2025-05-06T13:51:45+00:00","dateModified":"2025-05-06T13:51:46+00:00","description":"La couverture conjointe premier d\u00e9c\u00e8s offre une prestation de d\u00e9c\u00e8s au premier d\u00e9c\u00e8s, aidant ainsi les proches \u00e0 obtenir un revenu de remplacement et \u00e0 rembourser leurs dettes.","breadcrumb":{"@id":"https:\/\/www.rbcinsurance.com\/fr-ca\/assurance-vie\/assurance-conjointe-premier-deces\/#breadcrumb"},"inLanguage":"fr-FR","potentialAction":[{"@type":"ReadAction","target":["https:\/\/www.rbcinsurance.com\/fr-ca\/assurance-vie\/assurance-conjointe-premier-deces\/"]}]},{"@type":"BreadcrumbList","@id":"https:\/\/www.rbcinsurance.com\/fr-ca\/assurance-vie\/assurance-conjointe-premier-deces\/#breadcrumb","itemListElement":[{"@type":"ListItem","position":1,"name":"Accueil","item":"https:\/\/www.rbcinsurance.com\/fr-ca\/"},{"@type":"ListItem","position":2,"name":"Une assurance vie pour les r\u00e9sidents canadiens","item":"https:\/\/www.rbcinsurance.com\/fr-ca\/assurance-vie\/"},{"@type":"ListItem","position":3,"name":"Assurance conjointe premier d\u00e9c\u00e8s"}]},{"@type":"WebSite","@id":"https:\/\/www.rbcinsurance.com\/fr-ca\/#website","url":"https:\/\/www.rbcinsurance.com\/fr-ca\/","name":"RBC Assurances","description":"Assurance individuelle","publisher":{"@id":"https:\/\/www.rbcinsurance.com\/fr-ca\/#organization"},"potentialAction":[{"@type":"SearchAction","target":{"@type":"EntryPoint","urlTemplate":"https:\/\/www.rbcinsurance.com\/fr-ca\/?s={search_term_string}"},"query-input":{"@type":"PropertyValueSpecification","valueRequired":true,"valueName":"search_term_string"}}],"inLanguage":"fr-FR"},{"@type":"Organization","@id":"https:\/\/www.rbcinsurance.com\/fr-ca\/#organization","name":"RBC Assurances","url":"https:\/\/www.rbcinsurance.com\/fr-ca\/","logo":{"@type":"ImageObject","inLanguage":"fr-FR","@id":"https:\/\/www.rbcinsurance.com\/fr-ca\/#\/schema\/logo\/image\/","url":"https:\/\/www.rbcinsurance.com\/fr-ca\/wp-content\/uploads\/sites\/3\/2021\/06\/rbc-logo-shield.svg?quality=80&w=1024","contentUrl":"https:\/\/www.rbcinsurance.com\/fr-ca\/wp-content\/uploads\/sites\/3\/2021\/06\/rbc-logo-shield.svg?quality=80&w=1024","width":"1024","height":"1024","caption":"RBC Assurances"},"image":{"@id":"https:\/\/www.rbcinsurance.com\/fr-ca\/#\/schema\/logo\/image\/"},"description":"RBC Assurances offre aux Canadiens des assurances personnelles telles que des assurances auto, habitation, vie, sant\u00e9, voyage et cr\u00e9dit, ainsi que des solutions de placement pour la retraite.","telephone":"1 800 769-2568","legalName":"Services d'assurance RBC Inc.","numberOfEmployees":{"@type":"QuantitativeValue","minValue":"1001","maxValue":"5000"}}]}},"jetpack_sharing_enabled":true,"_links":{"self":[{"href":"https:\/\/www.rbcinsurance.com\/fr-ca\/wp-json\/wp\/v2\/pages\/18699","targetHints":{"allow":["GET"]}}],"collection":[{"href":"https:\/\/www.rbcinsurance.com\/fr-ca\/wp-json\/wp\/v2\/pages"}],"about":[{"href":"https:\/\/www.rbcinsurance.com\/fr-ca\/wp-json\/wp\/v2\/types\/page"}],"author":[{"embeddable":true,"href":"https:\/\/www.rbcinsurance.com\/fr-ca\/wp-json\/wp\/v2\/users\/203"}],"replies":[{"embeddable":true,"href":"https:\/\/www.rbcinsurance.com\/fr-ca\/wp-json\/wp\/v2\/comments?post=18699"}],"version-history":[{"count":4,"href":"https:\/\/www.rbcinsurance.com\/fr-ca\/wp-json\/wp\/v2\/pages\/18699\/revisions"}],"predecessor-version":[{"id":19346,"href":"https:\/\/www.rbcinsurance.com\/fr-ca\/wp-json\/wp\/v2\/pages\/18699\/revisions\/19346"}],"up":[{"embeddable":true,"href":"https:\/\/www.rbcinsurance.com\/fr-ca\/wp-json\/wp\/v2\/pages\/11566"}],"wp:attachment":[{"href":"https:\/\/www.rbcinsurance.com\/fr-ca\/wp-json\/wp\/v2\/media?parent=18699"}],"curies":[{"name":"wp","href":"https:\/\/api.w.org\/{rel}","templated":true}]}}