{"id":18703,"date":"2025-05-06T09:54:20","date_gmt":"2025-05-06T13:54:20","guid":{"rendered":"https:\/\/www.rbcinsurance.com\/fr-ca\/?page_id=18703"},"modified":"2025-05-06T09:54:21","modified_gmt":"2025-05-06T13:54:21","slug":"formule-protection-uniforme","status":"publish","type":"page","link":"https:\/\/www.rbcinsurance.com\/fr-ca\/assurance-vie\/formule-protection-uniforme\/","title":{"rendered":"Formule protection uniforme"},"content":{"rendered":"\n<p><\/p>\n\n\n<div class=\"yoast-breadcrumbs\"><span class=\"rbc-yoast-breadcrum-span\"><span><a href=\"https:\/\/www.rbcinsurance.com\/fr-ca\/\">Accueil<\/a><\/span> &gt; <span><a href=\"https:\/\/www.rbcinsurance.com\/fr-ca\/assurance-vie\/\">Une assurance vie pour les r\u00e9sidents canadiens<\/a><\/span> &gt; <span class=\"breadcrumb_last\" aria-current=\"page\">Formule protection uniforme<\/span><\/span><\/div>\n\n\n<p><\/p>\n\n\n\n<h1 class=\"wp-block-heading\" id=\"h-formule-protection-uniforme\"><span class=\"partial__border-bottom\">Formule protection uniforme<\/span><\/h1>\n\n\n\n<p class=\"mar-t-dbl mob-mar-t-dbl\">La formule protection uniforme pr\u00e9voit le versement d\u2019un capital-d\u00e9c\u00e8s \u00e9gal au montant de votre couverture ou, si elle est plus \u00e9lev\u00e9e, \u00e0 la valeur capitalis\u00e9e de votre police.<\/p>\n\n\n\n<p class=\"pad-b-dbl mob-pad-b-dbl\">Il s\u2019agit d\u2019un choix \u00e9conomique et tout indiqu\u00e9 si vous ne pr\u00e9voyez pas que vos besoins en mati\u00e8re de protection changeront avec le temps parce que plus la valeur capitalis\u00e9e de votre police augmentera, plus le montant d\u2019assurance de votre police, et vos co\u00fbts, diminueront. Inversement, si la valeur capitalis\u00e9e de votre police diminue en raison de la conjoncture des march\u00e9s ou parce que vous effectuez un retrait, vos co\u00fbts augmenteront. Cette option peut vous convenir si votre principal objectif est la capitalisation \u00e0 l\u2019abri de l\u2019imp\u00f4t et maintenez un montant d\u2019assurance fixe sans l\u2019intention de faire des retraits.<\/p>\n","protected":false},"excerpt":{"rendered":"<p>Formule protection uniforme La formule protection uniforme pr\u00e9voit le versement d\u2019un capital-d\u00e9c\u00e8s \u00e9gal au montant de votre couverture ou, si elle est plus \u00e9lev\u00e9e, \u00e0 la valeur capitalis\u00e9e de votre police. Il s\u2019agit d\u2019un choix \u00e9conomique et tout indiqu\u00e9 si vous ne pr\u00e9voyez pas que vos besoins en mati\u00e8re de protection changeront avec le temps [&hellip;]<\/p>\n","protected":false},"author":203,"featured_media":0,"parent":11566,"menu_order":0,"comment_status":"closed","ping_status":"closed","template":"templates\/new-rbci-design.php","meta":{"_acf_changed":false,"footnotes":""},"class_list":["post-18703","page","type-page","status-publish","hentry"],"pp_force_visibility":null,"pp_subpost_visibility":null,"pp_inherited_force_visibility":null,"pp_inherited_subpost_visibility":null,"acf":[],"yoast_head":"<!-- This site is optimized with the Yoast SEO Premium plugin v27.1 (Yoast SEO v27.1.1) - https:\/\/yoast.com\/product\/yoast-seo-premium-wordpress\/ -->\n<title>Formule protection uniforme | RBC Assurances<\/title>\n<meta name=\"description\" content=\"La protection de niveau verse une prestation de d\u00e9c\u00e8s \u00e9gale au montant de la couverture ou \u00e0 la valeur accumul\u00e9e de la police, selon le montant le plus \u00e9lev\u00e9, un choix rentable pour les besoins de couverture stable.\" \/>\n<meta name=\"robots\" content=\"index, follow, max-snippet:-1, max-image-preview:large, max-video-preview:-1\" \/>\n<link rel=\"canonical\" href=\"https:\/\/www.rbcinsurance.com\/fr-ca\/assurance-vie\/formule-protection-uniforme\/\" \/>\n<meta property=\"og:locale\" content=\"fr_FR\" \/>\n<meta property=\"og:type\" content=\"article\" \/>\n<meta property=\"og:title\" content=\"Formule protection uniforme | RBC Assurances\" \/>\n<meta property=\"og:description\" content=\"La protection de niveau verse une prestation de d\u00e9c\u00e8s \u00e9gale au montant de la couverture ou \u00e0 la valeur accumul\u00e9e de la police, selon le montant le plus \u00e9lev\u00e9, un choix rentable pour les besoins de couverture stable.\" \/>\n<meta property=\"og:url\" content=\"https:\/\/www.rbcinsurance.com\/fr-ca\/assurance-vie\/formule-protection-uniforme\/\" \/>\n<meta property=\"og:site_name\" content=\"RBC Assurances\" \/>\n<meta property=\"article:modified_time\" content=\"2025-05-06T13:54:21+00:00\" \/>\n<meta property=\"og:image\" content=\"https:\/\/www.rbcinsurance.com\/fr-ca\/wp-content\/uploads\/sites\/3\/2024\/12\/personal-insurance-mobile.webp?quality=80\" \/>\n\t<meta property=\"og:image:width\" content=\"450\" \/>\n\t<meta property=\"og:image:height\" content=\"250\" \/>\n\t<meta property=\"og:image:type\" content=\"image\/webp\" \/>\n<meta name=\"twitter:card\" content=\"summary_large_image\" \/>\n<meta name=\"twitter:label1\" content=\"Est. reading time\" \/>\n\t<meta name=\"twitter:data1\" content=\"1 minute\" \/>\n<script type=\"application\/ld+json\" class=\"yoast-schema-graph\">{\"@context\":\"https:\/\/schema.org\",\"@graph\":[{\"@type\":\"WebPage\",\"@id\":\"https:\/\/www.rbcinsurance.com\/fr-ca\/assurance-vie\/formule-protection-uniforme\/\",\"url\":\"https:\/\/www.rbcinsurance.com\/fr-ca\/assurance-vie\/formule-protection-uniforme\/\",\"name\":\"Formule protection uniforme | RBC Assurances\",\"isPartOf\":{\"@id\":\"https:\/\/www.rbcinsurance.com\/fr-ca\/#website\"},\"datePublished\":\"2025-05-06T13:54:20+00:00\",\"dateModified\":\"2025-05-06T13:54:21+00:00\",\"description\":\"La protection de niveau verse une prestation de d\u00e9c\u00e8s \u00e9gale au montant de la couverture ou \u00e0 la valeur accumul\u00e9e de la police, selon le montant le plus \u00e9lev\u00e9, un choix rentable pour les besoins de couverture stable.\",\"breadcrumb\":{\"@id\":\"https:\/\/www.rbcinsurance.com\/fr-ca\/assurance-vie\/formule-protection-uniforme\/#breadcrumb\"},\"inLanguage\":\"fr-FR\",\"potentialAction\":[{\"@type\":\"ReadAction\",\"target\":[\"https:\/\/www.rbcinsurance.com\/fr-ca\/assurance-vie\/formule-protection-uniforme\/\"]}]},{\"@type\":\"BreadcrumbList\",\"@id\":\"https:\/\/www.rbcinsurance.com\/fr-ca\/assurance-vie\/formule-protection-uniforme\/#breadcrumb\",\"itemListElement\":[{\"@type\":\"ListItem\",\"position\":1,\"name\":\"Accueil\",\"item\":\"https:\/\/www.rbcinsurance.com\/fr-ca\/\"},{\"@type\":\"ListItem\",\"position\":2,\"name\":\"Une assurance vie pour les r\u00e9sidents canadiens\",\"item\":\"https:\/\/www.rbcinsurance.com\/fr-ca\/assurance-vie\/\"},{\"@type\":\"ListItem\",\"position\":3,\"name\":\"Formule protection uniforme\"}]},{\"@type\":\"WebSite\",\"@id\":\"https:\/\/www.rbcinsurance.com\/fr-ca\/#website\",\"url\":\"https:\/\/www.rbcinsurance.com\/fr-ca\/\",\"name\":\"RBC Assurances\",\"description\":\"Assurance individuelle\",\"publisher\":{\"@id\":\"https:\/\/www.rbcinsurance.com\/fr-ca\/#organization\"},\"potentialAction\":[{\"@type\":\"SearchAction\",\"target\":{\"@type\":\"EntryPoint\",\"urlTemplate\":\"https:\/\/www.rbcinsurance.com\/fr-ca\/?s={search_term_string}\"},\"query-input\":{\"@type\":\"PropertyValueSpecification\",\"valueRequired\":true,\"valueName\":\"search_term_string\"}}],\"inLanguage\":\"fr-FR\"},{\"@type\":\"Organization\",\"@id\":\"https:\/\/www.rbcinsurance.com\/fr-ca\/#organization\",\"name\":\"RBC Assurances\",\"url\":\"https:\/\/www.rbcinsurance.com\/fr-ca\/\",\"logo\":{\"@type\":\"ImageObject\",\"inLanguage\":\"fr-FR\",\"@id\":\"https:\/\/www.rbcinsurance.com\/fr-ca\/#\/schema\/logo\/image\/\",\"url\":\"https:\/\/www.rbcinsurance.com\/fr-ca\/wp-content\/uploads\/sites\/3\/2021\/06\/rbc-logo-shield.svg?quality=80&w=1024\",\"contentUrl\":\"https:\/\/www.rbcinsurance.com\/fr-ca\/wp-content\/uploads\/sites\/3\/2021\/06\/rbc-logo-shield.svg?quality=80&w=1024\",\"width\":\"1024\",\"height\":\"1024\",\"caption\":\"RBC Assurances\"},\"image\":{\"@id\":\"https:\/\/www.rbcinsurance.com\/fr-ca\/#\/schema\/logo\/image\/\"},\"description\":\"RBC Assurances offre aux Canadiens des assurances personnelles telles que des assurances auto, habitation, vie, sant\u00e9, voyage et cr\u00e9dit, ainsi que des solutions de placement pour la retraite.\",\"telephone\":\"1 800 769-2568\",\"legalName\":\"Services d'assurance RBC Inc.\",\"numberOfEmployees\":{\"@type\":\"QuantitativeValue\",\"minValue\":\"1001\",\"maxValue\":\"5000\"}}]}<\/script>\n<!-- \/ Yoast SEO Premium plugin. -->","yoast_head_json":{"title":"Formule protection uniforme | RBC Assurances","description":"La protection de niveau verse une prestation de d\u00e9c\u00e8s \u00e9gale au montant de la couverture ou \u00e0 la valeur accumul\u00e9e de la police, selon le montant le plus \u00e9lev\u00e9, un choix rentable pour les besoins de couverture stable.","robots":{"index":"index","follow":"follow","max-snippet":"max-snippet:-1","max-image-preview":"max-image-preview:large","max-video-preview":"max-video-preview:-1"},"canonical":"https:\/\/www.rbcinsurance.com\/fr-ca\/assurance-vie\/formule-protection-uniforme\/","og_locale":"fr_FR","og_type":"article","og_title":"Formule protection uniforme | RBC Assurances","og_description":"La protection de niveau verse une prestation de d\u00e9c\u00e8s \u00e9gale au montant de la couverture ou \u00e0 la valeur accumul\u00e9e de la police, selon le montant le plus \u00e9lev\u00e9, un choix rentable pour les besoins de couverture stable.","og_url":"https:\/\/www.rbcinsurance.com\/fr-ca\/assurance-vie\/formule-protection-uniforme\/","og_site_name":"RBC Assurances","article_modified_time":"2025-05-06T13:54:21+00:00","og_image":[{"width":450,"height":250,"url":"https:\/\/www.rbcinsurance.com\/fr-ca\/wp-content\/uploads\/sites\/3\/2024\/12\/personal-insurance-mobile.webp?quality=80","type":"image\/webp"}],"twitter_card":"summary_large_image","twitter_misc":{"Est. reading time":"1 minute"},"schema":{"@context":"https:\/\/schema.org","@graph":[{"@type":"WebPage","@id":"https:\/\/www.rbcinsurance.com\/fr-ca\/assurance-vie\/formule-protection-uniforme\/","url":"https:\/\/www.rbcinsurance.com\/fr-ca\/assurance-vie\/formule-protection-uniforme\/","name":"Formule protection uniforme | RBC Assurances","isPartOf":{"@id":"https:\/\/www.rbcinsurance.com\/fr-ca\/#website"},"datePublished":"2025-05-06T13:54:20+00:00","dateModified":"2025-05-06T13:54:21+00:00","description":"La protection de niveau verse une prestation de d\u00e9c\u00e8s \u00e9gale au montant de la couverture ou \u00e0 la valeur accumul\u00e9e de la police, selon le montant le plus \u00e9lev\u00e9, un choix rentable pour les besoins de couverture stable.","breadcrumb":{"@id":"https:\/\/www.rbcinsurance.com\/fr-ca\/assurance-vie\/formule-protection-uniforme\/#breadcrumb"},"inLanguage":"fr-FR","potentialAction":[{"@type":"ReadAction","target":["https:\/\/www.rbcinsurance.com\/fr-ca\/assurance-vie\/formule-protection-uniforme\/"]}]},{"@type":"BreadcrumbList","@id":"https:\/\/www.rbcinsurance.com\/fr-ca\/assurance-vie\/formule-protection-uniforme\/#breadcrumb","itemListElement":[{"@type":"ListItem","position":1,"name":"Accueil","item":"https:\/\/www.rbcinsurance.com\/fr-ca\/"},{"@type":"ListItem","position":2,"name":"Une assurance vie pour les r\u00e9sidents canadiens","item":"https:\/\/www.rbcinsurance.com\/fr-ca\/assurance-vie\/"},{"@type":"ListItem","position":3,"name":"Formule protection uniforme"}]},{"@type":"WebSite","@id":"https:\/\/www.rbcinsurance.com\/fr-ca\/#website","url":"https:\/\/www.rbcinsurance.com\/fr-ca\/","name":"RBC Assurances","description":"Assurance individuelle","publisher":{"@id":"https:\/\/www.rbcinsurance.com\/fr-ca\/#organization"},"potentialAction":[{"@type":"SearchAction","target":{"@type":"EntryPoint","urlTemplate":"https:\/\/www.rbcinsurance.com\/fr-ca\/?s={search_term_string}"},"query-input":{"@type":"PropertyValueSpecification","valueRequired":true,"valueName":"search_term_string"}}],"inLanguage":"fr-FR"},{"@type":"Organization","@id":"https:\/\/www.rbcinsurance.com\/fr-ca\/#organization","name":"RBC Assurances","url":"https:\/\/www.rbcinsurance.com\/fr-ca\/","logo":{"@type":"ImageObject","inLanguage":"fr-FR","@id":"https:\/\/www.rbcinsurance.com\/fr-ca\/#\/schema\/logo\/image\/","url":"https:\/\/www.rbcinsurance.com\/fr-ca\/wp-content\/uploads\/sites\/3\/2021\/06\/rbc-logo-shield.svg?quality=80&w=1024","contentUrl":"https:\/\/www.rbcinsurance.com\/fr-ca\/wp-content\/uploads\/sites\/3\/2021\/06\/rbc-logo-shield.svg?quality=80&w=1024","width":"1024","height":"1024","caption":"RBC Assurances"},"image":{"@id":"https:\/\/www.rbcinsurance.com\/fr-ca\/#\/schema\/logo\/image\/"},"description":"RBC Assurances offre aux Canadiens des assurances personnelles telles que des assurances auto, habitation, vie, sant\u00e9, voyage et cr\u00e9dit, ainsi que des solutions de placement pour la retraite.","telephone":"1 800 769-2568","legalName":"Services d'assurance RBC Inc.","numberOfEmployees":{"@type":"QuantitativeValue","minValue":"1001","maxValue":"5000"}}]}},"jetpack_sharing_enabled":true,"_links":{"self":[{"href":"https:\/\/www.rbcinsurance.com\/fr-ca\/wp-json\/wp\/v2\/pages\/18703","targetHints":{"allow":["GET"]}}],"collection":[{"href":"https:\/\/www.rbcinsurance.com\/fr-ca\/wp-json\/wp\/v2\/pages"}],"about":[{"href":"https:\/\/www.rbcinsurance.com\/fr-ca\/wp-json\/wp\/v2\/types\/page"}],"author":[{"embeddable":true,"href":"https:\/\/www.rbcinsurance.com\/fr-ca\/wp-json\/wp\/v2\/users\/203"}],"replies":[{"embeddable":true,"href":"https:\/\/www.rbcinsurance.com\/fr-ca\/wp-json\/wp\/v2\/comments?post=18703"}],"version-history":[{"count":4,"href":"https:\/\/www.rbcinsurance.com\/fr-ca\/wp-json\/wp\/v2\/pages\/18703\/revisions"}],"predecessor-version":[{"id":19348,"href":"https:\/\/www.rbcinsurance.com\/fr-ca\/wp-json\/wp\/v2\/pages\/18703\/revisions\/19348"}],"up":[{"embeddable":true,"href":"https:\/\/www.rbcinsurance.com\/fr-ca\/wp-json\/wp\/v2\/pages\/11566"}],"wp:attachment":[{"href":"https:\/\/www.rbcinsurance.com\/fr-ca\/wp-json\/wp\/v2\/media?parent=18703"}],"curies":[{"name":"wp","href":"https:\/\/api.w.org\/{rel}","templated":true}]}}