{"id":18879,"date":"2025-04-15T15:30:31","date_gmt":"2025-04-15T19:30:31","guid":{"rendered":"https:\/\/www.rbcinsurance.com\/fr-ca\/?page_id=18879"},"modified":"2025-06-03T11:34:06","modified_gmt":"2025-06-03T15:34:06","slug":"regimes-flexibles","status":"publish","type":"page","link":"https:\/\/www.rbcinsurance.com\/fr-ca\/assurance-collective\/administrateur-du-regime\/guide-de-reference\/regimes-flexibles\/","title":{"rendered":"R\u00e9gimes flexibles"},"content":{"rendered":"\n<div class=\"wp-block-rbc-resource-wrapper resourceWrapper tabListStickyWrapper\">\n<div class=\"wp-block-group resourceWrapper__col-left tabListHeadings is-layout-flow wp-block-group-is-layout-flow\">\n<p class=\"has-text-xs-font-size\"><span class=\"rbc-yoast-breadcrum-span\"><span><a href=\"https:\/\/www.rbcinsurance.com\/fr-ca\/\">Accueil<\/a><\/span><\/span><\/p>\n\n\n\n<h1 class=\"wp-block-heading\" id=\"h-regimes-flexibles\">R\u00e9gimes flexibles<\/h1>\n\n\n\n<p><span class=\"partial__border-bottom\">Les membres d\u2019un r\u00e9gime flexible de Solutions d\u2019assurance collective pourront choisir leurs garanties d\u2019assurance maladie compl\u00e9mentaire et dentaire.<\/span><\/p>\n\n\n\n<h2 class=\"wp-block-heading\" id=\"h-nouveaux-employes\"><a href=\"#h-nouveaux-employes\" class=\"jumpLink\">Nouveaux employ\u00e9s<\/a><\/h2>\n\n\n\n<p>Pour \u00eatre en mesure de saisir les renseignements n\u00e9cessaires \u00e0 l\u2019inscription de votre employ\u00e9, vous devez d\u2019abord lui demander de remplir le <a href=\"https:\/\/www.rbcinsurance.com\/fr\/centredesressources\/file-717541.pdf\" target=\"_blank\" data-dig-id=\"LP-18879-1c147cc5\" data-dig-category=\"LP\" data-dig-action=\"link click\" data-dig-label=\"Formulaire d\u2019adh\u00e9sion \u00e0 l\u2019assurance collective\" class=\"rbc-link-format standalone-pdf\" data-icon-class=\"standalone-pdf\" rel=\"noreferrer noopener\">Formulaire d\u2019adh\u00e9sion \u00e0 l\u2019assurance collective<\/a>, puis ouvrir une session sur le portail <a href=\"https:\/\/www.administrateur-de-regime.assurancecollective.rbc.com\/?_ga=2.5447734.44299141.1744634961-454870899.1740764402\" target=\"_blank\" data-dig-id=\"LP-18879-b2152c25\" data-dig-category=\"LP\" data-dig-action=\"link click\" data-dig-label=\"Administration en ligne\" class=\"rbc-link-format newwindow-link\" data-icon-class=\"newwindow-link\" rel=\"noreferrer noopener\">Administration en ligne<\/a> pour traiter l\u2019adh\u00e9sion de l\u2019employ\u00e9. Si un employ\u00e9 ne choisit pas un module, il doit \u00eatre inscrit dans l\u2019option de r\u00e9gime offrant le niveau de protection le plus faible. Conservez l\u2019original du Formulaire d\u2019adh\u00e9sion \u00e0 l\u2019assurance collective en dossier. Reportez-vous \u00e0 la rubrique \u00ab Ajouter un membre du r\u00e9gime \u00bb de la section \u00ab Marches \u00e0 suivre \u00bb pour obtenir des instructions d\u00e9taill\u00e9es.<\/p>\n\n\n\n<h2 class=\"wp-block-heading\" id=\"h-evenements-de-la-vie\"><a href=\"#h-evenements-de-la-vie\" class=\"jumpLink\">\u00c9v\u00e9nements de la vie<\/a><\/h2>\n\n\n\n<p>Si un \u00e9v\u00e9nement de la vie survient, du genre de ceux qui sont d\u00e9crits ci-dessous, l\u2019employ\u00e9 peut changer de cat\u00e9gorie au cours des 60 jours suivant l\u2019\u00e9v\u00e9nement en question.<\/p>\n\n\n\n<p>Pour vous aider \u00e0 saisir l\u2019information n\u00e9cessaire \u00e0 l\u2019enregistrement de tout changement, demandez d\u2019abord \u00e0 l\u2019employ\u00e9 de remplir le <a href=\"https:\/\/www.rbcinsurance.com\/fr\/centredesressources\/file-717548.pdf\" target=\"_blank\" data-dig-id=\"LP-18879-157da0b1\" data-dig-category=\"LP\" data-dig-action=\"link click\" data-dig-label=\"Formulaire de modification des renseignements sur le membre du r\u00e9gime\" class=\"rbc-link-format standalone-pdf\" data-icon-class=\"standalone-pdf\" rel=\"noreferrer noopener\">Formulaire de modification des renseignements sur le membre du r\u00e9gime<\/a>. Reportez-vous \u00e0 la rubrique \u00ab Modifier ou corriger une erreur dans un renseignement existant \u00bb de la section \u00ab Marches \u00e0 suivre \u00bb pour obtenir des instructions d\u00e9taill\u00e9es.<\/p>\n\n\n\n<p>Tous les changements doivent \u00eatre d\u00e9clar\u00e9s au moyen du portail <a class=\"rbc-link-format newwindow-link\" data-icon-class=\"newwindow-link\" href=\"https:\/\/www.administrateur-de-regime.assurancecollective.rbc.com\/?_ga=2.5447734.44299141.1744634961-454870899.1740764402\" target=\"_blank\" rel=\"noreferrer noopener\" data-dig-id=\"LP-18879-b2152c25\" data-dig-label=\"Administration en ligne\" data-dig-action=\"link click\" data-dig-category=\"LP\">Administration en ligne<\/a> au cours des 60 jours suivant l\u2019\u00e9v\u00e9nement de la vie.<\/p>\n\n\n\n<p><strong>Par \u00ab \u00e9v\u00e9nement de la vie \u00bb, on entend l\u2019un des \u00e9v\u00e9nements suivants :<\/strong><\/p>\n\n\n\n<p>Ajout d\u2019une personne \u00e0 charge<\/p>\n\n\n\n<ul class=\"wp-block-rbc-list is-style-blue-disc\">\n<li class=\"wp-block-rbc-list-item\">\n<p>Mariage<\/p>\n<\/li>\n\n\n\n<li class=\"wp-block-rbc-list-item\">\n<p>Admissibilit\u00e9 d\u2019un conjoint de fait<\/p>\n<\/li>\n\n\n\n<li class=\"wp-block-rbc-list-item\">\n<p>Naissance d\u2019un enfant<\/p>\n<\/li>\n\n\n\n<li class=\"wp-block-rbc-list-item\">\n<p>Adoption d\u2019un enfant<\/p>\n<\/li>\n\n\n\n<li class=\"wp-block-rbc-list-item\">\n<p>Acceptation de la garde l\u00e9gale d\u2019un enfant<\/p>\n<\/li>\n<\/ul>\n\n\n\n<p>Suppression d\u2019une personne \u00e0 charge<\/p>\n\n\n\n<ul class=\"wp-block-rbc-list is-style-blue-disc\">\n<li class=\"wp-block-rbc-list-item\">\n<p>Divorce<\/p>\n<\/li>\n\n\n\n<li class=\"wp-block-rbc-list-item\">\n<p>S\u00e9paration l\u00e9gale<\/p>\n<\/li>\n\n\n\n<li class=\"wp-block-rbc-list-item\">\n<p>Fin de l\u2019admissibilit\u00e9 d\u2019un conjoint\/partenaire<\/p>\n<\/li>\n\n\n\n<li class=\"wp-block-rbc-list-item\">\n<p>D\u00e9c\u00e8s d\u2019un conjoint\/partenaire ou d\u2019un enfant<\/p>\n<\/li>\n<\/ul>\n\n\n\n<p>Modification de la couverture<\/p>\n\n\n\n<ul class=\"wp-block-rbc-list is-style-blue-disc\">\n<li class=\"wp-block-rbc-list-item\">\n<p>Perte ou obtention de la couverture du conjoint<\/p>\n\n\n\n<div class=\"rbci-tw-alert bannerNotice\"><div class=\"wp-block-rbc-banner-notice rbc-banner-block-header-div default\"><div><p class=\"rbc-banner-block-header\">Conseil<\/p><\/div><\/div><div class=\"rbc-banner-block-description-p \"><div class=\"buttonSection\">\n<p class=\"call-link\">Un \u00e9v\u00e9nement de la vie peut parfois \u00eatre stressant. Faites savoir aux membres de votre r\u00e9gime que le Programme d\u2019aide aux employ\u00e9s Travail\/Vie priv\u00e9e leur donne acc\u00e8s \u00e0 des conseillers comp\u00e9tents et \u00e0 de pr\u00e9cieuses ressources en cas de besoin.<\/p>\n<\/div><\/div><\/div>\n<\/li>\n<\/ul>\n\n\n\n<h2 class=\"wp-block-heading\" id=\"h-periode-de-selection\"><a href=\"#h-periode-de-selection\" class=\"jumpLink\">P\u00e9riode de s\u00e9lection<\/a><\/h2>\n\n\n\n<p>\u00c0 la date de votre s\u00e9lection, utilisez votre Fiche de s\u00e9lection des garanties et assurez-vous que les membres de r\u00e9gime ont \u00e9t\u00e9 inform\u00e9s de la p\u00e9riode de s\u00e9lection et qu\u2019ils effectuent leurs choix avant la date limite. Dans le cas des employ\u00e9s qui d\u00e9sirent effectuer un changement, nous vous recommandons de leur faire remplir la Fiche de s\u00e9lection des garanties pour faire leurs choix.<\/p>\n\n\n\n<p>Pour effectuer les changements, ouvrez une session sur le portail <a class=\"rbc-link-format newwindow-link\" data-icon-class=\"newwindow-link\" href=\"https:\/\/www.administrateur-de-regime.assurancecollective.rbc.com\/?_ga=2.5447734.44299141.1744634961-454870899.1740764402\" target=\"_blank\" rel=\"noreferrer noopener\" data-dig-id=\"LP-18879-b2152c25\" data-dig-label=\"Administration en ligne\" data-dig-action=\"link click\" data-dig-category=\"LP\">Administration en ligne<\/a> ou, une fois que tous les employ\u00e9s ont termin\u00e9 de faire leurs choix, ouvrez une session sur le portail <a class=\"rbc-link-format newwindow-link\" data-icon-class=\"newwindow-link\" href=\"https:\/\/www.administrateur-de-regime.assurancecollective.rbc.com\/?_ga=2.5447734.44299141.1744634961-454870899.1740764402\" target=\"_blank\" rel=\"noreferrer noopener\" data-dig-id=\"LP-18879-b2152c25\" data-dig-label=\"Administration en ligne\" data-dig-action=\"link click\" data-dig-category=\"LP\">Administration en ligne<\/a> WebShield Stats et t\u00e9l\u00e9chargez l\u2019\u00e9tat nominatif. Dans l\u2019\u00e9tat nominatif, notez tous les employ\u00e9s qui demandent un changement de cat\u00e9gorie.<\/p>\n\n\n\n<p>Transmettez l\u2019\u00e9tat nominatif \u00e0 l\u2019adresse <a href=\"mailto:admin@groupinsurance.rbc.com\" class=\"rbc-link-format\">admin@groupinsurance.rbc.com<\/a> pour que le changement soit effectu\u00e9. Note &#8211; Les changements relatifs \u00e0 la s\u00e9lection des garanties entreront en vigueur \u00e0 la date limite de s\u00e9lection des garanties.<\/p>\n<\/div>\n\n\n\n<div class=\"wp-block-group resourceWrapper__col-right is-layout-flow wp-block-group-is-layout-flow\">\n<div class=\"wp-block-rbc-tabs-list tabsList\"><p class=\"tabsList__heading\">Sur cette page<\/p><div class=\"tabsList__wrapper\"><button class=\"selectDropdown__button\" aria-haspopup=\"listbox\" aria-expanded=\"false\"><span class=\"selectDropdown__title\">Nouveaux employ\u00e9s<\/span><span class=\"selectDropdown__chevron\"><\/span><\/button><ul class=\"tabsList__items selectDropdown__list\"><li class=\"selectDropdown__list__item tabsList__item selected\"><a href=\"#h-nouveaux-employes\">Nouveaux employ\u00e9s<\/a><\/li><li class=\"selectDropdown__list__item tabsList__item \"><a href=\"#h-evenements-de-la-vie\">\u00c9v\u00e9nements de la vie<\/a><\/li><li class=\"selectDropdown__list__item tabsList__item \"><a href=\"#h-periode-de-selection\">P\u00e9riode de s\u00e9lection<\/a><\/li><\/ul><\/div><\/div>\n<\/div>\n<\/div>\n","protected":false},"excerpt":{"rendered":"","protected":false},"author":203,"featured_media":0,"parent":17131,"menu_order":0,"comment_status":"closed","ping_status":"closed","template":"templates\/resources.php","meta":{"_acf_changed":false,"footnotes":""},"class_list":["post-18879","page","type-page","status-publish","hentry"],"acf":[],"yoast_head":"<!-- This site is optimized with the Yoast SEO Premium plugin v27.3 (Yoast SEO v27.3) - https:\/\/yoast.com\/product\/yoast-seo-premium-wordpress\/ -->\n<title>R\u00e9gimes flexibles | RBC Assurances<\/title>\n<meta name=\"robots\" content=\"noindex, follow\" \/>\n<meta property=\"og:locale\" content=\"fr_FR\" \/>\n<meta property=\"og:type\" content=\"article\" \/>\n<meta property=\"og:title\" content=\"R\u00e9gimes flexibles | RBC Assurances\" \/>\n<meta property=\"og:url\" content=\"https:\/\/www.rbcinsurance.com\/fr-ca\/assurance-collective\/administrateur-du-regime\/guide-de-reference\/regimes-flexibles\/\" \/>\n<meta property=\"og:site_name\" content=\"RBC Assurances\" \/>\n<meta property=\"article:modified_time\" content=\"2025-06-03T15:34:06+00:00\" \/>\n<meta property=\"og:image\" content=\"https:\/\/www.rbcinsurance.com\/fr-ca\/wp-content\/uploads\/sites\/3\/2024\/12\/personal-insurance-mobile.webp?quality=80\" \/>\n\t<meta property=\"og:image:width\" content=\"450\" \/>\n\t<meta property=\"og:image:height\" content=\"250\" \/>\n\t<meta property=\"og:image:type\" content=\"image\/webp\" \/>\n<meta name=\"twitter:card\" content=\"summary_large_image\" \/>\n<script type=\"application\/ld+json\" class=\"yoast-schema-graph\">{\"@context\":\"https:\\\/\\\/schema.org\",\"@graph\":[{\"@type\":\"WebPage\",\"@id\":\"https:\\\/\\\/www.rbcinsurance.com\\\/fr-ca\\\/assurance-collective\\\/administrateur-du-regime\\\/guide-de-reference\\\/regimes-flexibles\\\/\",\"url\":\"https:\\\/\\\/www.rbcinsurance.com\\\/fr-ca\\\/assurance-collective\\\/administrateur-du-regime\\\/guide-de-reference\\\/regimes-flexibles\\\/\",\"name\":\"R\u00e9gimes flexibles | RBC Assurances\",\"isPartOf\":{\"@id\":\"https:\\\/\\\/www.rbcinsurance.com\\\/fr-ca\\\/#website\"},\"datePublished\":\"2025-04-15T19:30:31+00:00\",\"dateModified\":\"2025-06-03T15:34:06+00:00\",\"breadcrumb\":{\"@id\":\"https:\\\/\\\/www.rbcinsurance.com\\\/fr-ca\\\/assurance-collective\\\/administrateur-du-regime\\\/guide-de-reference\\\/regimes-flexibles\\\/#breadcrumb\"},\"inLanguage\":\"fr-FR\",\"potentialAction\":[{\"@type\":\"ReadAction\",\"target\":[\"https:\\\/\\\/www.rbcinsurance.com\\\/fr-ca\\\/assurance-collective\\\/administrateur-du-regime\\\/guide-de-reference\\\/regimes-flexibles\\\/\"]}]},{\"@type\":\"BreadcrumbList\",\"@id\":\"https:\\\/\\\/www.rbcinsurance.com\\\/fr-ca\\\/assurance-collective\\\/administrateur-du-regime\\\/guide-de-reference\\\/regimes-flexibles\\\/#breadcrumb\",\"itemListElement\":[{\"@type\":\"ListItem\",\"position\":1,\"name\":\"Accueil\",\"item\":\"https:\\\/\\\/www.rbcinsurance.com\\\/fr-ca\\\/\"},{\"@type\":\"ListItem\",\"position\":2,\"name\":\"Assurance collective\",\"item\":\"https:\\\/\\\/www.rbcinsurance.com\\\/fr-ca\\\/assurance-collective\\\/\"},{\"@type\":\"ListItem\",\"position\":3,\"name\":\"Ressources pour les administrateurs de r\u00e9gime\",\"item\":\"https:\\\/\\\/www.rbcinsurance.com\\\/fr-ca\\\/assurance-collective\\\/administrateur-du-regime\\\/\"},{\"@type\":\"ListItem\",\"position\":4,\"name\":\"Guide de Reference\",\"item\":\"https:\\\/\\\/www.rbcinsurance.com\\\/fr-ca\\\/assurance-collective\\\/administrateur-du-regime\\\/guide-de-reference\\\/\"},{\"@type\":\"ListItem\",\"position\":5,\"name\":\"R\u00e9gimes flexibles\"}]},{\"@type\":\"WebSite\",\"@id\":\"https:\\\/\\\/www.rbcinsurance.com\\\/fr-ca\\\/#website\",\"url\":\"https:\\\/\\\/www.rbcinsurance.com\\\/fr-ca\\\/\",\"name\":\"RBC Assurances\",\"description\":\"Assurance individuelle\",\"publisher\":{\"@id\":\"https:\\\/\\\/www.rbcinsurance.com\\\/fr-ca\\\/#organization\"},\"potentialAction\":[{\"@type\":\"SearchAction\",\"target\":{\"@type\":\"EntryPoint\",\"urlTemplate\":\"https:\\\/\\\/www.rbcinsurance.com\\\/fr-ca\\\/?s={search_term_string}\"},\"query-input\":{\"@type\":\"PropertyValueSpecification\",\"valueRequired\":true,\"valueName\":\"search_term_string\"}}],\"inLanguage\":\"fr-FR\"},{\"@type\":\"Organization\",\"@id\":\"https:\\\/\\\/www.rbcinsurance.com\\\/fr-ca\\\/#organization\",\"name\":\"RBC Assurances\",\"url\":\"https:\\\/\\\/www.rbcinsurance.com\\\/fr-ca\\\/\",\"logo\":{\"@type\":\"ImageObject\",\"inLanguage\":\"fr-FR\",\"@id\":\"https:\\\/\\\/www.rbcinsurance.com\\\/fr-ca\\\/#\\\/schema\\\/logo\\\/image\\\/\",\"url\":\"https:\\\/\\\/www.rbcinsurance.com\\\/fr-ca\\\/wp-content\\\/uploads\\\/sites\\\/3\\\/2021\\\/06\\\/rbc-logo-shield.svg?quality=80&w=1024\",\"contentUrl\":\"https:\\\/\\\/www.rbcinsurance.com\\\/fr-ca\\\/wp-content\\\/uploads\\\/sites\\\/3\\\/2021\\\/06\\\/rbc-logo-shield.svg?quality=80&w=1024\",\"width\":\"1024\",\"height\":\"1024\",\"caption\":\"RBC Assurances\"},\"image\":{\"@id\":\"https:\\\/\\\/www.rbcinsurance.com\\\/fr-ca\\\/#\\\/schema\\\/logo\\\/image\\\/\"},\"description\":\"RBC Assurances offre aux Canadiens des assurances personnelles telles que des assurances auto, habitation, vie, sant\u00e9, voyage et cr\u00e9dit, ainsi que des solutions de placement pour la retraite.\",\"telephone\":\"1 800 769-2568\",\"legalName\":\"Services d'assurance RBC Inc.\",\"numberOfEmployees\":{\"@type\":\"QuantitativeValue\",\"minValue\":\"1001\",\"maxValue\":\"5000\"}}]}<\/script>\n<!-- \/ Yoast SEO Premium plugin. -->","yoast_head_json":{"title":"R\u00e9gimes flexibles | RBC Assurances","robots":{"index":"noindex","follow":"follow"},"og_locale":"fr_FR","og_type":"article","og_title":"R\u00e9gimes flexibles | RBC Assurances","og_url":"https:\/\/www.rbcinsurance.com\/fr-ca\/assurance-collective\/administrateur-du-regime\/guide-de-reference\/regimes-flexibles\/","og_site_name":"RBC Assurances","article_modified_time":"2025-06-03T15:34:06+00:00","og_image":[{"width":450,"height":250,"url":"https:\/\/www.rbcinsurance.com\/fr-ca\/wp-content\/uploads\/sites\/3\/2024\/12\/personal-insurance-mobile.webp?quality=80","type":"image\/webp"}],"twitter_card":"summary_large_image","schema":{"@context":"https:\/\/schema.org","@graph":[{"@type":"WebPage","@id":"https:\/\/www.rbcinsurance.com\/fr-ca\/assurance-collective\/administrateur-du-regime\/guide-de-reference\/regimes-flexibles\/","url":"https:\/\/www.rbcinsurance.com\/fr-ca\/assurance-collective\/administrateur-du-regime\/guide-de-reference\/regimes-flexibles\/","name":"R\u00e9gimes flexibles | RBC Assurances","isPartOf":{"@id":"https:\/\/www.rbcinsurance.com\/fr-ca\/#website"},"datePublished":"2025-04-15T19:30:31+00:00","dateModified":"2025-06-03T15:34:06+00:00","breadcrumb":{"@id":"https:\/\/www.rbcinsurance.com\/fr-ca\/assurance-collective\/administrateur-du-regime\/guide-de-reference\/regimes-flexibles\/#breadcrumb"},"inLanguage":"fr-FR","potentialAction":[{"@type":"ReadAction","target":["https:\/\/www.rbcinsurance.com\/fr-ca\/assurance-collective\/administrateur-du-regime\/guide-de-reference\/regimes-flexibles\/"]}]},{"@type":"BreadcrumbList","@id":"https:\/\/www.rbcinsurance.com\/fr-ca\/assurance-collective\/administrateur-du-regime\/guide-de-reference\/regimes-flexibles\/#breadcrumb","itemListElement":[{"@type":"ListItem","position":1,"name":"Accueil","item":"https:\/\/www.rbcinsurance.com\/fr-ca\/"},{"@type":"ListItem","position":2,"name":"Assurance collective","item":"https:\/\/www.rbcinsurance.com\/fr-ca\/assurance-collective\/"},{"@type":"ListItem","position":3,"name":"Ressources pour les administrateurs de r\u00e9gime","item":"https:\/\/www.rbcinsurance.com\/fr-ca\/assurance-collective\/administrateur-du-regime\/"},{"@type":"ListItem","position":4,"name":"Guide de Reference","item":"https:\/\/www.rbcinsurance.com\/fr-ca\/assurance-collective\/administrateur-du-regime\/guide-de-reference\/"},{"@type":"ListItem","position":5,"name":"R\u00e9gimes flexibles"}]},{"@type":"WebSite","@id":"https:\/\/www.rbcinsurance.com\/fr-ca\/#website","url":"https:\/\/www.rbcinsurance.com\/fr-ca\/","name":"RBC Assurances","description":"Assurance individuelle","publisher":{"@id":"https:\/\/www.rbcinsurance.com\/fr-ca\/#organization"},"potentialAction":[{"@type":"SearchAction","target":{"@type":"EntryPoint","urlTemplate":"https:\/\/www.rbcinsurance.com\/fr-ca\/?s={search_term_string}"},"query-input":{"@type":"PropertyValueSpecification","valueRequired":true,"valueName":"search_term_string"}}],"inLanguage":"fr-FR"},{"@type":"Organization","@id":"https:\/\/www.rbcinsurance.com\/fr-ca\/#organization","name":"RBC Assurances","url":"https:\/\/www.rbcinsurance.com\/fr-ca\/","logo":{"@type":"ImageObject","inLanguage":"fr-FR","@id":"https:\/\/www.rbcinsurance.com\/fr-ca\/#\/schema\/logo\/image\/","url":"https:\/\/www.rbcinsurance.com\/fr-ca\/wp-content\/uploads\/sites\/3\/2021\/06\/rbc-logo-shield.svg?quality=80&w=1024","contentUrl":"https:\/\/www.rbcinsurance.com\/fr-ca\/wp-content\/uploads\/sites\/3\/2021\/06\/rbc-logo-shield.svg?quality=80&w=1024","width":"1024","height":"1024","caption":"RBC Assurances"},"image":{"@id":"https:\/\/www.rbcinsurance.com\/fr-ca\/#\/schema\/logo\/image\/"},"description":"RBC Assurances offre aux Canadiens des assurances personnelles telles que des assurances auto, habitation, vie, sant\u00e9, voyage et cr\u00e9dit, ainsi que des solutions de placement pour la retraite.","telephone":"1 800 769-2568","legalName":"Services d'assurance RBC Inc.","numberOfEmployees":{"@type":"QuantitativeValue","minValue":"1001","maxValue":"5000"}}]}},"jetpack_sharing_enabled":true,"_links":{"self":[{"href":"https:\/\/www.rbcinsurance.com\/fr-ca\/wp-json\/wp\/v2\/pages\/18879","targetHints":{"allow":["GET"]}}],"collection":[{"href":"https:\/\/www.rbcinsurance.com\/fr-ca\/wp-json\/wp\/v2\/pages"}],"about":[{"href":"https:\/\/www.rbcinsurance.com\/fr-ca\/wp-json\/wp\/v2\/types\/page"}],"author":[{"embeddable":true,"href":"https:\/\/www.rbcinsurance.com\/fr-ca\/wp-json\/wp\/v2\/users\/203"}],"replies":[{"embeddable":true,"href":"https:\/\/www.rbcinsurance.com\/fr-ca\/wp-json\/wp\/v2\/comments?post=18879"}],"version-history":[{"count":7,"href":"https:\/\/www.rbcinsurance.com\/fr-ca\/wp-json\/wp\/v2\/pages\/18879\/revisions"}],"predecessor-version":[{"id":19554,"href":"https:\/\/www.rbcinsurance.com\/fr-ca\/wp-json\/wp\/v2\/pages\/18879\/revisions\/19554"}],"up":[{"embeddable":true,"href":"https:\/\/www.rbcinsurance.com\/fr-ca\/wp-json\/wp\/v2\/pages\/17131"}],"wp:attachment":[{"href":"https:\/\/www.rbcinsurance.com\/fr-ca\/wp-json\/wp\/v2\/media?parent=18879"}],"curies":[{"name":"wp","href":"https:\/\/api.w.org\/{rel}","templated":true}]}}