{"id":20016,"date":"2025-07-02T10:01:52","date_gmt":"2025-07-02T14:01:52","guid":{"rendered":"https:\/\/www.rbcinsurance.com\/fr-ca\/?page_id=20016"},"modified":"2025-12-23T15:23:19","modified_gmt":"2025-12-23T20:23:19","slug":"apercu","status":"publish","type":"page","link":"https:\/\/www.rbcinsurance.com\/fr-ca\/a-propos\/apercu\/","title":{"rendered":"Aper\u00e7u"},"content":{"rendered":"\n<p><\/p>\n\n\n<div class=\"yoast-breadcrumbs\"><span class=\"rbc-yoast-breadcrum-span\"><span><a href=\"https:\/\/www.rbcinsurance.com\/fr-ca\/\">Accueil<\/a><\/span> &gt; <span><a href=\"https:\/\/www.rbcinsurance.com\/fr-ca\/a-propos\/\">\u00c0 propos de nous<\/a><\/span> &gt; <span class=\"breadcrumb_last\" aria-current=\"page\">Aper\u00e7u<\/span><\/span><\/div>\n\n\n<p><\/p>\n\n\n\n<h1 class=\"wp-block-heading\" id=\"h-apercu-de-rbc-assurances\">Aper\u00e7u de RBC Assurances<\/h1>\n\n\n\n<div class=\"wp-block-rbc-layout-selector layoutSelector layoutSelector__layout7 mar-t-0 mob-mar-t-0 pad-b-dbl mob-pad-b-dbl\">\n<div class=\"wp-block-group is-layout-flow wp-block-group-is-layout-flow\">\n<div class=\"wp-block-group layoutSelector__header is-layout-flow wp-block-group-is-layout-flow\">\n<p>RBC Assurances&nbsp;offre un vaste \u00e9ventail de conseils et de solutions en mati\u00e8re d\u2019assurance vie, maladie, habitation, automobile et voyage, de gestion de patrimoine et de r\u00e9assurance, ainsi que des services d\u2019assurance cr\u00e9dit et entreprise, \u00e0 une client\u00e8le compos\u00e9e de particuliers, d\u2019entreprises et de groupes.<\/p>\n\n\n\n<div style=\"height:25px\" aria-hidden=\"true\" class=\"wp-block-spacer\"><\/div>\n\n\n\n<p>RBC Assurances est la marque descriptive des entit\u00e9s administratives en assurance de la Banque Royale du Canada, qui est la plus grande banque au Canada, et l\u2019une des plus importantes du monde de par sa capitalisation boursi\u00e8re. Figurant au nombre des plus importantes soci\u00e9t\u00e9s d\u2019assurance d\u00e9tenues par une banque canadienne, RBC Assurances compte environ 2&nbsp;800 employ\u00e9s et pr\u00e8s de cinq millions de clients partout dans le monde.<\/p>\n<\/div>\n\n\n\n<div class=\"wp-block-group layoutSelector__cards-container layoutSelector__is-flex layoutSelector__direction-row is-layout-flow wp-block-group-is-layout-flow\">\n<div class=\"wp-block-group layoutSelector__is-flex layoutSelector__direction-col flex-gap-0 flex-1\/3 is-layout-flow wp-block-group-is-layout-flow\">\n<h3 class=\"wp-block-heading\" id=\"h-au-canada\">Au Canada<\/h3>\n\n\n\n<p>RBC Assurances offre des solutions, des renseignements, des conseils et des services par l\u2019interm\u00e9diaire d\u2019une grande vari\u00e9t\u00e9 de modes de prestation&nbsp;:<\/p>\n<\/div>\n\n\n\n<div class=\"wp-block-group layoutSelector__is-flex layoutSelector__direction-col flex-2\/3 is-layout-flow wp-block-group-is-layout-flow\">\n<div class=\"wp-block-group layoutSelector__is-flex layoutSelector__direction-row is-layout-flow wp-block-group-is-layout-flow\">\n<div class=\"wp-block-rbc-information-card informationCard\" style=\"--icon-url:url(undefined);background-color:#EDF7FC\">\n<div class=\"wp-block-group informationCard__content is-layout-flow wp-block-group-is-layout-flow\">\n<div class=\"wp-block-group informationCard__icon-group is-layout-flow wp-block-group-is-layout-flow\">\n<ul class=\"wp-block-list list-core-block second-level-inherit third-level-inherit is-style-blue-disc\">\n<li>un centre de conseils&nbsp;;<\/li>\n\n\n\n<li>des boutiques de services RBC Assurances&nbsp;;<\/li>\n\n\n\n<li>des conseillers mobiles&nbsp;;<\/li>\n\n\n\n<li>des plateformes num\u00e9riques, mobiles et sociales&nbsp;;<\/li>\n\n\n\n<li>des distributeurs ind\u00e9pendants.<\/li>\n<\/ul>\n<\/div>\n<\/div>\n<\/div>\n<\/div>\n<\/div>\n<\/div>\n<\/div>\n\n\n\n<p><\/p>\n\n\n\n<div class=\"wp-block-group is-layout-flow wp-block-group-is-layout-flow\">\n<div class=\"wp-block-rbc-information-card informationCard\" style=\"--icon-url:url(undefined);background-color:#EDF7FC\">\n<div class=\"wp-block-group informationCard__content is-layout-flow wp-block-group-is-layout-flow\">\n<div class=\"wp-block-group informationCard__icon-group is-layout-flow wp-block-group-is-layout-flow\">\n<ul class=\"wp-block-list list-core-block second-level-inherit third-level-inherit is-style-blue-disc\">\n<li>En assurance de dommages, nous offrons une vari\u00e9t\u00e9 de solutions d\u2019assurance pour les particuliers et les groupes, dont des produits d\u2019assurance auto et habitation, ainsi que des assurances loisirs et mode de vie pour les r\u00e9sidences saisonni\u00e8res, les v\u00e9hicules r\u00e9cr\u00e9atifs, les embarcations et d\u2019autres biens. Assurance priv\u00e9e RBC r\u00e9pond aux besoins uniques de la client\u00e8le fortun\u00e9e. Ces produits sont distribu\u00e9s par l\u2019Agence d\u2019assurances RBC lt\u00e9e et \u00e9tablis par Aviva, Compagnie d\u2019Assurance G\u00e9n\u00e9rale.<\/li>\n\n\n\n<li>Nous avons une forte pr\u00e9sence sur les march\u00e9s des produits d\u2019assurance de personnes individuelle gr\u00e2ce \u00e0 un portefeuille de produits qui comprend des solutions diversifi\u00e9es d\u2019assurance vie, maladies graves et invalidit\u00e9. Parmi nos solutions les plus recherch\u00e9es, mentionnons l\u2019assurance vie temporaire simplifi\u00e9e \u00e0 hauteur de 1 million $ et l\u2019Assurance Croissance RBC<sup>\u00ae<\/sup>, un produit d\u2019assurance vie enti\u00e8re avec participation. Nous avons \u00e9t\u00e9 le premier assureur au Canada \u00e0 offrir l\u2019avenant Soins de compassion familiale avec notre assurance invalidit\u00e9 individuelle.<\/li>\n\n\n\n<li>Pour r\u00e9pondre aux besoins des clients en mati\u00e8re de placement, de retraite et de planification successorale, nous offrons diverses solutions en gestion de patrimoine, notamment des fonds distincts, qui visent \u00e0 prot\u00e9ger l\u2019argent des clients, et des rentes imm\u00e9diates, qui offrent aux retrait\u00e9s un revenu garanti leur vie durant.<\/li>\n\n\n\n<li>Nous offrons du soutien et des solutions, comme les rentes collectives, aux entreprises ayant un r\u00e9gime \u00e0 prestations d\u00e9termin\u00e9es, pour qu\u2019elles puissent se concentrer sur leurs activit\u00e9s de base \u2013 et nous les aidons \u00e0 assurer \u00e0 leurs employ\u00e9s une s\u00e9curit\u00e9 pendant la retraite.<\/li>\n\n\n\n<li>Pour aider les entreprises \u00e0 prot\u00e9ger leurs employ\u00e9s, nous offrons des r\u00e9gimes d\u2019assurance collective qui incluent une gamme compl\u00e8te d\u2019options d\u2019assurance vie, invalidit\u00e9, maladie et soins dentaires collective assorties de caract\u00e9ristiques souples. Aux propri\u00e9taires d\u2019entreprise, nous offrons l\u2019assurance personne cl\u00e9, l\u2019assurance rachat de parts et l\u2019assurance frais g\u00e9n\u00e9raux d\u2019entreprise.<\/li>\n\n\n\n<li>Notre collaboration avec des chefs de file de l\u2019industrie nous permet de donner aux clients acc\u00e8s \u00e0 des offres novatrices \u00e0 valeur ajout\u00e9e ainsi qu\u2019\u00e0 des solutions num\u00e9riques, comme des services de deuxi\u00e8me avis m\u00e9dical, des services de sant\u00e9 physique et mentale, mais aussi des programmes de bien-\u00eatre en milieu de travail.<\/li>\n\n\n\n<li>Nous offrons des produits et des services d\u2019assurance voyage sur notre site Web, dans nos boutiques RBC Assurances, dans les succursales RBC Banque Royale, par l\u2019interm\u00e9diaire de conseillers mobiles et avec certaines cartes de cr\u00e9dit RBC. Nous offrons \u00e9galement des solutions d\u2019assurance voyage pour les groupes et les associations.<\/li>\n\n\n\n<li>Les Services d\u2019assurance RBC Inc. offrent des services de soutien administratif pour les produits d\u2019assurance cr\u00e9dit destin\u00e9s aux entreprises et aux particuliers clients de RBC Banque Royale, notamment l\u2019assurance vie, maladies graves et invalidit\u00e9 couvrant les pr\u00eats hypoth\u00e9caires, les pr\u00eats personnels, les pr\u00eats aux entreprises et les soldes des cartes de cr\u00e9dit de RBC Banque Royale.<\/li>\n<\/ul>\n<\/div>\n<\/div>\n<\/div>\n<\/div>\n<\/div>\n\n\n\n<p>Pour de l\u2019information voir le\u00a0<a href=\"https:\/\/www.rbcinsurance.com\/en-ca\/wp-content\/uploads\/sites\/2\/2021\/06\/LICAT-Public-Disclosure-Q42025_FR.pdf\" data-dig-id=\"LP-20016-966caeab\" data-dig-category=\"LP\" data-dig-action=\"link click\" data-dig-label=\"Sommaire des ratios du TSAV\" class=\"rbc-link-format\">Sommaire des ratios du TSAV<\/a>\u00a0ou voir le\u00a0<a href=\"https:\/\/www.rbcinsurance.com\/fr-ca\/a-propos\/licat-archive\/\" data-dig-id=\"LP-20016-4e0b97d7\" data-dig-label=\"Sommaires des ratios du TSAV - Archive\" data-dig-action=\"link click\" data-dig-category=\"LP\" class=\"rbc-link-format\">Sommaires des ratios du TSAV &#8211; Archive<\/a>.<\/p>\n\n\n\n<p class=\"pad-b-dbl mob-pad-b-dbl\">Obtenez plus d\u2019information sur notre secteur de&nbsp;<a href=\"https:\/\/www.rbcinsurance.com\/fr-ca\/reassurance\/\" data-dig-id=\"LP-20016-3a4ab345\" data-dig-category=\"LP\" data-dig-action=\"link click\" data-dig-label=\"la r\u00e9assurance internationale\" class=\"rbc-link-format\">la r\u00e9assurance internationale<\/a>.<\/p>\n","protected":false},"excerpt":{"rendered":"<p>Aper\u00e7u de RBC Assurances Pour de l\u2019information voir le\u00a0Sommaire des ratios du TSAV\u00a0ou voir le\u00a0Sommaires des ratios du TSAV &#8211; Archive. Obtenez plus d\u2019information sur notre secteur de&nbsp;la r\u00e9assurance internationale.<\/p>\n","protected":false},"author":203,"featured_media":0,"parent":20004,"menu_order":0,"comment_status":"closed","ping_status":"closed","template":"templates\/new-rbci-design.php","meta":{"_acf_changed":false,"footnotes":""},"class_list":["post-20016","page","type-page","status-publish","hentry"],"pp_force_visibility":null,"pp_subpost_visibility":null,"pp_inherited_force_visibility":null,"pp_inherited_subpost_visibility":null,"acf":[],"yoast_head":"<!-- This site is optimized with the Yoast SEO Premium plugin v27.1 (Yoast SEO v27.1.1) - https:\/\/yoast.com\/product\/yoast-seo-premium-wordpress\/ -->\n<title>Aper\u00e7u | RBC Assurances<\/title>\n<meta name=\"description\" content=\"RBC Assurances offre des conseils et des solutions en mati\u00e8re d\u2019assurance vie, maladie, habitation, automobile et voyage, de gestion de patrimoine et de r\u00e9assurance, ainsi que des services d\u2019assurance cr\u00e9dit et entreprise.\" \/>\n<meta name=\"robots\" content=\"index, follow, max-snippet:-1, max-image-preview:large, max-video-preview:-1\" \/>\n<link rel=\"canonical\" href=\"https:\/\/www.rbcinsurance.com\/fr-ca\/a-propos\/apercu\/\" \/>\n<meta property=\"og:locale\" content=\"fr_FR\" \/>\n<meta property=\"og:type\" content=\"article\" \/>\n<meta property=\"og:title\" content=\"Aper\u00e7u | RBC Assurances\" \/>\n<meta property=\"og:description\" content=\"RBC Assurances offre des conseils et des solutions en mati\u00e8re d\u2019assurance vie, maladie, habitation, automobile et voyage, de gestion de patrimoine et de r\u00e9assurance, ainsi que des services d\u2019assurance cr\u00e9dit et entreprise.\" \/>\n<meta property=\"og:url\" content=\"https:\/\/www.rbcinsurance.com\/fr-ca\/a-propos\/apercu\/\" \/>\n<meta property=\"og:site_name\" content=\"RBC Assurances\" \/>\n<meta property=\"article:modified_time\" content=\"2025-12-23T20:23:19+00:00\" \/>\n<meta property=\"og:image\" content=\"https:\/\/www.rbcinsurance.com\/fr-ca\/wp-content\/uploads\/sites\/3\/2024\/12\/personal-insurance-mobile.webp?quality=80\" \/>\n\t<meta property=\"og:image:width\" content=\"450\" \/>\n\t<meta property=\"og:image:height\" content=\"250\" \/>\n\t<meta property=\"og:image:type\" content=\"image\/webp\" \/>\n<meta name=\"twitter:card\" content=\"summary_large_image\" \/>\n<meta name=\"twitter:label1\" content=\"Est. reading time\" \/>\n\t<meta name=\"twitter:data1\" content=\"4 minutes\" \/>\n<script type=\"application\/ld+json\" class=\"yoast-schema-graph\">{\"@context\":\"https:\/\/schema.org\",\"@graph\":[{\"@type\":\"WebPage\",\"@id\":\"https:\/\/www.rbcinsurance.com\/fr-ca\/a-propos\/apercu\/\",\"url\":\"https:\/\/www.rbcinsurance.com\/fr-ca\/a-propos\/apercu\/\",\"name\":\"Aper\u00e7u | RBC Assurances\",\"isPartOf\":{\"@id\":\"https:\/\/www.rbcinsurance.com\/fr-ca\/#website\"},\"datePublished\":\"2025-07-02T14:01:52+00:00\",\"dateModified\":\"2025-12-23T20:23:19+00:00\",\"description\":\"RBC Assurances offre des conseils et des solutions en mati\u00e8re d\u2019assurance vie, maladie, habitation, automobile et voyage, de gestion de patrimoine et de r\u00e9assurance, ainsi que des services d\u2019assurance cr\u00e9dit et entreprise.\",\"breadcrumb\":{\"@id\":\"https:\/\/www.rbcinsurance.com\/fr-ca\/a-propos\/apercu\/#breadcrumb\"},\"inLanguage\":\"fr-FR\",\"potentialAction\":[{\"@type\":\"ReadAction\",\"target\":[\"https:\/\/www.rbcinsurance.com\/fr-ca\/a-propos\/apercu\/\"]}]},{\"@type\":\"BreadcrumbList\",\"@id\":\"https:\/\/www.rbcinsurance.com\/fr-ca\/a-propos\/apercu\/#breadcrumb\",\"itemListElement\":[{\"@type\":\"ListItem\",\"position\":1,\"name\":\"Accueil\",\"item\":\"https:\/\/www.rbcinsurance.com\/fr-ca\/\"},{\"@type\":\"ListItem\",\"position\":2,\"name\":\"\u00c0 propos de nous\",\"item\":\"https:\/\/www.rbcinsurance.com\/fr-ca\/a-propos\/\"},{\"@type\":\"ListItem\",\"position\":3,\"name\":\"Aper\u00e7u\"}]},{\"@type\":\"WebSite\",\"@id\":\"https:\/\/www.rbcinsurance.com\/fr-ca\/#website\",\"url\":\"https:\/\/www.rbcinsurance.com\/fr-ca\/\",\"name\":\"RBC Assurances\",\"description\":\"Assurance individuelle\",\"publisher\":{\"@id\":\"https:\/\/www.rbcinsurance.com\/fr-ca\/#organization\"},\"potentialAction\":[{\"@type\":\"SearchAction\",\"target\":{\"@type\":\"EntryPoint\",\"urlTemplate\":\"https:\/\/www.rbcinsurance.com\/fr-ca\/?s={search_term_string}\"},\"query-input\":{\"@type\":\"PropertyValueSpecification\",\"valueRequired\":true,\"valueName\":\"search_term_string\"}}],\"inLanguage\":\"fr-FR\"},{\"@type\":\"Organization\",\"@id\":\"https:\/\/www.rbcinsurance.com\/fr-ca\/#organization\",\"name\":\"RBC Assurances\",\"url\":\"https:\/\/www.rbcinsurance.com\/fr-ca\/\",\"logo\":{\"@type\":\"ImageObject\",\"inLanguage\":\"fr-FR\",\"@id\":\"https:\/\/www.rbcinsurance.com\/fr-ca\/#\/schema\/logo\/image\/\",\"url\":\"https:\/\/www.rbcinsurance.com\/fr-ca\/wp-content\/uploads\/sites\/3\/2021\/06\/rbc-logo-shield.svg?quality=80&w=1024\",\"contentUrl\":\"https:\/\/www.rbcinsurance.com\/fr-ca\/wp-content\/uploads\/sites\/3\/2021\/06\/rbc-logo-shield.svg?quality=80&w=1024\",\"width\":\"1024\",\"height\":\"1024\",\"caption\":\"RBC Assurances\"},\"image\":{\"@id\":\"https:\/\/www.rbcinsurance.com\/fr-ca\/#\/schema\/logo\/image\/\"},\"description\":\"RBC Assurances offre aux Canadiens des assurances personnelles telles que des assurances auto, habitation, vie, sant\u00e9, voyage et cr\u00e9dit, ainsi que des solutions de placement pour la retraite.\",\"telephone\":\"1 800 769-2568\",\"legalName\":\"Services d'assurance RBC Inc.\",\"numberOfEmployees\":{\"@type\":\"QuantitativeValue\",\"minValue\":\"1001\",\"maxValue\":\"5000\"}}]}<\/script>\n<!-- \/ Yoast SEO Premium plugin. -->","yoast_head_json":{"title":"Aper\u00e7u | RBC Assurances","description":"RBC Assurances offre des conseils et des solutions en mati\u00e8re d\u2019assurance vie, maladie, habitation, automobile et voyage, de gestion de patrimoine et de r\u00e9assurance, ainsi que des services d\u2019assurance cr\u00e9dit et entreprise.","robots":{"index":"index","follow":"follow","max-snippet":"max-snippet:-1","max-image-preview":"max-image-preview:large","max-video-preview":"max-video-preview:-1"},"canonical":"https:\/\/www.rbcinsurance.com\/fr-ca\/a-propos\/apercu\/","og_locale":"fr_FR","og_type":"article","og_title":"Aper\u00e7u | RBC Assurances","og_description":"RBC Assurances offre des conseils et des solutions en mati\u00e8re d\u2019assurance vie, maladie, habitation, automobile et voyage, de gestion de patrimoine et de r\u00e9assurance, ainsi que des services d\u2019assurance cr\u00e9dit et entreprise.","og_url":"https:\/\/www.rbcinsurance.com\/fr-ca\/a-propos\/apercu\/","og_site_name":"RBC Assurances","article_modified_time":"2025-12-23T20:23:19+00:00","og_image":[{"width":450,"height":250,"url":"https:\/\/www.rbcinsurance.com\/fr-ca\/wp-content\/uploads\/sites\/3\/2024\/12\/personal-insurance-mobile.webp?quality=80","type":"image\/webp"}],"twitter_card":"summary_large_image","twitter_misc":{"Est. reading time":"4 minutes"},"schema":{"@context":"https:\/\/schema.org","@graph":[{"@type":"WebPage","@id":"https:\/\/www.rbcinsurance.com\/fr-ca\/a-propos\/apercu\/","url":"https:\/\/www.rbcinsurance.com\/fr-ca\/a-propos\/apercu\/","name":"Aper\u00e7u | RBC Assurances","isPartOf":{"@id":"https:\/\/www.rbcinsurance.com\/fr-ca\/#website"},"datePublished":"2025-07-02T14:01:52+00:00","dateModified":"2025-12-23T20:23:19+00:00","description":"RBC Assurances offre des conseils et des solutions en mati\u00e8re d\u2019assurance vie, maladie, habitation, automobile et voyage, de gestion de patrimoine et de r\u00e9assurance, ainsi que des services d\u2019assurance cr\u00e9dit et entreprise.","breadcrumb":{"@id":"https:\/\/www.rbcinsurance.com\/fr-ca\/a-propos\/apercu\/#breadcrumb"},"inLanguage":"fr-FR","potentialAction":[{"@type":"ReadAction","target":["https:\/\/www.rbcinsurance.com\/fr-ca\/a-propos\/apercu\/"]}]},{"@type":"BreadcrumbList","@id":"https:\/\/www.rbcinsurance.com\/fr-ca\/a-propos\/apercu\/#breadcrumb","itemListElement":[{"@type":"ListItem","position":1,"name":"Accueil","item":"https:\/\/www.rbcinsurance.com\/fr-ca\/"},{"@type":"ListItem","position":2,"name":"\u00c0 propos de nous","item":"https:\/\/www.rbcinsurance.com\/fr-ca\/a-propos\/"},{"@type":"ListItem","position":3,"name":"Aper\u00e7u"}]},{"@type":"WebSite","@id":"https:\/\/www.rbcinsurance.com\/fr-ca\/#website","url":"https:\/\/www.rbcinsurance.com\/fr-ca\/","name":"RBC Assurances","description":"Assurance individuelle","publisher":{"@id":"https:\/\/www.rbcinsurance.com\/fr-ca\/#organization"},"potentialAction":[{"@type":"SearchAction","target":{"@type":"EntryPoint","urlTemplate":"https:\/\/www.rbcinsurance.com\/fr-ca\/?s={search_term_string}"},"query-input":{"@type":"PropertyValueSpecification","valueRequired":true,"valueName":"search_term_string"}}],"inLanguage":"fr-FR"},{"@type":"Organization","@id":"https:\/\/www.rbcinsurance.com\/fr-ca\/#organization","name":"RBC Assurances","url":"https:\/\/www.rbcinsurance.com\/fr-ca\/","logo":{"@type":"ImageObject","inLanguage":"fr-FR","@id":"https:\/\/www.rbcinsurance.com\/fr-ca\/#\/schema\/logo\/image\/","url":"https:\/\/www.rbcinsurance.com\/fr-ca\/wp-content\/uploads\/sites\/3\/2021\/06\/rbc-logo-shield.svg?quality=80&w=1024","contentUrl":"https:\/\/www.rbcinsurance.com\/fr-ca\/wp-content\/uploads\/sites\/3\/2021\/06\/rbc-logo-shield.svg?quality=80&w=1024","width":"1024","height":"1024","caption":"RBC Assurances"},"image":{"@id":"https:\/\/www.rbcinsurance.com\/fr-ca\/#\/schema\/logo\/image\/"},"description":"RBC Assurances offre aux Canadiens des assurances personnelles telles que des assurances auto, habitation, vie, sant\u00e9, voyage et cr\u00e9dit, ainsi que des solutions de placement pour la retraite.","telephone":"1 800 769-2568","legalName":"Services d'assurance RBC Inc.","numberOfEmployees":{"@type":"QuantitativeValue","minValue":"1001","maxValue":"5000"}}]}},"jetpack_sharing_enabled":true,"_links":{"self":[{"href":"https:\/\/www.rbcinsurance.com\/fr-ca\/wp-json\/wp\/v2\/pages\/20016","targetHints":{"allow":["GET"]}}],"collection":[{"href":"https:\/\/www.rbcinsurance.com\/fr-ca\/wp-json\/wp\/v2\/pages"}],"about":[{"href":"https:\/\/www.rbcinsurance.com\/fr-ca\/wp-json\/wp\/v2\/types\/page"}],"author":[{"embeddable":true,"href":"https:\/\/www.rbcinsurance.com\/fr-ca\/wp-json\/wp\/v2\/users\/203"}],"replies":[{"embeddable":true,"href":"https:\/\/www.rbcinsurance.com\/fr-ca\/wp-json\/wp\/v2\/comments?post=20016"}],"version-history":[{"count":11,"href":"https:\/\/www.rbcinsurance.com\/fr-ca\/wp-json\/wp\/v2\/pages\/20016\/revisions"}],"predecessor-version":[{"id":23536,"href":"https:\/\/www.rbcinsurance.com\/fr-ca\/wp-json\/wp\/v2\/pages\/20016\/revisions\/23536"}],"up":[{"embeddable":true,"href":"https:\/\/www.rbcinsurance.com\/fr-ca\/wp-json\/wp\/v2\/pages\/20004"}],"wp:attachment":[{"href":"https:\/\/www.rbcinsurance.com\/fr-ca\/wp-json\/wp\/v2\/media?parent=20016"}],"curies":[{"name":"wp","href":"https:\/\/api.w.org\/{rel}","templated":true}]}}