{"id":20191,"date":"2025-07-02T09:35:06","date_gmt":"2025-07-02T13:35:06","guid":{"rendered":"https:\/\/www.rbcinsurance.com\/fr-ca\/?page_id=20191"},"modified":"2026-03-16T12:47:15","modified_gmt":"2026-03-16T16:47:15","slug":"reassurance","status":"publish","type":"page","link":"https:\/\/www.rbcinsurance.com\/fr-ca\/reassurance\/","title":{"rendered":"R\u00e9assurance"},"content":{"rendered":"\n<p><\/p>\n\n\n<div class=\"yoast-breadcrumbs\"><span class=\"rbc-yoast-breadcrum-span\"><span><a href=\"https:\/\/www.rbcinsurance.com\/fr-ca\/\">Accueil<\/a><\/span> &gt; <span class=\"breadcrumb_last\" aria-current=\"page\">R\u00e9assurance<\/span><\/span><\/div>\n\n\n<div class=\"wp-block-rbc-banner banner  mar-t-0 mob-mar-t-0\">\n<div class=\"wp-block-group is-layout-flow wp-block-group-is-layout-flow\">\n<div class=\"wp-block-columns banner__cols is-layout-flex wp-container-core-columns-is-layout-28f84493 wp-block-columns-is-layout-flex\">\n<div class=\"wp-block-column banner__col-left is-layout-flow wp-block-column-is-layout-flow\">\n<div class=\"wp-block-group banner__cta is-layout-flow wp-block-group-is-layout-flow\">\n<div class=\"wp-block-rbc-hero-card heroCard banner__cta1\" style=\"background-color:#006AC3\"><div class=\"heroCard__container\"><h1><br><br>Solutions de r\u00e9assurance<\/h1><p class=\"rbc-override-margin p-large\"><br>Nos principes fondamentaux de service, de savoir et d\u2019innovation font de nous un r\u00e9assureur de choix.<br><br><br>Composez le\u00a0<mark style=\"background-color:rgba(0, 0, 0, 0);color:#FFFFFF\" class=\"has-inline-color\">1 345 925-2427<\/mark>\u00a0pour en savoir plus.<br><br><br><br><\/p><\/div><div class=\"heroCard__cta\">\n<p><\/p>\n<\/div><\/div>\n<\/div>\n<\/div>\n\n\n\n<div class=\"wp-block-column banner__col-right is-layout-flow wp-block-column-is-layout-flow\">\n<figure class=\"wp-block-image size-large\"><img loading=\"lazy\" decoding=\"async\" width=\"688\" height=\"688\" src=\"https:\/\/www.rbcinsurance.com\/fr-ca\/wp-content\/uploads\/sites\/3\/2021\/06\/reinsurance-hero-image.webp?quality=80&amp;w=688\" alt=\"\" class=\"wp-image-20179\" srcset=\"https:\/\/www.rbcinsurance.com\/fr-ca\/wp-content\/uploads\/sites\/3\/2021\/06\/reinsurance-hero-image.webp 688w, https:\/\/www.rbcinsurance.com\/fr-ca\/wp-content\/uploads\/sites\/3\/2021\/06\/reinsurance-hero-image.webp?resize=150,150 150w, https:\/\/www.rbcinsurance.com\/fr-ca\/wp-content\/uploads\/sites\/3\/2021\/06\/reinsurance-hero-image.webp?resize=300,300 300w\" sizes=\"auto, (max-width: 688px) 100vw, 688px\" \/><\/figure>\n<\/div>\n<\/div>\n<\/div>\n<\/div>\n\n\n\n<div class=\"wp-block-rbc-layout-selector layoutSelector layoutSelector__layout2\">\n<div class=\"wp-block-group is-layout-flow wp-block-group-is-layout-flow\">\n<div class=\"wp-block-group layoutSelector__header is-layout-flow wp-block-group-is-layout-flow\">\n<h2 class=\"wp-block-heading\" id=\"h-nous-sommes-prets-a-vous-aider\">Nous sommes pr\u00eats \u00e0 vous aider<\/h2>\n\n\n\n<p class=\"p-large\"><span class=\"partial__border-bottom\">\u00c0 RBC Assurances, nos clients du monde entier s\u2019adressent \u00e0 nous pour notre force, mais restent pour nos valeurs. Notre succ\u00e8s et notre r\u00e9putation en tant que r\u00e9assureur de choix reposent sur ces principes :<\/span><\/p>\n<\/div>\n\n\n\n<div class=\"wp-block-group layoutSelector__cards-container layoutSelector__is-flex layoutSelector__direction-row is-layout-flow wp-block-group-is-layout-flow\">\n<div class=\"wp-block-rbc-information-card informationCard  has-icon\" style=\"--icon-url:url(https:\/\/www.rbcinsurance.com\/fr-ca\/wp-content\/uploads\/sites\/3\/2024\/10\/Thumbs-Up.svg);background-color:#EDF7FC\">\n<div class=\"wp-block-group informationCard__content is-layout-flow wp-block-group-is-layout-flow\">\n<div class=\"wp-block-group informationCard__icon-group is-layout-flow wp-block-group-is-layout-flow\">\n<h4 class=\"wp-block-heading\" id=\"h-service\">Service<\/h4>\n<\/div>\n\n\n\n<ul class=\"wp-block-list list-core-block second-level-inherit third-level-inherit is-style-black-disc\">\n<li class=\"mar-l-hlf mob-mar-l-hlf\">Nous croyons aux communications efficaces avec les clients et \u00e0 des d\u00e9lais d\u2019ex\u00e9cution rapides \u00e0 chaque \u00e9tape.<\/li>\n\n\n\n<li class=\"mar-l-hlf mob-mar-l-hlf\">Notre \u00e9quipe est tr\u00e8s flexible et s\u2019adapte fort bien \u00e0 la n\u00e9gociation de conventions.<\/li>\n<\/ul>\n<\/div>\n<\/div>\n\n\n\n<div class=\"wp-block-rbc-information-card informationCard  has-icon\" style=\"--icon-url:url(https:\/\/www.rbcinsurance.com\/fr-ca\/wp-content\/uploads\/sites\/3\/2025\/06\/student.svg);background-color:#EDF7FC\">\n<div class=\"wp-block-group informationCard__content is-layout-flow wp-block-group-is-layout-flow\">\n<div class=\"wp-block-group informationCard__icon-group is-layout-flow wp-block-group-is-layout-flow\">\n<h4 class=\"wp-block-heading\" id=\"h-savoir\">Savoir<\/h4>\n<\/div>\n\n\n\n<ul class=\"wp-block-list list-core-block second-level-inherit third-level-inherit is-style-black-disc\">\n<li class=\"mar-l-hlf mob-mar-l-hlf\">Notre \u00e9quipe de direction est une source remarquable d\u2019expertise, de perspective et de solutions.<\/li>\n\n\n\n<li class=\"mar-l-hlf mob-mar-l-hlf\">Nous avons une exp\u00e9rience reconnue dans les souscriptions diversifi\u00e9es et l\u2019actuariat.<\/li>\n<\/ul>\n<\/div>\n<\/div>\n\n\n\n<div class=\"wp-block-rbc-information-card informationCard  has-icon\" style=\"--icon-url:url(https:\/\/www.rbcinsurance.com\/fr-ca\/wp-content\/uploads\/sites\/3\/2025\/06\/lightbulb.svg);background-color:#EDF7FC\">\n<div class=\"wp-block-group informationCard__content is-layout-flow wp-block-group-is-layout-flow\">\n<div class=\"wp-block-group informationCard__icon-group is-layout-flow wp-block-group-is-layout-flow\">\n<h4 class=\"wp-block-heading\" id=\"h-innovation\">Innovation<\/h4>\n<\/div>\n\n\n\n<ul class=\"wp-block-list list-core-block second-level-inherit third-level-inherit is-style-black-disc\">\n<li class=\"mar-l-hlf mob-mar-l-hlf\">Nous offrons la r\u00e9solution de probl\u00e8mes difficiles et la r\u00e9assurance de risques complexes.<\/li>\n\n\n\n<li class=\"mar-l-hlf mob-mar-l-hlf\">Nous sommes ouverts aux nouvelles id\u00e9es et pouvons cr\u00e9er des solutions sur mesure.<\/li>\n<\/ul>\n<\/div>\n<\/div>\n<\/div>\n<\/div>\n<\/div>\n\n\n\n<div class=\"wp-block-rbc-layout-selector layoutSelector layoutSelector__layout7\">\n<div class=\"wp-block-group is-layout-flow wp-block-group-is-layout-flow\">\n<div class=\"wp-block-group layoutSelector__cards-container layoutSelector__is-flex layoutSelector__direction-row is-layout-flow wp-block-group-is-layout-flow\">\n<div class=\"wp-block-group layoutSelector__is-flex layoutSelector__direction-col flex-gap-0 flex-1\/3 is-layout-flow wp-block-group-is-layout-flow\">\n<h3 class=\"wp-block-heading\" id=\"h-ce-que-nous-offrons\">Ce que nous offrons<\/h3>\n\n\n\n<p>Nous mettons en \u0153uvre ces principes pour tenir nos promesses et \u00e9tablir des relations \u00e0 long terme. Les assureurs \u00e0 l\u2019\u00e9chelle internationale comptent sur nous pour les connaissances exhaustives et le sens aigu des affaires que nous apportons \u00e0 chaque op\u00e9ration.<br><\/p>\n<\/div>\n\n\n\n<div class=\"wp-block-group layoutSelector__is-flex layoutSelector__direction-col flex-2\/3 is-layout-flow wp-block-group-is-layout-flow\">\n<div class=\"wp-block-group layoutSelector__is-flex layoutSelector__direction-row is-layout-flow wp-block-group-is-layout-flow\">\n<div class=\"wp-block-rbc-information-card informationCard\" style=\"--icon-url:url(undefined);background-color:#F7F8FA\">\n<div class=\"wp-block-group informationCard__content is-layout-flow wp-block-group-is-layout-flow\">\n<div class=\"wp-block-rbc-highlights-card highlightsCard\"><div class=\"highlightsCard__heading\"><\/div><div class=\"highlightsCard__items\">\n<p>Produits de r\u00e9trocession vie et de r\u00e9assurance de rentes<\/p>\n\n\n\n<p>Capacit\u00e9s en mati\u00e8re de r\u00e9assurance et de r\u00e9trocession dans les principaux march\u00e9s du monde<\/p>\n\n\n\n<p>Solutions novatrices \u00e0 valeur ajout\u00e9e pour r\u00e9pondre aux besoins des clients<\/p>\n\n\n\n<p>Excellence en mati\u00e8re d\u2019exploitation<\/p>\n\n\n\n<p>S\u00e9curit\u00e9 financi\u00e8re<\/p>\n<\/div><\/div>\n<\/div>\n<\/div>\n<\/div>\n<\/div>\n<\/div>\n<\/div>\n<\/div>\n\n\n\n<div class=\"wp-block-rbc-callout-card calloutCard calloutCard__image  mar-b-dbl mob-mar-b-dbl\" style=\"background-color:#F7F8FA\">\n<div class=\"wp-block-columns cols is-layout-flex wp-container-core-columns-is-layout-28f84493 wp-block-columns-is-layout-flex\">\n<div class=\"wp-block-column col-left is-layout-flow wp-block-column-is-layout-flow\">\n<div class=\"wp-block-columns is-layout-flex wp-container-core-columns-is-layout-28f84493 wp-block-columns-is-layout-flex\">\n<div class=\"wp-block-column is-layout-flow wp-block-column-is-layout-flow\">\n<h2 class=\"wp-block-heading\" id=\"h-vous-voulez-en-savoir-plus\">Vous voulez en savoir plus ?<\/h2>\n\n\n\n<p class=\"rbc-override-margin p-large\">Communiquez avec nous d\u00e8s aujourd\u2019hui au sujet de nos solutions de r\u00e9assurance.<\/p>\n<\/div>\n\n\n\n<div class=\"wp-block-column is-layout-flow wp-block-column-is-layout-flow\">\n<p>Besoin d&rsquo;aide maintenant? Composez le\u00a0<a href=\"tel:+13459252427\" data-dig-id=\"LP-20191-251ed6d4\" data-dig-label=\"1 246 467-3950\" data-dig-action=\"link click\" data-dig-category=\"LP\" class=\"rbc-link-format\">1 345 925-2427<\/a><\/p>\n<\/div>\n<\/div>\n<\/div>\n\n\n\n<div class=\"wp-block-column col-right is-layout-flow wp-block-column-is-layout-flow\">\n<figure class=\"wp-block-image size-large\"><img loading=\"lazy\" decoding=\"async\" width=\"606\" height=\"573\" src=\"https:\/\/www.rbcinsurance.com\/fr-ca\/wp-content\/uploads\/sites\/3\/2021\/06\/reinsurance-cta.webp?quality=80&amp;w=606\" alt=\"\" class=\"wp-image-20178\" srcset=\"https:\/\/www.rbcinsurance.com\/fr-ca\/wp-content\/uploads\/sites\/3\/2021\/06\/reinsurance-cta.webp 606w, https:\/\/www.rbcinsurance.com\/fr-ca\/wp-content\/uploads\/sites\/3\/2021\/06\/reinsurance-cta.webp?resize=300,284 300w\" sizes=\"auto, (max-width: 606px) 100vw, 606px\" \/><\/figure>\n<\/div>\n<\/div>\n<\/div>\n\n\n\n<p><\/p>\n","protected":false},"excerpt":{"rendered":"","protected":false},"author":203,"featured_media":0,"parent":0,"menu_order":0,"comment_status":"closed","ping_status":"closed","template":"templates\/new-rbci-design.php","meta":{"_acf_changed":false,"footnotes":""},"class_list":["post-20191","page","type-page","status-publish","hentry"],"pp_force_visibility":null,"pp_subpost_visibility":null,"pp_inherited_force_visibility":null,"pp_inherited_subpost_visibility":null,"acf":[],"yoast_head":"<!-- This site is optimized with the Yoast SEO Premium plugin v27.1 (Yoast SEO v27.1.1) - https:\/\/yoast.com\/product\/yoast-seo-premium-wordpress\/ -->\n<title>R\u00e9assurance | RBC Assurances<\/title>\n<meta name=\"description\" content=\"Si vous cherchez un partenaire de confiance en r\u00e9assurance, jouissant d\u2019une r\u00e9putation d\u2019excellence dans le monde, communiquez avec RBC Assurances d\u00e8s aujourd\u2019hui.\" \/>\n<meta name=\"robots\" content=\"index, follow, max-snippet:-1, max-image-preview:large, max-video-preview:-1\" \/>\n<link rel=\"canonical\" href=\"https:\/\/www.rbcinsurance.com\/fr-ca\/reassurance\/\" \/>\n<meta property=\"og:locale\" content=\"fr_FR\" \/>\n<meta property=\"og:type\" content=\"article\" \/>\n<meta property=\"og:title\" content=\"R\u00e9assurance | RBC Assurances\" \/>\n<meta property=\"og:description\" content=\"Si vous cherchez un partenaire de confiance en r\u00e9assurance, jouissant d\u2019une r\u00e9putation d\u2019excellence dans le monde, communiquez avec RBC Assurances d\u00e8s aujourd\u2019hui.\" \/>\n<meta property=\"og:url\" content=\"https:\/\/www.rbcinsurance.com\/fr-ca\/reassurance\/\" \/>\n<meta property=\"og:site_name\" content=\"RBC Assurances\" \/>\n<meta property=\"article:modified_time\" content=\"2026-03-16T16:47:15+00:00\" \/>\n<meta property=\"og:image\" content=\"https:\/\/www.rbcinsurance.com\/fr-ca\/wp-content\/uploads\/sites\/3\/2021\/06\/reinsurance-hero-image.webp?quality=80\" \/>\n\t<meta property=\"og:image:width\" content=\"688\" \/>\n\t<meta property=\"og:image:height\" content=\"688\" \/>\n\t<meta property=\"og:image:type\" content=\"image\/webp\" \/>\n<meta name=\"twitter:card\" content=\"summary_large_image\" \/>\n<meta name=\"twitter:label1\" content=\"Est. reading time\" \/>\n\t<meta name=\"twitter:data1\" content=\"2 minutes\" \/>\n<script type=\"application\/ld+json\" class=\"yoast-schema-graph\">{\"@context\":\"https:\/\/schema.org\",\"@graph\":[{\"@type\":\"WebPage\",\"@id\":\"https:\/\/www.rbcinsurance.com\/fr-ca\/reassurance\/\",\"url\":\"https:\/\/www.rbcinsurance.com\/fr-ca\/reassurance\/\",\"name\":\"R\u00e9assurance | RBC Assurances\",\"isPartOf\":{\"@id\":\"https:\/\/www.rbcinsurance.com\/fr-ca\/#website\"},\"primaryImageOfPage\":{\"@id\":\"https:\/\/www.rbcinsurance.com\/fr-ca\/reassurance\/#primaryimage\"},\"image\":{\"@id\":\"https:\/\/www.rbcinsurance.com\/fr-ca\/reassurance\/#primaryimage\"},\"thumbnailUrl\":\"https:\/\/www.rbcinsurance.com\/fr-ca\/wp-content\/uploads\/sites\/3\/2021\/06\/reinsurance-hero-image.webp?quality=80&amp;w=688\",\"datePublished\":\"2025-07-02T13:35:06+00:00\",\"dateModified\":\"2026-03-16T16:47:15+00:00\",\"description\":\"Si vous cherchez un partenaire de confiance en r\u00e9assurance, jouissant d\u2019une r\u00e9putation d\u2019excellence dans le monde, communiquez avec RBC Assurances d\u00e8s aujourd\u2019hui.\",\"breadcrumb\":{\"@id\":\"https:\/\/www.rbcinsurance.com\/fr-ca\/reassurance\/#breadcrumb\"},\"inLanguage\":\"fr-FR\",\"potentialAction\":[{\"@type\":\"ReadAction\",\"target\":[\"https:\/\/www.rbcinsurance.com\/fr-ca\/reassurance\/\"]}]},{\"@type\":\"ImageObject\",\"inLanguage\":\"fr-FR\",\"@id\":\"https:\/\/www.rbcinsurance.com\/fr-ca\/reassurance\/#primaryimage\",\"url\":\"https:\/\/www.rbcinsurance.com\/fr-ca\/wp-content\/uploads\/sites\/3\/2021\/06\/reinsurance-hero-image.webp?quality=80\",\"contentUrl\":\"https:\/\/www.rbcinsurance.com\/fr-ca\/wp-content\/uploads\/sites\/3\/2021\/06\/reinsurance-hero-image.webp?quality=80\",\"width\":688,\"height\":688},{\"@type\":\"BreadcrumbList\",\"@id\":\"https:\/\/www.rbcinsurance.com\/fr-ca\/reassurance\/#breadcrumb\",\"itemListElement\":[{\"@type\":\"ListItem\",\"position\":1,\"name\":\"Accueil\",\"item\":\"https:\/\/www.rbcinsurance.com\/fr-ca\/\"},{\"@type\":\"ListItem\",\"position\":2,\"name\":\"R\u00e9assurance\"}]},{\"@type\":\"WebSite\",\"@id\":\"https:\/\/www.rbcinsurance.com\/fr-ca\/#website\",\"url\":\"https:\/\/www.rbcinsurance.com\/fr-ca\/\",\"name\":\"RBC Assurances\",\"description\":\"Assurance individuelle\",\"publisher\":{\"@id\":\"https:\/\/www.rbcinsurance.com\/fr-ca\/#organization\"},\"potentialAction\":[{\"@type\":\"SearchAction\",\"target\":{\"@type\":\"EntryPoint\",\"urlTemplate\":\"https:\/\/www.rbcinsurance.com\/fr-ca\/?s={search_term_string}\"},\"query-input\":{\"@type\":\"PropertyValueSpecification\",\"valueRequired\":true,\"valueName\":\"search_term_string\"}}],\"inLanguage\":\"fr-FR\"},{\"@type\":\"Organization\",\"@id\":\"https:\/\/www.rbcinsurance.com\/fr-ca\/#organization\",\"name\":\"RBC Assurances\",\"url\":\"https:\/\/www.rbcinsurance.com\/fr-ca\/\",\"logo\":{\"@type\":\"ImageObject\",\"inLanguage\":\"fr-FR\",\"@id\":\"https:\/\/www.rbcinsurance.com\/fr-ca\/#\/schema\/logo\/image\/\",\"url\":\"https:\/\/www.rbcinsurance.com\/fr-ca\/wp-content\/uploads\/sites\/3\/2021\/06\/rbc-logo-shield.svg?quality=80&w=1024\",\"contentUrl\":\"https:\/\/www.rbcinsurance.com\/fr-ca\/wp-content\/uploads\/sites\/3\/2021\/06\/rbc-logo-shield.svg?quality=80&w=1024\",\"width\":\"1024\",\"height\":\"1024\",\"caption\":\"RBC Assurances\"},\"image\":{\"@id\":\"https:\/\/www.rbcinsurance.com\/fr-ca\/#\/schema\/logo\/image\/\"},\"description\":\"RBC Assurances offre aux Canadiens des assurances personnelles telles que des assurances auto, habitation, vie, sant\u00e9, voyage et cr\u00e9dit, ainsi que des solutions de placement pour la retraite.\",\"telephone\":\"1 800 769-2568\",\"legalName\":\"Services d'assurance RBC Inc.\",\"numberOfEmployees\":{\"@type\":\"QuantitativeValue\",\"minValue\":\"1001\",\"maxValue\":\"5000\"}}]}<\/script>\n<!-- \/ Yoast SEO Premium plugin. -->","yoast_head_json":{"title":"R\u00e9assurance | RBC Assurances","description":"Si vous cherchez un partenaire de confiance en r\u00e9assurance, jouissant d\u2019une r\u00e9putation d\u2019excellence dans le monde, communiquez avec RBC Assurances d\u00e8s aujourd\u2019hui.","robots":{"index":"index","follow":"follow","max-snippet":"max-snippet:-1","max-image-preview":"max-image-preview:large","max-video-preview":"max-video-preview:-1"},"canonical":"https:\/\/www.rbcinsurance.com\/fr-ca\/reassurance\/","og_locale":"fr_FR","og_type":"article","og_title":"R\u00e9assurance | RBC Assurances","og_description":"Si vous cherchez un partenaire de confiance en r\u00e9assurance, jouissant d\u2019une r\u00e9putation d\u2019excellence dans le monde, communiquez avec RBC Assurances d\u00e8s aujourd\u2019hui.","og_url":"https:\/\/www.rbcinsurance.com\/fr-ca\/reassurance\/","og_site_name":"RBC Assurances","article_modified_time":"2026-03-16T16:47:15+00:00","og_image":[{"width":688,"height":688,"url":"https:\/\/www.rbcinsurance.com\/fr-ca\/wp-content\/uploads\/sites\/3\/2021\/06\/reinsurance-hero-image.webp?quality=80","type":"image\/webp"}],"twitter_card":"summary_large_image","twitter_misc":{"Est. reading time":"2 minutes"},"schema":{"@context":"https:\/\/schema.org","@graph":[{"@type":"WebPage","@id":"https:\/\/www.rbcinsurance.com\/fr-ca\/reassurance\/","url":"https:\/\/www.rbcinsurance.com\/fr-ca\/reassurance\/","name":"R\u00e9assurance | RBC Assurances","isPartOf":{"@id":"https:\/\/www.rbcinsurance.com\/fr-ca\/#website"},"primaryImageOfPage":{"@id":"https:\/\/www.rbcinsurance.com\/fr-ca\/reassurance\/#primaryimage"},"image":{"@id":"https:\/\/www.rbcinsurance.com\/fr-ca\/reassurance\/#primaryimage"},"thumbnailUrl":"https:\/\/www.rbcinsurance.com\/fr-ca\/wp-content\/uploads\/sites\/3\/2021\/06\/reinsurance-hero-image.webp?quality=80&amp;w=688","datePublished":"2025-07-02T13:35:06+00:00","dateModified":"2026-03-16T16:47:15+00:00","description":"Si vous cherchez un partenaire de confiance en r\u00e9assurance, jouissant d\u2019une r\u00e9putation d\u2019excellence dans le monde, communiquez avec RBC Assurances d\u00e8s aujourd\u2019hui.","breadcrumb":{"@id":"https:\/\/www.rbcinsurance.com\/fr-ca\/reassurance\/#breadcrumb"},"inLanguage":"fr-FR","potentialAction":[{"@type":"ReadAction","target":["https:\/\/www.rbcinsurance.com\/fr-ca\/reassurance\/"]}]},{"@type":"ImageObject","inLanguage":"fr-FR","@id":"https:\/\/www.rbcinsurance.com\/fr-ca\/reassurance\/#primaryimage","url":"https:\/\/www.rbcinsurance.com\/fr-ca\/wp-content\/uploads\/sites\/3\/2021\/06\/reinsurance-hero-image.webp?quality=80","contentUrl":"https:\/\/www.rbcinsurance.com\/fr-ca\/wp-content\/uploads\/sites\/3\/2021\/06\/reinsurance-hero-image.webp?quality=80","width":688,"height":688},{"@type":"BreadcrumbList","@id":"https:\/\/www.rbcinsurance.com\/fr-ca\/reassurance\/#breadcrumb","itemListElement":[{"@type":"ListItem","position":1,"name":"Accueil","item":"https:\/\/www.rbcinsurance.com\/fr-ca\/"},{"@type":"ListItem","position":2,"name":"R\u00e9assurance"}]},{"@type":"WebSite","@id":"https:\/\/www.rbcinsurance.com\/fr-ca\/#website","url":"https:\/\/www.rbcinsurance.com\/fr-ca\/","name":"RBC Assurances","description":"Assurance individuelle","publisher":{"@id":"https:\/\/www.rbcinsurance.com\/fr-ca\/#organization"},"potentialAction":[{"@type":"SearchAction","target":{"@type":"EntryPoint","urlTemplate":"https:\/\/www.rbcinsurance.com\/fr-ca\/?s={search_term_string}"},"query-input":{"@type":"PropertyValueSpecification","valueRequired":true,"valueName":"search_term_string"}}],"inLanguage":"fr-FR"},{"@type":"Organization","@id":"https:\/\/www.rbcinsurance.com\/fr-ca\/#organization","name":"RBC Assurances","url":"https:\/\/www.rbcinsurance.com\/fr-ca\/","logo":{"@type":"ImageObject","inLanguage":"fr-FR","@id":"https:\/\/www.rbcinsurance.com\/fr-ca\/#\/schema\/logo\/image\/","url":"https:\/\/www.rbcinsurance.com\/fr-ca\/wp-content\/uploads\/sites\/3\/2021\/06\/rbc-logo-shield.svg?quality=80&w=1024","contentUrl":"https:\/\/www.rbcinsurance.com\/fr-ca\/wp-content\/uploads\/sites\/3\/2021\/06\/rbc-logo-shield.svg?quality=80&w=1024","width":"1024","height":"1024","caption":"RBC Assurances"},"image":{"@id":"https:\/\/www.rbcinsurance.com\/fr-ca\/#\/schema\/logo\/image\/"},"description":"RBC Assurances offre aux Canadiens des assurances personnelles telles que des assurances auto, habitation, vie, sant\u00e9, voyage et cr\u00e9dit, ainsi que des solutions de placement pour la retraite.","telephone":"1 800 769-2568","legalName":"Services d'assurance RBC Inc.","numberOfEmployees":{"@type":"QuantitativeValue","minValue":"1001","maxValue":"5000"}}]}},"jetpack_sharing_enabled":true,"_links":{"self":[{"href":"https:\/\/www.rbcinsurance.com\/fr-ca\/wp-json\/wp\/v2\/pages\/20191","targetHints":{"allow":["GET"]}}],"collection":[{"href":"https:\/\/www.rbcinsurance.com\/fr-ca\/wp-json\/wp\/v2\/pages"}],"about":[{"href":"https:\/\/www.rbcinsurance.com\/fr-ca\/wp-json\/wp\/v2\/types\/page"}],"author":[{"embeddable":true,"href":"https:\/\/www.rbcinsurance.com\/fr-ca\/wp-json\/wp\/v2\/users\/203"}],"replies":[{"embeddable":true,"href":"https:\/\/www.rbcinsurance.com\/fr-ca\/wp-json\/wp\/v2\/comments?post=20191"}],"version-history":[{"count":21,"href":"https:\/\/www.rbcinsurance.com\/fr-ca\/wp-json\/wp\/v2\/pages\/20191\/revisions"}],"predecessor-version":[{"id":24889,"href":"https:\/\/www.rbcinsurance.com\/fr-ca\/wp-json\/wp\/v2\/pages\/20191\/revisions\/24889"}],"wp:attachment":[{"href":"https:\/\/www.rbcinsurance.com\/fr-ca\/wp-json\/wp\/v2\/media?parent=20191"}],"curies":[{"name":"wp","href":"https:\/\/api.w.org\/{rel}","templated":true}]}}