{"id":20231,"date":"2025-07-02T10:07:20","date_gmt":"2025-07-02T14:07:20","guid":{"rendered":"https:\/\/www.rbcinsurance.com\/fr-ca\/?page_id=20231"},"modified":"2025-07-02T10:07:22","modified_gmt":"2025-07-02T14:07:22","slug":"avenant-forfait-ameliore","status":"publish","type":"page","link":"https:\/\/www.rbcinsurance.com\/fr-ca\/assurance-voyage\/avenant-forfait-ameliore\/","title":{"rendered":"Avenant Forfait am\u00e9lior\u00e9 d\u2019assurance voyage"},"content":{"rendered":"\n<p><\/p>\n\n\n<div class=\"yoast-breadcrumbs\"><span class=\"rbc-yoast-breadcrum-span\"><span><a href=\"https:\/\/www.rbcinsurance.com\/fr-ca\/\">Accueil<\/a><\/span> &gt; <span><a href=\"https:\/\/www.rbcinsurance.com\/fr-ca\/assurance-voyage\/\">Assurance voyage<\/a><\/span> &gt; <span class=\"breadcrumb_last\" aria-current=\"page\">Avenant Forfait am\u00e9lior\u00e9 d\u2019assurance voyage<\/span><\/span><\/div>\n\n\n<p><\/p>\n\n\n\n<h1 class=\"wp-block-heading\" id=\"h-avenant-forfait-ameliore\">Avenant Forfait am\u00e9lior\u00e9<\/h1>\n\n\n\n<p><strong>Remarque&nbsp;: Cet avenant est uniquement offert par t\u00e9l\u00e9phone au&nbsp;1 866 896-8172.<\/strong><\/p>\n\n\n\n<p>Vous voulez am\u00e9liorer encore plus votre forfait&nbsp;? Notre avenant Forfait am\u00e9lior\u00e9 est id\u00e9al si&nbsp;:<\/p>\n\n\n\n<ul class=\"wp-block-list list-core-block second-level-inherit third-level-inherit is-style-blue-disc\">\n<li>Vous planifiez un forfait vacances ou un voyage organis\u00e9<\/li>\n\n\n\n<li>Vous partez en voyage pour assister \u00e0 un mariage, \u00e0 un congr\u00e8s ou \u00e0 un autre \u00e9v\u00e9nement sp\u00e9cial<\/li>\n\n\n\n<li>Vous voulez de meilleures garanties (p. ex., un remboursement plus \u00e9lev\u00e9 pour la perte de v\u00eatements ou de bagages)<sup><a href=\"#legal-1\" data-dig-id=\"LP-20231-82357e07\" data-dig-category=\"LP\" data-dig-action=\"link click\" data-dig-label=\"*\" class=\"rbc-link-format\">*<\/a><\/sup><\/li>\n<\/ul>\n\n\n\n<p>Pour obtenir des d\u00e9tails complets sur la couverture, les limitations et les exclusions, consultez la police d\u2019assurance.<\/p>\n\n\n\n<ul class=\"wp-block-list  list-core-block second-level-inherit third-level-inherit\">\n<li><a href=\"https:\/\/www.rbcinsurance.com\/fr-ca\/wp-content\/uploads\/sites\/3\/2021\/06\/avenant-1_f.pdf\" data-dig-id=\"LP-20231-d3ad4a25\" data-dig-category=\"LP\" data-dig-action=\"link click\" data-dig-label=\"Avenant Forfait am\u00e9lior\u00e9 no\u00a01\" class=\"rbc-link-format pdf-link\" data-icon-class=\"pdf-link\">Avenant Forfait am\u00e9lior\u00e9 n<sup>o<\/sup>\u00a01<\/a><\/li>\n<\/ul>\n\n\n\n<section class=\"wp-block-rbc-rbc-legal-collapsible disclaimer\" aria-label=\"Legal Disclaimers\"><div class=\"section-inner\"><p><button class=\"collapse-toggle collapsed\" data-target=\"#collapseDisclaimer\" data-toggle=\"collapse\" aria-expanded=\"false\" aria-controls=\"collapseDisclaimer\" data-dig-id=\"LP-20231-169baf0c\" data-dig-category=\"LP\" data-dig-action=\"legal close\" data-dig-label=\"legal close\" action-closed=\"legal close\" action-opened=\"legal open\" label-close=\"legal open\" label-open=\"legal close\"><span>Afficher les avis de non-responsabilit\u00e9<\/span><span>Cacher les avis de non-responsabilit\u00e9<\/span><\/button><\/p><div class=\"collapse-content collapse\" id=\"collapseDisclaimer\"><div class=\"collapse-inner\"><div class=\"table-wpr\">\n<div class=\"wp-block-rbc-rbc-disclaimer-block\"><div class=\"table-row\" id=\"legal-1\"><div class=\"table-cell\"><span class=\"offscreen\">Legal Disclaimer<\/span><sup>*<\/sup><\/div><div class=\"table-cell\">\n<p>Sous r\u00e9serve des modalit\u00e9s de l\u2019avenant. Veuillez consulter l\u2019avenant pour obtenir tous les d\u00e9tails.<\/p>\n<\/div><\/div><\/div>\n<\/div><\/div><\/div><\/div><\/section>\n","protected":false},"excerpt":{"rendered":"<p>Avenant Forfait am\u00e9lior\u00e9 Remarque&nbsp;: Cet avenant est uniquement offert par t\u00e9l\u00e9phone au&nbsp;1 866 896-8172. Vous voulez am\u00e9liorer encore plus votre forfait&nbsp;? Notre avenant Forfait am\u00e9lior\u00e9 est id\u00e9al si&nbsp;: Pour obtenir des d\u00e9tails complets sur la couverture, les limitations et les exclusions, consultez la police d\u2019assurance.<\/p>\n","protected":false},"author":203,"featured_media":0,"parent":11587,"menu_order":0,"comment_status":"closed","ping_status":"closed","template":"templates\/new-rbci-design.php","meta":{"_acf_changed":false,"footnotes":""},"class_list":["post-20231","page","type-page","status-publish","hentry"],"pp_force_visibility":null,"pp_subpost_visibility":null,"pp_inherited_force_visibility":null,"pp_inherited_subpost_visibility":null,"acf":[],"yoast_head":"<!-- This site is optimized with the Yoast SEO Premium plugin v27.1 (Yoast SEO v27.1.1) - https:\/\/yoast.com\/product\/yoast-seo-premium-wordpress\/ -->\n<title>Avenant Forfait am\u00e9lior\u00e9 d\u2019assurance voyage | RBC Assurances<\/title>\n<meta name=\"description\" content=\"Vous souhaitez optimiser encore davantage la couverture de votre forfait ? D\u00e9couvrez notre garantie de surclassement.\" \/>\n<meta name=\"robots\" content=\"index, follow, max-snippet:-1, max-image-preview:large, max-video-preview:-1\" \/>\n<link rel=\"canonical\" href=\"https:\/\/www.rbcinsurance.com\/fr-ca\/assurance-voyage\/avenant-forfait-ameliore\/\" \/>\n<meta property=\"og:locale\" content=\"fr_FR\" \/>\n<meta property=\"og:type\" content=\"article\" \/>\n<meta property=\"og:title\" content=\"Avenant Forfait am\u00e9lior\u00e9 d\u2019assurance voyage | RBC Assurances\" \/>\n<meta property=\"og:description\" content=\"Vous souhaitez optimiser encore davantage la couverture de votre forfait ? D\u00e9couvrez notre garantie de surclassement.\" \/>\n<meta property=\"og:url\" content=\"https:\/\/www.rbcinsurance.com\/fr-ca\/assurance-voyage\/avenant-forfait-ameliore\/\" \/>\n<meta property=\"og:site_name\" content=\"RBC Assurances\" \/>\n<meta property=\"article:modified_time\" content=\"2025-07-02T14:07:22+00:00\" \/>\n<meta property=\"og:image\" content=\"https:\/\/www.rbcinsurance.com\/fr-ca\/wp-content\/uploads\/sites\/3\/2024\/12\/personal-insurance-mobile.webp?quality=80\" \/>\n\t<meta property=\"og:image:width\" content=\"450\" \/>\n\t<meta property=\"og:image:height\" content=\"250\" \/>\n\t<meta property=\"og:image:type\" content=\"image\/webp\" \/>\n<meta name=\"twitter:card\" content=\"summary_large_image\" \/>\n<meta name=\"twitter:label1\" content=\"Est. reading time\" \/>\n\t<meta name=\"twitter:data1\" content=\"1 minute\" \/>\n<script type=\"application\/ld+json\" class=\"yoast-schema-graph\">{\"@context\":\"https:\/\/schema.org\",\"@graph\":[{\"@type\":\"WebPage\",\"@id\":\"https:\/\/www.rbcinsurance.com\/fr-ca\/assurance-voyage\/avenant-forfait-ameliore\/\",\"url\":\"https:\/\/www.rbcinsurance.com\/fr-ca\/assurance-voyage\/avenant-forfait-ameliore\/\",\"name\":\"Avenant Forfait am\u00e9lior\u00e9 d\u2019assurance voyage | RBC Assurances\",\"isPartOf\":{\"@id\":\"https:\/\/www.rbcinsurance.com\/fr-ca\/#website\"},\"datePublished\":\"2025-07-02T14:07:20+00:00\",\"dateModified\":\"2025-07-02T14:07:22+00:00\",\"description\":\"Vous souhaitez optimiser encore davantage la couverture de votre forfait ? D\u00e9couvrez notre garantie de surclassement.\",\"breadcrumb\":{\"@id\":\"https:\/\/www.rbcinsurance.com\/fr-ca\/assurance-voyage\/avenant-forfait-ameliore\/#breadcrumb\"},\"inLanguage\":\"fr-FR\",\"potentialAction\":[{\"@type\":\"ReadAction\",\"target\":[\"https:\/\/www.rbcinsurance.com\/fr-ca\/assurance-voyage\/avenant-forfait-ameliore\/\"]}]},{\"@type\":\"BreadcrumbList\",\"@id\":\"https:\/\/www.rbcinsurance.com\/fr-ca\/assurance-voyage\/avenant-forfait-ameliore\/#breadcrumb\",\"itemListElement\":[{\"@type\":\"ListItem\",\"position\":1,\"name\":\"Accueil\",\"item\":\"https:\/\/www.rbcinsurance.com\/fr-ca\/\"},{\"@type\":\"ListItem\",\"position\":2,\"name\":\"Assurance voyage\",\"item\":\"https:\/\/www.rbcinsurance.com\/fr-ca\/assurance-voyage\/\"},{\"@type\":\"ListItem\",\"position\":3,\"name\":\"Avenant Forfait am\u00e9lior\u00e9 d\u2019assurance voyage\"}]},{\"@type\":\"WebSite\",\"@id\":\"https:\/\/www.rbcinsurance.com\/fr-ca\/#website\",\"url\":\"https:\/\/www.rbcinsurance.com\/fr-ca\/\",\"name\":\"RBC Assurances\",\"description\":\"Assurance individuelle\",\"publisher\":{\"@id\":\"https:\/\/www.rbcinsurance.com\/fr-ca\/#organization\"},\"potentialAction\":[{\"@type\":\"SearchAction\",\"target\":{\"@type\":\"EntryPoint\",\"urlTemplate\":\"https:\/\/www.rbcinsurance.com\/fr-ca\/?s={search_term_string}\"},\"query-input\":{\"@type\":\"PropertyValueSpecification\",\"valueRequired\":true,\"valueName\":\"search_term_string\"}}],\"inLanguage\":\"fr-FR\"},{\"@type\":\"Organization\",\"@id\":\"https:\/\/www.rbcinsurance.com\/fr-ca\/#organization\",\"name\":\"RBC Assurances\",\"url\":\"https:\/\/www.rbcinsurance.com\/fr-ca\/\",\"logo\":{\"@type\":\"ImageObject\",\"inLanguage\":\"fr-FR\",\"@id\":\"https:\/\/www.rbcinsurance.com\/fr-ca\/#\/schema\/logo\/image\/\",\"url\":\"https:\/\/www.rbcinsurance.com\/fr-ca\/wp-content\/uploads\/sites\/3\/2021\/06\/rbc-logo-shield.svg?quality=80&w=1024\",\"contentUrl\":\"https:\/\/www.rbcinsurance.com\/fr-ca\/wp-content\/uploads\/sites\/3\/2021\/06\/rbc-logo-shield.svg?quality=80&w=1024\",\"width\":\"1024\",\"height\":\"1024\",\"caption\":\"RBC Assurances\"},\"image\":{\"@id\":\"https:\/\/www.rbcinsurance.com\/fr-ca\/#\/schema\/logo\/image\/\"},\"description\":\"RBC Assurances offre aux Canadiens des assurances personnelles telles que des assurances auto, habitation, vie, sant\u00e9, voyage et cr\u00e9dit, ainsi que des solutions de placement pour la retraite.\",\"telephone\":\"1 800 769-2568\",\"legalName\":\"Services d'assurance RBC Inc.\",\"numberOfEmployees\":{\"@type\":\"QuantitativeValue\",\"minValue\":\"1001\",\"maxValue\":\"5000\"}}]}<\/script>\n<!-- \/ Yoast SEO Premium plugin. -->","yoast_head_json":{"title":"Avenant Forfait am\u00e9lior\u00e9 d\u2019assurance voyage | RBC Assurances","description":"Vous souhaitez optimiser encore davantage la couverture de votre forfait ? D\u00e9couvrez notre garantie de surclassement.","robots":{"index":"index","follow":"follow","max-snippet":"max-snippet:-1","max-image-preview":"max-image-preview:large","max-video-preview":"max-video-preview:-1"},"canonical":"https:\/\/www.rbcinsurance.com\/fr-ca\/assurance-voyage\/avenant-forfait-ameliore\/","og_locale":"fr_FR","og_type":"article","og_title":"Avenant Forfait am\u00e9lior\u00e9 d\u2019assurance voyage | RBC Assurances","og_description":"Vous souhaitez optimiser encore davantage la couverture de votre forfait ? D\u00e9couvrez notre garantie de surclassement.","og_url":"https:\/\/www.rbcinsurance.com\/fr-ca\/assurance-voyage\/avenant-forfait-ameliore\/","og_site_name":"RBC Assurances","article_modified_time":"2025-07-02T14:07:22+00:00","og_image":[{"width":450,"height":250,"url":"https:\/\/www.rbcinsurance.com\/fr-ca\/wp-content\/uploads\/sites\/3\/2024\/12\/personal-insurance-mobile.webp?quality=80","type":"image\/webp"}],"twitter_card":"summary_large_image","twitter_misc":{"Est. reading time":"1 minute"},"schema":{"@context":"https:\/\/schema.org","@graph":[{"@type":"WebPage","@id":"https:\/\/www.rbcinsurance.com\/fr-ca\/assurance-voyage\/avenant-forfait-ameliore\/","url":"https:\/\/www.rbcinsurance.com\/fr-ca\/assurance-voyage\/avenant-forfait-ameliore\/","name":"Avenant Forfait am\u00e9lior\u00e9 d\u2019assurance voyage | RBC Assurances","isPartOf":{"@id":"https:\/\/www.rbcinsurance.com\/fr-ca\/#website"},"datePublished":"2025-07-02T14:07:20+00:00","dateModified":"2025-07-02T14:07:22+00:00","description":"Vous souhaitez optimiser encore davantage la couverture de votre forfait ? D\u00e9couvrez notre garantie de surclassement.","breadcrumb":{"@id":"https:\/\/www.rbcinsurance.com\/fr-ca\/assurance-voyage\/avenant-forfait-ameliore\/#breadcrumb"},"inLanguage":"fr-FR","potentialAction":[{"@type":"ReadAction","target":["https:\/\/www.rbcinsurance.com\/fr-ca\/assurance-voyage\/avenant-forfait-ameliore\/"]}]},{"@type":"BreadcrumbList","@id":"https:\/\/www.rbcinsurance.com\/fr-ca\/assurance-voyage\/avenant-forfait-ameliore\/#breadcrumb","itemListElement":[{"@type":"ListItem","position":1,"name":"Accueil","item":"https:\/\/www.rbcinsurance.com\/fr-ca\/"},{"@type":"ListItem","position":2,"name":"Assurance voyage","item":"https:\/\/www.rbcinsurance.com\/fr-ca\/assurance-voyage\/"},{"@type":"ListItem","position":3,"name":"Avenant Forfait am\u00e9lior\u00e9 d\u2019assurance voyage"}]},{"@type":"WebSite","@id":"https:\/\/www.rbcinsurance.com\/fr-ca\/#website","url":"https:\/\/www.rbcinsurance.com\/fr-ca\/","name":"RBC Assurances","description":"Assurance individuelle","publisher":{"@id":"https:\/\/www.rbcinsurance.com\/fr-ca\/#organization"},"potentialAction":[{"@type":"SearchAction","target":{"@type":"EntryPoint","urlTemplate":"https:\/\/www.rbcinsurance.com\/fr-ca\/?s={search_term_string}"},"query-input":{"@type":"PropertyValueSpecification","valueRequired":true,"valueName":"search_term_string"}}],"inLanguage":"fr-FR"},{"@type":"Organization","@id":"https:\/\/www.rbcinsurance.com\/fr-ca\/#organization","name":"RBC Assurances","url":"https:\/\/www.rbcinsurance.com\/fr-ca\/","logo":{"@type":"ImageObject","inLanguage":"fr-FR","@id":"https:\/\/www.rbcinsurance.com\/fr-ca\/#\/schema\/logo\/image\/","url":"https:\/\/www.rbcinsurance.com\/fr-ca\/wp-content\/uploads\/sites\/3\/2021\/06\/rbc-logo-shield.svg?quality=80&w=1024","contentUrl":"https:\/\/www.rbcinsurance.com\/fr-ca\/wp-content\/uploads\/sites\/3\/2021\/06\/rbc-logo-shield.svg?quality=80&w=1024","width":"1024","height":"1024","caption":"RBC Assurances"},"image":{"@id":"https:\/\/www.rbcinsurance.com\/fr-ca\/#\/schema\/logo\/image\/"},"description":"RBC Assurances offre aux Canadiens des assurances personnelles telles que des assurances auto, habitation, vie, sant\u00e9, voyage et cr\u00e9dit, ainsi que des solutions de placement pour la retraite.","telephone":"1 800 769-2568","legalName":"Services d'assurance RBC Inc.","numberOfEmployees":{"@type":"QuantitativeValue","minValue":"1001","maxValue":"5000"}}]}},"jetpack_sharing_enabled":true,"_links":{"self":[{"href":"https:\/\/www.rbcinsurance.com\/fr-ca\/wp-json\/wp\/v2\/pages\/20231","targetHints":{"allow":["GET"]}}],"collection":[{"href":"https:\/\/www.rbcinsurance.com\/fr-ca\/wp-json\/wp\/v2\/pages"}],"about":[{"href":"https:\/\/www.rbcinsurance.com\/fr-ca\/wp-json\/wp\/v2\/types\/page"}],"author":[{"embeddable":true,"href":"https:\/\/www.rbcinsurance.com\/fr-ca\/wp-json\/wp\/v2\/users\/203"}],"replies":[{"embeddable":true,"href":"https:\/\/www.rbcinsurance.com\/fr-ca\/wp-json\/wp\/v2\/comments?post=20231"}],"version-history":[{"count":7,"href":"https:\/\/www.rbcinsurance.com\/fr-ca\/wp-json\/wp\/v2\/pages\/20231\/revisions"}],"predecessor-version":[{"id":20581,"href":"https:\/\/www.rbcinsurance.com\/fr-ca\/wp-json\/wp\/v2\/pages\/20231\/revisions\/20581"}],"up":[{"embeddable":true,"href":"https:\/\/www.rbcinsurance.com\/fr-ca\/wp-json\/wp\/v2\/pages\/11587"}],"wp:attachment":[{"href":"https:\/\/www.rbcinsurance.com\/fr-ca\/wp-json\/wp\/v2\/media?parent=20231"}],"curies":[{"name":"wp","href":"https:\/\/api.w.org\/{rel}","templated":true}]}}