{"id":20782,"date":"2025-07-29T09:01:06","date_gmt":"2025-07-29T13:01:06","guid":{"rendered":"https:\/\/www.rbcinsurance.com\/fr-ca\/?page_id=20782"},"modified":"2025-07-29T09:01:07","modified_gmt":"2025-07-29T13:01:07","slug":"protection-de-la-famille","status":"publish","type":"page","link":"https:\/\/www.rbcinsurance.com\/fr-ca\/assurance-auto\/protection-de-la-famille\/","title":{"rendered":"Protection de la famille"},"content":{"rendered":"\n<p><\/p>\n\n\n<div class=\"yoast-breadcrumbs\"><span class=\"rbc-yoast-breadcrum-span\"><span><a href=\"https:\/\/www.rbcinsurance.com\/fr-ca\/\">Accueil<\/a><\/span> &gt; <span><a href=\"https:\/\/www.rbcinsurance.com\/fr-ca\/assurance-auto\/\">Assurance automobile<\/a><\/span> &gt; <span class=\"breadcrumb_last\" aria-current=\"page\">Protection de la famille<\/span><\/span><\/div>\n\n\n<p><\/p>\n\n\n\n<h1 class=\"wp-block-heading\" id=\"h-protection-de-la-famille\">Protection de la famille<\/h1>\n\n\n\n<p class=\"mar-t-dbl mob-mar-t-dbl\">L\u2019avenant Protection de la famille procure une importante protection \u2013 jusqu\u2019\u00e0 concurrence de la limite de votre assurance responsabilit\u00e9 \u2013 si vous ou l\u2019un des membres de votre famille admissibles \u00eates bless\u00e9 ou tu\u00e9 dans un accident automobile caus\u00e9 par un automobiliste non assur\u00e9, insuffisamment assur\u00e9 ou non identifi\u00e9.<\/p>\n\n\n\n<div class=\"rbci-tw-alert bannerNotice\"><div class=\"wp-block-rbc-banner-notice rbc-banner-block-header-div default\"><div><p class=\"rbc-banner-block-header\"><strong>Conseil<\/strong><\/p><\/div><\/div><div class=\"rbc-banner-block-description-p \"><div class=\"buttonSection\">\n<p class=\"call-link\">Cet avenant vous prot\u00e8ge \u00e0 concurrence du montant de votre assurance responsabilit\u00e9 \u2013 une autre bonne raison de souscrire une assurance responsabilit\u00e9 d\u2019au moins un million de dollars. \u00c0 RBC Assurances, nous recommandons une couverture d\u2019un million de dollars comme point de d\u00e9part. Toutefois, vous pourriez avoir besoin d\u2019une protection sup\u00e9rieure, selon votre situation. Parlez \u00e0 un conseiller de RBC Assurances.<\/p>\n<\/div><\/div><\/div>\n\n\n\n<p><\/p>\n","protected":false},"excerpt":{"rendered":"<p>Protection de la famille L\u2019avenant Protection de la famille procure une importante protection \u2013 jusqu\u2019\u00e0 concurrence de la limite de votre assurance responsabilit\u00e9 \u2013 si vous ou l\u2019un des membres de votre famille admissibles \u00eates bless\u00e9 ou tu\u00e9 dans un accident automobile caus\u00e9 par un automobiliste non assur\u00e9, insuffisamment assur\u00e9 ou non identifi\u00e9.<\/p>\n","protected":false},"author":203,"featured_media":0,"parent":11643,"menu_order":0,"comment_status":"closed","ping_status":"closed","template":"templates\/new-rbci-design.php","meta":{"_acf_changed":false,"footnotes":""},"class_list":["post-20782","page","type-page","status-publish","hentry"],"acf":[],"yoast_head":"<!-- This site is optimized with the Yoast SEO Premium plugin v27.3 (Yoast SEO v27.3) - https:\/\/yoast.com\/product\/yoast-seo-premium-wordpress\/ -->\n<title>Protection de la famille | RBC Assurances<\/title>\n<meta name=\"description\" content=\"L\u2019avenant Protection de la famille procure une importante protection si vous ou l\u2019un des membres de votre famille admissibles \u00eates bless\u00e9 ou tu\u00e9 dans un accident automobile.\" \/>\n<meta name=\"robots\" content=\"index, follow, max-snippet:-1, max-image-preview:large, max-video-preview:-1\" \/>\n<link rel=\"canonical\" href=\"https:\/\/www.rbcinsurance.com\/fr-ca\/assurance-auto\/protection-de-la-famille\/\" \/>\n<meta property=\"og:locale\" content=\"fr_FR\" \/>\n<meta property=\"og:type\" content=\"article\" \/>\n<meta property=\"og:title\" content=\"Protection de la famille | RBC Assurances\" \/>\n<meta property=\"og:description\" content=\"L\u2019avenant Protection de la famille procure une importante protection si vous ou l\u2019un des membres de votre famille admissibles \u00eates bless\u00e9 ou tu\u00e9 dans un accident automobile.\" \/>\n<meta property=\"og:url\" content=\"https:\/\/www.rbcinsurance.com\/fr-ca\/assurance-auto\/protection-de-la-famille\/\" \/>\n<meta property=\"og:site_name\" content=\"RBC Assurances\" \/>\n<meta property=\"article:modified_time\" content=\"2025-07-29T13:01:07+00:00\" \/>\n<meta property=\"og:image\" content=\"https:\/\/www.rbcinsurance.com\/fr-ca\/wp-content\/uploads\/sites\/3\/2024\/12\/personal-insurance-mobile.webp?quality=80\" \/>\n\t<meta property=\"og:image:width\" content=\"450\" \/>\n\t<meta property=\"og:image:height\" content=\"250\" \/>\n\t<meta property=\"og:image:type\" content=\"image\/webp\" \/>\n<meta name=\"twitter:card\" content=\"summary_large_image\" \/>\n<meta name=\"twitter:label1\" content=\"Est. reading time\" \/>\n\t<meta name=\"twitter:data1\" content=\"1 minute\" \/>\n<script type=\"application\/ld+json\" class=\"yoast-schema-graph\">{\"@context\":\"https:\\\/\\\/schema.org\",\"@graph\":[{\"@type\":\"WebPage\",\"@id\":\"https:\\\/\\\/www.rbcinsurance.com\\\/fr-ca\\\/assurance-auto\\\/protection-de-la-famille\\\/\",\"url\":\"https:\\\/\\\/www.rbcinsurance.com\\\/fr-ca\\\/assurance-auto\\\/protection-de-la-famille\\\/\",\"name\":\"Protection de la famille | RBC Assurances\",\"isPartOf\":{\"@id\":\"https:\\\/\\\/www.rbcinsurance.com\\\/fr-ca\\\/#website\"},\"datePublished\":\"2025-07-29T13:01:06+00:00\",\"dateModified\":\"2025-07-29T13:01:07+00:00\",\"description\":\"L\u2019avenant Protection de la famille procure une importante protection si vous ou l\u2019un des membres de votre famille admissibles \u00eates bless\u00e9 ou tu\u00e9 dans un accident automobile.\",\"breadcrumb\":{\"@id\":\"https:\\\/\\\/www.rbcinsurance.com\\\/fr-ca\\\/assurance-auto\\\/protection-de-la-famille\\\/#breadcrumb\"},\"inLanguage\":\"fr-FR\",\"potentialAction\":[{\"@type\":\"ReadAction\",\"target\":[\"https:\\\/\\\/www.rbcinsurance.com\\\/fr-ca\\\/assurance-auto\\\/protection-de-la-famille\\\/\"]}]},{\"@type\":\"BreadcrumbList\",\"@id\":\"https:\\\/\\\/www.rbcinsurance.com\\\/fr-ca\\\/assurance-auto\\\/protection-de-la-famille\\\/#breadcrumb\",\"itemListElement\":[{\"@type\":\"ListItem\",\"position\":1,\"name\":\"Accueil\",\"item\":\"https:\\\/\\\/www.rbcinsurance.com\\\/fr-ca\\\/\"},{\"@type\":\"ListItem\",\"position\":2,\"name\":\"Assurance automobile\",\"item\":\"https:\\\/\\\/www.rbcinsurance.com\\\/fr-ca\\\/assurance-auto\\\/\"},{\"@type\":\"ListItem\",\"position\":3,\"name\":\"Protection de la famille\"}]},{\"@type\":\"WebSite\",\"@id\":\"https:\\\/\\\/www.rbcinsurance.com\\\/fr-ca\\\/#website\",\"url\":\"https:\\\/\\\/www.rbcinsurance.com\\\/fr-ca\\\/\",\"name\":\"RBC Assurances\",\"description\":\"Assurance individuelle\",\"publisher\":{\"@id\":\"https:\\\/\\\/www.rbcinsurance.com\\\/fr-ca\\\/#organization\"},\"potentialAction\":[{\"@type\":\"SearchAction\",\"target\":{\"@type\":\"EntryPoint\",\"urlTemplate\":\"https:\\\/\\\/www.rbcinsurance.com\\\/fr-ca\\\/?s={search_term_string}\"},\"query-input\":{\"@type\":\"PropertyValueSpecification\",\"valueRequired\":true,\"valueName\":\"search_term_string\"}}],\"inLanguage\":\"fr-FR\"},{\"@type\":\"Organization\",\"@id\":\"https:\\\/\\\/www.rbcinsurance.com\\\/fr-ca\\\/#organization\",\"name\":\"RBC Assurances\",\"url\":\"https:\\\/\\\/www.rbcinsurance.com\\\/fr-ca\\\/\",\"logo\":{\"@type\":\"ImageObject\",\"inLanguage\":\"fr-FR\",\"@id\":\"https:\\\/\\\/www.rbcinsurance.com\\\/fr-ca\\\/#\\\/schema\\\/logo\\\/image\\\/\",\"url\":\"https:\\\/\\\/www.rbcinsurance.com\\\/fr-ca\\\/wp-content\\\/uploads\\\/sites\\\/3\\\/2021\\\/06\\\/rbc-logo-shield.svg?quality=80&w=1024\",\"contentUrl\":\"https:\\\/\\\/www.rbcinsurance.com\\\/fr-ca\\\/wp-content\\\/uploads\\\/sites\\\/3\\\/2021\\\/06\\\/rbc-logo-shield.svg?quality=80&w=1024\",\"width\":\"1024\",\"height\":\"1024\",\"caption\":\"RBC Assurances\"},\"image\":{\"@id\":\"https:\\\/\\\/www.rbcinsurance.com\\\/fr-ca\\\/#\\\/schema\\\/logo\\\/image\\\/\"},\"description\":\"RBC Assurances offre aux Canadiens des assurances personnelles telles que des assurances auto, habitation, vie, sant\u00e9, voyage et cr\u00e9dit, ainsi que des solutions de placement pour la retraite.\",\"telephone\":\"1 800 769-2568\",\"legalName\":\"Services d'assurance RBC Inc.\",\"numberOfEmployees\":{\"@type\":\"QuantitativeValue\",\"minValue\":\"1001\",\"maxValue\":\"5000\"}}]}<\/script>\n<!-- \/ Yoast SEO Premium plugin. -->","yoast_head_json":{"title":"Protection de la famille | RBC Assurances","description":"L\u2019avenant Protection de la famille procure une importante protection si vous ou l\u2019un des membres de votre famille admissibles \u00eates bless\u00e9 ou tu\u00e9 dans un accident automobile.","robots":{"index":"index","follow":"follow","max-snippet":"max-snippet:-1","max-image-preview":"max-image-preview:large","max-video-preview":"max-video-preview:-1"},"canonical":"https:\/\/www.rbcinsurance.com\/fr-ca\/assurance-auto\/protection-de-la-famille\/","og_locale":"fr_FR","og_type":"article","og_title":"Protection de la famille | RBC Assurances","og_description":"L\u2019avenant Protection de la famille procure une importante protection si vous ou l\u2019un des membres de votre famille admissibles \u00eates bless\u00e9 ou tu\u00e9 dans un accident automobile.","og_url":"https:\/\/www.rbcinsurance.com\/fr-ca\/assurance-auto\/protection-de-la-famille\/","og_site_name":"RBC Assurances","article_modified_time":"2025-07-29T13:01:07+00:00","og_image":[{"width":450,"height":250,"url":"https:\/\/www.rbcinsurance.com\/fr-ca\/wp-content\/uploads\/sites\/3\/2024\/12\/personal-insurance-mobile.webp?quality=80","type":"image\/webp"}],"twitter_card":"summary_large_image","twitter_misc":{"Est. reading time":"1 minute"},"schema":{"@context":"https:\/\/schema.org","@graph":[{"@type":"WebPage","@id":"https:\/\/www.rbcinsurance.com\/fr-ca\/assurance-auto\/protection-de-la-famille\/","url":"https:\/\/www.rbcinsurance.com\/fr-ca\/assurance-auto\/protection-de-la-famille\/","name":"Protection de la famille | RBC Assurances","isPartOf":{"@id":"https:\/\/www.rbcinsurance.com\/fr-ca\/#website"},"datePublished":"2025-07-29T13:01:06+00:00","dateModified":"2025-07-29T13:01:07+00:00","description":"L\u2019avenant Protection de la famille procure une importante protection si vous ou l\u2019un des membres de votre famille admissibles \u00eates bless\u00e9 ou tu\u00e9 dans un accident automobile.","breadcrumb":{"@id":"https:\/\/www.rbcinsurance.com\/fr-ca\/assurance-auto\/protection-de-la-famille\/#breadcrumb"},"inLanguage":"fr-FR","potentialAction":[{"@type":"ReadAction","target":["https:\/\/www.rbcinsurance.com\/fr-ca\/assurance-auto\/protection-de-la-famille\/"]}]},{"@type":"BreadcrumbList","@id":"https:\/\/www.rbcinsurance.com\/fr-ca\/assurance-auto\/protection-de-la-famille\/#breadcrumb","itemListElement":[{"@type":"ListItem","position":1,"name":"Accueil","item":"https:\/\/www.rbcinsurance.com\/fr-ca\/"},{"@type":"ListItem","position":2,"name":"Assurance automobile","item":"https:\/\/www.rbcinsurance.com\/fr-ca\/assurance-auto\/"},{"@type":"ListItem","position":3,"name":"Protection de la famille"}]},{"@type":"WebSite","@id":"https:\/\/www.rbcinsurance.com\/fr-ca\/#website","url":"https:\/\/www.rbcinsurance.com\/fr-ca\/","name":"RBC Assurances","description":"Assurance individuelle","publisher":{"@id":"https:\/\/www.rbcinsurance.com\/fr-ca\/#organization"},"potentialAction":[{"@type":"SearchAction","target":{"@type":"EntryPoint","urlTemplate":"https:\/\/www.rbcinsurance.com\/fr-ca\/?s={search_term_string}"},"query-input":{"@type":"PropertyValueSpecification","valueRequired":true,"valueName":"search_term_string"}}],"inLanguage":"fr-FR"},{"@type":"Organization","@id":"https:\/\/www.rbcinsurance.com\/fr-ca\/#organization","name":"RBC Assurances","url":"https:\/\/www.rbcinsurance.com\/fr-ca\/","logo":{"@type":"ImageObject","inLanguage":"fr-FR","@id":"https:\/\/www.rbcinsurance.com\/fr-ca\/#\/schema\/logo\/image\/","url":"https:\/\/www.rbcinsurance.com\/fr-ca\/wp-content\/uploads\/sites\/3\/2021\/06\/rbc-logo-shield.svg?quality=80&w=1024","contentUrl":"https:\/\/www.rbcinsurance.com\/fr-ca\/wp-content\/uploads\/sites\/3\/2021\/06\/rbc-logo-shield.svg?quality=80&w=1024","width":"1024","height":"1024","caption":"RBC Assurances"},"image":{"@id":"https:\/\/www.rbcinsurance.com\/fr-ca\/#\/schema\/logo\/image\/"},"description":"RBC Assurances offre aux Canadiens des assurances personnelles telles que des assurances auto, habitation, vie, sant\u00e9, voyage et cr\u00e9dit, ainsi que des solutions de placement pour la retraite.","telephone":"1 800 769-2568","legalName":"Services d'assurance RBC Inc.","numberOfEmployees":{"@type":"QuantitativeValue","minValue":"1001","maxValue":"5000"}}]}},"jetpack_sharing_enabled":true,"_links":{"self":[{"href":"https:\/\/www.rbcinsurance.com\/fr-ca\/wp-json\/wp\/v2\/pages\/20782","targetHints":{"allow":["GET"]}}],"collection":[{"href":"https:\/\/www.rbcinsurance.com\/fr-ca\/wp-json\/wp\/v2\/pages"}],"about":[{"href":"https:\/\/www.rbcinsurance.com\/fr-ca\/wp-json\/wp\/v2\/types\/page"}],"author":[{"embeddable":true,"href":"https:\/\/www.rbcinsurance.com\/fr-ca\/wp-json\/wp\/v2\/users\/203"}],"replies":[{"embeddable":true,"href":"https:\/\/www.rbcinsurance.com\/fr-ca\/wp-json\/wp\/v2\/comments?post=20782"}],"version-history":[{"count":5,"href":"https:\/\/www.rbcinsurance.com\/fr-ca\/wp-json\/wp\/v2\/pages\/20782\/revisions"}],"predecessor-version":[{"id":21074,"href":"https:\/\/www.rbcinsurance.com\/fr-ca\/wp-json\/wp\/v2\/pages\/20782\/revisions\/21074"}],"up":[{"embeddable":true,"href":"https:\/\/www.rbcinsurance.com\/fr-ca\/wp-json\/wp\/v2\/pages\/11643"}],"wp:attachment":[{"href":"https:\/\/www.rbcinsurance.com\/fr-ca\/wp-json\/wp\/v2\/media?parent=20782"}],"curies":[{"name":"wp","href":"https:\/\/api.w.org\/{rel}","templated":true}]}}