{"id":20796,"date":"2025-07-29T09:28:34","date_gmt":"2025-07-29T13:28:34","guid":{"rendered":"https:\/\/www.rbcinsurance.com\/fr-ca\/?page_id=20796"},"modified":"2025-07-29T09:28:35","modified_gmt":"2025-07-29T13:28:35","slug":"declaration","status":"publish","type":"page","link":"https:\/\/www.rbcinsurance.com\/fr-ca\/assurance-vie\/declaration\/","title":{"rendered":"D\u00e9claration sur l&rsquo;assurance vie temporaire Simplifi\u00e9e RBC"},"content":{"rendered":"\n<p><\/p>\n\n\n<div class=\"yoast-breadcrumbs\"><span class=\"rbc-yoast-breadcrum-span\"><span><a href=\"https:\/\/www.rbcinsurance.com\/fr-ca\/\">Accueil<\/a><\/span> &gt; <span><a href=\"https:\/\/www.rbcinsurance.com\/fr-ca\/assurance-vie\/\">Une assurance vie pour les r\u00e9sidents canadiens<\/a><\/span> &gt; <span class=\"breadcrumb_last\" aria-current=\"page\">D\u00e9claration sur l&rsquo;assurance vie temporaire Simplifi\u00e9e RBC<\/span><\/span><\/div>\n\n\n<p><\/p>\n\n\n\n<h1 class=\"wp-block-heading\" id=\"h-declaration-sur-l-assurance-vie-temporaire-simplifiee-rbc\">D\u00e9claration sur l&rsquo;assurance vie temporaire Simplifi\u00e9e RBC<\/h1>\n\n\n\n<p class=\"mar-t-dbl mob-mar-t-dbl\">Cet aper\u00e7u vous est fourni pour vous aider \u00e0 comprendre certains termes cl\u00e9s de l\u2019assurance vie temporaire&nbsp;<em>Simplifi\u00e9e RBC<\/em>.&nbsp;<strong>Cet aper\u00e7u ne renferme pas toutes les dispositions contractuelles et n&rsquo;est ni un contrat ni une offre d&rsquo;assurance<\/strong>. Si vous le souhaitez, vous pouvez examiner ce&nbsp;<a href=\"https:\/\/www.rbcinsurance.com\/fr-ca\/wp-content\/uploads\/sites\/3\/2021\/06\/simplified-term-life-sample-policy.pdf\" data-dig-id=\"LP-20796-1a29e727\" data-dig-category=\"LP\" data-dig-action=\"link click\" data-dig-label=\"mod\u00e8le de contrat\" class=\"rbc-link-format pdf-link\" data-icon-class=\"pdf-link\">mod\u00e8le de contrat<\/a>&nbsp;avant de souscrire l&rsquo;assurance.<\/p>\n\n\n\n<p><\/p>\n\n\n\n<p>Dans la mesure o\u00f9 votre police est \u00e9tablie, les d\u00e9tails complets de votre assurance y seront pr\u00e9cis\u00e9s et les modalit\u00e9s \u00e9nonc\u00e9es dans votre police auront pr\u00e9s\u00e9ance sur tout renseignement contenu dans le pr\u00e9sent document.&nbsp;<strong>Votre assurance peut comporter des r\u00e9ductions, exclusions et limitations<\/strong>.<\/p>\n\n\n\n<p><\/p>\n\n\n\n<p>Si une police est \u00e9tablie, vous disposez d&rsquo;un d\u00e9lai de trente jours \u00e0 compter de la date \u00e0 laquelle vous l&rsquo;avez re\u00e7ue pour en examiner ses dispositions. Si vous n&rsquo;en \u00eates pas satisfait, vous pouvez en informer la Compagnie d&rsquo;assurance vie RBC dans un d\u00e9lai de trente jours et la prime acquitt\u00e9e sera rembours\u00e9e. Vous pouvez \u00e9galement r\u00e9silier votre police en tout temps apr\u00e8s cette p\u00e9riode d&rsquo;examen de 30 jours ; dans ce cas, nous ne rembourserons pas les primes vers\u00e9es.<\/p>\n\n\n\n<div class=\"wp-block-rbc-layout-selector layoutSelector layoutSelector__layout7\">\n<div class=\"wp-block-group is-layout-flow wp-block-group-is-layout-flow\">\n<div class=\"wp-block-group layoutSelector__cards-container layoutSelector__is-flex layoutSelector__direction-row is-layout-flow wp-block-group-is-layout-flow\">\n<div class=\"wp-block-group layoutSelector__is-flex layoutSelector__direction-col flex-gap-0 flex-1\/3 is-layout-flow wp-block-group-is-layout-flow\">\n<h3 class=\"wp-block-heading\" id=\"h-assurance-vie\">Assurance vie<\/h3>\n\n\n\n<p><\/p>\n<\/div>\n\n\n\n<div class=\"wp-block-group layoutSelector__is-flex layoutSelector__direction-col flex-2\/3 is-layout-flow wp-block-group-is-layout-flow\">\n<div class=\"wp-block-group layoutSelector__is-flex layoutSelector__direction-row is-layout-flow wp-block-group-is-layout-flow\">\n<div class=\"wp-block-rbc-information-card informationCard\" style=\"--icon-url:url(undefined);background-color:#F7F8FA\">\n<div class=\"wp-block-group informationCard__content is-layout-flow wp-block-group-is-layout-flow\">\n<p><em>L\u2019assurance temporaire Simplifi\u00e9e RBC<\/em>&nbsp;est un contrat d\u2019assurance vie \u00e0 renouvellement garanti. Le capital assur\u00e9 ainsi que toutes les primes sont garanties de ne pas changer et sont pr\u00e9cis\u00e9es dans le contrat. Apr\u00e8s l\u2019expiration du terme initial, vous pouvez renouveler votre contrat chaque ann\u00e9e. Nous vous faisons remarquer que votre prime augmente \u00e0 chaque renouvellement.<\/p>\n<\/div>\n<\/div>\n<\/div>\n<\/div>\n<\/div>\n<\/div>\n<\/div>\n\n\n\n<div class=\"wp-block-group layoutSelector__cards-container layoutSelector__is-flex layoutSelector__direction-row is-layout-flow wp-block-group-is-layout-flow\">\n<div class=\"wp-block-group layoutSelector__is-flex layoutSelector__direction-col flex-gap-0 flex-1\/3 is-layout-flow wp-block-group-is-layout-flow\">\n<h3 class=\"wp-block-heading\" id=\"h-droit-de-transformation\">Droit de transformation<\/h3>\n\n\n\n<p><\/p>\n<\/div>\n\n\n\n<div class=\"wp-block-group layoutSelector__is-flex layoutSelector__direction-col flex-2\/3 is-layout-flow wp-block-group-is-layout-flow\">\n<div class=\"wp-block-group layoutSelector__is-flex layoutSelector__direction-row is-layout-flow wp-block-group-is-layout-flow\">\n<div class=\"wp-block-rbc-information-card informationCard\" style=\"--icon-url:url(undefined);background-color:#F7F8FA\">\n<div class=\"wp-block-group informationCard__content is-layout-flow wp-block-group-is-layout-flow\">\n<p>Vous pouvez transformer votre police avant l&rsquo;anniversaire contractuel le plus proche du 71<sup>e<\/sup>&nbsp;anniversaire de naissance de l&rsquo;assur\u00e9 en une police d&rsquo;assurance permanente offerte \u00e0 cet effet par la Compagnie d&rsquo;assurance vie RBC au moment de la transformation. La transformation doit avoir lieu pendant que la police est en vigueur et \u00e0 la condition que toutes les primes aient \u00e9t\u00e9 pay\u00e9es jusqu&rsquo;\u00e0 la date de la transformation.<\/p>\n<\/div>\n<\/div>\n<\/div>\n<\/div>\n<\/div>\n\n\n\n<div class=\"wp-block-group layoutSelector__cards-container layoutSelector__is-flex layoutSelector__direction-row is-layout-flow wp-block-group-is-layout-flow\">\n<div class=\"wp-block-group layoutSelector__is-flex layoutSelector__direction-col flex-gap-0 flex-1\/3 is-layout-flow wp-block-group-is-layout-flow\">\n<h3 class=\"wp-block-heading\" id=\"h-debut-de-l-assurance\">D\u00e9but de l\u2019assurance<\/h3>\n\n\n\n<p><\/p>\n<\/div>\n\n\n\n<div class=\"wp-block-group layoutSelector__is-flex layoutSelector__direction-col flex-2\/3 is-layout-flow wp-block-group-is-layout-flow\">\n<div class=\"wp-block-group layoutSelector__is-flex layoutSelector__direction-row is-layout-flow wp-block-group-is-layout-flow\">\n<div class=\"wp-block-rbc-information-card informationCard\" style=\"--icon-url:url(undefined);background-color:#F7F8FA\">\n<div class=\"wp-block-group informationCard__content is-layout-flow wp-block-group-is-layout-flow\">\n<p>Sous r\u00e9serve d&rsquo;un changement visant l&rsquo;assurabilit\u00e9 de l&rsquo;assur\u00e9, votre assurance entre en vigueur \u00e0 la plus \u00e9loign\u00e9e des dates suivantes :<\/p>\n\n\n\n<ul class=\"wp-block-list list-core-block second-level-inherit third-level-inherit mar-t-hlf mob-mar-t-hlf mar-b-hlf mob-mar-b-hlf\">\n<li>la date de la police ;<\/li>\n\n\n\n<li>la date \u00e0 laquelle votre premi\u00e8re prime est re\u00e7ue \u00e0 nos bureaux ; si le paiement de votre premi\u00e8re prime est refus\u00e9, la police ne produit pas ses effets ;<\/li>\n\n\n\n<li>la date \u00e0 laquelle vous recevez le contrat ;<\/li>\n\n\n\n<li>la date \u00e0 laquelle nous recevons, \u00e0 nos bureaux, les modifications, annexes et exclusions, sign\u00e9es par vous, qui sont exig\u00e9es pour que la police produise ses effets.<\/li>\n<\/ul>\n\n\n\n<p>La police est nulle et sans effet en cas de d\u00e9claration inexacte ou de non divulgation d&rsquo;un fait essentiel \u00e0 l&rsquo;assurance dans la proposition d&rsquo;assurance, lors d&rsquo;un examen m\u00e9dical ou dans un questionnaire rempli en rapport avec la proposition, essentiel \u00e0 l&rsquo;assurance. Il incombe \u00e0 l&rsquo;assur\u00e9 de nous informer de tout changement de son assurabilit\u00e9 entre la date de la proposition et la date de d\u00e9livrance de la police.<\/p>\n<\/div>\n<\/div>\n<\/div>\n<\/div>\n<\/div>\n\n\n\n<div class=\"wp-block-group layoutSelector__cards-container layoutSelector__is-flex layoutSelector__direction-row is-layout-flow wp-block-group-is-layout-flow\">\n<div class=\"wp-block-group layoutSelector__is-flex layoutSelector__direction-col flex-gap-0 flex-1\/3 is-layout-flow wp-block-group-is-layout-flow\">\n<h3 class=\"wp-block-heading\" id=\"h-resiliation-de-l-assurance\">R\u00e9siliation de l\u2019assurance<\/h3>\n\n\n\n<p><\/p>\n<\/div>\n\n\n\n<div class=\"wp-block-group layoutSelector__is-flex layoutSelector__direction-col flex-2\/3 is-layout-flow wp-block-group-is-layout-flow\">\n<div class=\"wp-block-group layoutSelector__is-flex layoutSelector__direction-row is-layout-flow wp-block-group-is-layout-flow\">\n<div class=\"wp-block-rbc-information-card informationCard\" style=\"--icon-url:url(undefined);background-color:#F7F8FA\">\n<div class=\"wp-block-group informationCard__content is-layout-flow wp-block-group-is-layout-flow\">\n<p>L&rsquo;assurance pr\u00e9vue par la police est r\u00e9sili\u00e9e \u00e0 la plus rapproch\u00e9e des dates suivantes :<\/p>\n\n\n\n<ul class=\"wp-block-list list-core-block second-level-inherit third-level-inherit mar-t-hlf mob-mar-t-hlf\">\n<li>la date du d\u00e9c\u00e8s de l&rsquo;assur\u00e9 ;<\/li>\n\n\n\n<li>la date \u00e0 laquelle vous r\u00e9siliez la police, conform\u00e9ment \u00e0 la clause intitul\u00e9e \u00ab R\u00e9siliation de la police \u00bb ;<\/li>\n\n\n\n<li>la date \u00e0 laquelle votre nouvelle police entre en vigueur en vertu du droit de transformation ;<\/li>\n\n\n\n<li>la date d&rsquo;expiration du d\u00e9lai de gr\u00e2ce, si la prime est toujours impay\u00e9e ;<\/li>\n<\/ul>\n<\/div>\n<\/div>\n<\/div>\n<\/div>\n<\/div>\n\n\n\n<div class=\"wp-block-group layoutSelector__cards-container layoutSelector__is-flex layoutSelector__direction-row is-layout-flow wp-block-group-is-layout-flow\">\n<div class=\"wp-block-group layoutSelector__is-flex layoutSelector__direction-col flex-gap-0 flex-1\/3 is-layout-flow wp-block-group-is-layout-flow\">\n<h3 class=\"wp-block-heading\" id=\"h-primes\">Primes<\/h3>\n\n\n\n<p><\/p>\n<\/div>\n\n\n\n<div class=\"wp-block-group layoutSelector__is-flex layoutSelector__direction-col flex-2\/3 is-layout-flow wp-block-group-is-layout-flow\">\n<div class=\"wp-block-group layoutSelector__is-flex layoutSelector__direction-row is-layout-flow wp-block-group-is-layout-flow\">\n<div class=\"wp-block-rbc-information-card informationCard\" style=\"--icon-url:url(undefined);background-color:#F7F8FA\">\n<p>Le montant de vos primes est \u00e9tabli au moment de la souscription. Le montant de votre prime initiale et des primes de renouvellement est pr\u00e9cis\u00e9 dans votre police lors de l&rsquo;\u00e9tablissement.<\/p>\n\n\n\n<p>Les primes comprennent des frais de police garantis fixes de 40 $ par an. Vous pouvez payer vos primes annuellement ou mensuellement par carte de cr\u00e9dit ou selon toute autre m\u00e9thode de paiement que nous pourrions vous proposer de temps \u00e0 autre. La prime mensuelle est calcul\u00e9e en multipliant la prime annuelle par 0,09.<\/p>\n\n\n\n<p>Si vous d\u00e9sirez passer du tarif fumeur au tarif non-fumeur apr\u00e8s l&rsquo;\u00e9tablissement de votre police ou si vous d\u00e9sirez remettre votre assurance en vigueur apr\u00e8s que celle-ci est tomb\u00e9e en d\u00e9ch\u00e9ance en raison du non-paiement des primes, nous nous r\u00e9servons le droit d&rsquo;exiger une justification d&rsquo;assurabilit\u00e9 que nous jugeons satisfaisante. Des frais de service peuvent s&rsquo;appliquer.<\/p>\n\n\n\n<p><a href=\"https:\/\/www.rbcinsurance.com\/fr-ca\/wp-content\/uploads\/sites\/3\/2021\/06\/simplified-term-life-sample-policy.pdf#page=8\" data-dig-id=\"LP-20796-1df448b4\" data-dig-category=\"LP\" data-dig-action=\"link click\" data-dig-label=\"Voir les d\u00e9tails dans l'\u00e9chantillon de la police&nbsp;\" class=\"rbc-link-format pdf-link\" data-icon-class=\"pdf-link\">Voir les d\u00e9tails dans l&rsquo;\u00e9chantillon de la police&nbsp;<\/a><\/p>\n<\/div>\n<\/div>\n<\/div>\n<\/div>\n\n\n\n<div class=\"wp-block-group layoutSelector__cards-container layoutSelector__is-flex layoutSelector__direction-row is-layout-flow wp-block-group-is-layout-flow\">\n<div class=\"wp-block-group layoutSelector__is-flex layoutSelector__direction-col flex-gap-0 flex-1\/3 is-layout-flow wp-block-group-is-layout-flow\">\n<h3 class=\"wp-block-heading\" id=\"h-rajustement-du-capital-deces\">Rajustement du capital-d\u00e9c\u00e8s<\/h3>\n\n\n\n<p><\/p>\n<\/div>\n\n\n\n<div class=\"wp-block-group layoutSelector__is-flex layoutSelector__direction-col flex-2\/3 is-layout-flow wp-block-group-is-layout-flow\">\n<div class=\"wp-block-group layoutSelector__is-flex layoutSelector__direction-row is-layout-flow wp-block-group-is-layout-flow\">\n<div class=\"wp-block-rbc-information-card informationCard\" style=\"--icon-url:url(undefined);background-color:#F7F8FA\">\n<div class=\"wp-block-group informationCard__content is-layout-flow wp-block-group-is-layout-flow\">\n<p>Si une prime est exigible au moment du d\u00e9c\u00e8s, nous la d\u00e9duisons du capital-d\u00e9c\u00e8s. En cas d&rsquo;erreur sur l&rsquo;\u00e2ge ou le sexe de l&rsquo;assur\u00e9, le capital-d\u00e9c\u00e8s payable est port\u00e9 ou ramen\u00e9 au montant qu&rsquo;aurait permis de souscrire la prime d&rsquo;apr\u00e8s l&rsquo;\u00e2ge ou le sexe v\u00e9ritable de l&rsquo;assur\u00e9. Nous calculons le montant exact du capital-d\u00e9c\u00e8s d\u00e8s que l&rsquo;erreur sur l&rsquo;\u00e2ge ou le sexe est d\u00e9couverte.<\/p>\n<\/div>\n<\/div>\n<\/div>\n<\/div>\n<\/div>\n\n\n\n<div class=\"wp-block-group layoutSelector__cards-container layoutSelector__is-flex layoutSelector__direction-row mar-b-dbl mob-mar-b-dbl is-layout-flow wp-block-group-is-layout-flow\">\n<div class=\"wp-block-group layoutSelector__is-flex layoutSelector__direction-col flex-gap-0 flex-1\/3 is-layout-flow wp-block-group-is-layout-flow\">\n<h3 class=\"wp-block-heading\" id=\"h-contestation-de-la-validite-de-la-police\">Contestation de la validit\u00e9 de la police<\/h3>\n\n\n\n<p><\/p>\n<\/div>\n\n\n\n<div class=\"wp-block-group layoutSelector__is-flex layoutSelector__direction-col flex-2\/3 is-layout-flow wp-block-group-is-layout-flow\">\n<div class=\"wp-block-group layoutSelector__is-flex layoutSelector__direction-row is-layout-flow wp-block-group-is-layout-flow\">\n<div class=\"wp-block-rbc-information-card informationCard\" style=\"--icon-url:url(undefined);background-color:#F7F8FA\">\n<div class=\"wp-block-group informationCard__content is-layout-flow wp-block-group-is-layout-flow\">\n<p>Nous avons le droit de contester la validit\u00e9 de la police ou le paiement du capital-d\u00e9c\u00e8s ou de toute autre prestation au titre de la police si vous, ou un assur\u00e9 au titre de la police, avez fait une d\u00e9claration inexacte ou fausse ou omis un fait essentiel dans la proposition d&rsquo;assurance, lors d&rsquo;un examen m\u00e9dical ou dans les d\u00e9clarations ou r\u00e9ponses faites par \u00e9crit ou par voie \u00e9lectronique \u00e0 titre de justification d&rsquo;assurabilit\u00e9.<\/p>\n<\/div>\n<\/div>\n<\/div>\n<\/div>\n<\/div>\n","protected":false},"excerpt":{"rendered":"<p>D\u00e9claration sur l&rsquo;assurance vie temporaire Simplifi\u00e9e RBC Cet aper\u00e7u vous est fourni pour vous aider \u00e0 comprendre certains termes cl\u00e9s de l\u2019assurance vie temporaire&nbsp;Simplifi\u00e9e RBC.&nbsp;Cet aper\u00e7u ne renferme pas toutes les dispositions contractuelles et n&rsquo;est ni un contrat ni une offre d&rsquo;assurance. Si vous le souhaitez, vous pouvez examiner ce&nbsp;mod\u00e8le de contrat&nbsp;avant de souscrire l&rsquo;assurance. [&hellip;]<\/p>\n","protected":false},"author":203,"featured_media":0,"parent":11566,"menu_order":0,"comment_status":"closed","ping_status":"closed","template":"templates\/new-rbci-design.php","meta":{"_acf_changed":false,"footnotes":""},"class_list":["post-20796","page","type-page","status-publish","hentry"],"acf":[],"yoast_head":"<!-- This site is optimized with the Yoast SEO Premium plugin v27.3 (Yoast SEO v27.3) - https:\/\/yoast.com\/product\/yoast-seo-premium-wordpress\/ -->\n<title>D\u00e9claration sur l&#039;assurance vie temporaire Simplifi\u00e9e RBC | RBC Assurances<\/title>\n<meta name=\"description\" content=\"Cet aper\u00e7u vous est fourni pour vous aider \u00e0 comprendre certains termes cl\u00e9s de l\u2019assurance vie temporaire\u00a0Simplifi\u00e9e RBC.\" \/>\n<meta name=\"robots\" content=\"index, follow, max-snippet:-1, max-image-preview:large, max-video-preview:-1\" \/>\n<link rel=\"canonical\" href=\"https:\/\/www.rbcinsurance.com\/fr-ca\/assurance-vie\/declaration\/\" \/>\n<meta property=\"og:locale\" content=\"fr_FR\" \/>\n<meta property=\"og:type\" content=\"article\" \/>\n<meta property=\"og:title\" content=\"D\u00e9claration sur l&#039;assurance vie temporaire Simplifi\u00e9e RBC | RBC Assurances\" \/>\n<meta property=\"og:description\" content=\"Cet aper\u00e7u vous est fourni pour vous aider \u00e0 comprendre certains termes cl\u00e9s de l\u2019assurance vie temporaire\u00a0Simplifi\u00e9e RBC.\" \/>\n<meta property=\"og:url\" content=\"https:\/\/www.rbcinsurance.com\/fr-ca\/assurance-vie\/declaration\/\" \/>\n<meta property=\"og:site_name\" content=\"RBC Assurances\" \/>\n<meta property=\"article:modified_time\" content=\"2025-07-29T13:28:35+00:00\" \/>\n<meta property=\"og:image\" content=\"https:\/\/www.rbcinsurance.com\/fr-ca\/wp-content\/uploads\/sites\/3\/2024\/12\/personal-insurance-mobile.webp?quality=80\" \/>\n\t<meta property=\"og:image:width\" content=\"450\" \/>\n\t<meta property=\"og:image:height\" content=\"250\" \/>\n\t<meta property=\"og:image:type\" content=\"image\/webp\" \/>\n<meta name=\"twitter:card\" content=\"summary_large_image\" \/>\n<meta name=\"twitter:label1\" content=\"Est. reading time\" \/>\n\t<meta name=\"twitter:data1\" content=\"5 minutes\" \/>\n<script type=\"application\/ld+json\" class=\"yoast-schema-graph\">{\"@context\":\"https:\\\/\\\/schema.org\",\"@graph\":[{\"@type\":\"WebPage\",\"@id\":\"https:\\\/\\\/www.rbcinsurance.com\\\/fr-ca\\\/assurance-vie\\\/declaration\\\/\",\"url\":\"https:\\\/\\\/www.rbcinsurance.com\\\/fr-ca\\\/assurance-vie\\\/declaration\\\/\",\"name\":\"D\u00e9claration sur l'assurance vie temporaire Simplifi\u00e9e RBC | RBC Assurances\",\"isPartOf\":{\"@id\":\"https:\\\/\\\/www.rbcinsurance.com\\\/fr-ca\\\/#website\"},\"datePublished\":\"2025-07-29T13:28:34+00:00\",\"dateModified\":\"2025-07-29T13:28:35+00:00\",\"description\":\"Cet aper\u00e7u vous est fourni pour vous aider \u00e0 comprendre certains termes cl\u00e9s de l\u2019assurance vie temporaire\u00a0Simplifi\u00e9e RBC.\",\"breadcrumb\":{\"@id\":\"https:\\\/\\\/www.rbcinsurance.com\\\/fr-ca\\\/assurance-vie\\\/declaration\\\/#breadcrumb\"},\"inLanguage\":\"fr-FR\",\"potentialAction\":[{\"@type\":\"ReadAction\",\"target\":[\"https:\\\/\\\/www.rbcinsurance.com\\\/fr-ca\\\/assurance-vie\\\/declaration\\\/\"]}]},{\"@type\":\"BreadcrumbList\",\"@id\":\"https:\\\/\\\/www.rbcinsurance.com\\\/fr-ca\\\/assurance-vie\\\/declaration\\\/#breadcrumb\",\"itemListElement\":[{\"@type\":\"ListItem\",\"position\":1,\"name\":\"Accueil\",\"item\":\"https:\\\/\\\/www.rbcinsurance.com\\\/fr-ca\\\/\"},{\"@type\":\"ListItem\",\"position\":2,\"name\":\"Une assurance vie pour les r\u00e9sidents canadiens\",\"item\":\"https:\\\/\\\/www.rbcinsurance.com\\\/fr-ca\\\/assurance-vie\\\/\"},{\"@type\":\"ListItem\",\"position\":3,\"name\":\"D\u00e9claration sur l&rsquo;assurance vie temporaire Simplifi\u00e9e RBC\"}]},{\"@type\":\"WebSite\",\"@id\":\"https:\\\/\\\/www.rbcinsurance.com\\\/fr-ca\\\/#website\",\"url\":\"https:\\\/\\\/www.rbcinsurance.com\\\/fr-ca\\\/\",\"name\":\"RBC Assurances\",\"description\":\"Assurance individuelle\",\"publisher\":{\"@id\":\"https:\\\/\\\/www.rbcinsurance.com\\\/fr-ca\\\/#organization\"},\"potentialAction\":[{\"@type\":\"SearchAction\",\"target\":{\"@type\":\"EntryPoint\",\"urlTemplate\":\"https:\\\/\\\/www.rbcinsurance.com\\\/fr-ca\\\/?s={search_term_string}\"},\"query-input\":{\"@type\":\"PropertyValueSpecification\",\"valueRequired\":true,\"valueName\":\"search_term_string\"}}],\"inLanguage\":\"fr-FR\"},{\"@type\":\"Organization\",\"@id\":\"https:\\\/\\\/www.rbcinsurance.com\\\/fr-ca\\\/#organization\",\"name\":\"RBC Assurances\",\"url\":\"https:\\\/\\\/www.rbcinsurance.com\\\/fr-ca\\\/\",\"logo\":{\"@type\":\"ImageObject\",\"inLanguage\":\"fr-FR\",\"@id\":\"https:\\\/\\\/www.rbcinsurance.com\\\/fr-ca\\\/#\\\/schema\\\/logo\\\/image\\\/\",\"url\":\"https:\\\/\\\/www.rbcinsurance.com\\\/fr-ca\\\/wp-content\\\/uploads\\\/sites\\\/3\\\/2021\\\/06\\\/rbc-logo-shield.svg?quality=80&w=1024\",\"contentUrl\":\"https:\\\/\\\/www.rbcinsurance.com\\\/fr-ca\\\/wp-content\\\/uploads\\\/sites\\\/3\\\/2021\\\/06\\\/rbc-logo-shield.svg?quality=80&w=1024\",\"width\":\"1024\",\"height\":\"1024\",\"caption\":\"RBC Assurances\"},\"image\":{\"@id\":\"https:\\\/\\\/www.rbcinsurance.com\\\/fr-ca\\\/#\\\/schema\\\/logo\\\/image\\\/\"},\"description\":\"RBC Assurances offre aux Canadiens des assurances personnelles telles que des assurances auto, habitation, vie, sant\u00e9, voyage et cr\u00e9dit, ainsi que des solutions de placement pour la retraite.\",\"telephone\":\"1 800 769-2568\",\"legalName\":\"Services d'assurance RBC Inc.\",\"numberOfEmployees\":{\"@type\":\"QuantitativeValue\",\"minValue\":\"1001\",\"maxValue\":\"5000\"}}]}<\/script>\n<!-- \/ Yoast SEO Premium plugin. -->","yoast_head_json":{"title":"D\u00e9claration sur l'assurance vie temporaire Simplifi\u00e9e RBC | RBC Assurances","description":"Cet aper\u00e7u vous est fourni pour vous aider \u00e0 comprendre certains termes cl\u00e9s de l\u2019assurance vie temporaire\u00a0Simplifi\u00e9e RBC.","robots":{"index":"index","follow":"follow","max-snippet":"max-snippet:-1","max-image-preview":"max-image-preview:large","max-video-preview":"max-video-preview:-1"},"canonical":"https:\/\/www.rbcinsurance.com\/fr-ca\/assurance-vie\/declaration\/","og_locale":"fr_FR","og_type":"article","og_title":"D\u00e9claration sur l'assurance vie temporaire Simplifi\u00e9e RBC | RBC Assurances","og_description":"Cet aper\u00e7u vous est fourni pour vous aider \u00e0 comprendre certains termes cl\u00e9s de l\u2019assurance vie temporaire\u00a0Simplifi\u00e9e RBC.","og_url":"https:\/\/www.rbcinsurance.com\/fr-ca\/assurance-vie\/declaration\/","og_site_name":"RBC Assurances","article_modified_time":"2025-07-29T13:28:35+00:00","og_image":[{"width":450,"height":250,"url":"https:\/\/www.rbcinsurance.com\/fr-ca\/wp-content\/uploads\/sites\/3\/2024\/12\/personal-insurance-mobile.webp?quality=80","type":"image\/webp"}],"twitter_card":"summary_large_image","twitter_misc":{"Est. reading time":"5 minutes"},"schema":{"@context":"https:\/\/schema.org","@graph":[{"@type":"WebPage","@id":"https:\/\/www.rbcinsurance.com\/fr-ca\/assurance-vie\/declaration\/","url":"https:\/\/www.rbcinsurance.com\/fr-ca\/assurance-vie\/declaration\/","name":"D\u00e9claration sur l'assurance vie temporaire Simplifi\u00e9e RBC | RBC Assurances","isPartOf":{"@id":"https:\/\/www.rbcinsurance.com\/fr-ca\/#website"},"datePublished":"2025-07-29T13:28:34+00:00","dateModified":"2025-07-29T13:28:35+00:00","description":"Cet aper\u00e7u vous est fourni pour vous aider \u00e0 comprendre certains termes cl\u00e9s de l\u2019assurance vie temporaire\u00a0Simplifi\u00e9e RBC.","breadcrumb":{"@id":"https:\/\/www.rbcinsurance.com\/fr-ca\/assurance-vie\/declaration\/#breadcrumb"},"inLanguage":"fr-FR","potentialAction":[{"@type":"ReadAction","target":["https:\/\/www.rbcinsurance.com\/fr-ca\/assurance-vie\/declaration\/"]}]},{"@type":"BreadcrumbList","@id":"https:\/\/www.rbcinsurance.com\/fr-ca\/assurance-vie\/declaration\/#breadcrumb","itemListElement":[{"@type":"ListItem","position":1,"name":"Accueil","item":"https:\/\/www.rbcinsurance.com\/fr-ca\/"},{"@type":"ListItem","position":2,"name":"Une assurance vie pour les r\u00e9sidents canadiens","item":"https:\/\/www.rbcinsurance.com\/fr-ca\/assurance-vie\/"},{"@type":"ListItem","position":3,"name":"D\u00e9claration sur l&rsquo;assurance vie temporaire Simplifi\u00e9e RBC"}]},{"@type":"WebSite","@id":"https:\/\/www.rbcinsurance.com\/fr-ca\/#website","url":"https:\/\/www.rbcinsurance.com\/fr-ca\/","name":"RBC Assurances","description":"Assurance individuelle","publisher":{"@id":"https:\/\/www.rbcinsurance.com\/fr-ca\/#organization"},"potentialAction":[{"@type":"SearchAction","target":{"@type":"EntryPoint","urlTemplate":"https:\/\/www.rbcinsurance.com\/fr-ca\/?s={search_term_string}"},"query-input":{"@type":"PropertyValueSpecification","valueRequired":true,"valueName":"search_term_string"}}],"inLanguage":"fr-FR"},{"@type":"Organization","@id":"https:\/\/www.rbcinsurance.com\/fr-ca\/#organization","name":"RBC Assurances","url":"https:\/\/www.rbcinsurance.com\/fr-ca\/","logo":{"@type":"ImageObject","inLanguage":"fr-FR","@id":"https:\/\/www.rbcinsurance.com\/fr-ca\/#\/schema\/logo\/image\/","url":"https:\/\/www.rbcinsurance.com\/fr-ca\/wp-content\/uploads\/sites\/3\/2021\/06\/rbc-logo-shield.svg?quality=80&w=1024","contentUrl":"https:\/\/www.rbcinsurance.com\/fr-ca\/wp-content\/uploads\/sites\/3\/2021\/06\/rbc-logo-shield.svg?quality=80&w=1024","width":"1024","height":"1024","caption":"RBC Assurances"},"image":{"@id":"https:\/\/www.rbcinsurance.com\/fr-ca\/#\/schema\/logo\/image\/"},"description":"RBC Assurances offre aux Canadiens des assurances personnelles telles que des assurances auto, habitation, vie, sant\u00e9, voyage et cr\u00e9dit, ainsi que des solutions de placement pour la retraite.","telephone":"1 800 769-2568","legalName":"Services d'assurance RBC Inc.","numberOfEmployees":{"@type":"QuantitativeValue","minValue":"1001","maxValue":"5000"}}]}},"jetpack_sharing_enabled":true,"_links":{"self":[{"href":"https:\/\/www.rbcinsurance.com\/fr-ca\/wp-json\/wp\/v2\/pages\/20796","targetHints":{"allow":["GET"]}}],"collection":[{"href":"https:\/\/www.rbcinsurance.com\/fr-ca\/wp-json\/wp\/v2\/pages"}],"about":[{"href":"https:\/\/www.rbcinsurance.com\/fr-ca\/wp-json\/wp\/v2\/types\/page"}],"author":[{"embeddable":true,"href":"https:\/\/www.rbcinsurance.com\/fr-ca\/wp-json\/wp\/v2\/users\/203"}],"replies":[{"embeddable":true,"href":"https:\/\/www.rbcinsurance.com\/fr-ca\/wp-json\/wp\/v2\/comments?post=20796"}],"version-history":[{"count":10,"href":"https:\/\/www.rbcinsurance.com\/fr-ca\/wp-json\/wp\/v2\/pages\/20796\/revisions"}],"predecessor-version":[{"id":20996,"href":"https:\/\/www.rbcinsurance.com\/fr-ca\/wp-json\/wp\/v2\/pages\/20796\/revisions\/20996"}],"up":[{"embeddable":true,"href":"https:\/\/www.rbcinsurance.com\/fr-ca\/wp-json\/wp\/v2\/pages\/11566"}],"wp:attachment":[{"href":"https:\/\/www.rbcinsurance.com\/fr-ca\/wp-json\/wp\/v2\/media?parent=20796"}],"curies":[{"name":"wp","href":"https:\/\/api.w.org\/{rel}","templated":true}]}}