{"id":20798,"date":"2025-07-29T09:25:10","date_gmt":"2025-07-29T13:25:10","guid":{"rendered":"https:\/\/www.rbcinsurance.com\/fr-ca\/?page_id=20798"},"modified":"2026-03-06T16:44:15","modified_gmt":"2026-03-06T21:44:15","slug":"participations-assurance-croissance","status":"publish","type":"page","link":"https:\/\/www.rbcinsurance.com\/fr-ca\/assurance-vie\/participations-assurance-croissance\/","title":{"rendered":"Participations pour l\u2019Assurance Croissance RBC et l\u2019Assurance Croissance Plus RBC"},"content":{"rendered":"\n<p><\/p>\n\n\n<div class=\"yoast-breadcrumbs\"><span class=\"rbc-yoast-breadcrum-span\"><span><a href=\"https:\/\/www.rbcinsurance.com\/fr-ca\/\">Accueil<\/a><\/span> &gt; <span><a href=\"https:\/\/www.rbcinsurance.com\/fr-ca\/assurance-vie\/\">Une assurance vie pour les r\u00e9sidents canadiens<\/a><\/span> &gt; <span class=\"breadcrumb_last\" aria-current=\"page\">Participations pour l\u2019Assurance Croissance RBC et l\u2019Assurance Croissance Plus RBC<\/span><\/span><\/div>\n\n\n<p><\/p>\n\n\n\n<h1 class=\"wp-block-heading\" id=\"h-declarations-au-titulaire-d-une-police-avec-participation\">D\u00e9clarations au titulaire d\u2019une police avec participation<\/h1>\n\n\n\n<p class=\"mar-t-dbl mob-mar-t-dbl\">Si vous \u00eates titulaire d\u2019une police d\u2019<a href=\"https:\/\/www.rbcinsurance.com\/fr-ca\/assurance-vie\/assurance-vie-entiere\/#h-assurance-croissance-rbc\" data-dig-id=\"LP-24398-79e71985\" data-dig-category=\"LP\" data-dig-action=\"link click\" data-dig-label=\"Assurance Croissance&nbsp;RBC\" class=\"rbc-link-format\">Assurance Croissance&nbsp;RBC<\/a>&nbsp;ou d\u2019<a href=\"https:\/\/www.rbcinsurance.com\/fr-ca\/assurance-vie\/assurance-vie-entiere\/#h-assurance-croissance-plus-rbc\" data-dig-id=\"LP-24398-72b01ee0\" data-dig-category=\"LP\" data-dig-action=\"link click\" data-dig-label=\"Assurance Croissance Plus&nbsp;RBC\" class=\"rbc-link-format\">Assurance Croissance Plus&nbsp;RBC<\/a>, vos primes sont investies dans un compte dans lequel les autres titulaires de police participants et vous pouvez toucher des revenus. Ces revenus sont vers\u00e9s \u00e0 chaque titulaire de police sous forme de participations, en fonction de l\u2019option de participation s\u00e9lectionn\u00e9e.<\/p>\n\n\n\n<p><\/p>\n\n\n\n<p>Choisissez l\u2019un des documents ci-dessous pour en savoir plus&nbsp;:<\/p>\n\n\n\n<div class=\"wp-block-rbc-file-list fileList mar-t-hlf mob-mar-t-hlf mar-b-hlf mob-mar-b-hlf\">\n<p><strong>PDF t\u00e9l\u00e9chargeables<\/strong><\/p>\n\n\n\n<ul class=\"wp-block-list  list-core-block second-level-inherit third-level-inherit\">\n<li><a class=\"rbc-link-format pdf-link\" data-icon-class=\"pdf-link\" href=\"https:\/\/www.rbcinsurance.com\/fr\/centredesressources\/mise-a-jour-financiere-2024-assurance-vie-avec-participation-rbc.pdf\" data-dig-id=\"LP-20798-fe7deab9\" data-dig-label=\"Mise \u00e0 jour financi\u00e8re 2024 - Assurance vie avec participation RBC\" data-dig-action=\"link click\" data-dig-category=\"LP\">Mise \u00e0 jour financi\u00e8re 2024 &#8211; Assurance vie avec participation RBC<\/a> (\u00c0 mettre \u00e0 jour)<\/li>\n\n\n\n<li><a class=\"rbc-link-format pdf-link\" data-icon-class=\"pdf-link\" href=\"https:\/\/www.rbcinsurance.com\/fr-ca\/wp-content\/uploads\/sites\/3\/2021\/06\/dividend-client-guide.pdf\" data-dig-id=\"LP-20798-ebc5ecac\" data-dig-label=\"Aper\u00e7u du compte des polices avec participation\" data-dig-action=\"link click\" data-dig-category=\"LP\">Aper\u00e7u du compte des polices avec participation<\/a> (\u00c0 mettre \u00e0 jour)<\/li>\n\n\n\n<li><a class=\"rbc-link-format pdf-link\" data-icon-class=\"pdf-link\" href=\"https:\/\/www.rbcinsurance.com\/sales-resource-centre\/participatinglife\/_assets-custom\/pdfs\/par-client-overview-guide-chinese-traditional.pdf\" data-dig-id=\"LP-20798-b49b4885\" data-dig-label=\"Aper\u00e7u du compte des polices avec participation \u2013 Guide du client \u2013 Chinois traditionnel\" data-dig-action=\"link click\" data-dig-category=\"LP\">Aper\u00e7u du compte des polices avec participation \u2013 Guide du client \u2013 Chinois traditionnel<\/a> (\u00c0 mettre \u00e0 jour)<\/li>\n\n\n\n<li><a class=\"rbc-link-format pdf-link\" data-icon-class=\"pdf-link\" href=\"https:\/\/www.rbcinsurance.com\/sales-resource-centre\/participatinglife\/_assets-custom\/pdfs\/par-client-overview-guide-chinese-simplified.pdf\" data-dig-id=\"LP-20798-30625364\" data-dig-label=\"Aper\u00e7u du compte des polices avec participation \u2013 Guide du client \u2013 Chinois simplifi\u00e9\" data-dig-action=\"link click\" data-dig-category=\"LP\">Aper\u00e7u du compte des polices avec participation \u2013 Guide du client \u2013 Chinois simplifi\u00e9<\/a> (\u00c0 mettre \u00e0 jour)<\/li>\n<\/ul>\n<\/div>\n\n\n\n<p><strong>Bar\u00e8me des participations des polices d\u2019assurance vie RBC 2026-2027<\/strong><\/p>\n\n\n\n<p><br>Chaque ann\u00e9e, le bar\u00e8me des participations fait l\u2019objet d\u2019un examen conform\u00e9ment \u00e0 la r\u00e9glementation pertinente et \u00e0 nos pratiques de gouvernance de l\u2019assurance vie enti\u00e8re avec participation, notre objectif \u00e9tant de continuer \u00e0 mettre en application notre strat\u00e9gie \u00e0 long terme qui consiste \u00e0 obtenir de solides rendements ajust\u00e9s au risque. Cette ann\u00e9e, le conseil d\u2019administration de la Compagnie d\u2019assurance vie RBC a approuv\u00e9 la recommandation de l\u2019actuaire d\u00e9sign\u00e9 de maintenir le taux d\u2019int\u00e9r\u00eat du bar\u00e8me des participations de 6,30 % pour la p\u00e9riode du 1er avril 2026 au 31 mars 2027.<\/p>\n\n\n\n<p><\/p>\n\n\n\n<p>Les participations sont \u00e9tablies en fonction de l\u2019exp\u00e9rience collective du compte des polices avec participation. Elles peuvent donc varier et ne sont pas garanties.<\/p>\n\n\n\n<div class=\"wp-block-rbc-faq faq mar-t-dbl mob-mar-t-dbl\"><div class=\"faq__content\">\n<div class=\"wp-block-rbc-rbc-collapsible-accordion accordion\" id=\"&quot;accordionSet1\">\n<div class=\"wp-block-rbc-rbc-collapsible-panel\"><div class=\"accordion-panel\"><button id=\"accordion-titleomtznl69\" class=\"collapse-toggle collapsed\" data-target=\"#accordionomtznl69\" data-toggle=\"collapse\" data-parent=\"#accordionSet1\" aria-expanded=\"false\" data-dig-id=\"LP-20798-omtznl69\" aria-controls=\"accordionomtznl69\" data-dig-category=\"LP\" data-dig-action=\"collapsible closed\" data-dig-label=\"Avance sur police\" action-closed=\"collapsible closed\" action-opened=\"collapsible open\"><div>Avance sur police<\/div><\/button><div class=\"collapse-content collapse\" id=\"accordionomtznl69\" role=\"region\" aria-labelledby=\"accordion-titleomtznl69\"><div class=\"collapse-inner\">\n<p>\u00c0 compter du 1\u1d49\u02b3 avril 2026, si vous empruntez sur la valeur de rachat accumul\u00e9e \u00e0 l\u2019\u00e9gard de votre police, le taux d\u2019int\u00e9r\u00eat est de 6,45 %. Ce taux est r\u00e9vis\u00e9 et mis \u00e0 jour annuellement et il est bas\u00e9 sur le taux pr\u00e9f\u00e9rentiel de la Banque Royale en vigueur au moment de la r\u00e9vision, major\u00e9 de 2 %.<\/p>\n<\/div><\/div><\/div><\/div>\n\n\n\n<div class=\"wp-block-rbc-rbc-collapsible-panel\"><div class=\"accordion-panel\"><button id=\"accordion-titlev6st12u4\" class=\"collapse-toggle collapsed\" data-target=\"#accordionv6st12u4\" data-toggle=\"collapse\" data-parent=\"#accordionSet1\" aria-expanded=\"false\" data-dig-id=\"LP-20798-v6st12u4\" aria-controls=\"accordionv6st12u4\" data-dig-category=\"LP\" data-dig-action=\"collapsible closed\" data-dig-label=\"Participations en d\u00e9p\u00f4t\" action-closed=\"collapsible closed\" action-opened=\"collapsible open\"><div>Participations en d\u00e9p\u00f4t<\/div><\/button><div class=\"collapse-content collapse\" id=\"accordionv6st12u4\" role=\"region\" aria-labelledby=\"accordion-titlev6st12u4\"><div class=\"collapse-inner\">\n<p>Les participations d\u00e9tenues dans un compte des participations en d\u00e9p\u00f4t cumulent des int\u00e9r\u00eats quotidiennement \u00e0 un taux \u00e9tabli par nous, lequel peut varier \u00e0 l\u2019occasion. Le taux d\u2019int\u00e9r\u00eat est actuellement de 2,3&nbsp;%.<\/p>\n<\/div><\/div><\/div><\/div>\n\n\n\n<div class=\"wp-block-rbc-rbc-collapsible-panel\"><div class=\"accordion-panel\"><button id=\"accordion-title0tbbigqi\" class=\"collapse-toggle collapsed\" data-target=\"#accordion0tbbigqi\" data-toggle=\"collapse\" data-parent=\"#accordionSet1\" aria-expanded=\"false\" data-dig-id=\"LP-20798-0tbbigqi\" aria-controls=\"accordion0tbbigqi\" data-dig-category=\"LP\" data-dig-action=\"collapsible closed\" data-dig-label=\"D\u00e9clarations aux titulaires de police avec participation \u2013 Assurance vie enti\u00e8re avec participation\" action-closed=\"collapsible closed\" action-opened=\"collapsible open\"><div>D\u00e9clarations aux titulaires de police avec participation \u2013 Assurance vie enti\u00e8re avec participation<\/div><\/button><div class=\"collapse-content collapse\" id=\"accordion0tbbigqi\" role=\"region\" aria-labelledby=\"accordion-title0tbbigqi\"><div class=\"collapse-inner\">\n<p>Incluant la divulgation financi\u00e8re pr\u00e9vue par la r\u00e9glementation ainsi que la Politique de gestion de compte des polices avec participation et la Politique des participations vers\u00e9es au titulaire de police.<\/p>\n\n\n\n<div class=\"wp-block-rbc-file-list fileList\">\n<p><strong>PDF t\u00e9l\u00e9chargeables<\/strong><\/p>\n\n\n\n<ul class=\"wp-block-list  list-core-block second-level-inherit third-level-inherit\">\n<li><a href=\"https:\/\/assets.rbcinsurance.com\/m\/3b65d0f653c16af9\/original\/Declarations-aux-titulaires-de-police-avec-participation-Assurance-vie-entiere-avec-participation.pdf\" target=\"_blank\" data-dig-id=\"LP-20798-64ab5047\" data-dig-category=\"LP\" data-dig-action=\"link click\" data-dig-label=\"D\u00e9clarations aux titulaires de police avec participation \u2013 Assurance vie enti\u00e8re avec participation\" class=\"rbc-link-format pdf-link\" data-icon-class=\"pdf-link\" rel=\"noreferrer noopener\">D\u00e9clarations aux titulaires de police avec participation \u2013 Assurance vie enti\u00e8re avec participation<\/a><\/li>\n<\/ul>\n<\/div>\n<\/div><\/div><\/div><\/div>\n<\/div>\n<\/div><\/div>\n\n\n\n<section class=\"wp-block-rbc-rbc-legal-collapsible disclaimer\" aria-label=\"Legal Disclaimers\"><div class=\"section-inner\"><p><button class=\"collapse-toggle collapsed\" data-target=\"#collapseDisclaimer\" data-toggle=\"collapse\" aria-expanded=\"false\" aria-controls=\"collapseDisclaimer\" data-dig-id=\"LP-20798-57d72805\" data-dig-category=\"LP\" data-dig-action=\"legal close\" data-dig-label=\"legal close\" action-closed=\"legal close\" action-opened=\"legal open\" label-close=\"legal open\" label-open=\"legal close\"><span>Afficher les avis de non-responsabilit\u00e9<\/span><span>Cacher les avis de non-responsabilit\u00e9<\/span><\/button><\/p><div class=\"collapse-content collapse\" id=\"collapseDisclaimer\"><div class=\"collapse-inner\"><div class=\"table-wpr\">\n<div class=\"wp-block-rbc-rbc-disclaimer-block\"><div class=\"table-row\" id=\"legal-1\"><div class=\"table-cell\"><span class=\"offscreen\">Legal Disclaimer<\/span><sup>1<\/sup><\/div><div class=\"table-cell\">\n<p>Comprend la meilleure estimation du passif et de l\u2019ajustement au risque au titre de la norme IFRS 17 pour 2024.<\/p>\n<\/div><\/div><\/div>\n\n\n\n<div class=\"wp-block-rbc-rbc-disclaimer-block\"><div class=\"table-row\" id=\"legal-2\"><div class=\"table-cell\"><span class=\"offscreen\">Legal Disclaimer<\/span><sup>2<\/sup><\/div><div class=\"table-cell\">\n<p>Le solde d\u2019ouverture ne correspond pas au solde de cl\u00f4ture de l\u2019exercice pr\u00e9c\u00e9dent en raison de la transition \u00e0 la norme IFRS&nbsp;17.<\/p>\n<\/div><\/div><\/div>\n<\/div><\/div><\/div><\/div><\/section>\n\n\n\n<p><\/p>\n","protected":false},"excerpt":{"rendered":"<p>D\u00e9clarations au titulaire d\u2019une police avec participation Si vous \u00eates titulaire d\u2019une police d\u2019Assurance Croissance&nbsp;RBC&nbsp;ou d\u2019Assurance Croissance Plus&nbsp;RBC, vos primes sont investies dans un compte dans lequel les autres titulaires de police participants et vous pouvez toucher des revenus. Ces revenus sont vers\u00e9s \u00e0 chaque titulaire de police sous forme de participations, en fonction de [&hellip;]<\/p>\n","protected":false},"author":203,"featured_media":0,"parent":11566,"menu_order":0,"comment_status":"closed","ping_status":"closed","template":"templates\/new-rbci-design.php","meta":{"_acf_changed":false,"footnotes":""},"class_list":["post-20798","page","type-page","status-publish","hentry"],"pp_force_visibility":null,"pp_subpost_visibility":null,"pp_inherited_force_visibility":null,"pp_inherited_subpost_visibility":null,"acf":[],"yoast_head":"<!-- This site is optimized with the Yoast SEO Premium plugin v27.1 (Yoast SEO v27.1.1) - https:\/\/yoast.com\/product\/yoast-seo-premium-wordpress\/ -->\n<title>Participations pour l\u2019Assurance Croissance RBC et l\u2019Assurance Croissance Plus RBC | RBC Assurances<\/title>\n<meta name=\"description\" content=\"Participations pour l\u2019Assurance Croissance RBC et l\u2019Assurance Croissance Plus RBC\" \/>\n<meta name=\"robots\" content=\"index, follow, max-snippet:-1, max-image-preview:large, max-video-preview:-1\" \/>\n<link rel=\"canonical\" href=\"https:\/\/www.rbcinsurance.com\/fr-ca\/assurance-vie\/participations-assurance-croissance\/\" \/>\n<meta property=\"og:locale\" content=\"fr_FR\" \/>\n<meta property=\"og:type\" content=\"article\" \/>\n<meta property=\"og:title\" content=\"Participations pour l\u2019Assurance Croissance RBC et l\u2019Assurance Croissance Plus RBC | RBC Assurances\" \/>\n<meta property=\"og:description\" content=\"Participations pour l\u2019Assurance Croissance RBC et l\u2019Assurance Croissance Plus RBC\" \/>\n<meta property=\"og:url\" content=\"https:\/\/www.rbcinsurance.com\/fr-ca\/assurance-vie\/participations-assurance-croissance\/\" \/>\n<meta property=\"og:site_name\" content=\"RBC Assurances\" \/>\n<meta property=\"article:modified_time\" content=\"2026-03-06T21:44:15+00:00\" \/>\n<meta property=\"og:image\" content=\"https:\/\/www.rbcinsurance.com\/fr-ca\/wp-content\/uploads\/sites\/3\/2024\/12\/personal-insurance-mobile.webp?quality=80\" \/>\n\t<meta property=\"og:image:width\" content=\"450\" \/>\n\t<meta property=\"og:image:height\" content=\"250\" \/>\n\t<meta property=\"og:image:type\" content=\"image\/webp\" \/>\n<meta name=\"twitter:card\" content=\"summary_large_image\" \/>\n<meta name=\"twitter:label1\" content=\"Est. reading time\" \/>\n\t<meta name=\"twitter:data1\" content=\"3 minutes\" \/>\n<script type=\"application\/ld+json\" class=\"yoast-schema-graph\">{\"@context\":\"https:\/\/schema.org\",\"@graph\":[{\"@type\":\"WebPage\",\"@id\":\"https:\/\/www.rbcinsurance.com\/fr-ca\/assurance-vie\/participations-assurance-croissance\/\",\"url\":\"https:\/\/www.rbcinsurance.com\/fr-ca\/assurance-vie\/participations-assurance-croissance\/\",\"name\":\"Participations pour l\u2019Assurance Croissance RBC et l\u2019Assurance Croissance Plus RBC | RBC Assurances\",\"isPartOf\":{\"@id\":\"https:\/\/www.rbcinsurance.com\/fr-ca\/#website\"},\"datePublished\":\"2025-07-29T13:25:10+00:00\",\"dateModified\":\"2026-03-06T21:44:15+00:00\",\"description\":\"Participations pour l\u2019Assurance Croissance RBC et l\u2019Assurance Croissance Plus RBC\",\"breadcrumb\":{\"@id\":\"https:\/\/www.rbcinsurance.com\/fr-ca\/assurance-vie\/participations-assurance-croissance\/#breadcrumb\"},\"inLanguage\":\"fr-FR\",\"potentialAction\":[{\"@type\":\"ReadAction\",\"target\":[\"https:\/\/www.rbcinsurance.com\/fr-ca\/assurance-vie\/participations-assurance-croissance\/\"]}]},{\"@type\":\"BreadcrumbList\",\"@id\":\"https:\/\/www.rbcinsurance.com\/fr-ca\/assurance-vie\/participations-assurance-croissance\/#breadcrumb\",\"itemListElement\":[{\"@type\":\"ListItem\",\"position\":1,\"name\":\"Accueil\",\"item\":\"https:\/\/www.rbcinsurance.com\/fr-ca\/\"},{\"@type\":\"ListItem\",\"position\":2,\"name\":\"Une assurance vie pour les r\u00e9sidents canadiens\",\"item\":\"https:\/\/www.rbcinsurance.com\/fr-ca\/assurance-vie\/\"},{\"@type\":\"ListItem\",\"position\":3,\"name\":\"Participations pour l\u2019Assurance Croissance RBC et l\u2019Assurance Croissance Plus RBC\"}]},{\"@type\":\"WebSite\",\"@id\":\"https:\/\/www.rbcinsurance.com\/fr-ca\/#website\",\"url\":\"https:\/\/www.rbcinsurance.com\/fr-ca\/\",\"name\":\"RBC Assurances\",\"description\":\"Assurance individuelle\",\"publisher\":{\"@id\":\"https:\/\/www.rbcinsurance.com\/fr-ca\/#organization\"},\"potentialAction\":[{\"@type\":\"SearchAction\",\"target\":{\"@type\":\"EntryPoint\",\"urlTemplate\":\"https:\/\/www.rbcinsurance.com\/fr-ca\/?s={search_term_string}\"},\"query-input\":{\"@type\":\"PropertyValueSpecification\",\"valueRequired\":true,\"valueName\":\"search_term_string\"}}],\"inLanguage\":\"fr-FR\"},{\"@type\":\"Organization\",\"@id\":\"https:\/\/www.rbcinsurance.com\/fr-ca\/#organization\",\"name\":\"RBC Assurances\",\"url\":\"https:\/\/www.rbcinsurance.com\/fr-ca\/\",\"logo\":{\"@type\":\"ImageObject\",\"inLanguage\":\"fr-FR\",\"@id\":\"https:\/\/www.rbcinsurance.com\/fr-ca\/#\/schema\/logo\/image\/\",\"url\":\"https:\/\/www.rbcinsurance.com\/fr-ca\/wp-content\/uploads\/sites\/3\/2021\/06\/rbc-logo-shield.svg?quality=80&w=1024\",\"contentUrl\":\"https:\/\/www.rbcinsurance.com\/fr-ca\/wp-content\/uploads\/sites\/3\/2021\/06\/rbc-logo-shield.svg?quality=80&w=1024\",\"width\":\"1024\",\"height\":\"1024\",\"caption\":\"RBC Assurances\"},\"image\":{\"@id\":\"https:\/\/www.rbcinsurance.com\/fr-ca\/#\/schema\/logo\/image\/\"},\"description\":\"RBC Assurances offre aux Canadiens des assurances personnelles telles que des assurances auto, habitation, vie, sant\u00e9, voyage et cr\u00e9dit, ainsi que des solutions de placement pour la retraite.\",\"telephone\":\"1 800 769-2568\",\"legalName\":\"Services d'assurance RBC Inc.\",\"numberOfEmployees\":{\"@type\":\"QuantitativeValue\",\"minValue\":\"1001\",\"maxValue\":\"5000\"}}]}<\/script>\n<!-- \/ Yoast SEO Premium plugin. -->","yoast_head_json":{"title":"Participations pour l\u2019Assurance Croissance RBC et l\u2019Assurance Croissance Plus RBC | RBC Assurances","description":"Participations pour l\u2019Assurance Croissance RBC et l\u2019Assurance Croissance Plus RBC","robots":{"index":"index","follow":"follow","max-snippet":"max-snippet:-1","max-image-preview":"max-image-preview:large","max-video-preview":"max-video-preview:-1"},"canonical":"https:\/\/www.rbcinsurance.com\/fr-ca\/assurance-vie\/participations-assurance-croissance\/","og_locale":"fr_FR","og_type":"article","og_title":"Participations pour l\u2019Assurance Croissance RBC et l\u2019Assurance Croissance Plus RBC | RBC Assurances","og_description":"Participations pour l\u2019Assurance Croissance RBC et l\u2019Assurance Croissance Plus RBC","og_url":"https:\/\/www.rbcinsurance.com\/fr-ca\/assurance-vie\/participations-assurance-croissance\/","og_site_name":"RBC Assurances","article_modified_time":"2026-03-06T21:44:15+00:00","og_image":[{"width":450,"height":250,"url":"https:\/\/www.rbcinsurance.com\/fr-ca\/wp-content\/uploads\/sites\/3\/2024\/12\/personal-insurance-mobile.webp?quality=80","type":"image\/webp"}],"twitter_card":"summary_large_image","twitter_misc":{"Est. reading time":"3 minutes"},"schema":{"@context":"https:\/\/schema.org","@graph":[{"@type":"WebPage","@id":"https:\/\/www.rbcinsurance.com\/fr-ca\/assurance-vie\/participations-assurance-croissance\/","url":"https:\/\/www.rbcinsurance.com\/fr-ca\/assurance-vie\/participations-assurance-croissance\/","name":"Participations pour l\u2019Assurance Croissance RBC et l\u2019Assurance Croissance Plus RBC | RBC Assurances","isPartOf":{"@id":"https:\/\/www.rbcinsurance.com\/fr-ca\/#website"},"datePublished":"2025-07-29T13:25:10+00:00","dateModified":"2026-03-06T21:44:15+00:00","description":"Participations pour l\u2019Assurance Croissance RBC et l\u2019Assurance Croissance Plus RBC","breadcrumb":{"@id":"https:\/\/www.rbcinsurance.com\/fr-ca\/assurance-vie\/participations-assurance-croissance\/#breadcrumb"},"inLanguage":"fr-FR","potentialAction":[{"@type":"ReadAction","target":["https:\/\/www.rbcinsurance.com\/fr-ca\/assurance-vie\/participations-assurance-croissance\/"]}]},{"@type":"BreadcrumbList","@id":"https:\/\/www.rbcinsurance.com\/fr-ca\/assurance-vie\/participations-assurance-croissance\/#breadcrumb","itemListElement":[{"@type":"ListItem","position":1,"name":"Accueil","item":"https:\/\/www.rbcinsurance.com\/fr-ca\/"},{"@type":"ListItem","position":2,"name":"Une assurance vie pour les r\u00e9sidents canadiens","item":"https:\/\/www.rbcinsurance.com\/fr-ca\/assurance-vie\/"},{"@type":"ListItem","position":3,"name":"Participations pour l\u2019Assurance Croissance RBC et l\u2019Assurance Croissance Plus RBC"}]},{"@type":"WebSite","@id":"https:\/\/www.rbcinsurance.com\/fr-ca\/#website","url":"https:\/\/www.rbcinsurance.com\/fr-ca\/","name":"RBC Assurances","description":"Assurance individuelle","publisher":{"@id":"https:\/\/www.rbcinsurance.com\/fr-ca\/#organization"},"potentialAction":[{"@type":"SearchAction","target":{"@type":"EntryPoint","urlTemplate":"https:\/\/www.rbcinsurance.com\/fr-ca\/?s={search_term_string}"},"query-input":{"@type":"PropertyValueSpecification","valueRequired":true,"valueName":"search_term_string"}}],"inLanguage":"fr-FR"},{"@type":"Organization","@id":"https:\/\/www.rbcinsurance.com\/fr-ca\/#organization","name":"RBC Assurances","url":"https:\/\/www.rbcinsurance.com\/fr-ca\/","logo":{"@type":"ImageObject","inLanguage":"fr-FR","@id":"https:\/\/www.rbcinsurance.com\/fr-ca\/#\/schema\/logo\/image\/","url":"https:\/\/www.rbcinsurance.com\/fr-ca\/wp-content\/uploads\/sites\/3\/2021\/06\/rbc-logo-shield.svg?quality=80&w=1024","contentUrl":"https:\/\/www.rbcinsurance.com\/fr-ca\/wp-content\/uploads\/sites\/3\/2021\/06\/rbc-logo-shield.svg?quality=80&w=1024","width":"1024","height":"1024","caption":"RBC Assurances"},"image":{"@id":"https:\/\/www.rbcinsurance.com\/fr-ca\/#\/schema\/logo\/image\/"},"description":"RBC Assurances offre aux Canadiens des assurances personnelles telles que des assurances auto, habitation, vie, sant\u00e9, voyage et cr\u00e9dit, ainsi que des solutions de placement pour la retraite.","telephone":"1 800 769-2568","legalName":"Services d'assurance RBC Inc.","numberOfEmployees":{"@type":"QuantitativeValue","minValue":"1001","maxValue":"5000"}}]}},"jetpack_sharing_enabled":true,"_links":{"self":[{"href":"https:\/\/www.rbcinsurance.com\/fr-ca\/wp-json\/wp\/v2\/pages\/20798","targetHints":{"allow":["GET"]}}],"collection":[{"href":"https:\/\/www.rbcinsurance.com\/fr-ca\/wp-json\/wp\/v2\/pages"}],"about":[{"href":"https:\/\/www.rbcinsurance.com\/fr-ca\/wp-json\/wp\/v2\/types\/page"}],"author":[{"embeddable":true,"href":"https:\/\/www.rbcinsurance.com\/fr-ca\/wp-json\/wp\/v2\/users\/203"}],"replies":[{"embeddable":true,"href":"https:\/\/www.rbcinsurance.com\/fr-ca\/wp-json\/wp\/v2\/comments?post=20798"}],"version-history":[{"count":41,"href":"https:\/\/www.rbcinsurance.com\/fr-ca\/wp-json\/wp\/v2\/pages\/20798\/revisions"}],"predecessor-version":[{"id":24592,"href":"https:\/\/www.rbcinsurance.com\/fr-ca\/wp-json\/wp\/v2\/pages\/20798\/revisions\/24592"}],"up":[{"embeddable":true,"href":"https:\/\/www.rbcinsurance.com\/fr-ca\/wp-json\/wp\/v2\/pages\/11566"}],"wp:attachment":[{"href":"https:\/\/www.rbcinsurance.com\/fr-ca\/wp-json\/wp\/v2\/media?parent=20798"}],"curies":[{"name":"wp","href":"https:\/\/api.w.org\/{rel}","templated":true}]}}