{"id":20802,"date":"2025-07-29T09:18:56","date_gmt":"2025-07-29T13:18:56","guid":{"rendered":"https:\/\/www.rbcinsurance.com\/fr-ca\/?page_id=20802"},"modified":"2025-07-29T09:18:58","modified_gmt":"2025-07-29T13:18:58","slug":"protection-croissante","status":"publish","type":"page","link":"https:\/\/www.rbcinsurance.com\/fr-ca\/assurance-vie\/protection-croissante\/","title":{"rendered":"Formule protection croissante"},"content":{"rendered":"\n<p><\/p>\n\n\n<div class=\"yoast-breadcrumbs\"><span class=\"rbc-yoast-breadcrum-span\"><span><a href=\"https:\/\/www.rbcinsurance.com\/fr-ca\/\">Accueil<\/a><\/span> &gt; <span><a href=\"https:\/\/www.rbcinsurance.com\/fr-ca\/assurance-vie\/\">Une assurance vie pour les r\u00e9sidents canadiens<\/a><\/span> &gt; <span class=\"breadcrumb_last\" aria-current=\"page\">Formule protection croissante<\/span><\/span><\/div>\n\n\n<p><\/p>\n\n\n\n<h1 class=\"wp-block-heading\" id=\"h-formule-protection-croissante\">Formule protection croissante<\/h1>\n\n\n\n<p class=\"mar-t-dbl mob-mar-t-dbl\">La formule protection croissante pr\u00e9voit le versement d\u2019un capital-d\u00e9c\u00e8s \u00e9gal au montant de votre protection, major\u00e9 de la valeur capitalis\u00e9e.<\/p>\n\n\n\n<p class=\"pad-b-dbl mob-pad-b-dbl\">Il s\u2019agit d\u2019un choix judicieux si vous pr\u00e9voyez que vos besoins en mati\u00e8re de couverture augmenteront (en raison de la croissance de votre entreprise ou de la valeur de votre patrimoine, par exemple) ou si vous accordez davantage d\u2019importance \u00e0 la capitalisation de votre actif \u00e0 l\u2019abri de l\u2019imp\u00f4t qu\u2019\u00e0 l\u2019assurance. Cette option peut tr\u00e8s bien vous convenir si vous avez optimis\u00e9 vos cotisations au r\u00e9gime enregistr\u00e9 d\u2019\u00e9pargne-retraite (REER) et cherchez d\u2019autres moyens de diff\u00e9rer le paiement de l\u2019imp\u00f4t. Elle est particuli\u00e8rement recommand\u00e9e si vous pensez avoir besoin de retirer des fonds de votre police en tout temps avant le versement du capital-d\u00e9c\u00e8s.<\/p>\n","protected":false},"excerpt":{"rendered":"<p>Formule protection croissante La formule protection croissante pr\u00e9voit le versement d\u2019un capital-d\u00e9c\u00e8s \u00e9gal au montant de votre protection, major\u00e9 de la valeur capitalis\u00e9e. Il s\u2019agit d\u2019un choix judicieux si vous pr\u00e9voyez que vos besoins en mati\u00e8re de couverture augmenteront (en raison de la croissance de votre entreprise ou de la valeur de votre patrimoine, par [&hellip;]<\/p>\n","protected":false},"author":203,"featured_media":0,"parent":11566,"menu_order":0,"comment_status":"closed","ping_status":"closed","template":"templates\/new-rbci-design.php","meta":{"_acf_changed":false,"footnotes":""},"class_list":["post-20802","page","type-page","status-publish","hentry"],"pp_force_visibility":null,"pp_subpost_visibility":null,"pp_inherited_force_visibility":null,"pp_inherited_subpost_visibility":null,"acf":[],"yoast_head":"<!-- This site is optimized with the Yoast SEO Premium plugin v27.1 (Yoast SEO v27.1.1) - https:\/\/yoast.com\/product\/yoast-seo-premium-wordpress\/ -->\n<title>Formule protection croissante | RBC Assurances<\/title>\n<meta name=\"description\" content=\"La formule protection croissante pr\u00e9voit le versement d\u2019un capital-d\u00e9c\u00e8s \u00e9gal au montant de votre protection, major\u00e9 de la valeur capitalis\u00e9e.\" \/>\n<meta name=\"robots\" content=\"index, follow, max-snippet:-1, max-image-preview:large, max-video-preview:-1\" \/>\n<link rel=\"canonical\" href=\"https:\/\/www.rbcinsurance.com\/fr-ca\/assurance-vie\/protection-croissante\/\" \/>\n<meta property=\"og:locale\" content=\"fr_FR\" \/>\n<meta property=\"og:type\" content=\"article\" \/>\n<meta property=\"og:title\" content=\"Formule protection croissante | RBC Assurances\" \/>\n<meta property=\"og:description\" content=\"La formule protection croissante pr\u00e9voit le versement d\u2019un capital-d\u00e9c\u00e8s \u00e9gal au montant de votre protection, major\u00e9 de la valeur capitalis\u00e9e.\" \/>\n<meta property=\"og:url\" content=\"https:\/\/www.rbcinsurance.com\/fr-ca\/assurance-vie\/protection-croissante\/\" \/>\n<meta property=\"og:site_name\" content=\"RBC Assurances\" \/>\n<meta property=\"article:modified_time\" content=\"2025-07-29T13:18:58+00:00\" \/>\n<meta property=\"og:image\" content=\"https:\/\/www.rbcinsurance.com\/fr-ca\/wp-content\/uploads\/sites\/3\/2024\/12\/personal-insurance-mobile.webp?quality=80\" \/>\n\t<meta property=\"og:image:width\" content=\"450\" \/>\n\t<meta property=\"og:image:height\" content=\"250\" \/>\n\t<meta property=\"og:image:type\" content=\"image\/webp\" \/>\n<meta name=\"twitter:card\" content=\"summary_large_image\" \/>\n<meta name=\"twitter:label1\" content=\"Est. reading time\" \/>\n\t<meta name=\"twitter:data1\" content=\"1 minute\" \/>\n<script type=\"application\/ld+json\" class=\"yoast-schema-graph\">{\"@context\":\"https:\/\/schema.org\",\"@graph\":[{\"@type\":\"WebPage\",\"@id\":\"https:\/\/www.rbcinsurance.com\/fr-ca\/assurance-vie\/protection-croissante\/\",\"url\":\"https:\/\/www.rbcinsurance.com\/fr-ca\/assurance-vie\/protection-croissante\/\",\"name\":\"Formule protection croissante | RBC Assurances\",\"isPartOf\":{\"@id\":\"https:\/\/www.rbcinsurance.com\/fr-ca\/#website\"},\"datePublished\":\"2025-07-29T13:18:56+00:00\",\"dateModified\":\"2025-07-29T13:18:58+00:00\",\"description\":\"La formule protection croissante pr\u00e9voit le versement d\u2019un capital-d\u00e9c\u00e8s \u00e9gal au montant de votre protection, major\u00e9 de la valeur capitalis\u00e9e.\",\"breadcrumb\":{\"@id\":\"https:\/\/www.rbcinsurance.com\/fr-ca\/assurance-vie\/protection-croissante\/#breadcrumb\"},\"inLanguage\":\"fr-FR\",\"potentialAction\":[{\"@type\":\"ReadAction\",\"target\":[\"https:\/\/www.rbcinsurance.com\/fr-ca\/assurance-vie\/protection-croissante\/\"]}]},{\"@type\":\"BreadcrumbList\",\"@id\":\"https:\/\/www.rbcinsurance.com\/fr-ca\/assurance-vie\/protection-croissante\/#breadcrumb\",\"itemListElement\":[{\"@type\":\"ListItem\",\"position\":1,\"name\":\"Accueil\",\"item\":\"https:\/\/www.rbcinsurance.com\/fr-ca\/\"},{\"@type\":\"ListItem\",\"position\":2,\"name\":\"Une assurance vie pour les r\u00e9sidents canadiens\",\"item\":\"https:\/\/www.rbcinsurance.com\/fr-ca\/assurance-vie\/\"},{\"@type\":\"ListItem\",\"position\":3,\"name\":\"Formule protection croissante\"}]},{\"@type\":\"WebSite\",\"@id\":\"https:\/\/www.rbcinsurance.com\/fr-ca\/#website\",\"url\":\"https:\/\/www.rbcinsurance.com\/fr-ca\/\",\"name\":\"RBC Assurances\",\"description\":\"Assurance individuelle\",\"publisher\":{\"@id\":\"https:\/\/www.rbcinsurance.com\/fr-ca\/#organization\"},\"potentialAction\":[{\"@type\":\"SearchAction\",\"target\":{\"@type\":\"EntryPoint\",\"urlTemplate\":\"https:\/\/www.rbcinsurance.com\/fr-ca\/?s={search_term_string}\"},\"query-input\":{\"@type\":\"PropertyValueSpecification\",\"valueRequired\":true,\"valueName\":\"search_term_string\"}}],\"inLanguage\":\"fr-FR\"},{\"@type\":\"Organization\",\"@id\":\"https:\/\/www.rbcinsurance.com\/fr-ca\/#organization\",\"name\":\"RBC Assurances\",\"url\":\"https:\/\/www.rbcinsurance.com\/fr-ca\/\",\"logo\":{\"@type\":\"ImageObject\",\"inLanguage\":\"fr-FR\",\"@id\":\"https:\/\/www.rbcinsurance.com\/fr-ca\/#\/schema\/logo\/image\/\",\"url\":\"https:\/\/www.rbcinsurance.com\/fr-ca\/wp-content\/uploads\/sites\/3\/2021\/06\/rbc-logo-shield.svg?quality=80&w=1024\",\"contentUrl\":\"https:\/\/www.rbcinsurance.com\/fr-ca\/wp-content\/uploads\/sites\/3\/2021\/06\/rbc-logo-shield.svg?quality=80&w=1024\",\"width\":\"1024\",\"height\":\"1024\",\"caption\":\"RBC Assurances\"},\"image\":{\"@id\":\"https:\/\/www.rbcinsurance.com\/fr-ca\/#\/schema\/logo\/image\/\"},\"description\":\"RBC Assurances offre aux Canadiens des assurances personnelles telles que des assurances auto, habitation, vie, sant\u00e9, voyage et cr\u00e9dit, ainsi que des solutions de placement pour la retraite.\",\"telephone\":\"1 800 769-2568\",\"legalName\":\"Services d'assurance RBC Inc.\",\"numberOfEmployees\":{\"@type\":\"QuantitativeValue\",\"minValue\":\"1001\",\"maxValue\":\"5000\"}}]}<\/script>\n<!-- \/ Yoast SEO Premium plugin. -->","yoast_head_json":{"title":"Formule protection croissante | RBC Assurances","description":"La formule protection croissante pr\u00e9voit le versement d\u2019un capital-d\u00e9c\u00e8s \u00e9gal au montant de votre protection, major\u00e9 de la valeur capitalis\u00e9e.","robots":{"index":"index","follow":"follow","max-snippet":"max-snippet:-1","max-image-preview":"max-image-preview:large","max-video-preview":"max-video-preview:-1"},"canonical":"https:\/\/www.rbcinsurance.com\/fr-ca\/assurance-vie\/protection-croissante\/","og_locale":"fr_FR","og_type":"article","og_title":"Formule protection croissante | RBC Assurances","og_description":"La formule protection croissante pr\u00e9voit le versement d\u2019un capital-d\u00e9c\u00e8s \u00e9gal au montant de votre protection, major\u00e9 de la valeur capitalis\u00e9e.","og_url":"https:\/\/www.rbcinsurance.com\/fr-ca\/assurance-vie\/protection-croissante\/","og_site_name":"RBC Assurances","article_modified_time":"2025-07-29T13:18:58+00:00","og_image":[{"width":450,"height":250,"url":"https:\/\/www.rbcinsurance.com\/fr-ca\/wp-content\/uploads\/sites\/3\/2024\/12\/personal-insurance-mobile.webp?quality=80","type":"image\/webp"}],"twitter_card":"summary_large_image","twitter_misc":{"Est. reading time":"1 minute"},"schema":{"@context":"https:\/\/schema.org","@graph":[{"@type":"WebPage","@id":"https:\/\/www.rbcinsurance.com\/fr-ca\/assurance-vie\/protection-croissante\/","url":"https:\/\/www.rbcinsurance.com\/fr-ca\/assurance-vie\/protection-croissante\/","name":"Formule protection croissante | RBC Assurances","isPartOf":{"@id":"https:\/\/www.rbcinsurance.com\/fr-ca\/#website"},"datePublished":"2025-07-29T13:18:56+00:00","dateModified":"2025-07-29T13:18:58+00:00","description":"La formule protection croissante pr\u00e9voit le versement d\u2019un capital-d\u00e9c\u00e8s \u00e9gal au montant de votre protection, major\u00e9 de la valeur capitalis\u00e9e.","breadcrumb":{"@id":"https:\/\/www.rbcinsurance.com\/fr-ca\/assurance-vie\/protection-croissante\/#breadcrumb"},"inLanguage":"fr-FR","potentialAction":[{"@type":"ReadAction","target":["https:\/\/www.rbcinsurance.com\/fr-ca\/assurance-vie\/protection-croissante\/"]}]},{"@type":"BreadcrumbList","@id":"https:\/\/www.rbcinsurance.com\/fr-ca\/assurance-vie\/protection-croissante\/#breadcrumb","itemListElement":[{"@type":"ListItem","position":1,"name":"Accueil","item":"https:\/\/www.rbcinsurance.com\/fr-ca\/"},{"@type":"ListItem","position":2,"name":"Une assurance vie pour les r\u00e9sidents canadiens","item":"https:\/\/www.rbcinsurance.com\/fr-ca\/assurance-vie\/"},{"@type":"ListItem","position":3,"name":"Formule protection croissante"}]},{"@type":"WebSite","@id":"https:\/\/www.rbcinsurance.com\/fr-ca\/#website","url":"https:\/\/www.rbcinsurance.com\/fr-ca\/","name":"RBC Assurances","description":"Assurance individuelle","publisher":{"@id":"https:\/\/www.rbcinsurance.com\/fr-ca\/#organization"},"potentialAction":[{"@type":"SearchAction","target":{"@type":"EntryPoint","urlTemplate":"https:\/\/www.rbcinsurance.com\/fr-ca\/?s={search_term_string}"},"query-input":{"@type":"PropertyValueSpecification","valueRequired":true,"valueName":"search_term_string"}}],"inLanguage":"fr-FR"},{"@type":"Organization","@id":"https:\/\/www.rbcinsurance.com\/fr-ca\/#organization","name":"RBC Assurances","url":"https:\/\/www.rbcinsurance.com\/fr-ca\/","logo":{"@type":"ImageObject","inLanguage":"fr-FR","@id":"https:\/\/www.rbcinsurance.com\/fr-ca\/#\/schema\/logo\/image\/","url":"https:\/\/www.rbcinsurance.com\/fr-ca\/wp-content\/uploads\/sites\/3\/2021\/06\/rbc-logo-shield.svg?quality=80&w=1024","contentUrl":"https:\/\/www.rbcinsurance.com\/fr-ca\/wp-content\/uploads\/sites\/3\/2021\/06\/rbc-logo-shield.svg?quality=80&w=1024","width":"1024","height":"1024","caption":"RBC Assurances"},"image":{"@id":"https:\/\/www.rbcinsurance.com\/fr-ca\/#\/schema\/logo\/image\/"},"description":"RBC Assurances offre aux Canadiens des assurances personnelles telles que des assurances auto, habitation, vie, sant\u00e9, voyage et cr\u00e9dit, ainsi que des solutions de placement pour la retraite.","telephone":"1 800 769-2568","legalName":"Services d'assurance RBC Inc.","numberOfEmployees":{"@type":"QuantitativeValue","minValue":"1001","maxValue":"5000"}}]}},"jetpack_sharing_enabled":true,"_links":{"self":[{"href":"https:\/\/www.rbcinsurance.com\/fr-ca\/wp-json\/wp\/v2\/pages\/20802","targetHints":{"allow":["GET"]}}],"collection":[{"href":"https:\/\/www.rbcinsurance.com\/fr-ca\/wp-json\/wp\/v2\/pages"}],"about":[{"href":"https:\/\/www.rbcinsurance.com\/fr-ca\/wp-json\/wp\/v2\/types\/page"}],"author":[{"embeddable":true,"href":"https:\/\/www.rbcinsurance.com\/fr-ca\/wp-json\/wp\/v2\/users\/203"}],"replies":[{"embeddable":true,"href":"https:\/\/www.rbcinsurance.com\/fr-ca\/wp-json\/wp\/v2\/comments?post=20802"}],"version-history":[{"count":4,"href":"https:\/\/www.rbcinsurance.com\/fr-ca\/wp-json\/wp\/v2\/pages\/20802\/revisions"}],"predecessor-version":[{"id":20998,"href":"https:\/\/www.rbcinsurance.com\/fr-ca\/wp-json\/wp\/v2\/pages\/20802\/revisions\/20998"}],"up":[{"embeddable":true,"href":"https:\/\/www.rbcinsurance.com\/fr-ca\/wp-json\/wp\/v2\/pages\/11566"}],"wp:attachment":[{"href":"https:\/\/www.rbcinsurance.com\/fr-ca\/wp-json\/wp\/v2\/media?parent=20802"}],"curies":[{"name":"wp","href":"https:\/\/api.w.org\/{rel}","templated":true}]}}