{"id":21054,"date":"2025-09-09T10:13:09","date_gmt":"2025-09-09T14:13:09","guid":{"rendered":"https:\/\/www.rbcinsurance.com\/fr-ca\/?page_id=21054"},"modified":"2025-09-09T10:13:11","modified_gmt":"2025-09-09T14:13:11","slug":"information-cabinet-quebec","status":"publish","type":"page","link":"https:\/\/www.rbcinsurance.com\/fr-ca\/information-cabinet-quebec\/","title":{"rendered":"Information du Cabinet du Qu\u00e9bec"},"content":{"rendered":"<div class=\"yoast-breadcrumbs pad-t-qtr mob-pad-t-qtr\"><span class=\"rbc-yoast-breadcrum-span\"><span><a href=\"https:\/\/www.rbcinsurance.com\/fr-ca\/\">Accueil<\/a><\/span> &gt; <span class=\"breadcrumb_last\" aria-current=\"page\">Information du Cabinet du Qu\u00e9bec<\/span><\/span><\/div>\n\n\n<h1 class=\"wp-block-heading pad-t mob-pad-t\" id=\"h-information-du-cabinet-du-quebec\">Information du Cabinet du Qu\u00e9bec<\/h1>\n\n\n\n<p class=\"pad-t-hlf mob-pad-t-hlf pad-b-qtr mob-pad-b-qtr\">Compagnie d\u2019assurance vie RBC est un cabinet inscrit aupr\u00e8s de l\u2019Autorit\u00e9 Des March\u00e9s Financiers (AMF) dans la province du Qu\u00e9bec et est autoris\u00e9 \u00e0 pratiquer dans les disciplines suivantes :<\/p>\n\n\n\n<ul class=\"wp-block-list list-core-block second-level-inherit third-level-inherit is-style-blue-disc\">\n<li>Planification financi\u00e8re<\/li>\n\n\n\n<li>Assurance collective de personnes<\/li>\n\n\n\n<li class=\"pad-b-qtr mob-pad-b-qtr\">Assurance de personnes<\/li>\n<\/ul>\n\n\n\n<p class=\"pad-b-qtr mob-pad-b-qtr\">Num\u00e9ro d\u2019inscription : 506689<\/p>\n\n\n\n<h6 class=\"wp-block-heading\" id=\"h-information-de-contact\">Information de contact :<\/h6>\n\n\n\n<p>1 Place Ville-Marie, 7i\u00e8me \u00e9tage<br>Montr\u00e9al, QC<br>H3C 3A9<br>Num\u00e9ro de t\u00e9l\u00e9phone: 1 888 364-4648<\/p>\n\n\n\n<p class=\"pad-b-qtr mob-pad-b-qtr pad-t-qtr mob-pad-t-qtr\">Lien vers la page du <a href=\"https:\/\/lautorite.qc.ca\/grand-public\/registres\/registre-des-entreprises-et-des-individus-autorises-a-exercer\/\" target=\"_blank\" data-dig-id=\"LP-29325-bae967a9\" data-dig-category=\"LP\" data-dig-action=\"link click\" data-dig-label=\"site internet de l\u2019AMF\" class=\"rbc-link-format externalsite-link\" data-icon-class=\"externalsite-link\" rel=\"noreferrer noopener\">site internet de l\u2019AMF<\/a> vous permettant de v\u00e9rifier l\u2019inscription du cabinet&nbsp;:<\/p>\n\n\n\n<p class=\"pad-b mob-pad-b\"><a href=\"https:\/\/www.rbcinsurance.com\/fr-ca\/wp-content\/uploads\/sites\/3\/2021\/06\/cancellation-form.pdf\" data-dig-id=\"LP-21054-73c159b1\" data-dig-category=\"LP\" data-dig-action=\"link click\" data-dig-label=\"Formule d\u2019annulation\" class=\"rbc-link-format pdf-link\" data-icon-class=\"pdf-link\">Formule d\u2019annulation<\/a><\/p>\n","protected":false},"excerpt":{"rendered":"<p>Information du Cabinet du Qu\u00e9bec Compagnie d\u2019assurance vie RBC est un cabinet inscrit aupr\u00e8s de l\u2019Autorit\u00e9 Des March\u00e9s Financiers (AMF) dans la province du Qu\u00e9bec et est autoris\u00e9 \u00e0 pratiquer dans les disciplines suivantes : Num\u00e9ro d\u2019inscription : 506689 Information de contact : 1 Place Ville-Marie, 7i\u00e8me \u00e9tageMontr\u00e9al, QCH3C 3A9Num\u00e9ro de t\u00e9l\u00e9phone: 1 888 364-4648 [&hellip;]<\/p>\n","protected":false},"author":203,"featured_media":0,"parent":0,"menu_order":0,"comment_status":"closed","ping_status":"closed","template":"templates\/new-rbci-design.php","meta":{"_acf_changed":false,"footnotes":""},"class_list":["post-21054","page","type-page","status-publish","hentry"],"acf":[],"yoast_head":"<!-- This site is optimized with the Yoast SEO Premium plugin v27.3 (Yoast SEO v27.3) - https:\/\/yoast.com\/product\/yoast-seo-premium-wordpress\/ -->\n<title>Information du Cabinet du Qu\u00e9bec | RBC Assurances<\/title>\n<meta name=\"description\" content=\"Compagnie d\u2019assurance vie RBC est un cabinet inscrit aupr\u00e8s de l\u2019Autorit\u00e9 Des March\u00e9s Financiers (AMF) dans la province du Qu\u00e9bec et est autoris\u00e9 \u00e0 pratiquer dans les disciplines suivantes.\" \/>\n<meta name=\"robots\" content=\"index, follow, max-snippet:-1, max-image-preview:large, max-video-preview:-1\" \/>\n<link rel=\"canonical\" href=\"https:\/\/www.rbcinsurance.com\/fr-ca\/information-cabinet-quebec\/\" \/>\n<meta property=\"og:locale\" content=\"fr_FR\" \/>\n<meta property=\"og:type\" content=\"article\" \/>\n<meta property=\"og:title\" content=\"Information du Cabinet du Qu\u00e9bec | RBC Assurances\" \/>\n<meta property=\"og:description\" content=\"Compagnie d\u2019assurance vie RBC est un cabinet inscrit aupr\u00e8s de l\u2019Autorit\u00e9 Des March\u00e9s Financiers (AMF) dans la province du Qu\u00e9bec et est autoris\u00e9 \u00e0 pratiquer dans les disciplines suivantes.\" \/>\n<meta property=\"og:url\" content=\"https:\/\/www.rbcinsurance.com\/fr-ca\/information-cabinet-quebec\/\" \/>\n<meta property=\"og:site_name\" content=\"RBC Assurances\" \/>\n<meta property=\"article:modified_time\" content=\"2025-09-09T14:13:11+00:00\" \/>\n<meta property=\"og:image\" content=\"https:\/\/www.rbcinsurance.com\/fr-ca\/wp-content\/uploads\/sites\/3\/2024\/12\/personal-insurance-mobile.webp?quality=80\" \/>\n\t<meta property=\"og:image:width\" content=\"450\" \/>\n\t<meta property=\"og:image:height\" content=\"250\" \/>\n\t<meta property=\"og:image:type\" content=\"image\/webp\" \/>\n<meta name=\"twitter:card\" content=\"summary_large_image\" \/>\n<meta name=\"twitter:label1\" content=\"Est. reading time\" \/>\n\t<meta name=\"twitter:data1\" content=\"1 minute\" \/>\n<script type=\"application\/ld+json\" class=\"yoast-schema-graph\">{\"@context\":\"https:\\\/\\\/schema.org\",\"@graph\":[{\"@type\":\"WebPage\",\"@id\":\"https:\\\/\\\/www.rbcinsurance.com\\\/fr-ca\\\/information-cabinet-quebec\\\/\",\"url\":\"https:\\\/\\\/www.rbcinsurance.com\\\/fr-ca\\\/information-cabinet-quebec\\\/\",\"name\":\"Information du Cabinet du Qu\u00e9bec | RBC Assurances\",\"isPartOf\":{\"@id\":\"https:\\\/\\\/www.rbcinsurance.com\\\/fr-ca\\\/#website\"},\"datePublished\":\"2025-09-09T14:13:09+00:00\",\"dateModified\":\"2025-09-09T14:13:11+00:00\",\"description\":\"Compagnie d\u2019assurance vie RBC est un cabinet inscrit aupr\u00e8s de l\u2019Autorit\u00e9 Des March\u00e9s Financiers (AMF) dans la province du Qu\u00e9bec et est autoris\u00e9 \u00e0 pratiquer dans les disciplines suivantes.\",\"breadcrumb\":{\"@id\":\"https:\\\/\\\/www.rbcinsurance.com\\\/fr-ca\\\/information-cabinet-quebec\\\/#breadcrumb\"},\"inLanguage\":\"fr-FR\",\"potentialAction\":[{\"@type\":\"ReadAction\",\"target\":[\"https:\\\/\\\/www.rbcinsurance.com\\\/fr-ca\\\/information-cabinet-quebec\\\/\"]}]},{\"@type\":\"BreadcrumbList\",\"@id\":\"https:\\\/\\\/www.rbcinsurance.com\\\/fr-ca\\\/information-cabinet-quebec\\\/#breadcrumb\",\"itemListElement\":[{\"@type\":\"ListItem\",\"position\":1,\"name\":\"Accueil\",\"item\":\"https:\\\/\\\/www.rbcinsurance.com\\\/fr-ca\\\/\"},{\"@type\":\"ListItem\",\"position\":2,\"name\":\"Information du Cabinet du Qu\u00e9bec\"}]},{\"@type\":\"WebSite\",\"@id\":\"https:\\\/\\\/www.rbcinsurance.com\\\/fr-ca\\\/#website\",\"url\":\"https:\\\/\\\/www.rbcinsurance.com\\\/fr-ca\\\/\",\"name\":\"RBC Assurances\",\"description\":\"Assurance individuelle\",\"publisher\":{\"@id\":\"https:\\\/\\\/www.rbcinsurance.com\\\/fr-ca\\\/#organization\"},\"potentialAction\":[{\"@type\":\"SearchAction\",\"target\":{\"@type\":\"EntryPoint\",\"urlTemplate\":\"https:\\\/\\\/www.rbcinsurance.com\\\/fr-ca\\\/?s={search_term_string}\"},\"query-input\":{\"@type\":\"PropertyValueSpecification\",\"valueRequired\":true,\"valueName\":\"search_term_string\"}}],\"inLanguage\":\"fr-FR\"},{\"@type\":\"Organization\",\"@id\":\"https:\\\/\\\/www.rbcinsurance.com\\\/fr-ca\\\/#organization\",\"name\":\"RBC Assurances\",\"url\":\"https:\\\/\\\/www.rbcinsurance.com\\\/fr-ca\\\/\",\"logo\":{\"@type\":\"ImageObject\",\"inLanguage\":\"fr-FR\",\"@id\":\"https:\\\/\\\/www.rbcinsurance.com\\\/fr-ca\\\/#\\\/schema\\\/logo\\\/image\\\/\",\"url\":\"https:\\\/\\\/www.rbcinsurance.com\\\/fr-ca\\\/wp-content\\\/uploads\\\/sites\\\/3\\\/2021\\\/06\\\/rbc-logo-shield.svg?quality=80&w=1024\",\"contentUrl\":\"https:\\\/\\\/www.rbcinsurance.com\\\/fr-ca\\\/wp-content\\\/uploads\\\/sites\\\/3\\\/2021\\\/06\\\/rbc-logo-shield.svg?quality=80&w=1024\",\"width\":\"1024\",\"height\":\"1024\",\"caption\":\"RBC Assurances\"},\"image\":{\"@id\":\"https:\\\/\\\/www.rbcinsurance.com\\\/fr-ca\\\/#\\\/schema\\\/logo\\\/image\\\/\"},\"description\":\"RBC Assurances offre aux Canadiens des assurances personnelles telles que des assurances auto, habitation, vie, sant\u00e9, voyage et cr\u00e9dit, ainsi que des solutions de placement pour la retraite.\",\"telephone\":\"1 800 769-2568\",\"legalName\":\"Services d'assurance RBC Inc.\",\"numberOfEmployees\":{\"@type\":\"QuantitativeValue\",\"minValue\":\"1001\",\"maxValue\":\"5000\"}}]}<\/script>\n<!-- \/ Yoast SEO Premium plugin. -->","yoast_head_json":{"title":"Information du Cabinet du Qu\u00e9bec | RBC Assurances","description":"Compagnie d\u2019assurance vie RBC est un cabinet inscrit aupr\u00e8s de l\u2019Autorit\u00e9 Des March\u00e9s Financiers (AMF) dans la province du Qu\u00e9bec et est autoris\u00e9 \u00e0 pratiquer dans les disciplines suivantes.","robots":{"index":"index","follow":"follow","max-snippet":"max-snippet:-1","max-image-preview":"max-image-preview:large","max-video-preview":"max-video-preview:-1"},"canonical":"https:\/\/www.rbcinsurance.com\/fr-ca\/information-cabinet-quebec\/","og_locale":"fr_FR","og_type":"article","og_title":"Information du Cabinet du Qu\u00e9bec | RBC Assurances","og_description":"Compagnie d\u2019assurance vie RBC est un cabinet inscrit aupr\u00e8s de l\u2019Autorit\u00e9 Des March\u00e9s Financiers (AMF) dans la province du Qu\u00e9bec et est autoris\u00e9 \u00e0 pratiquer dans les disciplines suivantes.","og_url":"https:\/\/www.rbcinsurance.com\/fr-ca\/information-cabinet-quebec\/","og_site_name":"RBC Assurances","article_modified_time":"2025-09-09T14:13:11+00:00","og_image":[{"width":450,"height":250,"url":"https:\/\/www.rbcinsurance.com\/fr-ca\/wp-content\/uploads\/sites\/3\/2024\/12\/personal-insurance-mobile.webp?quality=80","type":"image\/webp"}],"twitter_card":"summary_large_image","twitter_misc":{"Est. reading time":"1 minute"},"schema":{"@context":"https:\/\/schema.org","@graph":[{"@type":"WebPage","@id":"https:\/\/www.rbcinsurance.com\/fr-ca\/information-cabinet-quebec\/","url":"https:\/\/www.rbcinsurance.com\/fr-ca\/information-cabinet-quebec\/","name":"Information du Cabinet du Qu\u00e9bec | RBC Assurances","isPartOf":{"@id":"https:\/\/www.rbcinsurance.com\/fr-ca\/#website"},"datePublished":"2025-09-09T14:13:09+00:00","dateModified":"2025-09-09T14:13:11+00:00","description":"Compagnie d\u2019assurance vie RBC est un cabinet inscrit aupr\u00e8s de l\u2019Autorit\u00e9 Des March\u00e9s Financiers (AMF) dans la province du Qu\u00e9bec et est autoris\u00e9 \u00e0 pratiquer dans les disciplines suivantes.","breadcrumb":{"@id":"https:\/\/www.rbcinsurance.com\/fr-ca\/information-cabinet-quebec\/#breadcrumb"},"inLanguage":"fr-FR","potentialAction":[{"@type":"ReadAction","target":["https:\/\/www.rbcinsurance.com\/fr-ca\/information-cabinet-quebec\/"]}]},{"@type":"BreadcrumbList","@id":"https:\/\/www.rbcinsurance.com\/fr-ca\/information-cabinet-quebec\/#breadcrumb","itemListElement":[{"@type":"ListItem","position":1,"name":"Accueil","item":"https:\/\/www.rbcinsurance.com\/fr-ca\/"},{"@type":"ListItem","position":2,"name":"Information du Cabinet du Qu\u00e9bec"}]},{"@type":"WebSite","@id":"https:\/\/www.rbcinsurance.com\/fr-ca\/#website","url":"https:\/\/www.rbcinsurance.com\/fr-ca\/","name":"RBC Assurances","description":"Assurance individuelle","publisher":{"@id":"https:\/\/www.rbcinsurance.com\/fr-ca\/#organization"},"potentialAction":[{"@type":"SearchAction","target":{"@type":"EntryPoint","urlTemplate":"https:\/\/www.rbcinsurance.com\/fr-ca\/?s={search_term_string}"},"query-input":{"@type":"PropertyValueSpecification","valueRequired":true,"valueName":"search_term_string"}}],"inLanguage":"fr-FR"},{"@type":"Organization","@id":"https:\/\/www.rbcinsurance.com\/fr-ca\/#organization","name":"RBC Assurances","url":"https:\/\/www.rbcinsurance.com\/fr-ca\/","logo":{"@type":"ImageObject","inLanguage":"fr-FR","@id":"https:\/\/www.rbcinsurance.com\/fr-ca\/#\/schema\/logo\/image\/","url":"https:\/\/www.rbcinsurance.com\/fr-ca\/wp-content\/uploads\/sites\/3\/2021\/06\/rbc-logo-shield.svg?quality=80&w=1024","contentUrl":"https:\/\/www.rbcinsurance.com\/fr-ca\/wp-content\/uploads\/sites\/3\/2021\/06\/rbc-logo-shield.svg?quality=80&w=1024","width":"1024","height":"1024","caption":"RBC Assurances"},"image":{"@id":"https:\/\/www.rbcinsurance.com\/fr-ca\/#\/schema\/logo\/image\/"},"description":"RBC Assurances offre aux Canadiens des assurances personnelles telles que des assurances auto, habitation, vie, sant\u00e9, voyage et cr\u00e9dit, ainsi que des solutions de placement pour la retraite.","telephone":"1 800 769-2568","legalName":"Services d'assurance RBC Inc.","numberOfEmployees":{"@type":"QuantitativeValue","minValue":"1001","maxValue":"5000"}}]}},"jetpack_sharing_enabled":true,"_links":{"self":[{"href":"https:\/\/www.rbcinsurance.com\/fr-ca\/wp-json\/wp\/v2\/pages\/21054","targetHints":{"allow":["GET"]}}],"collection":[{"href":"https:\/\/www.rbcinsurance.com\/fr-ca\/wp-json\/wp\/v2\/pages"}],"about":[{"href":"https:\/\/www.rbcinsurance.com\/fr-ca\/wp-json\/wp\/v2\/types\/page"}],"author":[{"embeddable":true,"href":"https:\/\/www.rbcinsurance.com\/fr-ca\/wp-json\/wp\/v2\/users\/203"}],"replies":[{"embeddable":true,"href":"https:\/\/www.rbcinsurance.com\/fr-ca\/wp-json\/wp\/v2\/comments?post=21054"}],"version-history":[{"count":5,"href":"https:\/\/www.rbcinsurance.com\/fr-ca\/wp-json\/wp\/v2\/pages\/21054\/revisions"}],"predecessor-version":[{"id":21473,"href":"https:\/\/www.rbcinsurance.com\/fr-ca\/wp-json\/wp\/v2\/pages\/21054\/revisions\/21473"}],"wp:attachment":[{"href":"https:\/\/www.rbcinsurance.com\/fr-ca\/wp-json\/wp\/v2\/media?parent=21054"}],"curies":[{"name":"wp","href":"https:\/\/api.w.org\/{rel}","templated":true}]}}